{"id":15174,"date":"2025-01-19T14:11:57","date_gmt":"2025-01-19T14:11:57","guid":{"rendered":"https:\/\/www.hydraulic-cylinders.net\/product\/bucket-cylinder-for-sumitomo-middle-excavator-sh200a1a2a3\/"},"modified":"2025-01-19T14:11:58","modified_gmt":"2025-01-19T14:11:58","slug":"bucket-cylinder-for-sumitomo-middle-excavator-sh200a1a2a3","status":"publish","type":"product","link":"https:\/\/www.hydraulic-cylinders.net\/de\/produkt\/bucket-cylinder-for-sumitomo-middle-excavator-sh200a1a2a3\/","title":{"rendered":"L\u00f6ffelzylinder f\u00fcr Sumitomo Mittelbagger SH200A1A2A3"},"content":{"rendered":"<h1>L\u00f6ffelzylinder f\u00fcr Sumitomo Mittelbagger SH200A1A2A3<\/h1>\n<h2>Einf\u00fchrung<\/h2>\n<p>Der Schaufelzylinder f\u00fcr den Sumitomo-Mittelbagger SH200A1A2A3 ist ein spezieller Hydraulikzylinder zur Steuerung der Schaufelbewegung in Baumaschinen wie Baggern, Tiefladern und Radladern. Er erm\u00f6glicht pr\u00e4zises Heben, Senken und Neigen der Schaufel und erleichtert so diverse Materialumschlagsaufgaben. In Hydrauliksystemen erlaubt der Schaufelzylinder die genaue Steuerung der Schaufel durch Anpassung des Hydraulik\u00f6ldrucks. Dadurch k\u00f6nnen Bediener schwere Lasten effizient handhaben und sich an komplexe Arbeitsumgebungen und vielf\u00e4ltige Aufgaben anpassen.<\/p>\n<p><img decoding=\"async\" src=\"https:\/\/www.hydraulic-cylinders.net\/wp-content\/uploads\/2025\/01\/songte-company-2.webp\" alt=\"Bild des Schaufelzylinders\"><\/p>\n<h2>Merkmale<\/h2>\n<ul>\n<li>\n<h3>Hohe Festigkeit und Haltbarkeit<\/h3>\n<p>Der Schaufelzylinder besteht \u00fcblicherweise aus hochfestem Stahl oder Aluminium, ist in der Lage, hohem Druck und schweren Lasten standzuhalten, und ist auf Verschlei\u00df- und Korrosionsbest\u00e4ndigkeit ausgelegt, um seine Lebensdauer zu verl\u00e4ngern.<\/p>\n<\/li>\n<li>\n<h3>Effizienter Hydraulikbetrieb<\/h3>\n<p>Der Zylinder des L\u00f6ffels nutzt den Druck von Hydraulik\u00f6l, um eine gleichm\u00e4\u00dfige Teleskopbewegung zu erreichen, schnell auf Steuerbefehle zu reagieren, starke Schub- und Zugkr\u00e4fte bereitzustellen und eignet sich f\u00fcr die Handhabung schwerer Lasten und komplexer Arbeitsaufgaben.<\/p>\n<\/li>\n<li>\n<h3>Mehrere Typen<\/h3>\n<p>Je nach Bedarf kann der Zylinder des L\u00f6ffels ein einfachwirkender Hydraulikzylinder (Hydraulik wirkt nur in eine Richtung) oder ein doppeltwirkender Hydraulikzylinder (Hydraulik wirkt in zwei Richtungen) sein. Einige Modelle sind teleskopierbar und erm\u00f6glichen so eine gr\u00f6\u00dfere Ausladung ohne Vergr\u00f6\u00dferung der Au\u00dfenabmessungen, was sie f\u00fcr Anwendungen mit begrenztem Platzangebot geeignet macht.<\/p>\n<\/li>\n<li>\n<h3>Austauschbar<\/h3>\n<p>Unser Unternehmen kann dieses Produkt herstellen und unser Produkt kann diese Hydraulikzylinder perfekt ersetzen.<\/p>\n<\/li>\n<li>\n<h3>Anwendungen<\/h3>\n<p>Der Eimerzylinder kann f\u00fcr verschiedene Ger\u00e4te verwendet werden, zum Beispiel:<\/p>\n<ul>\n<li>Baumaschinen: Bei Baggern sind sie unverzichtbar zum Graben, Laden und Bewegen von Erde oder Bauschutt. Bei Tiefladern unterst\u00fctzt der Schaufelzylinder das Graben und Heben. <\/li>\n<li>Landwirtschaftliche Maschinen: Werden f\u00fcr Frontlader verwendet, um Erde, Heu und andere Materialien aufzunehmen, anzuheben und zu transportieren. <\/li>\n<li>Bagger: Der Schaufelzylinder erm\u00f6glicht das Ausheben von Erdreich, indem er das Eindringen der Schaufel in den Boden erlaubt. <\/li>\n<li>Lader: Bei Frontladern helfen sie beim effektiven Anheben und Kippen von G\u00fctern. <\/li>\n<\/ul>\n<\/li>\n<\/ul>\n<h2>Design\u00fcberlegungen und Auswahlkriterien<\/h2>\n<p>Aus konstruktiver Sicht m\u00fcssen beim Bau des Schaufelzylinders folgende Aspekte ber\u00fccksichtigt werden:<\/p>\n<ul>\n<li>\n<h3>Tragf\u00e4higkeit<\/h3>\n<p>Der Zylinder des L\u00f6ffels muss \u00fcber eine ausreichende Tragf\u00e4higkeit verf\u00fcgen, um der erforderlichen Last standzuhalten, damit er sich w\u00e4hrend des Betriebs nicht verformt, Risse bekommt oder bricht. <\/p>\n<\/li>\n<li>\n<h3>Versiegelung und Haltbarkeit<\/h3>\n<p>Der Zylinder des Schaufelrads muss \u00fcber eine ausgezeichnete Dichtleistung verf\u00fcgen, um Hydraulik\u00f6lverlust und das Eindringen von Wasser oder Schlamm zu verhindern. Der Zylinder muss aus hochfesten und verschlei\u00dffesten Materialien gefertigt sein, und Zylinderk\u00f6rper sowie Gewindeendfl\u00e4che m\u00fcssen pr\u00e4zise bearbeitet sein, um die Verschlei\u00dffestigkeit zu verbessern.<\/p>\n<\/li>\n<li>\n<h3>Sicherheit und Instandhaltung<\/h3>\n<p>Der Zylinder des Schaufelrads muss unter Ber\u00fccksichtigung von Sicherheit und Wartung konstruiert sein, um sicherzustellen, dass der Zylinder w\u00e4hrend des Betriebs keine Unf\u00e4lle verursacht und dass er bei Bedarf leicht demontiert, \u00fcberpr\u00fcft und repariert werden kann. <\/p>\n<\/li>\n<\/ul>\n<p><img decoding=\"async\" src=\"https:\/\/www.hydraulic-cylinders.net\/wp-content\/uploads\/2025\/01\/songte-oil-pipes-and-spare-parts.webp\" alt=\"Teilebild\"><\/p>\n<h2>Abdichtung und Schmierung<\/h2>\n<p>The bucket cylinder uses various types of seals, such as piston seals, rod seals, etc. The sealing materials are typically made of wear-resistant materials such as polyurethane and nitrile rubber. The cylinder body and threaded end surface are finely processed to improve wear resistance and prolong the service life of the cylinder. Regularly adding an appropriate amount of hydraulic oil is necessary to maintain the bucket cylinder&#8217;s lubrication for smooth operation.<\/p>\n<h2>Wartung und Reparatur<\/h2>\n<p>Die ordnungsgem\u00e4\u00dfe Wartung und Reparatur sind entscheidend f\u00fcr den effizienten und sicheren Betrieb des Schaufelzylinders. Regelm\u00e4\u00dfige Inspektionen, sachgem\u00e4\u00dfe Schmierung sowie der Austausch und die Kalibrierung der Dichtungen sind g\u00e4ngige Wartungsarbeiten. Die korrekte Ausrichtung des Zylinders bei der Installation ist unerl\u00e4sslich. Zur sicheren Befestigung des Zylinders empfehlen wir die Verwendung geeigneter Montagehalterungen. Um die Lebensdauer des Zylinders zu maximieren, empfehlen wir die Nutzung unserer Inspektions-, Reparatur- und Austauschprogramme.<\/p>\n<p><img decoding=\"async\" src=\"https:\/\/www.hydraulic-cylinders.net\/wp-content\/uploads\/2025\/01\/songte-chushion-collar.webp\" alt=\"Kissenkragenbild\"><\/p>\n<h2>Sicherheitsaspekte und Umweltfaktoren<\/h2>\n<p>Bei der Verwendung des Hubzylinders ist es unerl\u00e4sslich, Sicherheitsma\u00dfnahmen wie das Tragen von Schutzausr\u00fcstung und die regelm\u00e4\u00dfige Wartung zu beachten. Umwelteinfl\u00fcsse wie Temperatur, Luftfeuchtigkeit und Staub m\u00fcssen ebenfalls ber\u00fccksichtigt und geeignete Schutzma\u00dfnahmen getroffen werden, um Besch\u00e4digungen des Zylinders zu vermeiden.<\/p>\n<h2>Diagnose und h\u00e4ufige Probleme<\/h2>\n<p>H\u00e4ufige Probleme bei Schaufelzylindern sind \u00d6lleckagen, verz\u00f6gerte Reaktion, unzureichende Leistung und ungew\u00f6hnliche Ger\u00e4usche. Unser Unternehmen bietet Ihnen Tipps und L\u00f6sungen f\u00fcr diese Probleme, wie z. B. den Austausch der Dichtungen, die \u00d6lreinigung sowie die Diagnose und Reparatur von strukturellen M\u00e4ngeln.<\/p>\n<p><img decoding=\"async\" src=\"https:\/\/www.hydraulic-cylinders.net\/wp-content\/uploads\/2025\/01\/songte-bushings-with-all-kinds-of-excavator-models.webp\" alt=\"Buchsen Bild\"><\/p>\n<h2>\u00dcber unser Unternehmen<\/h2>\n<p>Unser Unternehmen ist Hersteller von Hydraulikzylindern als Ersatzteil. Mit einem umfassenden Produktsortiment z\u00e4hlen wir zu den f\u00fchrenden Herstellern und Gro\u00dfh\u00e4ndlern von Hydraulikzylindern auf dem nationalen und internationalen Markt. Wir setzen auf h\u00f6chste Qualit\u00e4t, nutzen die industrielle Produktionsf\u00fchrung unserer modernen Fertigungsst\u00e4tte, optimieren kontinuierlich unsere Fertigungsprozesse und zeichnen uns durch hohe Innovationskraft aus. So bieten wir unseren Kunden effiziente, pr\u00e4zise und qualitativ hochwertige Produkte, die ihren vielf\u00e4ltigen Bed\u00fcrfnissen gerecht werden.<\/p>\n<p>Unser Unternehmen ist auf die Bereitstellung professioneller, international zertifizierter und kundenspezifischer Dienstleistungen sowie Produktionsanlagen spezialisiert. Unser Kundendienst umfasst regelm\u00e4\u00dfige Wartung, Schmierung, Dichtungsaustausch und Kalibrierungspr\u00fcfungen. Wir empfehlen die Nutzung unserer Inspektions-, Reparatur- und Austauschprogramme, um die Lebensdauer des Zylinders zu maximieren.<\/p>\n<p><img decoding=\"async\" src=\"https:\/\/hzpt.com\/wp-content\/uploads\/2024\/11\/songte-company-1.webp\" alt=\"Firmenimage\"><\/p>\n<p>Autor: lyl<\/p>","protected":false},"excerpt":{"rendered":"<p>Bucket Cylinder For Sumitomo Middle Excavator SH200A1A2A3 Introduction The bucket cylinder for Sumitomo middle excavator SH200A1A2A3 is a specialized hydraulic cylinder used to control the movement of shovels in heavy machinery such as excavators, backhoe excavators, and front loaders. Its main purpose is to facilitate various material handling tasks by enabling the shovel to lift, [&hellip;]<\/p>","protected":false},"featured_media":14765,"comment_status":"open","ping_status":"closed","template":"","meta":{"_et_pb_use_builder":"","_et_pb_old_content":"","_et_gb_content_width":""},"product_brand":[],"product_cat":[1494],"product_tag":[1495,1496],"class_list":{"0":"post-15174","1":"product","2":"type-product","3":"status-publish","4":"has-post-thumbnail","6":"product_cat-bucket-cylinders","7":"product_tag-bucket-cylinders","8":"product_tag-hydraulic-cylinders","10":"first","11":"instock","12":"shipping-taxable","13":"product-type-simple"},"amp_enabled":true,"_links":{"self":[{"href":"https:\/\/www.hydraulic-cylinders.net\/de\/wp-json\/wp\/v2\/product\/15174","targetHints":{"allow":["GET"]}}],"collection":[{"href":"https:\/\/www.hydraulic-cylinders.net\/de\/wp-json\/wp\/v2\/product"}],"about":[{"href":"https:\/\/www.hydraulic-cylinders.net\/de\/wp-json\/wp\/v2\/types\/product"}],"replies":[{"embeddable":true,"href":"https:\/\/www.hydraulic-cylinders.net\/de\/wp-json\/wp\/v2\/comments?post=15174"}],"wp:featuredmedia":[{"embeddable":true,"href":"https:\/\/www.hydraulic-cylinders.net\/de\/wp-json\/wp\/v2\/media\/14765"}],"wp:attachment":[{"href":"https:\/\/www.hydraulic-cylinders.net\/de\/wp-json\/wp\/v2\/media?parent=15174"}],"wp:term":[{"taxonomy":"product_brand","embeddable":true,"href":"https:\/\/www.hydraulic-cylinders.net\/de\/wp-json\/wp\/v2\/product_brand?post=15174"},{"taxonomy":"product_cat","embeddable":true,"href":"https:\/\/www.hydraulic-cylinders.net\/de\/wp-json\/wp\/v2\/product_cat?post=15174"},{"taxonomy":"product_tag","embeddable":true,"href":"https:\/\/www.hydraulic-cylinders.net\/de\/wp-json\/wp\/v2\/product_tag?post=15174"}],"curies":[{"name":"wp","href":"https:\/\/api.w.org\/{rel}","templated":true}]}}