{"id":15175,"date":"2025-01-19T14:12:01","date_gmt":"2025-01-19T14:12:01","guid":{"rendered":"https:\/\/www.hydraulic-cylinders.net\/product\/bucket-cylinder-for-sumitomo-middle-excavator-sh210-5\/"},"modified":"2025-01-19T14:12:03","modified_gmt":"2025-01-19T14:12:03","slug":"bucket-cylinder-for-sumitomo-middle-excavator-sh210-5","status":"publish","type":"product","link":"https:\/\/www.hydraulic-cylinders.net\/de\/produkt\/bucket-cylinder-for-sumitomo-middle-excavator-sh210-5\/","title":{"rendered":"Schaufelzylinder f\u00fcr Sumitomo Mittelbagger SH210-5"},"content":{"rendered":"<h1>Schaufelzylinder f\u00fcr Sumitomo Mittelbagger SH210-5<\/h1>\n<h2>Einf\u00fchrung<\/h2>\n<p>Der Schaufelzylinder f\u00fcr den Sumitomo-Mittelbagger SH210-5 ist ein speziell entwickelter Hydraulikzylinder zur Steuerung der Schaufelbewegung in schweren Maschinen wie Baggern, Tiefl\u00f6ffelbaggern und Frontladern. Seine Hauptfunktion besteht darin, das Heben, Senken und Kippen der Schaufel zu erm\u00f6glichen, wodurch er sich f\u00fcr verschiedene Materialtransportaufgaben eignet. Im Hydrauliksystem nutzt der Schaufelzylinder die Druck\u00e4nderung des Hydraulik\u00f6ls zur pr\u00e4zisen Steuerung der Schaufel. So k\u00f6nnen Bediener schwere Lasten effizient handhaben und sich an komplexe Arbeitsumgebungen und vielf\u00e4ltige Arbeitsanforderungen anpassen.<\/p>\n<p><img decoding=\"async\" src=\"https:\/\/www.hydraulic-cylinders.net\/wp-content\/uploads\/2025\/01\/songte-company-2.webp\" alt=\"Schaufelzylinder f\u00fcr Sumitomo Mittelbagger SH210-5\"><\/p>\n<h2>Merkmale<\/h2>\n<ul>\n<li>\n<h3>Hohe Festigkeit und Haltbarkeit<\/h3>\n<p>Der Schaufelzylinder besteht \u00fcblicherweise aus hochfestem Stahl oder Aluminium, h\u00e4lt hohem Druck und schweren Lasten stand und passt sich rauen Arbeitsumgebungen an. Seine Konstruktion ber\u00fccksichtigt Verschlei\u00dffestigkeit und Korrosionsbest\u00e4ndigkeit, was seine Lebensdauer verl\u00e4ngert.<\/p>\n<\/li>\n<li>\n<h3>Effizienter Hydraulikbetrieb<\/h3>\n<p>Durch den Druck des Hydraulik\u00f6ls wird ein gleichm\u00e4\u00dfiges Ausfahren und Zusammenziehen erreicht. Der Schaufelzylinder kann schnell auf Betriebsbefehle reagieren und bietet eine starke Schub- und Zugkraft, die f\u00fcr die Handhabung schwerer Lasten und komplexe Aufgaben geeignet ist.<\/p>\n<\/li>\n<li>\n<h3>Verschiedene Typen<\/h3>\n<p>Der Schaufelzylinder kann je nach Bedarf als einfachwirkender (Hydraulik nur in eine Richtung) oder doppeltwirkender (Hydraulik in beide Richtungen) gew\u00e4hlt werden, um unterschiedlichen Betriebsanforderungen gerecht zu werden. Einige Modelle sind teleskopisch und erm\u00f6glichen so eine gr\u00f6\u00dfere Ausdehnung ohne Vergr\u00f6\u00dferung der Au\u00dfenabmessungen, was sich f\u00fcr Anwendungen mit begrenztem Platzangebot eignet.<\/p>\n<\/li>\n<li>\n<h3>Austauschbar<\/h3>\n<p>Unsere Produkte k\u00f6nnen diese Hydraulikzylinder perfekt ersetzen und wir k\u00f6nnen dieses Produkt herstellen.<\/p>\n<\/li>\n<\/ul>\n<p><img decoding=\"async\" src=\"https:\/\/www.hydraulic-cylinders.net\/wp-content\/uploads\/2025\/01\/songte-cylinder-head-with-all-kinds-excavator-models.webp\" alt=\"Schaufelzylinder f\u00fcr Sumitomo Mittelbagger SH210-5\"><\/p>\n<h2>Anmeldung<\/h2>\n<p>Der Schaufelzylinder wird h\u00e4ufig in verschiedenen Schwermaschinen eingesetzt. Zu den typischen Anwendungen z\u00e4hlen:<\/p>\n<ul>\n<li>\n<h3>Baumaschinen<\/h3>\n<p>Sie sind entscheidend f\u00fcr das Ausheben, Laden und Bewegen von Erde oder Schutt in Baggern und Tiefl\u00f6ffelbaggern. Beim Tiefl\u00f6ffelbagger hilft der L\u00f6ffelzylinder beim Graben und Heben.<\/p>\n<\/li>\n<li>\n<h3>Landmaschinen<\/h3>\n<p>Wird bei Frontladern zum Schaufeln, Heben und Transportieren von Erde, Heu und anderen Materialien verwendet. Bei Baggern erm\u00f6glicht der Schaufelzylinder das Graben, indem er der Schaufel das Eindringen in den Boden erm\u00f6glicht.<\/p>\n<\/li>\n<li>\n<h3>Lader<\/h3>\n<p>In Frontladern helfen sie beim effektiven Anheben und Kippen von Lasten.<\/p>\n<\/li>\n<\/ul>\n<h2>Design- und Auswahlstandards<\/h2>\n<ul>\n<li>\n<h3>Tragf\u00e4higkeit<\/h3>\n<p>Die Tragf\u00e4higkeit des Schaufelzylinders ist ein wesentlicher Aspekt bei der Konstruktion. Er muss das Gewicht schwerer Lasten tragen und den inneren und \u00e4u\u00dferen Kr\u00e4ften w\u00e4hrend des Betriebs standhalten.<\/p>\n<\/li>\n<li>\n<h3>Versiegelung<\/h3>\n<p>Die Zylinderabdichtung ist unerl\u00e4sslich, um \u00d6llecks und Verunreinigungen des Hydrauliksystems zu verhindern. Zum Einsatz kommen verschiedene Dichtringe wie Kolbendichtringe, Stangendichtringe und Dichtungen aus verschlei\u00dffesten Materialien wie Polyurethan und Nitrilkautschuk. Zylinderk\u00f6rper und Gewindefl\u00e4che werden zur Verbesserung der Verschlei\u00dffestigkeit fein bearbeitet. Zur Schmierung muss der Zylinder regelm\u00e4\u00dfig mit der entsprechenden Menge Hydraulik\u00f6l bef\u00fcllt werden.<\/p>\n<\/li>\n<li>\n<h3>Haltbarkeit und Sicherheit<\/h3>\n<p>Der Schaufelzylinder muss robust sein, um harten Arbeitsbedingungen und hohen Belastungen standzuhalten. Au\u00dferdem sind Sicherheitsaspekte zu ber\u00fccksichtigen, um sicherzustellen, dass er w\u00e4hrend des Betriebs die Sicherheitsstandards erf\u00fcllt. <\/p>\n<\/li>\n<li>\n<h3>Wartung<\/h3>\n<p>Um eine optimale Leistung zu gew\u00e4hrleisten, muss der Zylinder regelm\u00e4\u00dfig \u00fcberpr\u00fcft, geschmiert und die Dichtungen ausgetauscht werden. Au\u00dferdem ist eine pr\u00e4zise Ausrichtung der Installation erforderlich. Zur Befestigung des Zylinders sind entsprechende Halterungen erforderlich.<\/p>\n<\/li>\n<\/ul>\n<p><img decoding=\"async\" src=\"https:\/\/www.hydraulic-cylinders.net\/wp-content\/uploads\/2025\/01\/songte-oil-pipes-and-spare-parts.webp\" alt=\"Schaufelzylinder f\u00fcr Sumitomo Mittelbagger SH210-5\"><\/p>\n<h2>Wartungshandbuch<\/h2>\n<p>Im Folgenden sind die \u00fcblichen Wartungsaufgaben f\u00fcr Schaufelzylinder aufgef\u00fchrt:<\/p>\n<ul>\n<li>\n<h3>Regelm\u00e4\u00dfige Inspektion<\/h3>\n<p>\u00dcberpr\u00fcfen Sie den Zylinder regelm\u00e4\u00dfig, um Verschlei\u00df oder Lecks festzustellen.<\/p>\n<\/li>\n<li>\n<h3>Schmierung<\/h3>\n<p>Um einen reibungslosen Betrieb zu gew\u00e4hrleisten, schmieren Sie den Zylinder regelm\u00e4\u00dfig.<\/p>\n<\/li>\n<li>\n<h3>Dichtungswechsel und Kalibrierungspr\u00fcfung<\/h3>\n<p>Ersetzen Sie abgenutzte Dichtungen und \u00fcberpr\u00fcfen Sie regelm\u00e4\u00dfig die Kalibrierung.<\/p>\n<\/li>\n<\/ul>\n<p>F\u00fcr optimale Leistung ist es wichtig, den Zylinder w\u00e4hrend der Installation korrekt zu installieren, zu schmieren und einzustellen. Achten Sie bei der Installation auf eine korrekte Ausrichtung und verwenden Sie geeignete Montagehalterungen zur Befestigung des Zylinders. Wir empfehlen die empfohlenen Inspektions-, Reparatur- und Austauschverfahren, um die Lebensdauer des L\u00f6ffelzylinders zu verl\u00e4ngern.<\/p>\n<p><img decoding=\"async\" src=\"https:\/\/www.hydraulic-cylinders.net\/wp-content\/uploads\/2025\/01\/songte-chushion-collar.webp\" alt=\"Schaufelzylinder f\u00fcr Sumitomo Mittelbagger SH210-5\"><\/p>\n<h2>Sicherheits- und Umweltaspekte<\/h2>\n<p>Beim Einsatz des Schaufelzylinders sind entsprechende Sicherheitsma\u00dfnahmen zu treffen, um Verletzungen zu vermeiden. Der Zylinder darf nur von geschultem Personal mit entsprechender Sicherheitsausr\u00fcstung und unter Einhaltung der Sicherheitsvorschriften verwendet werden. Zu den Umweltaspekten geh\u00f6ren die ordnungsgem\u00e4\u00dfe Entsorgung von Althydraulik\u00f6l und die Einhaltung der Umweltvorschriften bei Produktion und Betrieb.<\/p>\n<p><img decoding=\"async\" src=\"https:\/\/hzpt.com\/wp-content\/uploads\/2024\/11\/songte-company-1.webp\" alt=\"Schaufelzylinder f\u00fcr Sumitomo Mittelbagger SH210-5\"><\/p>\n<h2>Fehlerdiagnose und h\u00e4ufige Probleme<\/h2>\n<p>Am L\u00f6ffelzylinder k\u00f6nnen h\u00e4ufige Probleme auftreten, darunter \u00d6llecks, Leistungseinbu\u00dfen und ungew\u00f6hnliche Ger\u00e4usche. Unzureichende Schmierung und Verschlei\u00df der Dichtungen sind h\u00e4ufige Ursachen f\u00fcr diese Probleme. Zur Diagnose und Behebung der Probleme empfehlen wir die Konsultation eines Fachtechnikers, um eine korrekte Diagnose und wirksame L\u00f6sungen zu gew\u00e4hrleisten. Um potenziellen Problemen vorzubeugen, empfehlen wir vorbeugende Ma\u00dfnahmen wie regelm\u00e4\u00dfige Inspektionen, ordnungsgem\u00e4\u00dfe Schmierung und den Austausch verschlissener Dichtungen.<\/p>\n<p><img decoding=\"async\" src=\"https:\/\/www.hydraulic-cylinders.net\/wp-content\/uploads\/2025\/01\/songte-bushings-with-all-kinds-of-excavator-models.webp\" alt=\"Schaufelzylinder f\u00fcr Sumitomo Mittelbagger SH210-5\"><\/p>\n<h2>\u00dcber unser Unternehmen<\/h2>\n<p>Wir sind Hersteller von Ersatz-Hydraulikzylindern mit einem umfassenden Produktsortiment und z\u00e4hlen zu den f\u00fchrenden Herstellern und Gro\u00dfh\u00e4ndlern von Hydraulikzylindern auf dem nationalen und internationalen Markt. Wir legen Wert auf exzellente Qualit\u00e4t, setzen auf industrialisierte Produktionsmanagementstrategien, unterst\u00fctzt durch hochentwickelte Fertigungswerkst\u00e4tten, verbessern kontinuierlich die Fertigungsplattform, steigern die Produktionsqualit\u00e4t und verf\u00fcgen \u00fcber ausgepr\u00e4gte Kreativit\u00e4t. Wir streben danach, die vielf\u00e4ltigen Kundenbed\u00fcrfnisse mit hoher Effizienz, Pr\u00e4zision und hohen Qualit\u00e4tsprinzipien zu erf\u00fcllen.<\/p>\n<p>Unser Unternehmen ist auf professionelle Dienstleistungen, individuelle Dienstleistungen und internationale Zertifizierungen spezialisiert. Wir nutzen moderne Produktionsanlagen und professionelle Pr\u00fcfsysteme, um die Produktqualit\u00e4t zu verbessern und einen umfassenden Kundendienst zu bieten. Wir verbessern kontinuierlich unsere Produktionskapazit\u00e4t und Produktqualit\u00e4t und haben durch unsere hervorragenden Produkte und Dienstleistungen das Vertrauen und die Anerkennung unserer Kunden gewonnen.<\/p>\n<p><img decoding=\"async\" src=\"https:\/\/www.hydraulic-cylinders.net\/wp-content\/uploads\/2025\/01\/songte-company-3.webp\" alt=\"Schaufelzylinder f\u00fcr Sumitomo Mittelbagger SH210-5\"><\/p>\n<p>Autor: lyl.<\/p>","protected":false},"excerpt":{"rendered":"<p>Bucket Cylinder For Sumitomo Middle Excavator SH210-5 Introduction The bucket cylinder for Sumitomo middle excavator SH210-5 is a specially designed hydraulic cylinder used to control the movement of the bucket in heavy machinery such as excavators, backhoe excavators, and front-end loaders. Its main function is to enable the bucket to lift, lower, and tilt, making [&hellip;]<\/p>","protected":false},"featured_media":14762,"comment_status":"open","ping_status":"closed","template":"","meta":{"_et_pb_use_builder":"","_et_pb_old_content":"","_et_gb_content_width":""},"product_brand":[],"product_cat":[1494],"product_tag":[1495,1496],"class_list":{"0":"post-15175","1":"product","2":"type-product","3":"status-publish","4":"has-post-thumbnail","6":"product_cat-bucket-cylinders","7":"product_tag-bucket-cylinders","8":"product_tag-hydraulic-cylinders","10":"first","11":"instock","12":"shipping-taxable","13":"product-type-simple"},"amp_enabled":true,"_links":{"self":[{"href":"https:\/\/www.hydraulic-cylinders.net\/de\/wp-json\/wp\/v2\/product\/15175","targetHints":{"allow":["GET"]}}],"collection":[{"href":"https:\/\/www.hydraulic-cylinders.net\/de\/wp-json\/wp\/v2\/product"}],"about":[{"href":"https:\/\/www.hydraulic-cylinders.net\/de\/wp-json\/wp\/v2\/types\/product"}],"replies":[{"embeddable":true,"href":"https:\/\/www.hydraulic-cylinders.net\/de\/wp-json\/wp\/v2\/comments?post=15175"}],"wp:featuredmedia":[{"embeddable":true,"href":"https:\/\/www.hydraulic-cylinders.net\/de\/wp-json\/wp\/v2\/media\/14762"}],"wp:attachment":[{"href":"https:\/\/www.hydraulic-cylinders.net\/de\/wp-json\/wp\/v2\/media?parent=15175"}],"wp:term":[{"taxonomy":"product_brand","embeddable":true,"href":"https:\/\/www.hydraulic-cylinders.net\/de\/wp-json\/wp\/v2\/product_brand?post=15175"},{"taxonomy":"product_cat","embeddable":true,"href":"https:\/\/www.hydraulic-cylinders.net\/de\/wp-json\/wp\/v2\/product_cat?post=15175"},{"taxonomy":"product_tag","embeddable":true,"href":"https:\/\/www.hydraulic-cylinders.net\/de\/wp-json\/wp\/v2\/product_tag?post=15175"}],"curies":[{"name":"wp","href":"https:\/\/api.w.org\/{rel}","templated":true}]}}