{"id":15179,"date":"2025-01-19T14:12:17","date_gmt":"2025-01-19T14:12:17","guid":{"rendered":"https:\/\/www.hydraulic-cylinders.net\/product\/bucket-cylinder-for-sumitomo-middle-excavator-sh200-3g\/"},"modified":"2025-01-19T14:12:19","modified_gmt":"2025-01-19T14:12:19","slug":"bucket-cylinder-for-sumitomo-middle-excavator-sh200-3g","status":"publish","type":"product","link":"https:\/\/www.hydraulic-cylinders.net\/de\/produkt\/bucket-cylinder-for-sumitomo-middle-excavator-sh200-3g\/","title":{"rendered":"L\u00f6ffelzylinder f\u00fcr Sumitomo Mittelbagger SH200-3G"},"content":{"rendered":"<h1>L\u00f6ffelzylinder f\u00fcr Sumitomo Mittelbagger SH200-3G<\/h1>\n<h2>Einf\u00fchrung<\/h2>\n<p>Der L\u00f6ffelzylinder f\u00fcr den Sumitomo Mittelbagger SH200-3G ist ein Spezialhydraulikzylinder, der haupts\u00e4chlich zur Steuerung der L\u00f6ffelbewegung in Baumaschinen wie Baggern, Radladern und Baggerladern eingesetzt wird. Seine Hauptfunktion besteht darin, das Heben, Senken und Neigen des L\u00f6ffels zu erm\u00f6glichen und so den Umschlag verschiedenster Materialien zu erleichtern. Im Hydrauliksystem nutzt der L\u00f6ffelzylinder \u00c4nderungen des Hydraulik\u00f6ldrucks, um eine pr\u00e4zise Steuerung des L\u00f6ffels zu erreichen. Dies erm\u00f6glicht dem Bediener, schwere Lasten effizient zu handhaben und sich an komplexe Arbeitsumgebungen und vielf\u00e4ltige Betriebsanforderungen anzupassen.<\/p>\n<p><img decoding=\"async\" src=\"https:\/\/www.hydraulic-cylinders.net\/wp-content\/uploads\/2025\/01\/songte-company-2.webp\" alt=\"Bild des Schaufelzylinders\"><\/p>\n<h3>Merkmale<\/h3>\n<ul>\n<li><strong>Hohe Festigkeit und Langlebigkeit:<\/strong> \u00dcblicherweise aus hochfestem Stahl oder Aluminium gefertigt, h\u00e4lt es hohem Druck und schweren Belastungen stand, ist f\u00fcr raue Arbeitsumgebungen geeignet und ber\u00fccksichtigt bei der Konstruktion Verschlei\u00df- und Korrosionsbest\u00e4ndigkeit, um die Lebensdauer zu verl\u00e4ngern.<\/li>\n<li><strong>Effizienter Hydraulikbetrieb:<\/strong> Durch die Nutzung des Drucks von Hydraulik\u00f6l zur Erzielung einer gleichm\u00e4\u00dfigen Ausdehnungs- und Zusammenziehungsbewegung kann es schnell auf Bedienbefehle reagieren, eine starke Schub- und Zugkraft bereitstellen und eignet sich f\u00fcr die Handhabung schwerer Lasten und komplexer Betriebsaufgaben.<\/li>\n<li><strong>Mehrere Typen:<\/strong> Der Zylinder kann je nach Bedarf als einfachwirkender (Hydraulik nur in eine Richtung wirkender) oder doppeltwirkender (Hydraulik in zwei Richtungen wirkender) Zylinder ausgef\u00fchrt sein. Einige Modelle sind teleskopierbar und erm\u00f6glichen so eine gr\u00f6\u00dfere Ausladung ohne Vergr\u00f6\u00dferung der Au\u00dfenabmessungen \u2013 ideal f\u00fcr Anwendungen mit beengten Platzverh\u00e4ltnissen.<\/li>\n<li><strong>Produktion:<\/strong> Unser Unternehmen kann dieses Produkt herstellen, und unsere Produkte k\u00f6nnen diese Hydraulikzylinder perfekt ersetzen.<\/li>\n<\/ul>\n<p><img decoding=\"async\" src=\"https:\/\/www.hydraulic-cylinders.net\/wp-content\/uploads\/2025\/01\/songte-cylinder-head-with-all-kinds-excavator-models.webp\" alt=\"Abbildung des Produkts\"><\/p>\n<h2>Anwendungen<\/h2>\n<p>Der L\u00f6ffelzylinder f\u00fcr den Sumitomo Mittelbagger SH200-3G kann in verschiedenen Anwendungen eingesetzt werden, wie zum Beispiel:<\/p>\n<ul>\n<li><strong>Baumaschinen:<\/strong> Bei Baggern sind sie wichtig zum Graben, Laden und Bewegen von Erde oder Bauschutt. Bei Tiefladern unterst\u00fctzt der L\u00f6ffelzylinder sowohl das Graben als auch das Heben. <\/li>\n<li><strong>Landmaschinen:<\/strong> Wird in Frontladern zum Schaufeln, Anheben und Transportieren von Erde, Heu und anderen Materialien verwendet. <\/li>\n<li><strong>Bagger:<\/strong> Der Schaufelzylinder bewirkt die Grabwirkung, indem er es der Schaufel erm\u00f6glicht, in den Boden einzudringen. <\/li>\n<li><strong>Lader:<\/strong> Bei Frontladern helfen sie beim effektiven Anheben und Kippen von Ladung. <\/li>\n<\/ul>\n<h2>Design\u00fcberlegungen und Auswahlkriterien<\/h2>\n<p>Die Konstruktions\u00fcberlegungen f\u00fcr den L\u00f6ffelzylinder des Sumitomo Mittelbaggers SH200-3G umfassen Folgendes:<\/p>\n<ul>\n<li><strong>Tragf\u00e4higkeit:<\/strong> Der Zylinder muss \u00fcber ausreichende Festigkeit verf\u00fcgen, um den Belastungen standzuhalten, denen er in seiner Anwendung ausgesetzt sein wird.<\/li>\n<li><strong>Versiegelung:<\/strong> Um zu verhindern, dass Hydraulikfl\u00fcssigkeit aus dem Zylinder austritt, werden verschiedene Dichtungen verwendet, beispielsweise Kolbendichtungen und Stangendichtungen.<\/li>\n<li><strong>Haltbarkeit:<\/strong> Der Zylinder sollte so konstruiert sein, dass er Verschlei\u00df und Korrosion widersteht. Dies kann durch sorgf\u00e4ltige Materialauswahl, Oberfl\u00e4chenbehandlungen und andere Techniken erreicht werden. <\/li>\n<li><strong>Sicherheit:<\/strong> Der Zylinder muss unter Ber\u00fccksichtigung der Sicherheit konstruiert sein und \u00fcber Merkmale wie Druckentlastungsventile zur Verhinderung von \u00dcberlastung und Sicherheitsabdeckungen zum Schutz der Arbeiter vor Verletzungen verf\u00fcgen. <\/li>\n<li><strong>Wartung:<\/strong> Der Zylinder muss so konstruiert sein, dass er wartungsfreundlich ist und Merkmale wie leicht zug\u00e4ngliche Bauteile und Standardanschl\u00fcsse aufweist, um den Austausch von Dichtungen und anderen Teilen zu erleichtern.<\/li>\n<\/ul>\n<p><img decoding=\"async\" src=\"https:\/\/www.hydraulic-cylinders.net\/wp-content\/uploads\/2025\/01\/songte-oil-pipes-and-spare-parts.webp\" alt=\"Abbildung der Teile eines Hydraulikzylinders\"><\/p>\n<h2>Abdichtung und Schmierung<\/h2>\n<p>Der L\u00f6ffelzylinder des Sumitomo-Mittelbaggers SH200-3G ist mit verschiedenen Dichtungen, wie Kolben- und Stangendichtungen aus verschlei\u00dffesten Materialien wie Polyurethan und Nitrilkautschuk, ausgestattet, um das Austreten von Hydraulikfl\u00fcssigkeit zu verhindern. Zylinderk\u00f6rper und Gewindeendfl\u00e4che sind pr\u00e4zisionsbearbeitet, um die Verschlei\u00dffestigkeit zu optimieren. F\u00fcr den reibungslosen Betrieb des Zylinders ist regelm\u00e4\u00dfiges Nachf\u00fcllen von Hydraulik\u00f6l erforderlich.<\/p>\n<h2>Wartung und Reparatur<\/h2>\n<p>Regelm\u00e4\u00dfige Wartung und Reparatur sind f\u00fcr die Langlebigkeit des Schaufelzylinders unerl\u00e4sslich. Im Folgenden sind einige g\u00e4ngige Wartungsarbeiten aufgef\u00fchrt:<\/p>\n<ul>\n<li>Regelm\u00e4\u00dfige Inspektion <\/li>\n<li>Richtige Schmierung <\/li>\n<li>Dichtungswechsel <\/li>\n<li>Kalibrierungspr\u00fcfungen <\/li>\n<\/ul>\n<p>F\u00fcr eine optimale Zylinderausrichtung bei der Montage ist die Verwendung geeigneter Montagehalterungen unerl\u00e4sslich. Um die Lebensdauer des Baggerzylinders zu verl\u00e4ngern, empfehlen wir die Anwendung unserer empfohlenen Inspektions-, Reparatur- und Austauschverfahren. Wir bieten au\u00dferdem Ersatzteile und \u00dcberholungsdienstleistungen an.<\/p>\n<p><img decoding=\"async\" src=\"https:\/\/www.hydraulic-cylinders.net\/wp-content\/uploads\/2025\/01\/songte-chushion-collar.webp\" alt=\"Abbildung der Teile eines Hydraulikzylinders\"><\/p>\n<h2>Sicherheits- und Umweltaspekte<\/h2>\n<p>Bei der Verwendung des L\u00f6ffelzylinders f\u00fcr den Sumitomo-Mittelbagger SH200-3G ist die Einhaltung der entsprechenden Sicherheitsma\u00dfnahmen unerl\u00e4sslich. Eine fachgerechte Installation sowie regelm\u00e4\u00dfige Inspektion und Wartung vermeiden potenzielle Betriebsrisiken. Die ordnungsgem\u00e4\u00dfe Entsorgung von Hydraulikfl\u00fcssigkeiten und anderen gef\u00e4hrlichen Abf\u00e4llen ist notwendig, um negative Umweltauswirkungen zu minimieren.<\/p>\n<h2> Fehlerbehebung und h\u00e4ufige Probleme<\/h2>\n<p>H\u00e4ufige Probleme mit dem L\u00f6ffelzylinder des Sumitomo-Mittelbaggers SH200-3G sind \u00d6lverlust, unzureichende oder ungleichm\u00e4\u00dfige Kraftverteilung und ungew\u00f6hnliche Ger\u00e4usche. Diese Probleme lassen sich oft durch die \u00dcberpr\u00fcfung der Dichtungen und des Hydraulik\u00f6lstands sowie den Austausch defekter Teile beheben. Wir empfehlen regelm\u00e4\u00dfige Wartung und Inspektion, um weiteren Problemen vorzubeugen. <\/p>\n<p><img decoding=\"async\" src=\"https:\/\/www.hydraulic-cylinders.net\/wp-content\/uploads\/2025\/01\/songte-bushings-with-all-kinds-of-excavator-models.webp\" alt=\"Abbildung der Teile eines Hydraulikzylinders\"><\/p>\n<h2>\u00dcber unser Unternehmen<\/h2>\n<p>Wir sind Hersteller von Hydraulikzylindern als Ersatzteil. Unser Unternehmen produziert ein breites Produktsortiment und z\u00e4hlt zu den f\u00fchrenden Herstellern und Gro\u00dfh\u00e4ndlern von Hydraulikzylindern auf nationalen und internationalen M\u00e4rkten. Wir verfolgen eine Strategie h\u00f6chster Qualit\u00e4t, die auf industrialisiertem Produktionsmanagement in modernsten Fertigungswerkst\u00e4tten, kontinuierlicher Verbesserung unserer Prozesse und perfektionierten Produktionslinien basiert. Dank unserer ausgepr\u00e4gten Innovationskraft und unseres effizienten, pr\u00e4zisen und qualitativ hochwertigen Ansatzes erf\u00fcllen wir die vielf\u00e4ltigen Bed\u00fcrfnisse unserer Kunden. <\/p>\n<h3>Professionalit\u00e4t<\/h3>\n<p>Unser professionelles Team konzentriert sich darauf, unseren Kunden qualitativ hochwertige Produkte und Dienstleistungen anzubieten, und wir streben danach, unsere Position als f\u00fchrender Hersteller von Hydraulikzylindern durch kontinuierliche Verbesserung und Innovation unserer Produkte zu behaupten.<\/p>\n<h3>Internationale Zertifizierung<\/h3>\n<p>Unsere Produkte haben internationale Zertifizierungen wie ISO und CE erhalten, wodurch sichergestellt wird, dass unsere Produkte internationalen Qualit\u00e4tsstandards und Vorschriften entsprechen.<\/p>\n<h3>Anpassungsdienste<\/h3>\n<p>Wir bieten Anpassungsleistungen an, um den spezifischen Bed\u00fcrfnissen unserer Kunden gerecht zu werden und ma\u00dfgeschneiderte L\u00f6sungen f\u00fcr einzigartige Projektanforderungen zu liefern.<\/p>\n<h3>Produktionsausr\u00fcstung<\/h3>\n<p>Wir verwenden f\u00fcr die Herstellung unserer Produkte moderne Produktionsanlagen, um h\u00f6chste Pr\u00e4zision, Qualit\u00e4t und Effizienz zu gew\u00e4hrleisten. <\/p>\n<h3>Kundendienst<\/h3>\n<p>Wir bieten effiziente und umfassende Kundendienstleistungen, einschlie\u00dflich technischer Unterst\u00fctzung und Ersatzteile, um sicherzustellen, dass unsere Kunden den gr\u00f6\u00dftm\u00f6glichen Nutzen aus unseren Produkten ziehen.<\/p>\n<p><img decoding=\"async\" src=\"https:\/\/hzpt.com\/wp-content\/uploads\/2024\/11\/songte-company-1.webp\" alt=\"Bild des Schaufelzylinders\"><\/p>\n<p>Autor: lyl<\/p>","protected":false},"excerpt":{"rendered":"<p>Bucket Cylinder For Sumitomo Middle Excavator SH200-3G Introduction The bucket cylinder for Sumitomo Middle Excavator SH200-3G is a specialized hydraulic cylinder that is mainly used to control the movement of the bucket in heavy machinery such as excavators, backhoe excavators, and front-end loaders. Its main function is to allow the bucket to be lifted, lowered, [&hellip;]<\/p>","protected":false},"featured_media":14787,"comment_status":"open","ping_status":"closed","template":"","meta":{"_et_pb_use_builder":"","_et_pb_old_content":"","_et_gb_content_width":""},"product_brand":[],"product_cat":[1494],"product_tag":[1495,1496],"class_list":{"0":"post-15179","1":"product","2":"type-product","3":"status-publish","4":"has-post-thumbnail","6":"product_cat-bucket-cylinders","7":"product_tag-bucket-cylinders","8":"product_tag-hydraulic-cylinders","10":"first","11":"instock","12":"shipping-taxable","13":"product-type-simple"},"amp_enabled":true,"_links":{"self":[{"href":"https:\/\/www.hydraulic-cylinders.net\/de\/wp-json\/wp\/v2\/product\/15179","targetHints":{"allow":["GET"]}}],"collection":[{"href":"https:\/\/www.hydraulic-cylinders.net\/de\/wp-json\/wp\/v2\/product"}],"about":[{"href":"https:\/\/www.hydraulic-cylinders.net\/de\/wp-json\/wp\/v2\/types\/product"}],"replies":[{"embeddable":true,"href":"https:\/\/www.hydraulic-cylinders.net\/de\/wp-json\/wp\/v2\/comments?post=15179"}],"wp:featuredmedia":[{"embeddable":true,"href":"https:\/\/www.hydraulic-cylinders.net\/de\/wp-json\/wp\/v2\/media\/14787"}],"wp:attachment":[{"href":"https:\/\/www.hydraulic-cylinders.net\/de\/wp-json\/wp\/v2\/media?parent=15179"}],"wp:term":[{"taxonomy":"product_brand","embeddable":true,"href":"https:\/\/www.hydraulic-cylinders.net\/de\/wp-json\/wp\/v2\/product_brand?post=15179"},{"taxonomy":"product_cat","embeddable":true,"href":"https:\/\/www.hydraulic-cylinders.net\/de\/wp-json\/wp\/v2\/product_cat?post=15179"},{"taxonomy":"product_tag","embeddable":true,"href":"https:\/\/www.hydraulic-cylinders.net\/de\/wp-json\/wp\/v2\/product_tag?post=15179"}],"curies":[{"name":"wp","href":"https:\/\/api.w.org\/{rel}","templated":true}]}}