{"id":15180,"date":"2025-01-19T14:12:21","date_gmt":"2025-01-19T14:12:21","guid":{"rendered":"https:\/\/www.hydraulic-cylinders.net\/product\/bucket-cylinder-for-sumitomo-middle-excavator-sh210lc-5\/"},"modified":"2025-01-19T14:12:23","modified_gmt":"2025-01-19T14:12:23","slug":"bucket-cylinder-for-sumitomo-middle-excavator-sh210lc-5","status":"publish","type":"product","link":"https:\/\/www.hydraulic-cylinders.net\/de\/produkt\/bucket-cylinder-for-sumitomo-middle-excavator-sh210lc-5\/","title":{"rendered":"Schaufelzylinder f\u00fcr Sumitomo Mittelbagger SH210LC-5"},"content":{"rendered":"<h1>Schaufelzylinder f\u00fcr Sumitomo Mittelbagger SH210LC-5<\/h1>\n<h2>Einf\u00fchrung<\/h2>\n<p>Der L\u00f6ffelzylinder f\u00fcr den Sumitomo Mittelbagger SH210LC-5 ist ein Hydraulikzylinder, der speziell f\u00fcr die Steuerung der L\u00f6ffelbewegung in Baumaschinen wie Baggern, Radladern und Baggerladern entwickelt wurde. Seine Hauptfunktion besteht darin, das Heben, Senken und Neigen des L\u00f6ffels zu erm\u00f6glichen und so verschiedene Materialumschlagsaufgaben zu erleichtern. Im Hydrauliksystem steuert der L\u00f6ffelzylinder die L\u00f6ffelbewegung pr\u00e4zise durch \u00c4nderungen des Hydraulik\u00f6ldrucks. Dadurch k\u00f6nnen Bediener schwere Lasten effizient handhaben und sich an komplexe Arbeitsumgebungen und vielf\u00e4ltige Betriebsanforderungen anpassen.<\/p>\n<p><img decoding=\"async\" src=\"https:\/\/www.hydraulic-cylinders.net\/wp-content\/uploads\/2025\/01\/songte-company-2.webp\" alt=\"Schaufelzylinder f\u00fcr Sumitomo Mittelbagger SH210LC-5\"\/><\/p>\n<h2>Merkmale<\/h2>\n<ul>\n<li>Hohe Festigkeit und Langlebigkeit: Typischerweise aus hochfestem Stahl oder Aluminium gefertigt, halten sie hohem Druck und hohen Belastungen stand, eignen sich f\u00fcr raue Arbeitsumgebungen und sind auf Verschlei\u00df- und Korrosionsbest\u00e4ndigkeit ausgelegt, um die Lebensdauer zu verl\u00e4ngern.<\/li>\n<li>Effizienter Hydraulikbetrieb: Nutzung des Hydraulik\u00f6ldrucks f\u00fcr ein gleichm\u00e4\u00dfiges Aus- und Einfahren, schnelle Reaktion auf Steuerbefehle, Bereitstellung einer starken Schub- und Zugkraft, geeignet f\u00fcr die Handhabung schwerer Lasten und komplexer Arbeitsaufgaben.<\/li>\n<li>Verschiedene Zylindertypen stehen zur Auswahl: Einfachwirkende (hydraulisch nur in eine Richtung wirkende) oder doppeltwirkende (hydraulisch in beide Richtungen wirkende) Zylinder k\u00f6nnen je nach Bedarf und unterschiedlichen Betriebsanforderungen ausgew\u00e4hlt werden. Einige Modelle sind teleskopierbar und erm\u00f6glichen so gr\u00f6\u00dfere Ausz\u00fcge ohne Vergr\u00f6\u00dferung der Au\u00dfenabmessungen \u2013 ideal f\u00fcr beengte Platzverh\u00e4ltnisse.<\/li>\n<li>Austauschbar: Unsere Produkte k\u00f6nnen diese Hydraulikzylinder perfekt ersetzen.<\/li>\n<\/ul>\n<p><img decoding=\"async\" src=\"https:\/\/www.hydraulic-cylinders.net\/wp-content\/uploads\/2025\/01\/songte-cylinder-head-with-all-kinds-excavator-models.webp\" alt=\"Schaufelzylinder f\u00fcr Sumitomo Mittelbagger SH210LC-5\"\/><\/p>\n<h2>Anwendungen<\/h2>\n<p>Eimerzylinder werden in verschiedenen Bereichen weit verbreitet eingesetzt, unter anderem:<\/p>\n<ul>\n<li>Baumaschinen: Sie sind f\u00fcr Bagger zum Ausheben, Laden und Bewegen von Erde oder Bauschutt unerl\u00e4sslich. Bei Tiefladern unterst\u00fctzt der L\u00f6ffelzylinder sowohl das Ausheben als auch das Anheben von Material. <\/li>\n<li>Landwirtschaftliche Maschinen: Werden f\u00fcr Frontlader zum Schaufeln, Anheben und Transportieren von Erde, Heu und anderen Materialien verwendet. <\/li>\n<li>Bagger: Der Schaufelzylinder erm\u00f6glicht Grabvorg\u00e4nge, indem er der Schaufel das Eindringen in den Boden erm\u00f6glicht.<\/li>\n<li>Lader: Bei Frontladern helfen sie beim effektiven Anheben und Abladen von G\u00fctern.<\/li>\n<\/ul>\n<h2>Design\u00fcberlegungen und Auswahlkriterien<\/h2>\n<p>Bei der Konstruktion und Auswahl von Schaufelzylindern m\u00fcssen mehrere Faktoren ber\u00fccksichtigt werden:<\/p>\n<ul>\n<li>Tragf\u00e4higkeit: Der Zylinder muss in der Lage sein, die f\u00fcr die Anwendung erforderliche Last und den Druck zu bew\u00e4ltigen.<\/li>\n<li>Abdichtung: Um das Austreten und die Verunreinigung von Hydraulikfl\u00fcssigkeiten zu verhindern, werden verschiedene Dichtungen, wie z. B. Kolbendichtungen und Stangendichtungen, eingesetzt.<\/li>\n<li>Langlebigkeit: Der Zylinder muss rauen Arbeitsbedingungen standhalten und verschlei\u00df- sowie korrosionsbest\u00e4ndig sein, um seine Lebensdauer zu verl\u00e4ngern.<\/li>\n<li>Sicherheit: F\u00fcr einen sicheren Betrieb sind die ordnungsgem\u00e4\u00dfe Installation, Verwendung und Wartung des Zylinders unerl\u00e4sslich.<\/li>\n<li>Wartung: Regelm\u00e4\u00dfige Inspektion und Wartung helfen, Probleme zu vermeiden und die Lebensdauer des Zylinders zu verl\u00e4ngern.<\/li>\n<\/ul>\n<p><img decoding=\"async\" src=\"https:\/\/www.hydraulic-cylinders.net\/wp-content\/uploads\/2025\/01\/songte-oil-pipes-and-spare-parts.webp\" alt=\"Schaufelzylinder f\u00fcr Sumitomo Mittelbagger SH210LC-5\"\/><\/p>\n<h2>Abdichtung und Schmierung<\/h2>\n<p>Die Zylinder von Schaufelradpumpen ben\u00f6tigen verschiedene Dichtungen, wie Kolben- und Stangendichtungen, aus verschlei\u00dffesten Materialien wie Polyurethan und Nitrilkautschuk. Zylinderk\u00f6rper und Gewindeendfl\u00e4che sind pr\u00e4zisionsbearbeitet, um die Verschlei\u00dffestigkeit zu erh\u00f6hen. Eine ausreichende Schmierung mit Hydraulik\u00f6l ist ebenfalls notwendig, um einen reibungslosen Betrieb zu gew\u00e4hrleisten.<\/p>\n<h2>Wartung und Reparatur<\/h2>\n<p>Die ordnungsgem\u00e4\u00dfe Wartung und Reparatur von Schaufelzylindern ist unerl\u00e4sslich, um die Lebensdauer zu verl\u00e4ngern und Probleme zu vermeiden. Zu den Wartungsarbeiten geh\u00f6ren unter anderem:<\/p>\n<ul>\n<li>Regelm\u00e4\u00dfige Inspektionen zur fr\u00fchzeitigen Erkennung und Behebung von Problemen.<\/li>\n<li>Richtige Schmierung sorgt f\u00fcr einen reibungslosen Betrieb.<\/li>\n<li>Dichtungen bei Bedarf austauschen, um Leckagen und Verunreinigungen zu vermeiden.<\/li>\n<\/ul>\n<p><img decoding=\"async\" src=\"https:\/\/www.hydraulic-cylinders.net\/wp-content\/uploads\/2025\/01\/songte-chushion-collar.webp\" alt=\"Schaufelzylinder f\u00fcr Sumitomo Mittelbagger SH210LC-5\"\/><\/p>\n<h2>Sicherheits- und Umweltaspekte<\/h2>\n<p>F\u00fcr einen sicheren Betrieb m\u00fcssen die Zylinder von Hydraulikbaggern fachgerecht installiert, verwendet und gewartet werden. Die ordnungsgem\u00e4\u00dfe Entsorgung gebrauchter Hydraulikfl\u00fcssigkeiten und Zylinderkomponenten tr\u00e4gt ebenfalls zum Umweltschutz bei.<\/p>\n<h2>Fehlerbehebung und h\u00e4ufige Probleme<\/h2>\n<p>Zu den h\u00e4ufigsten Problemen mit Schaufelzylindern geh\u00f6ren Leckagen, Besch\u00e4digungen am Zylinderk\u00f6rper und Fehlfunktionen. Tipps und L\u00f6sungen zur Fehlerbehebung finden Sie hier:<\/p>\n<ul>\n<li>\u00dcberpr\u00fcfung auf besch\u00e4digte Dichtungen und gegebenenfalls deren Austausch.<\/li>\n<li>Den Zylinderk\u00f6rper auf Besch\u00e4digungen pr\u00fcfen und ihn gegebenenfalls austauschen.<\/li>\n<li>Sicherstellung ordnungsgem\u00e4\u00dfer Schmierung und Funktion.<\/li>\n<\/ul>\n<p><img decoding=\"async\" src=\"https:\/\/www.hydraulic-cylinders.net\/wp-content\/uploads\/2025\/01\/songte-bushings-with-all-kinds-of-excavator-models.webp\" alt=\"Schaufelzylinder f\u00fcr Sumitomo Mittelbagger SH210LC-5\"\/><\/p>\n<h2>\u00dcber unser Unternehmen<\/h2>\n<p>Wir sind Hersteller von Hydraulikzylindern als Ersatzteil. Unser Unternehmen bietet ein umfassendes Produktsortiment und z\u00e4hlt zu den f\u00fchrenden Herstellern und Gro\u00dfh\u00e4ndlern von Hydraulikzylindern auf nationalen und internationalen M\u00e4rkten. Wir setzen auf h\u00f6chste Qualit\u00e4t und optimieren kontinuierlich unsere Fertigungsprozesse und die Produktqualit\u00e4t durch eine industrialisierte Produktionsstrategie in modernsten Fertigungswerkst\u00e4tten. Dank unserer hohen Innovationskraft erf\u00fcllen wir die vielf\u00e4ltigen Kundenbed\u00fcrfnisse mit h\u00f6chster Effizienz, Pr\u00e4zision und Qualit\u00e4t.<\/p>\n<p><img decoding=\"async\" src=\"https:\/\/hzpt.com\/wp-content\/uploads\/2024\/11\/songte-company-1.webp\" alt=\"Schaufelzylinder f\u00fcr Sumitomo Mittelbagger SH210LC-5\"\/><\/p>\n<h2>\u00dcber unsere Dienstleistungen<\/h2>\n<p>Wir bieten professionelle Dienstleistungen, internationale Zertifizierungen, kundenspezifische L\u00f6sungen, Produktionsanlagen und Kundendienstleistungen, um die Kundenzufriedenheit zu gew\u00e4hrleisten.<\/p>\n<ul>\n<li>Professionalit\u00e4t: Wir verf\u00fcgen \u00fcber ein Team von Fachleuten, die unseren Kunden ma\u00dfgeschneiderte L\u00f6sungen anbieten k\u00f6nnen.<\/li>\n<li>Internationale Zertifizierung: Unsere Produkte haben verschiedene internationale Zertifizierungen bestanden, wie z. B. ISO9001 und CE.<\/li>\n<li>Ma\u00dfgeschneiderte Services: Wir bieten ma\u00dfgeschneiderte Services, um den vielf\u00e4ltigen Bed\u00fcrfnissen unserer Kunden gerecht zu werden.<\/li>\n<li>Produktionsanlagen: Wir verf\u00fcgen \u00fcber moderne Produktionsanlagen, um Produktqualit\u00e4t und Effizienz zu gew\u00e4hrleisten.<\/li>\n<li>Kundendienst: Wir bieten einen Kundendienst an, um die Kundenzufriedenheit zu gew\u00e4hrleisten.<\/li>\n<\/ul>\n<h3>Autor: lyl.<\/h3>","protected":false},"excerpt":{"rendered":"<p>Bucket Cylinder For Sumitomo Middle Excavator SH210LC-5 Introduction The Bucket Cylinder for Sumitomo Middle Excavator SH210LC-5 is a hydraulic cylinder designed specifically to control the movement of the bucket in heavy machinery such as excavators, backhoe excavators, and front-end loaders. Its main function is to enable the bucket to move up, down, and tilt, making [&hellip;]<\/p>","protected":false},"featured_media":14785,"comment_status":"open","ping_status":"closed","template":"","meta":{"_et_pb_use_builder":"","_et_pb_old_content":"","_et_gb_content_width":""},"product_brand":[],"product_cat":[1494],"product_tag":[1495,1496],"class_list":{"0":"post-15180","1":"product","2":"type-product","3":"status-publish","4":"has-post-thumbnail","6":"product_cat-bucket-cylinders","7":"product_tag-bucket-cylinders","8":"product_tag-hydraulic-cylinders","10":"first","11":"instock","12":"shipping-taxable","13":"product-type-simple"},"amp_enabled":true,"_links":{"self":[{"href":"https:\/\/www.hydraulic-cylinders.net\/de\/wp-json\/wp\/v2\/product\/15180","targetHints":{"allow":["GET"]}}],"collection":[{"href":"https:\/\/www.hydraulic-cylinders.net\/de\/wp-json\/wp\/v2\/product"}],"about":[{"href":"https:\/\/www.hydraulic-cylinders.net\/de\/wp-json\/wp\/v2\/types\/product"}],"replies":[{"embeddable":true,"href":"https:\/\/www.hydraulic-cylinders.net\/de\/wp-json\/wp\/v2\/comments?post=15180"}],"wp:featuredmedia":[{"embeddable":true,"href":"https:\/\/www.hydraulic-cylinders.net\/de\/wp-json\/wp\/v2\/media\/14785"}],"wp:attachment":[{"href":"https:\/\/www.hydraulic-cylinders.net\/de\/wp-json\/wp\/v2\/media?parent=15180"}],"wp:term":[{"taxonomy":"product_brand","embeddable":true,"href":"https:\/\/www.hydraulic-cylinders.net\/de\/wp-json\/wp\/v2\/product_brand?post=15180"},{"taxonomy":"product_cat","embeddable":true,"href":"https:\/\/www.hydraulic-cylinders.net\/de\/wp-json\/wp\/v2\/product_cat?post=15180"},{"taxonomy":"product_tag","embeddable":true,"href":"https:\/\/www.hydraulic-cylinders.net\/de\/wp-json\/wp\/v2\/product_tag?post=15180"}],"curies":[{"name":"wp","href":"https:\/\/api.w.org\/{rel}","templated":true}]}}