{"id":15181,"date":"2025-01-19T14:12:25","date_gmt":"2025-01-19T14:12:25","guid":{"rendered":"https:\/\/www.hydraulic-cylinders.net\/product\/bucket-cylinder-for-sumitomo-middle-excavator-sh240-5\/"},"modified":"2025-01-19T14:12:27","modified_gmt":"2025-01-19T14:12:27","slug":"bucket-cylinder-for-sumitomo-middle-excavator-sh240-5","status":"publish","type":"product","link":"https:\/\/www.hydraulic-cylinders.net\/de\/produkt\/bucket-cylinder-for-sumitomo-middle-excavator-sh240-5\/","title":{"rendered":"Schaufelzylinder f\u00fcr Sumitomo Mittelbagger SH240-5"},"content":{"rendered":"<h1>Schaufelzylinder f\u00fcr Sumitomo Mittelbagger SH240-5<\/h1>\n<h2>Einf\u00fchrung<\/h2>\n<p>The bucket cylinder for Sumitomo middle excavator SH240-5 is a specialized hydraulic cylinder designed to control the movement of the bucket in heavy machinery such as excavators, backhoes, and front-end loaders. Its primary function is to enable the bucket to lift, lower, and tilt, making it easier to handle various material handling tasks. In the hydraulic system, bucket cylinders precisely control the bucket&#8217;s movement by using changes in hydraulic oil pressure, allowing operators to efficiently handle heavy loads and adapt to complex work environments and diverse job requirements.<\/p>\n<p><img decoding=\"async\" src=\"https:\/\/www.hydraulic-cylinders.net\/wp-content\/uploads\/2025\/01\/songte-company-2.webp\" alt=\"Bild des Schaufelzylinders\"><\/p>\n<h2>Merkmale<\/h2>\n<ul>\n<li>\n<h3>Hohe Festigkeit und Haltbarkeit<\/h3>\n<p>Der Schaufelzylinder besteht typischerweise aus hochfestem Stahl oder Aluminium, ist f\u00fcr hohen Druck und schwere Belastungen ausgelegt und eignet sich f\u00fcr raue Arbeitsumgebungen. Die Konstruktion ber\u00fccksichtigt Verschlei\u00df- und Korrosionsbest\u00e4ndigkeit, was die Lebensdauer verl\u00e4ngert.<\/p>\n<\/li>\n<li>\n<h3>Effizienter Hydraulikbetrieb<\/h3>\n<p>Der Zylinder des L\u00f6ffels nutzt den Druck von Hydraulik\u00f6l, um ein gleichm\u00e4\u00dfiges Aus- und Einfahren zu erm\u00f6glichen. Dadurch kann er schnell auf Steuerbefehle reagieren, bietet starke Schub- und Zugkr\u00e4fte und eignet sich f\u00fcr die Handhabung schwerer Lasten und komplexer Aufgaben.<\/p>\n<\/li>\n<li>\n<h3>Verschiedene Arten<\/h3>\n<p>Der Schaufelzylinder kann je nach Bedarf als einfachwirkend (Hydraulik wirkt nur in eine Richtung) oder doppeltwirkend (Hydraulik wirkt in beide Richtungen) ausgef\u00fchrt werden. Einige Modelle sind teleskopierbar und erm\u00f6glichen so eine gr\u00f6\u00dfere Ausladung ohne Vergr\u00f6\u00dferung der Au\u00dfenabmessungen \u2013 ideal f\u00fcr Anwendungen mit begrenztem Platzangebot.<\/p>\n<\/li>\n<li>\n<h3>Einfacher Austausch<\/h3>\n<p>Unser Produkt kann diese Hydraulikzylinder perfekt ersetzen.<\/p>\n<\/li>\n<\/ul>\n<p><img decoding=\"async\" src=\"https:\/\/www.hydraulic-cylinders.net\/wp-content\/uploads\/2025\/01\/songte-cylinder-head-with-all-kinds-excavator-models.webp\" alt=\"Bild zum Austausch des Schaufelzylinders\"><\/p>\n<h2>Anwendungen<\/h2>\n<p>Der Schaufelzylinder findet breite Anwendung in verschiedenen Bau- und Landmaschinen. Zu den g\u00e4ngigen Anwendungsgebieten geh\u00f6ren:<\/p>\n<ul>\n<li>\n<h3>Baumaschinen<\/h3>\n<p>Bei Baggern sind sie unverzichtbar zum Graben, Laden und Bewegen von Erde oder Bauschutt. Bei Baggerladern unterst\u00fctzen die Schaufelzylinder sowohl das Graben als auch das Heben. <\/p>\n<\/li>\n<li>\n<h3>Landmaschinen <\/h3>\n<p>Wird in Frontladern zum Schaufeln, Anheben und Transportieren von Erde, Heu und anderen Materialien verwendet.<\/p>\n<\/li>\n<li>\n<h3>Bagger<\/h3>\n<p>Die Zylinder des L\u00f6ffels erm\u00f6glichen Aushubarbeiten, indem sie es dem L\u00f6ffel erlauben, in den Boden einzudringen. <\/p>\n<\/li>\n<li>\n<h3>Frontlader<\/h3>\n<p>Bei Frontladern helfen sie beim effektiven Anheben und Abladen von G\u00fctern. <\/p>\n<\/li>\n<\/ul>\n<h2>Design\u00fcberlegungen und Auswahlkriterien<\/h2>\n<ul>\n<li>\n<h3>Tragf\u00e4higkeit<\/h3>\n<p>Die Zylinder der Schaufel m\u00fcssen eine hohe Tragf\u00e4higkeit aufweisen, um schwere Lasten und Hochdruckhydraulik bew\u00e4ltigen zu k\u00f6nnen.<\/p>\n<\/li>\n<li>\n<h3>Versiegelung<\/h3>\n<p>Die Zylinder von Schaufeln ben\u00f6tigen hochwertige Dichtungen, um Hydraulikfl\u00fcssigkeitslecks zu verhindern und einen sicheren und effizienten Betrieb zu gew\u00e4hrleisten.<\/p>\n<\/li>\n<li>\n<h3>Haltbarkeit<\/h3>\n<p>Der Zylinder des L\u00f6ffels muss robust und verschlei\u00dffest sein, um den rauen Arbeitsbedingungen standzuhalten und seine Lebensdauer zu verl\u00e4ngern.<\/p>\n<\/li>\n<li>\n<h3>Sicherheit<\/h3>\n<p>Die Zylinder von Schaufelradbaggern m\u00fcssen strenge Sicherheitsstandards erf\u00fcllen, um einen sicheren Betrieb zu gew\u00e4hrleisten und Unf\u00e4lle zu vermeiden. <\/p>\n<\/li>\n<li>\n<h3>Wartung<\/h3>\n<p>Die Zylinder der Schaufeln ben\u00f6tigen regelm\u00e4\u00dfige Wartung, um eine optimale Leistung zu gew\u00e4hrleisten und ihre Lebensdauer zu verl\u00e4ngern. <\/p>\n<\/li>\n<\/ul>\n<p><img decoding=\"async\" src=\"https:\/\/www.hydraulic-cylinders.net\/wp-content\/uploads\/2025\/01\/songte-oil-pipes-and-spare-parts.webp\" alt=\"Bild von Ersatzteilen f\u00fcr Schaufelzylinder\"><\/p>\n<h2>Abdichtung und Schmierung<\/h2>\n<p>Der Schaufelzylinder verwendet verschiedene Dichtungskomponenten wie Kolbendichtungen, Stangendichtungen und Verschlei\u00dfringe aus verschlei\u00dffesten Materialien wie Polyurethan und Nitrilkautschuk. Zylinderk\u00f6rper und Gewindeendfl\u00e4chen werden sorgf\u00e4ltig bearbeitet, um ihre Verschlei\u00dffestigkeit zu erh\u00f6hen. Regelm\u00e4\u00dfige Schmierung mit geeignetem Hydraulik\u00f6l ist f\u00fcr einen effizienten Betrieb unerl\u00e4sslich.<\/p>\n<h2>Wartung und Reparatur<\/h2>\n<p>To maintain the bucket cylinder&#8217;s optimal performance, regular inspection and preventive maintenance are essential. Recommended maintenance tasks include periodic inspection, appropriate lubrication, seal replacement, and calibration. Proper installation is crucial, and the use of appropriate installation brackets is recommended. Proper inspection, repair, and replacement procedures can extend the service life of the bucket cylinder.<\/p>\n<p><img decoding=\"async\" src=\"https:\/\/www.hydraulic-cylinders.net\/wp-content\/uploads\/2025\/01\/songte-chushion-collar.webp\" alt=\"Bild zur Wartung des Schaufelzylinders\"><\/p>\n<h2>Sicherheitsaspekte und Umweltfaktoren <\/h2>\n<p>Bei der Verwendung des Hubzylinders ist es unerl\u00e4sslich, die geltenden Sicherheitsvorschriften einzuhalten, um Unf\u00e4lle und Verletzungen zu vermeiden. Die Einhaltung der Sicherheitsrichtlinien und die sachgem\u00e4\u00dfe Verwendung tragen dazu bei, Umweltsch\u00e4den zu reduzieren und die Nachhaltigkeit zu f\u00f6rdern.<\/p>\n<h2>Fehlerbehebung und h\u00e4ufige Probleme<\/h2>\n<p>Common problems that might occur during the bucket cylinder&#8217;s operation include leaks, poor performance, and cylinder damage. Proper troubleshooting and problem-solving techniques can help resolve these issues quickly and efficiently. Preventive measures like regular maintenance and inspection can help reduce the likelihood of potential problems.<\/p>\n<p><img decoding=\"async\" src=\"https:\/\/www.hydraulic-cylinders.net\/wp-content\/uploads\/2025\/01\/songte-bushings-with-all-kinds-of-excavator-models.webp\" alt=\"Bild zur Fehlerbehebung beim Schaufelzylinder\"><\/p>\n<h2>\u00dcber unser Unternehmen<\/h2>\n<p>Wir sind ein Hersteller von Hydraulikzylindern mit einem umfassenden Produktsortiment und z\u00e4hlen zu den f\u00fchrenden Herstellern und Gro\u00dfh\u00e4ndlern von Hydraulikzylindern auf dem nationalen und internationalen Markt. Wir verfolgen eine Politik h\u00f6chster Qualit\u00e4t und setzen auf industrielle Produktionsmanagementstrategien, unterst\u00fctzt durch modernste Fertigungsanlagen, innovative Technologien, digitale High-End-Fertigungsanlagen und professionelle Testsysteme. Unser Unternehmen ist in der Lage, innovative L\u00f6sungen zu entwickeln, effektive und effiziente Dienstleistungen anzubieten und die vielf\u00e4ltigen Kundenanforderungen zu erf\u00fcllen. <\/p>\n<ul>\n<li>\n<h3>Sachverstand<\/h3>\n<p>Wir verf\u00fcgen \u00fcber umfassende Kenntnisse und Erfahrung in der Hydraulikzylinderindustrie, wodurch wir qualitativ hochwertige Produkte anbieten k\u00f6nnen.<\/p>\n<\/li>\n<li>\n<h3>Internationale Zertifizierung<\/h3>\n<p>Alle unsere Produkte entsprechen internationalen Standards und sind nach ISO9001, CE usw. zertifiziert.<\/p>\n<\/li>\n<li>\n<h3>Anpassungsdienste<\/h3>\n<p>Wir bieten kundenspezifische Anpassungsleistungen an, um den individuellen Anforderungen unserer Kunden gerecht zu werden.<\/p>\n<\/li>\n<li>\n<h3>Produktionsausr\u00fcstung<\/h3>\n<p>Unsere Werkst\u00e4tten sind mit modernsten Fertigungsanlagen ausgestattet, um Produktion und Qualit\u00e4tskontrolle zu gew\u00e4hrleisten.<\/p>\n<\/li>\n<li>\n<h3>Kundendienst<\/h3>\n<p>Wir bieten einen zeitnahen und effektiven Kundendienst, um die Kundenzufriedenheit zu gew\u00e4hrleisten.<\/p>\n<\/li>\n<\/ul>\n<p><img decoding=\"async\" src=\"https:\/\/hzpt.com\/wp-content\/uploads\/2024\/11\/songte-company-1.webp\" alt=\"Firmenimage\"><\/p>\n<p>Autor: lyl.<\/p>","protected":false},"excerpt":{"rendered":"<p>Bucket Cylinder For Sumitomo Middle Excavator SH240-5 Introduction The bucket cylinder for Sumitomo middle excavator SH240-5 is a specialized hydraulic cylinder designed to control the movement of the bucket in heavy machinery such as excavators, backhoes, and front-end loaders. Its primary function is to enable the bucket to lift, lower, and tilt, making it easier [&hellip;]<\/p>","protected":false},"featured_media":14784,"comment_status":"open","ping_status":"closed","template":"","meta":{"_et_pb_use_builder":"","_et_pb_old_content":"","_et_gb_content_width":""},"product_brand":[],"product_cat":[1494],"product_tag":[1495,1496],"class_list":{"0":"post-15181","1":"product","2":"type-product","3":"status-publish","4":"has-post-thumbnail","6":"product_cat-bucket-cylinders","7":"product_tag-bucket-cylinders","8":"product_tag-hydraulic-cylinders","10":"first","11":"instock","12":"shipping-taxable","13":"product-type-simple"},"amp_enabled":true,"_links":{"self":[{"href":"https:\/\/www.hydraulic-cylinders.net\/de\/wp-json\/wp\/v2\/product\/15181","targetHints":{"allow":["GET"]}}],"collection":[{"href":"https:\/\/www.hydraulic-cylinders.net\/de\/wp-json\/wp\/v2\/product"}],"about":[{"href":"https:\/\/www.hydraulic-cylinders.net\/de\/wp-json\/wp\/v2\/types\/product"}],"replies":[{"embeddable":true,"href":"https:\/\/www.hydraulic-cylinders.net\/de\/wp-json\/wp\/v2\/comments?post=15181"}],"wp:featuredmedia":[{"embeddable":true,"href":"https:\/\/www.hydraulic-cylinders.net\/de\/wp-json\/wp\/v2\/media\/14784"}],"wp:attachment":[{"href":"https:\/\/www.hydraulic-cylinders.net\/de\/wp-json\/wp\/v2\/media?parent=15181"}],"wp:term":[{"taxonomy":"product_brand","embeddable":true,"href":"https:\/\/www.hydraulic-cylinders.net\/de\/wp-json\/wp\/v2\/product_brand?post=15181"},{"taxonomy":"product_cat","embeddable":true,"href":"https:\/\/www.hydraulic-cylinders.net\/de\/wp-json\/wp\/v2\/product_cat?post=15181"},{"taxonomy":"product_tag","embeddable":true,"href":"https:\/\/www.hydraulic-cylinders.net\/de\/wp-json\/wp\/v2\/product_tag?post=15181"}],"curies":[{"name":"wp","href":"https:\/\/api.w.org\/{rel}","templated":true}]}}