{"id":15193,"date":"2025-01-19T14:13:19","date_gmt":"2025-01-19T14:13:19","guid":{"rendered":"https:\/\/www.hydraulic-cylinders.net\/product\/bucket-cylinder-for-sumitomo-large-excavator-sh480hd-5\/"},"modified":"2025-01-19T14:13:21","modified_gmt":"2025-01-19T14:13:21","slug":"bucket-cylinder-for-sumitomo-large-excavator-sh480hd-5","status":"publish","type":"product","link":"https:\/\/www.hydraulic-cylinders.net\/de\/produkt\/bucket-cylinder-for-sumitomo-large-excavator-sh480hd-5\/","title":{"rendered":"Schaufelzylinder f\u00fcr Sumitomo Gro\u00dfbagger SH480HD-5"},"content":{"rendered":"<h1>Schaufelzylinder f\u00fcr Sumitomo Gro\u00dfbagger SH480HD-5<\/h1>\n<h2>Einf\u00fchrung<\/h2>\n<p>Ein Schaufelzylinder ist ein speziell entwickelter Hydraulikzylinder, der haupts\u00e4chlich zur Steuerung der Schaufelbewegung in Baumaschinen wie Baggern, Baggerladern und Radladern eingesetzt wird. Seine Hauptfunktion besteht darin, das Heben, Senken und Neigen der Schaufel zu erm\u00f6glichen, wodurch er sich ideal f\u00fcr verschiedene Materialumschlagsaufgaben eignet. Im Hydrauliksystem steuert der Schaufelzylinder die pr\u00e4zise Bewegung der Schaufel durch \u00c4nderungen des Hydraulik\u00f6ldrucks. Dies erm\u00f6glicht es dem Bediener, schwere Lasten effizient zu handhaben und sich an komplexe Arbeitsumgebungen und vielf\u00e4ltige Aufgaben anzupassen.<\/p>\n<p><img decoding=\"async\" src=\"https:\/\/www.hydraulic-cylinders.net\/wp-content\/uploads\/2025\/01\/songte-company-2.webp\" alt=\"Schaufelzylinder f\u00fcr Sumitomo Gro\u00dfbagger SH480HD-5\"><\/p>\n<h2>Merkmale<\/h2>\n<ul>\n<li>\n<h3>Hohe Festigkeit und Haltbarkeit<\/h3>\n<p>Die Zylinder von Schaufelradf\u00f6rderanlagen bestehen typischerweise aus hochfestem Stahl oder Aluminium, sind in der Lage, hohem Druck und schweren Lasten standzuhalten, sich an raue Arbeitsumgebungen anzupassen und sind auf Langlebigkeit und Korrosionsbest\u00e4ndigkeit ausgelegt, was ihre Lebensdauer verl\u00e4ngert.<\/p>\n<\/li>\n<li>\n<h3>Effiziente Hydraulikfunktionen<\/h3>\n<p>Die Zylinder der Schaufel nutzen den Druck von Hydraulik\u00f6l, um gleichm\u00e4\u00dfige Ausfahr- und Einfahrbewegungen zu erzielen, schnell auf Steuerbefehle zu reagieren, starke Schub- und Zugkr\u00e4fte bereitzustellen und sich f\u00fcr die Handhabung schwerer Lasten und komplexer Arbeitsaufgaben zu eignen.<\/p>\n<\/li>\n<li>\n<h3>Verschiedene Typen<\/h3>\n<p>Je nach Einsatzanforderungen k\u00f6nnen die Zylinder von Schaufeln einfach- oder doppeltwirkend sein (hydraulischer Druck wirkt in eine oder beide Richtungen). Einige Modelle sind teleskopierbar und erm\u00f6glichen so eine gr\u00f6\u00dfere Ausladung ohne Vergr\u00f6\u00dferung der Au\u00dfenabmessungen \u2013 ideal f\u00fcr beengte Platzverh\u00e4ltnisse.<\/p>\n<\/li>\n<li>\n<h3>Austauschbar<\/h3>\n<p>Unser Produkt kann diese Hydraulikzylinder perfekt ersetzen.<\/p>\n<\/li>\n<\/ul>\n<p><img decoding=\"async\" src=\"https:\/\/www.hydraulic-cylinders.net\/wp-content\/uploads\/2025\/01\/songte-cylinder-head-with-all-kinds-excavator-models.webp\" alt=\"Schaufelzylinder f\u00fcr Sumitomo Gro\u00dfbagger SH480HD-5\"><\/p>\n<h2>Anwendungen<\/h2>\n<p>Schaufelzylinder finden in einer Vielzahl von Branchen breite Anwendung, darunter Baumaschinen, Landmaschinen, Bagger und Lader. Nachfolgend sind einige der h\u00e4ufigsten Einsatzgebiete aufgef\u00fchrt:<\/p>\n<ul>\n<li>\n<h3>Baumaschinen<\/h3>\n<p>Bei Baggern sind sie unverzichtbar zum Ausheben, Laden und Bewegen von Erde oder Bauschutt. Bei Baggerladern unterst\u00fctzen die Schaufelzylinder sowohl das Ausheben als auch das Heben. Bei Radladern helfen sie beim effizienten Heben und Kippen von Ladung.<\/p>\n<\/li>\n<li>\n<h3>Landmaschinen<\/h3>\n<p>Sie werden in Frontladern eingesetzt und dienen zum Schaufeln, Anheben und Transportieren von Erde, Heu und anderen Materialien.<\/p>\n<\/li>\n<li>\n<h3>Bagger<\/h3>\n<p>Die Zylinder der Baggerschaufel erm\u00f6glichen das Graben, indem sie es der Baggerschaufel erlauben, in den Boden einzudringen.<\/p>\n<\/li>\n<li>\n<h3>Lader<\/h3>\n<p>Bei Frontladern unterst\u00fctzen sie das effektive Anheben und Abladen von Ladung.<\/p>\n<\/li>\n<\/ul>\n<h2>Design\u00fcberlegungen und Auswahlkriterien<\/h2>\n<p>Bei der Auswahl von Schaufelzylindern m\u00fcssen verschiedene Konstruktionsaspekte ber\u00fccksichtigt werden, darunter:<\/p>\n<ul>\n<li>\n<h3>Tragf\u00e4higkeit<\/h3>\n<p>Die Tragf\u00e4higkeit des Zylinders muss ausreichend sein, um die Last aufzunehmen und einen reibungslosen Betrieb zu gew\u00e4hrleisten.<\/p>\n<\/li>\n<li>\n<h3>Versiegelung<\/h3>\n<p>Um Leckagen zu verhindern und die ordnungsgem\u00e4\u00dfe Funktion des Zylinders zu gew\u00e4hrleisten, m\u00fcssen verschiedene Dichtungselemente, wie z. B. Kolbendichtungen und Pleuelstangendichtungen, verwendet werden.<\/p>\n<\/li>\n<li>\n<h3>Haltbarkeit<\/h3>\n<p>Der Zylinder muss so konstruiert sein, dass er auch unter rauen Umgebungsbedingungen langlebig, korrosionsbest\u00e4ndig und verschlei\u00dffest ist.<\/p>\n<\/li>\n<li>\n<h3>Sicherheit<\/h3>\n<p>Die Hubzylinder m\u00fcssen mit Sicherheitsmerkmalen wie Druckbegrenzungsventilen ausgestattet sein, um eine \u00dcberlastung zu verhindern und einen sicheren Betrieb zu gew\u00e4hrleisten.<\/p>\n<\/li>\n<li>\n<h3>Wartbarkeit<\/h3>\n<p>Der Zylinder muss so konstruiert sein, dass er eine einfache Wartung erm\u00f6glicht, einschlie\u00dflich einfacher Demontage und Wiedermontage, leichtem Zugang zu den Komponenten und der M\u00f6glichkeit, Teile schnell auszutauschen.<\/p>\n<\/li>\n<\/ul>\n<p><img decoding=\"async\" src=\"https:\/\/www.hydraulic-cylinders.net\/wp-content\/uploads\/2025\/01\/songte-oil-pipes-and-spare-parts.webp\" alt=\"Schaufelzylinder f\u00fcr Sumitomo Gro\u00dfbagger SH480HD-5\"><\/p>\n<h2>Abdichtung und Schmierung<\/h2>\n<p>Um Leckagen zu vermeiden und die einwandfreie Funktion des Zylinders zu gew\u00e4hrleisten, werden verschiedene Dichtungselemente wie Kolben- und Stangendichtungen verwendet. Zylinderk\u00f6rper und Gewindeendfl\u00e4chen sind pr\u00e4zisionsbearbeitet, um die Verschlei\u00dffestigkeit zu verbessern. Der Zylinder ist regelm\u00e4\u00dfig mit geeignetem Hydraulik\u00f6l zu schmieren.<\/p>\n<h2>Wartung und Fehlerbehebung<\/h2>\n<p>Regelm\u00e4\u00dfige Inspektion, sachgem\u00e4\u00dfe Schmierung, Dichtungsaustausch und Kalibrierungspr\u00fcfung geh\u00f6ren zu den \u00fcblichen Wartungsarbeiten. Korrekte Montage, Schmierung und Justierung sind unerl\u00e4sslich f\u00fcr eine lange Lebensdauer des Schaufelzylinders. Bei der Montage sind korrekte Ausrichtungshinweise zu beachten und geeignete Montagehalterungen zur Befestigung des Zylinders zu verwenden.<\/p>\n<p><img decoding=\"async\" src=\"https:\/\/www.hydraulic-cylinders.net\/wp-content\/uploads\/2025\/01\/songte-chushion-collar.webp\" alt=\"Schaufelzylinder f\u00fcr Sumitomo Gro\u00dfbagger SH480HD-5\"><\/p>\n<h2>Sicherheitsaspekte und Umweltfaktoren<\/h2>\n<p>Beim Einsatz von Hubzylindern sind Sicherheitsma\u00dfnahmen unerl\u00e4sslich. Sicherheitsvorrichtungen wie Druckbegrenzungsventile sollten installiert werden, um \u00dcberlastung zu verhindern und einen sicheren Betrieb zu gew\u00e4hrleisten. Geeignete Umweltschutzma\u00dfnahmen m\u00fcssen getroffen werden, um \u00d6lleckagen und Umweltsch\u00e4den zu vermeiden.<\/p>\n<h2>Unternehmensvorstellung<\/h2>\n<p>Wir sind ein f\u00fchrender Hersteller und H\u00e4ndler von Hydraulikzylindern auf dem nationalen und internationalen Markt und spezialisiert auf Ersatz-Hydraulikzylinder. Wir setzen auf h\u00f6chste Qualit\u00e4t und nutzen daf\u00fcr eine industrialisierte Produktionsstrategie in unseren modernen Fertigungswerkst\u00e4tten. Durch den Einsatz qualifizierter Fachkr\u00e4fte, modernster digitaler Fertigungsanlagen und professioneller Testsysteme optimieren wir kontinuierlich unsere Fertigungsprozesse und gew\u00e4hrleisten so h\u00f6chste Produktqualit\u00e4t. Dank unserer starken Fertigungskapazit\u00e4ten k\u00f6nnen wir die vielf\u00e4ltigen Kundenbed\u00fcrfnisse effizient, pr\u00e4zise und qualitativ hochwertig erf\u00fcllen.<\/p>\n<p><img decoding=\"async\" src=\"https:\/\/hzpt.com\/wp-content\/uploads\/2024\/11\/songte-company-1.webp\" alt=\"Schaufelzylinder f\u00fcr Sumitomo Gro\u00dfbagger SH480HD-5\"><\/p>\n<h3>Professionalit\u00e4t<\/h3>\n<p>Wir verf\u00fcgen \u00fcber ein Team von Hydraulikzylinder-Experten, die Kunden bei der Auswahl des richtigen Zylinders f\u00fcr ihre spezifischen Bed\u00fcrfnisse unterst\u00fctzen.<\/p>\n<h3>Internationale Zertifizierung<\/h3>\n<p>Unsere Produkte haben die Zertifizierung nach ISO9001:2008 und CE bestanden.<\/p>\n<h3>Anpassungsdienste<\/h3>\n<p>Wir bieten ma\u00dfgeschneiderte Dienstleistungen an, um den unterschiedlichen Bed\u00fcrfnissen unserer Kunden gerecht zu werden und individuelle L\u00f6sungen anzubieten.<\/p>\n<h3>Produktionsausr\u00fcstung<\/h3>\n<p>Wir verf\u00fcgen \u00fcber moderne Anlagen wie CNC-Maschinen, automatische Schwei\u00dfmaschinen und Galvanisiermaschinen, die den vielf\u00e4ltigen Anforderungen unserer Kunden gerecht werden.<\/p>\n<h3>Kundendienst<\/h3>\n<p>Wir bieten einen Kundendienst inklusive Reparatur und Wartung an, um den reibungslosen Betrieb der Ger\u00e4te unserer Kunden zu gew\u00e4hrleisten.<\/p>\n<p>Autor: lyl<\/p>","protected":false},"excerpt":{"rendered":"<p>Bucket Cylinder For Sumitomo Large Excavator SH480HD-5 Introduction A bucket cylinder is a specially designed hydraulic cylinder used primarily to control the movement of buckets in heavy machinery such as excavators, backhoes, and front-end loaders. Its main function is to enable the bucket to lift, lower, and tilt, making it ideal for various material handling [&hellip;]<\/p>","protected":false},"featured_media":14788,"comment_status":"open","ping_status":"closed","template":"","meta":{"_et_pb_use_builder":"","_et_pb_old_content":"","_et_gb_content_width":""},"product_brand":[],"product_cat":[1494],"product_tag":[1495,1496],"class_list":{"0":"post-15193","1":"product","2":"type-product","3":"status-publish","4":"has-post-thumbnail","6":"product_cat-bucket-cylinders","7":"product_tag-bucket-cylinders","8":"product_tag-hydraulic-cylinders","10":"first","11":"instock","12":"shipping-taxable","13":"product-type-simple"},"amp_enabled":true,"_links":{"self":[{"href":"https:\/\/www.hydraulic-cylinders.net\/de\/wp-json\/wp\/v2\/product\/15193","targetHints":{"allow":["GET"]}}],"collection":[{"href":"https:\/\/www.hydraulic-cylinders.net\/de\/wp-json\/wp\/v2\/product"}],"about":[{"href":"https:\/\/www.hydraulic-cylinders.net\/de\/wp-json\/wp\/v2\/types\/product"}],"replies":[{"embeddable":true,"href":"https:\/\/www.hydraulic-cylinders.net\/de\/wp-json\/wp\/v2\/comments?post=15193"}],"wp:featuredmedia":[{"embeddable":true,"href":"https:\/\/www.hydraulic-cylinders.net\/de\/wp-json\/wp\/v2\/media\/14788"}],"wp:attachment":[{"href":"https:\/\/www.hydraulic-cylinders.net\/de\/wp-json\/wp\/v2\/media?parent=15193"}],"wp:term":[{"taxonomy":"product_brand","embeddable":true,"href":"https:\/\/www.hydraulic-cylinders.net\/de\/wp-json\/wp\/v2\/product_brand?post=15193"},{"taxonomy":"product_cat","embeddable":true,"href":"https:\/\/www.hydraulic-cylinders.net\/de\/wp-json\/wp\/v2\/product_cat?post=15193"},{"taxonomy":"product_tag","embeddable":true,"href":"https:\/\/www.hydraulic-cylinders.net\/de\/wp-json\/wp\/v2\/product_tag?post=15193"}],"curies":[{"name":"wp","href":"https:\/\/api.w.org\/{rel}","templated":true}]}}