{"id":15202,"date":"2025-01-19T14:14:00","date_gmt":"2025-01-19T14:14:00","guid":{"rendered":"https:\/\/www.hydraulic-cylinders.net\/product\/bucket-cylinder-for-caterpillar-small-excavator-e305ecr\/"},"modified":"2025-01-19T14:14:02","modified_gmt":"2025-01-19T14:14:02","slug":"bucket-cylinder-for-caterpillar-small-excavator-e305ecr","status":"publish","type":"product","link":"https:\/\/www.hydraulic-cylinders.net\/de\/produkt\/bucket-cylinder-for-caterpillar-small-excavator-e305ecr\/","title":{"rendered":"Schaufelzylinder f\u00fcr Caterpillar-Kleinbagger E305ECR"},"content":{"rendered":"<h1>Schaufelzylinder f\u00fcr Caterpillar-Kleinbagger E305ECR<\/h1>\n<h2>Einf\u00fchrung<\/h2>\n<p>Der Schaufelzylinder f\u00fcr den Caterpillar-Kleinbagger E305ECR ist ein speziell entwickelter Hydraulikzylinder zur Steuerung der Schaufelbewegungen in Baumaschinen wie Baggern, Radladern und Baggerladern. Seine Hauptfunktion besteht darin, das Heben, Senken und Neigen der Schaufel zu erm\u00f6glichen und so vielf\u00e4ltige Materialumschlagsaufgaben zu erleichtern. In Hydrauliksystemen erreichen Schaufelzylinder durch die Druckver\u00e4nderungen des Hydraulik\u00f6ls eine pr\u00e4zise Steuerung der Schaufelbewegung. Dies erm\u00f6glicht es dem Bediener, schwere Lasten effizient zu handhaben und sich an komplexe Arbeitsumgebungen und unterschiedliche Betriebsanforderungen anzupassen.<\/p>\n<p><img decoding=\"async\" src=\"https:\/\/www.hydraulic-cylinders.net\/wp-content\/uploads\/2025\/01\/songte-company-2.webp\" alt=\"Schaufelzylinder f\u00fcr Caterpillar-Kleinbagger E305ECR\"><\/p>\n<h2>Produkteigenschaften<\/h2>\n<ul>\n<li>Hohe Festigkeit und Langlebigkeit: Hergestellt aus hochfestem Stahl oder Aluminium, h\u00e4lt es hohem Druck und schweren Belastungen stand, ist f\u00fcr raue Arbeitsumgebungen geeignet und ist auf Verschlei\u00df- und Korrosionsbest\u00e4ndigkeit ausgelegt, um seine Lebensdauer zu verl\u00e4ngern.<\/li>\n<li>Effizienter Hydraulikbetrieb: Nutzt den Druck des Hydraulik\u00f6ls f\u00fcr eine reibungslose Teleskopbewegung, reagiert schnell auf Steuerbefehle, bietet eine starke Schub- und Zugkraft und eignet sich f\u00fcr die Handhabung schwerer Lasten und komplexer Arbeitsaufgaben.<\/li>\n<li>Verschiedene Typen: Je nach Bedarf k\u00f6nnen einfachwirkende (hydraulisch nur in eine Richtung wirkende) oder doppeltwirkende (hydraulisch in zwei Richtungen wirkende) Zylinder ausgew\u00e4hlt werden. Einige Modelle sind teleskopierbar und erm\u00f6glichen so eine gr\u00f6\u00dfere Ausladung ohne Vergr\u00f6\u00dferung der Au\u00dfenabmessungen \u2013 ideal f\u00fcr beengte Platzverh\u00e4ltnisse.<\/li>\n<li>Austauschbar: Unser Produkt kann diese Hydraulikzylinder perfekt ersetzen.<\/li>\n<\/ul>\n<p><img decoding=\"async\" src=\"https:\/\/www.hydraulic-cylinders.net\/wp-content\/uploads\/2025\/01\/songte-cylinder-head-with-all-kinds-excavator-models.webp\" alt=\"Schaufelzylinder f\u00fcr Caterpillar-Kleinbagger E305ECR\"><\/p>\n<h2>Anwendungsszenarien<\/h2>\n<h3>Baumaschinen<\/h3>\n<p>Bei Baggern sind sie unverzichtbar zum Graben, Laden und Bewegen von Erde oder Bauschutt. Bei Tiefladern unterst\u00fctzen die Schaufelzylinder sowohl das Graben als auch das Heben. Sie werden bei Radladern zum Schaufeln, Heben und Transportieren von Erde, Heu und anderen Materialien eingesetzt.<\/p>\n<h3>Landmaschinen<\/h3>\n<p>Wird f\u00fcr Frontlader zum Schaufeln, Anheben und Transportieren von Erde, Heu und anderen Materialien verwendet.<\/p>\n<h3>Bagger<\/h3>\n<p>Die Schaufelzylinder erreichen die Grabwirkung, indem sie es der Schaufel erm\u00f6glichen, in den Boden einzudringen.<\/p>\n<h3>Lader<\/h3>\n<p>Bei Frontladern helfen sie beim effektiven Anheben und Abladen von Ladung.<\/p>\n<h2>Design\u00fcberlegungen und Auswahlkriterien<\/h2>\n<p>Die Zylinder von Schaufelradbaggern m\u00fcssen so konstruiert sein, dass sie hohen Belastungen standhalten, dicht sind, um Leckagen zu verhindern, und robust genug sind, um auch unter rauen Arbeitsbedingungen widerstandsf\u00e4hig zu sein. Au\u00dferdem m\u00fcssen sie sicher und wartungsfreundlich sein.<\/p>\n<h3>Tragf\u00e4higkeit<\/h3>\n<p>Die Zylinder von Schaufelradf\u00f6rderanlagen bestehen aus hochfesten Werkstoffen, um hohem Druck und schweren Lasten standzuhalten. Die Kolbenstange muss aus hochfestem Stahl gefertigt sein.<\/p>\n<h3>Versiegelung<\/h3>\n<p>Verschiedene Dichtungen, wie Kolben- und Stangendichtungen, verhindern das Austreten von Hydraulikfl\u00fcssigkeit. Polyurethan und Nitrilkautschuk werden aufgrund ihrer Verschlei\u00dffestigkeit h\u00e4ufig f\u00fcr Dichtungen verwendet. Zylinderk\u00f6rper und Gewindestirnfl\u00e4che sind feinbearbeitet, um die Verschlei\u00dffestigkeit zu verbessern. Regelm\u00e4\u00dfige Schmierung ist notwendig, um Verschlei\u00df vorzubeugen und einen reibungslosen Betrieb zu gew\u00e4hrleisten.<\/p>\n<h3>Haltbarkeit<\/h3>\n<p>Die Zylinder von Schaufelradbaggern m\u00fcssen so konstruiert sein, dass sie rauen Arbeitsbedingungen standhalten und korrosionsbest\u00e4ndig sind. Hochwertige Materialien und Beschichtungen m\u00fcssen verwendet werden, um eine lange Lebensdauer zu gew\u00e4hrleisten.<\/p>\n<h3>Sicherheit<\/h3>\n<p>Die Zylinder der Schaufeln m\u00fcssen so konstruiert sein, dass die Sicherheit des Bedieners gew\u00e4hrleistet ist. Sicherheitsventile m\u00fcssen installiert werden, um \u00dcberdruck und \u00dcberlastung zu verhindern.<\/p>\n<h3>Wartung<\/h3>\n<p>Regelm\u00e4\u00dfige Inspektion und Wartung sind notwendig, um den sicheren und effizienten Betrieb von Baggerzylindern zu gew\u00e4hrleisten. Dazu geh\u00f6ren die \u00dcberpr\u00fcfung auf Leckagen, die Sicherstellung der ordnungsgem\u00e4\u00dfen Schmierung, der Austausch verschlissener Dichtungen und die Kalibrierungspr\u00fcfung.<\/p>\n<p><img decoding=\"async\" src=\"https:\/\/www.hydraulic-cylinders.net\/wp-content\/uploads\/2025\/01\/songte-oil-pipes-and-spare-parts.webp\" alt=\"Schaufelzylinder f\u00fcr Caterpillar-Kleinbagger E305ECR\"><\/p>\n<h2>Installationsanleitung<\/h2>\n<p>F\u00fcr die Montage des Schaufelzylinders ist eine korrekte Ausrichtung unerl\u00e4sslich. Es wird empfohlen, geeignete Montagehalterungen zur Befestigung des Zylinders zu verwenden. Folgende Wartungsarbeiten werden empfohlen:<\/p>\n<ul>\n<li>Regelm\u00e4\u00dfige Inspektion<\/li>\n<li>Richtige Schmierung<\/li>\n<li>Dichtungswechsel<\/li>\n<li>Kalibrierungspr\u00fcfungen<\/li>\n<\/ul>\n<p><img decoding=\"async\" src=\"https:\/\/www.hydraulic-cylinders.net\/wp-content\/uploads\/2025\/01\/songte-chushion-collar.webp\" alt=\"Schaufelzylinder f\u00fcr Caterpillar-Kleinbagger E305ECR\"><\/p>\n<h2>Sicherheits- und Umweltaspekte<\/h2>\n<p>Bei der Verwendung von Eimerzylindern ist es unerl\u00e4sslich, die Sicherheitsvorkehrungen zu beachten, um Unf\u00e4lle und Verletzungen zu vermeiden. Die sachgem\u00e4\u00dfe Verwendung und Wartung des Zylinders beugt Umweltsch\u00e4den vor und gew\u00e4hrleistet seine lange Lebensdauer.<\/p>\n<h2>Fehlerbehebung und h\u00e4ufige Probleme<\/h2>\n<p>Wenn Probleme mit den Zylindern von Schaufeln auftreten, kann dies zu Verz\u00f6gerungen und Sicherheitsrisiken f\u00fchren. Zu den h\u00e4ufigsten Problemen z\u00e4hlen Leckagen, Zylinderdrift und Leistungseinbu\u00dfen. Regelm\u00e4\u00dfige Inspektion und Wartung k\u00f6nnen diese Probleme verhindern.<\/p>\n<h2>\u00dcber unser Unternehmen<\/h2>\n<p>Wir sind ein f\u00fchrender Hersteller und Gro\u00dfh\u00e4ndler von Hydraulikzylindern auf nationalen und internationalen M\u00e4rkten. Unsere Strategie der Fertigungsexzellenz basiert auf optimierten Produktionsmanagementstrategien, hochqualifizierten Fachkr\u00e4ften, modernster digitaler Fertigungstechnik und professionellen Testsystemen zur kontinuierlichen Verbesserung unserer Fertigungsplattform. Wir bieten qualitativ hochwertige Produkte, die den vielf\u00e4ltigen Bed\u00fcrfnissen unserer Kunden gerecht werden und deren betriebliche Effizienz steigern. Dar\u00fcber hinaus bieten wir professionelle Dienstleistungen und ma\u00dfgeschneiderte L\u00f6sungen, um die individuellen Anforderungen unserer Kunden zu erf\u00fcllen.<\/p>\n<ul>\n<li>Professionalit\u00e4t<\/li>\n<li>Internationale Zertifizierung<\/li>\n<li>Ma\u00dfgeschneiderte Dienstleistungen<\/li>\n<li>Produktionsausr\u00fcstung<\/li>\n<li>Kundendienst<\/li>\n<\/ul>\n<p><img decoding=\"async\" src=\"https:\/\/hzpt.com\/wp-content\/uploads\/2024\/11\/songte-company-1.webp\" alt=\"Schaufelzylinder f\u00fcr Caterpillar-Kleinbagger E305ECR\"><\/p>\n<p>Autor: lyl.<\/p>","protected":false},"excerpt":{"rendered":"<p>Bucket Cylinder For Caterpillar Small Excavator E305ECR Introduction A bucket cylinder for Caterpillar small excavator E305ECR is a specially designed hydraulic cylinder used to control the movements of buckets in heavy machinery such as excavators, backhoe excavators, and front-end loaders. Its main function is to enable the bucket to lift, lower, and tilt, making it [&hellip;]<\/p>","protected":false},"featured_media":14771,"comment_status":"open","ping_status":"closed","template":"","meta":{"_et_pb_use_builder":"","_et_pb_old_content":"","_et_gb_content_width":""},"product_brand":[],"product_cat":[1494],"product_tag":[1495,1496],"class_list":{"0":"post-15202","1":"product","2":"type-product","3":"status-publish","4":"has-post-thumbnail","6":"product_cat-bucket-cylinders","7":"product_tag-bucket-cylinders","8":"product_tag-hydraulic-cylinders","10":"first","11":"instock","12":"shipping-taxable","13":"product-type-simple"},"amp_enabled":true,"_links":{"self":[{"href":"https:\/\/www.hydraulic-cylinders.net\/de\/wp-json\/wp\/v2\/product\/15202","targetHints":{"allow":["GET"]}}],"collection":[{"href":"https:\/\/www.hydraulic-cylinders.net\/de\/wp-json\/wp\/v2\/product"}],"about":[{"href":"https:\/\/www.hydraulic-cylinders.net\/de\/wp-json\/wp\/v2\/types\/product"}],"replies":[{"embeddable":true,"href":"https:\/\/www.hydraulic-cylinders.net\/de\/wp-json\/wp\/v2\/comments?post=15202"}],"wp:featuredmedia":[{"embeddable":true,"href":"https:\/\/www.hydraulic-cylinders.net\/de\/wp-json\/wp\/v2\/media\/14771"}],"wp:attachment":[{"href":"https:\/\/www.hydraulic-cylinders.net\/de\/wp-json\/wp\/v2\/media?parent=15202"}],"wp:term":[{"taxonomy":"product_brand","embeddable":true,"href":"https:\/\/www.hydraulic-cylinders.net\/de\/wp-json\/wp\/v2\/product_brand?post=15202"},{"taxonomy":"product_cat","embeddable":true,"href":"https:\/\/www.hydraulic-cylinders.net\/de\/wp-json\/wp\/v2\/product_cat?post=15202"},{"taxonomy":"product_tag","embeddable":true,"href":"https:\/\/www.hydraulic-cylinders.net\/de\/wp-json\/wp\/v2\/product_tag?post=15202"}],"curies":[{"name":"wp","href":"https:\/\/api.w.org\/{rel}","templated":true}]}}