{"id":15205,"date":"2025-01-19T14:14:12","date_gmt":"2025-01-19T14:14:12","guid":{"rendered":"https:\/\/www.hydraulic-cylinders.net\/product\/bucket-cylinder-for-caterpillar-small-excavator-e314dcr\/"},"modified":"2025-01-19T14:14:14","modified_gmt":"2025-01-19T14:14:14","slug":"bucket-cylinder-for-caterpillar-small-excavator-e314dcr","status":"publish","type":"product","link":"https:\/\/www.hydraulic-cylinders.net\/de\/produkt\/bucket-cylinder-for-caterpillar-small-excavator-e314dcr\/","title":{"rendered":"L\u00f6ffelzylinder f\u00fcr Caterpillar-Kleinbagger E314DCR"},"content":{"rendered":"<h1>L\u00f6ffelzylinder f\u00fcr Caterpillar-Kleinbagger E314DCR<\/h1>\n<h2>Einf\u00fchrung<\/h2>\n<p>Der Schaufelzylinder f\u00fcr den Caterpillar-Kleinbagger E314DCR ist ein Spezialhydraulikzylinder zur Steuerung der Schaufelbewegung in Baumaschinen wie Baggern, Baggerladern und Radladern. Seine Hauptfunktion besteht darin, das Heben, Senken und Neigen der Schaufel zu erm\u00f6glichen und so verschiedene Materialumschlagsaufgaben zu erleichtern. Im Hydrauliksystem steuert der Schaufelzylinder die Schaufelbewegung pr\u00e4zise durch die Anpassung des Hydraulik\u00f6ldrucks. Dadurch k\u00f6nnen Bediener schwere Lasten effizient handhaben und sich an komplexe Arbeitsumgebungen und vielf\u00e4ltige Aufgaben anpassen.<\/p>\n<p><img decoding=\"async\" src=\"https:\/\/www.hydraulic-cylinders.net\/wp-content\/uploads\/2025\/01\/songte-company-2.webp\"><\/p>\n<h2>Merkmale<\/h2>\n<ul>\n<li>Hohe Festigkeit und Langlebigkeit: Typischerweise aus hochfestem Stahl oder Aluminium gefertigt, h\u00e4lt es hohem Druck und schweren Belastungen stand, ist f\u00fcr raue Arbeitsumgebungen geeignet und wurde mit Blick auf Verschlei\u00df- und Korrosionsbest\u00e4ndigkeit entwickelt, um seine Lebensdauer zu verl\u00e4ngern.<\/li>\n<li>Effizienter Hydraulikbetrieb: Durch die Nutzung des Hydraulik\u00f6ldrucks wird eine gleichm\u00e4\u00dfige Ausdehnung und Kontraktion erreicht. Dadurch kann das System schnell auf Steuerbefehle reagieren, eine starke Schub- und Zugkraft bereitstellen und eignet sich f\u00fcr die Handhabung schwerer Lasten und komplexer Arbeitsaufgaben.<\/li>\n<li>Verschiedene Typen: Je nach Bedarf k\u00f6nnen einfachwirkende (Hydraulik wirkt nur in eine Richtung) oder doppeltwirkende (Hydraulik wirkt in beide Richtungen) Zylinder ausgew\u00e4hlt werden. Einige Modelle sind teleskopierbar und erm\u00f6glichen so eine gr\u00f6\u00dfere Auszugsl\u00e4nge ohne Vergr\u00f6\u00dferung der Au\u00dfenabmessungen. Dadurch eignen sie sich besonders f\u00fcr Anwendungen mit begrenztem Platzangebot.<\/li>\n<li>Anpassbar: Wir k\u00f6nnen dieses Produkt herstellen und unsere Produkte k\u00f6nnen diese Hydraulikzylinder perfekt ersetzen.<\/li>\n<\/ul>\n<p><img decoding=\"async\" src=\"https:\/\/www.hydraulic-cylinders.net\/wp-content\/uploads\/2025\/01\/songte-cylinder-head-with-all-kinds-excavator-models.webp\"><\/p>\n<h2>Anwendungen<\/h2>\n<p>Der L\u00f6ffelzylinder f\u00fcr den Caterpillar-Kleinbagger E314DCR findet in verschiedenen Branchen breite Anwendung, unter anderem in folgenden Bereichen:<\/p>\n<ul>\n<li>Baumaschinen: In Baggern sind sie unverzichtbar zum Ausheben, Laden und Bewegen von Erde oder Bauschutt. In Tiefladern unterst\u00fctzen die Schaufelzylinder sowohl das Ausheben als auch das Heben. In Radladern helfen sie beim effizienten Heben und Abladen von G\u00fctern.<\/li>\n<li>Landwirtschaftliche Maschinen: Sie werden in Frontladern zum Schaufeln, Heben und Transportieren von Erde, Heu und anderen Materialien eingesetzt. In Baggern erm\u00f6glichen die Schaufelzylinder das Graben, indem sie die Schaufel in den Boden eindringen lassen.<\/li>\n<\/ul>\n<p>Dies sind nur einige Beispiele f\u00fcr die vielf\u00e4ltigen Einsatzm\u00f6glichkeiten von Schaufelzylindern in verschiedenen Branchen.<\/p>\n<h2>Design\u00fcberlegungen und Auswahlkriterien<\/h2>\n<p>Bei der Auswahl eines Schaufelzylinders sollten mehrere Faktoren ber\u00fccksichtigt werden:<\/p>\n<ul>\n<li>Tragf\u00e4higkeit: Der Zylinder muss in der Lage sein, das Gewicht der zu hebenden Last ohne Besch\u00e4digung auszuhalten.<\/li>\n<li>Abdichtung: Um Hydraulik\u00f6lverluste zu verhindern und einen effizienten Betrieb zu gew\u00e4hrleisten, sollten verschiedene Dichtungen, wie z. B. Kolben- und Stangendichtungen, sachgem\u00e4\u00df eingesetzt werden. Die Dichtungen sollten aus verschlei\u00dffesten Materialien wie Polyurethan und Nitrilkautschuk gefertigt sein.<\/li>\n<li>Langlebigkeit: Der Zylinder sollte im Hinblick auf Verschlei\u00df- und Korrosionsbest\u00e4ndigkeit so konstruiert sein, dass seine Lebensdauer verl\u00e4ngert wird.<\/li>\n<li>Sicherheit: Der Zylinder sollte mit Sicherheitsmerkmalen wie Druckbegrenzungsventilen und Sicherheitsverriegelungen ausgestattet sein, um Unf\u00e4lle zu verhindern.<\/li>\n<li>Wartungsfreundlichkeit: Der Zylinder sollte so konstruiert sein, dass er wartungsfreundlich ist und \u00fcber austauschbare Teile sowie klare Verfahren f\u00fcr die \u00dcberholung verf\u00fcgt.<\/li>\n<\/ul>\n<p><img decoding=\"async\" src=\"https:\/\/www.hydraulic-cylinders.net\/wp-content\/uploads\/2025\/01\/songte-oil-pipes-and-spare-parts.webp\"><\/p>\n<h2>Abdichtung und Schmierung<\/h2>\n<p>Der Schaufelzylinder sollte mit verschiedenen Dichtungen ausgestattet sein, um Hydraulik\u00f6lverlust zu verhindern und einen effizienten Betrieb zu gew\u00e4hrleisten. Die Dichtungen sollten aus verschlei\u00dffesten Materialien wie Polyurethan und Nitrilkautschuk bestehen. Zylinderk\u00f6rper und Gewindeendfl\u00e4che sollten feinbearbeitet sein, um die Verschlei\u00dffestigkeit zu verbessern. Zus\u00e4tzlich ist es notwendig, regelm\u00e4\u00dfig eine geeignete Menge Hydraulik\u00f6l zur Schmierung nachzuf\u00fcllen.<\/p>\n<h2>Inspektions- und vorbeugende Wartungsma\u00dfnahmen<\/h2>\n<p>Regelm\u00e4\u00dfige Inspektionen und vorbeugende Wartungsma\u00dfnahmen k\u00f6nnen die Lebensdauer des Schaufelzylinders verl\u00e4ngern. Folgende Wartungsarbeiten sind \u00fcblich:<\/p>\n<ul>\n<li>Regelm\u00e4\u00dfige Inspektion: Achten Sie auf \u00d6llecks, Anzeichen von Verschlei\u00df und ungew\u00f6hnliche Ger\u00e4usche w\u00e4hrend des Betriebs.<\/li>\n<li>Richtige Schmierung: In regelm\u00e4\u00dfigen Abst\u00e4nden die entsprechende Menge Hydraulik\u00f6l nachf\u00fcllen.<\/li>\n<li>Dichtungswechsel und Kalibrierungspr\u00fcfung: Verschlei\u00dfte Dichtungen regelm\u00e4\u00dfig austauschen und die Kalibrierung des Zylinders regelm\u00e4\u00dfig \u00fcberpr\u00fcfen.<\/li>\n<\/ul>\n<p>Bei der Installation ist es wichtig, den Zylinder korrekt auszurichten und geeignete Montagehalterungen zur Befestigung zu verwenden. Empfohlene Inspektions-, Reparatur- und Austauschverfahren k\u00f6nnen die Lebensdauer des Zylinders verl\u00e4ngern.<\/p>\n<p><img decoding=\"async\" src=\"https:\/\/www.hydraulic-cylinders.net\/wp-content\/uploads\/2025\/01\/songte-chushion-collar.webp\"><\/p>\n<h2>Sicherheitsaspekte und Umweltfaktoren<\/h2>\n<p>Bei der Verwendung des Hubzylinders ist es wichtig, Sicherheitsma\u00dfnahmen wie das Tragen pers\u00f6nlicher Schutzausr\u00fcstung und das Arbeiten in einem gut bel\u00fcfteten Bereich zu beachten. Auch die ordnungsgem\u00e4\u00dfe Entsorgung des gebrauchten Hydraulik\u00f6ls ist zum Schutz der Umwelt wichtig.<\/p>\n<h2>Fehlerbehebung und h\u00e4ufige Probleme<\/h2>\n<p>H\u00e4ufige Probleme mit Baggerzylindern sind \u00d6llecks, unzureichender Druck und ungew\u00f6hnliche Betriebsger\u00e4usche. Tipps und L\u00f6sungen zur Fehlerbehebung helfen bei der Diagnose und Behebung der Probleme, und vorbeugende Ma\u00dfnahmen k\u00f6nnen potenzielle Probleme reduzieren.<\/p>\n<p><img decoding=\"async\" src=\"https:\/\/www.hydraulic-cylinders.net\/wp-content\/uploads\/2025\/01\/songte-bushings-with-all-kinds-of-excavator-models.webp\"><\/p>\n<h2>\u00dcber unser Unternehmen<\/h2>\n<p>Wir sind ein Hersteller von Hydraulikzylindern mit einem umfassenden Produktsortiment und haben uns zu einem der f\u00fchrenden Hersteller und Gro\u00dfh\u00e4ndler von Hydraulikzylindern auf dem nationalen und internationalen Markt entwickelt. Wir setzen auf h\u00f6chste Qualit\u00e4t und nutzen eine industrialisierte Produktionsstrategie in unseren modernen Fertigungswerkst\u00e4tten. Kontinuierlich optimieren wir unsere Fertigungsplattform und verbessern die Produktqualit\u00e4t. Dank unserer hohen Innovationskraft erf\u00fcllen wir die vielf\u00e4ltigen Kundenbed\u00fcrfnisse mit h\u00f6chster Effizienz, Pr\u00e4zision und Qualit\u00e4t.<\/p>\n<p>Wir bieten professionelle Dienstleistungen, internationale Zertifizierungen, kundenspezifische L\u00f6sungen, Produktionsanlagen und Kundendienstleistungen, um die Bed\u00fcrfnisse und Erwartungen unserer Kunden zu erf\u00fcllen.<\/p>\n<p><img decoding=\"async\" src=\"https:\/\/hzpt.com\/wp-content\/uploads\/2024\/11\/songte-company-1.webp\"><\/p>\n<h2>\u00dcber den Autor<\/h2>\n<p>Autor: lyl<\/p>","protected":false},"excerpt":{"rendered":"<p>Bucket Cylinder For Caterpillar Small Excavator E314DCR Introduction The bucket cylinder for Caterpillar small excavator E314DCR is a specialized hydraulic cylinder designed for controlling the movement of the bucket in heavy machinery, such as excavators, backhoe excavators, and front-end loaders. Its main function is to enable the bucket to lift, lower, and tilt, making it [&hellip;]<\/p>","protected":false},"featured_media":14762,"comment_status":"open","ping_status":"closed","template":"","meta":{"_et_pb_use_builder":"","_et_pb_old_content":"","_et_gb_content_width":""},"product_brand":[],"product_cat":[1494],"product_tag":[1495,1496],"class_list":{"0":"post-15205","1":"product","2":"type-product","3":"status-publish","4":"has-post-thumbnail","6":"product_cat-bucket-cylinders","7":"product_tag-bucket-cylinders","8":"product_tag-hydraulic-cylinders","10":"first","11":"instock","12":"shipping-taxable","13":"product-type-simple"},"amp_enabled":true,"_links":{"self":[{"href":"https:\/\/www.hydraulic-cylinders.net\/de\/wp-json\/wp\/v2\/product\/15205","targetHints":{"allow":["GET"]}}],"collection":[{"href":"https:\/\/www.hydraulic-cylinders.net\/de\/wp-json\/wp\/v2\/product"}],"about":[{"href":"https:\/\/www.hydraulic-cylinders.net\/de\/wp-json\/wp\/v2\/types\/product"}],"replies":[{"embeddable":true,"href":"https:\/\/www.hydraulic-cylinders.net\/de\/wp-json\/wp\/v2\/comments?post=15205"}],"wp:featuredmedia":[{"embeddable":true,"href":"https:\/\/www.hydraulic-cylinders.net\/de\/wp-json\/wp\/v2\/media\/14762"}],"wp:attachment":[{"href":"https:\/\/www.hydraulic-cylinders.net\/de\/wp-json\/wp\/v2\/media?parent=15205"}],"wp:term":[{"taxonomy":"product_brand","embeddable":true,"href":"https:\/\/www.hydraulic-cylinders.net\/de\/wp-json\/wp\/v2\/product_brand?post=15205"},{"taxonomy":"product_cat","embeddable":true,"href":"https:\/\/www.hydraulic-cylinders.net\/de\/wp-json\/wp\/v2\/product_cat?post=15205"},{"taxonomy":"product_tag","embeddable":true,"href":"https:\/\/www.hydraulic-cylinders.net\/de\/wp-json\/wp\/v2\/product_tag?post=15205"}],"curies":[{"name":"wp","href":"https:\/\/api.w.org\/{rel}","templated":true}]}}