{"id":15212,"date":"2025-01-19T14:14:40","date_gmt":"2025-01-19T14:14:40","guid":{"rendered":"https:\/\/www.hydraulic-cylinders.net\/product\/bucket-cylinder-for-caterpillar-small-excavator-e120-120b\/"},"modified":"2025-01-19T14:14:42","modified_gmt":"2025-01-19T14:14:42","slug":"bucket-cylinder-for-caterpillar-small-excavator-e120-120b","status":"publish","type":"product","link":"https:\/\/www.hydraulic-cylinders.net\/de\/produkt\/bucket-cylinder-for-caterpillar-small-excavator-e120-120b\/","title":{"rendered":"L\u00f6ffelzylinder f\u00fcr Caterpillar-Kleinbagger E120\/120B"},"content":{"rendered":"<h1>L\u00f6ffelzylinder f\u00fcr Caterpillar-Kleinbagger E120\/120B<\/h1>\n<h2>Einf\u00fchrung<\/h2>\n<p>Der Schaufelzylinder f\u00fcr den Caterpillar-Kleinbagger E120\/120B ist ein spezieller Hydraulikzylinder, der prim\u00e4r zur Steuerung der Schaufelbewegung in Baumaschinen wie Baggern, Baggerladern und Radladern entwickelt wurde. Seine Hauptfunktion besteht darin, das Heben, Senken und Neigen der Schaufel zu erm\u00f6glichen und so verschiedene Materialumschlagsaufgaben zu erleichtern. Im Hydrauliksystem gew\u00e4hrleistet der Schaufelzylinder eine pr\u00e4zise Steuerung der Schaufel durch \u00c4nderungen des Hydraulik\u00f6ldrucks. Dies erm\u00f6glicht dem Bediener, schwere Lasten effizient zu handhaben, sich an komplexe Arbeitsumgebungen anzupassen und vielf\u00e4ltige Betriebsanforderungen zu erf\u00fcllen.<\/p>\n<p><img decoding=\"async\" src=\"https:\/\/www.hydraulic-cylinders.net\/wp-content\/uploads\/2025\/01\/songte-company-2.webp\" alt=\"Schaufelzylinder\" \/><\/p>\n<h2>Merkmale<\/h2>\n<ul>\n<li>\n<h3>Hohe Festigkeit und Haltbarkeit:<\/h3>\n<p> Der Schaufelzylinder besteht im Allgemeinen aus hochfestem Stahl oder Aluminium, der hohem Druck und schweren Lasten standh\u00e4lt, sich an raue Arbeitsbedingungen anpasst und unter Ber\u00fccksichtigung von Verschlei\u00df- und Korrosionsbest\u00e4ndigkeit so konstruiert ist, dass seine Lebensdauer verl\u00e4ngert wird.<\/li>\n<li>\n<h3>Effizienter Hydraulikbetrieb:<\/h3>\n<p> Der Schaufelzylinder nutzt den Druck des Hydraulik\u00f6ls, um eine gleichm\u00e4\u00dfige Teleskopbewegung zu erzielen, kann schnell auf Steuerbefehle reagieren, bietet starke Schub- und Zugkr\u00e4fte und eignet sich f\u00fcr die Handhabung schwerer Lasten und komplexer Arbeitsaufgaben.<\/li>\n<li>\n<h3>Verschiedene Typen:<\/h3>\n<p> Je nach Bedarf k\u00f6nnen einfachwirkende (Hydraulik wirkt nur in eine Richtung) oder doppeltwirkende (Hydraulik wirkt in beide Richtungen) Zylinder ausgew\u00e4hlt werden. Einige Modelle sind teleskopierbar und erm\u00f6glichen so eine gr\u00f6\u00dfere Ausfahrl\u00e4nge ohne Vergr\u00f6\u00dferung der Au\u00dfenabmessungen. Dadurch eignen sie sich ideal f\u00fcr Anwendungen mit begrenztem Platzangebot.<\/li>\n<li>\n<h3>Produktersatz:<\/h3>\n<p> Wir k\u00f6nnen dieses Produkt herstellen, und unser Produkt kann diese Hydraulikzylinder perfekt ersetzen.<\/li>\n<\/ul>\n<p><img decoding=\"async\" src=\"https:\/\/www.hydraulic-cylinders.net\/wp-content\/uploads\/2025\/01\/songte-cylinder-head-with-all-kinds-excavator-models.webp\" alt=\"Austausch des Schaufelzylinders\" \/><\/p>\n<h2>Anwendungen<\/h2>\n<p>Der Schaufelzylinder findet in verschiedenen Branchen Anwendung, darunter:<\/p>\n<ul>\n<li>\n<h3>Baumaschinen:<\/h3>\n<p> Bei Baggern sind sie unverzichtbar f\u00fcr das Ausheben, Laden und Bewegen von Erde oder Bauschutt. Bei Baggerladern unterst\u00fctzt der Schaufelzylinder sowohl das Graben als auch das Heben.<\/li>\n<li>\n<h3>Landmaschinen:<\/h3>\n<p> Der Schaufelzylinder wird bei Frontladern zum Schaufeln, Anheben und Transportieren von Erde, Heu und anderen Materialien eingesetzt und bewirkt eine Grabwirkung, indem er das Eindringen der Schaufel in den Boden erm\u00f6glicht.<\/li>\n<li>\n<h3>Lader:<\/h3>\n<p> Bei Frontladern helfen sie beim effizienten Anheben und Kippen von G\u00fctern.<\/li>\n<\/ul>\n<p>Jede Anwendung kann je nach Bedarf durch Schl\u00fcsselw\u00f6rter und Beschreibungen weiter ausgebaut werden.<\/p>\n<h2>Design\u00fcberlegungen und Auswahlkriterien<\/h2>\n<p>Aus konstruktiver Sicht muss der Schaufelzylinder die Last tragen k\u00f6nnen und ausreichende Abdichtung, Langlebigkeit, Sicherheit und Wartungsfreundlichkeit gew\u00e4hrleisten. Folgende Punkte sind zu ber\u00fccksichtigen:<\/p>\n<ul>\n<li>\n<h3>Tragf\u00e4higkeit:<\/h3>\n<p> Der Zylinder des Schaufelrads muss dem maximalen Druck und der maximalen Kraft standhalten, die w\u00e4hrend des Betriebs auftreten k\u00f6nnen. Diese Belastbarkeit wird durch die Gr\u00f6\u00dfe des Zylinders und das f\u00fcr seine Herstellung verwendete Material bestimmt.<\/li>\n<li>\n<h3>Versiegelung:<\/h3>\n<p> Der Einsatz verschiedener Dichtungselemente wie Kolben- und Pleueldichtungen aus verschlei\u00dffesten Materialien wie Polyurethan und Nitrilkautschuk verringert das Leckagerisiko und erh\u00f6ht die Lebensdauer des Zylinders. Zus\u00e4tzlich werden die Zylinderbohrung und die Gewindeendfl\u00e4chen feinbearbeitet, um die Verschlei\u00dffestigkeit weiter zu verbessern.<\/li>\n<li>\n<h3>Haltbarkeit:<\/h3>\n<p> Die Konstruktion muss gew\u00e4hrleisten, dass der Zylinder h\u00f6chsten Belastungen standh\u00e4lt und auch unter h\u00e4rtesten Betriebsbedingungen zuverl\u00e4ssig funktioniert. Zudem muss er eine ausgezeichnete Korrosionsbest\u00e4ndigkeit aufweisen, um seine Lebensdauer zu verl\u00e4ngern.<\/li>\n<li>\n<h3>Sicherheit:<\/h3>\n<p> Die Zylinder m\u00fcssen so konstruiert sein, dass ein versehentliches Aktivieren oder eine Fehlfunktion im Betrieb verhindert wird. Bei der Konstruktion muss auch die Sicherheit des Bedieners w\u00e4hrend des Maschinenbetriebs ber\u00fccksichtigt werden.<\/li>\n<li>\n<h3>Wartbarkeit:<\/h3>\n<p> Der Zylinder muss so konstruiert sein, dass die Wartung vereinfacht und minimale Ausfallzeiten verursacht werden. Bei der Konstruktion muss auch ber\u00fccksichtigt werden, wie einfach sich verschlissene Teile austauschen lassen.<\/li>\n<\/ul>\n<p><img decoding=\"async\" src=\"https:\/\/www.hydraulic-cylinders.net\/wp-content\/uploads\/2025\/01\/songte-oil-pipes-and-spare-parts.webp\" alt=\"Schaufelzylinder mit Ersatzteilen\" \/><\/p>\n<h2>Abdichtung und Schmierung<\/h2>\n<p>Der Schaufelzylinder muss mit verschiedenen Dichtungselementen ausgestattet sein, um Leckagen zu verhindern. Der Einsatz verschlei\u00dffester Materialien wie Polyurethan und Nitrilkautschuk gew\u00e4hrleistet die Langlebigkeit des Zylinders. Regelm\u00e4\u00dfiges Nachf\u00fcllen von Hydraulik\u00f6l zur Schmierung des Zylinders tr\u00e4gt zu seiner l\u00e4ngeren Lebensdauer bei. Die Zylinderbohrung und die Gewindeendfl\u00e4chen werden pr\u00e4zise bearbeitet, um ihre Verschlei\u00dffestigkeit zu verbessern.<\/p>\n<h2>Vorbeugende Wartung und Inspektion<\/h2>\n<p>Regelm\u00e4\u00dfige Inspektion und vorbeugende Wartung sind notwendig, um gr\u00f6\u00dfere Sch\u00e4den am Zylinder zu vermeiden. Zu den m\u00f6glichen Wartungsarbeiten geh\u00f6ren:<\/p>\n<ul>\n<li>\n<h3>Regelm\u00e4\u00dfige Inspektion:<\/h3>\n<p> Regelm\u00e4\u00dfige Zylinderpr\u00fcfungen helfen, Probleme fr\u00fchzeitig zu erkennen, bevor sie sich verschlimmern. Die Pr\u00fcfungen sollten die Kontrolle auf Undichtigkeiten, Besch\u00e4digungen der Dichtungen und korrekte Ausrichtung umfassen.<\/li>\n<li>\n<h3>Richtige Schmierung:<\/h3>\n<p> Durch die Zugabe einer angemessenen Menge Hydraulik\u00f6l kann die Lebensdauer des Zylinders verl\u00e4ngert und ein reibungsloser Betrieb gew\u00e4hrleistet werden.<\/li>\n<li>\n<h3>Dichtungswechsel:<\/h3>\n<p> Durch regelm\u00e4\u00dfiges Austauschen der Dichtungen lassen sich Leckagen reduzieren und die Lebensdauer des Zylinders verl\u00e4ngern.<\/li>\n<li>\n<h3>Kalibrierungspr\u00fcfung:<\/h3>\n<p> Durch regelm\u00e4\u00dfige Kalibrierungen kann sichergestellt werden, dass der Zylinder innerhalb der erforderlichen Toleranzgrenzen arbeitet.<\/li>\n<\/ul>\n<p>F\u00fcr eine lange Lebensdauer des Schaufelzylinders sind die korrekte Montage, Schmierung und Justierung entscheidend. Es wird empfohlen, den Zylinder richtig auszurichten und geeignete Montagehalterungen zu verwenden, um ihn fest zu befestigen.<\/p>\n<p><img decoding=\"async\" src=\"https:\/\/www.hydraulic-cylinders.net\/wp-content\/uploads\/2025\/01\/songte-chushion-collar.webp\" alt=\"Einbau eines Schaufelzylinders\" \/><\/p>\n<h2>Sicherheits- und Umweltaspekte<\/h2>\n<p>Bei der Verwendung des Hubzylinders m\u00fcssen geeignete Sicherheitsma\u00dfnahmen eingehalten werden, um die Sicherheit des Bedieners und der Personen in seiner Umgebung zu gew\u00e4hrleisten. Dar\u00fcber hinaus muss der Hubzylinder ordnungsgem\u00e4\u00df entsorgt werden, um Umweltverschmutzung zu vermeiden.<\/p>\n<h2>Fehlerdiagnose und Fehlerbehebung<\/h2>\n<p>Die h\u00e4ufigsten Probleme am Schaufelzylinder sind Leckagen, Dichtungssch\u00e4den und fehlerhafte Ausrichtung. Um diese Probleme zu beheben, sind regelm\u00e4\u00dfige Inspektionen und vorbeugende Wartungsarbeiten erforderlich. Im Falle von Problemen kann eine gezielte Fehlersuche durchgef\u00fchrt werden, um die Ursache zu identifizieren und zu beheben.<\/p>\n<p><img decoding=\"async\" src=\"https:\/\/www.hydraulic-cylinders.net\/wp-content\/uploads\/2025\/01\/songte-bushings-with-all-kinds-of-excavator-models.webp\" alt=\"Buchsen f\u00fcr Schaufelzylinder\" \/><\/p>\n<h2>\u00dcber unser Unternehmen<\/h2>\n<p>Wir sind Hersteller von Hydraulikzylindern und bieten ein umfassendes Produktsortiment. Als f\u00fchrender Hersteller und Gro\u00dfh\u00e4ndler von Hydraulikzylindern beliefern wir sowohl den Inlands- als auch den Auslandsmarkt. Unser Qualit\u00e4tsanspruch basiert auf modernster Fertigungstechnik, qualifizierten Fachkr\u00e4ften, fortschrittlicher digitaler Produktionsausr\u00fcstung und professionellen Pr\u00fcfsystemen. Wir optimieren kontinuierlich unsere Fertigungsprozesse, perfektionieren die Qualit\u00e4tssicherung und zeichnen uns durch hohe Innovationskraft aus. So erf\u00fcllen wir die vielf\u00e4ltigen Kundenbed\u00fcrfnisse mit h\u00f6chster Effizienz, Pr\u00e4zision und Qualit\u00e4t.<\/p>\n<p><img decoding=\"async\" src=\"https:\/\/hzpt.com\/wp-content\/uploads\/2024\/11\/songte-company-1.webp\" alt=\"Firmenimage\" \/><\/p>\n<h3>Professionalit\u00e4t:<\/h3>\n<p>Unser Expertenteam verf\u00fcgt \u00fcber jahrelange Erfahrung in der Fertigungsindustrie, wodurch wir qualitativ hochwertige Produkte herstellen k\u00f6nnen. Wir befolgen in jedem Schritt, vom Design bis zur Fertigung, strenge Qualit\u00e4tskontrollverfahren.<\/p>\n<h3>Internationale Zertifizierung:<\/h3>\n<p>Wir sind nach verschiedenen internationalen Standards wie ISO 9001 und CE zertifiziert, was ein Beweis f\u00fcr unser Engagement f\u00fcr Qualit\u00e4t und Exzellenz ist.<\/p>\n<h3>Anpassungsdienstleistungen:<\/h3>\n<p>Wir bieten individuelle Anpassungsm\u00f6glichkeiten, bei denen Kunden aus einer Vielzahl von Optionen die passende f\u00fcr ihre Bed\u00fcrfnisse ausw\u00e4hlen k\u00f6nnen. Wir k\u00f6nnen auch nach Kundenspezifikationen entwickeln und fertigen.<\/p>\n<h3>Produktionsanlagen:<\/h3>\n<p>Wir verwenden modernste Fertigungsanlagen zur Herstellung unserer Produkte. Wir verf\u00fcgen \u00fcber CNC-Maschinen, Drehmaschinen und weitere Spezialmaschinen, die es uns erm\u00f6glichen, hochwertige Hydraulikzylinder zu produzieren.<\/p>\n<h3>Kundendienstleistungen:<\/h3>\n<p>Wir bieten unseren Kunden einen umfassenden Kundendienst, der sie bei allen auftretenden Problemen unterst\u00fctzt. Unser Expertenteam steht Ihnen jederzeit zur Verf\u00fcgung.<\/p>\n<h4>Autor: lyl<\/h4>","protected":false},"excerpt":{"rendered":"<p>Bucket Cylinder For Caterpillar Small Excavator E120\/120B Introduction A bucket cylinder for Caterpillar small excavator E120\/120B is a specialized hydraulic cylinder designed primarily to control the movement of buckets in heavy machinery such as excavators, backhoes, and front loaders. Its main function is to enable the bucket to be lifted, lowered, and tilted, making it [&hellip;]<\/p>","protected":false},"featured_media":14782,"comment_status":"open","ping_status":"closed","template":"","meta":{"_et_pb_use_builder":"","_et_pb_old_content":"","_et_gb_content_width":""},"product_brand":[],"product_cat":[1494],"product_tag":[1495,1496],"class_list":{"0":"post-15212","1":"product","2":"type-product","3":"status-publish","4":"has-post-thumbnail","6":"product_cat-bucket-cylinders","7":"product_tag-bucket-cylinders","8":"product_tag-hydraulic-cylinders","10":"first","11":"instock","12":"shipping-taxable","13":"product-type-simple"},"amp_enabled":true,"_links":{"self":[{"href":"https:\/\/www.hydraulic-cylinders.net\/de\/wp-json\/wp\/v2\/product\/15212","targetHints":{"allow":["GET"]}}],"collection":[{"href":"https:\/\/www.hydraulic-cylinders.net\/de\/wp-json\/wp\/v2\/product"}],"about":[{"href":"https:\/\/www.hydraulic-cylinders.net\/de\/wp-json\/wp\/v2\/types\/product"}],"replies":[{"embeddable":true,"href":"https:\/\/www.hydraulic-cylinders.net\/de\/wp-json\/wp\/v2\/comments?post=15212"}],"wp:featuredmedia":[{"embeddable":true,"href":"https:\/\/www.hydraulic-cylinders.net\/de\/wp-json\/wp\/v2\/media\/14782"}],"wp:attachment":[{"href":"https:\/\/www.hydraulic-cylinders.net\/de\/wp-json\/wp\/v2\/media?parent=15212"}],"wp:term":[{"taxonomy":"product_brand","embeddable":true,"href":"https:\/\/www.hydraulic-cylinders.net\/de\/wp-json\/wp\/v2\/product_brand?post=15212"},{"taxonomy":"product_cat","embeddable":true,"href":"https:\/\/www.hydraulic-cylinders.net\/de\/wp-json\/wp\/v2\/product_cat?post=15212"},{"taxonomy":"product_tag","embeddable":true,"href":"https:\/\/www.hydraulic-cylinders.net\/de\/wp-json\/wp\/v2\/product_tag?post=15212"}],"curies":[{"name":"wp","href":"https:\/\/api.w.org\/{rel}","templated":true}]}}