{"id":15215,"date":"2025-01-19T14:14:58","date_gmt":"2025-01-19T14:14:58","guid":{"rendered":"https:\/\/www.hydraulic-cylinders.net\/product\/bucket-cylinder-for-caterpillar-small-excavator-e307e\/"},"modified":"2025-01-19T14:14:59","modified_gmt":"2025-01-19T14:14:59","slug":"bucket-cylinder-for-caterpillar-small-excavator-e307e","status":"publish","type":"product","link":"https:\/\/www.hydraulic-cylinders.net\/de\/produkt\/bucket-cylinder-for-caterpillar-small-excavator-e307e\/","title":{"rendered":"L\u00f6ffelzylinder f\u00fcr Caterpillar-Kleinbagger E307E"},"content":{"rendered":"<h2>L\u00f6ffelzylinder f\u00fcr Caterpillar-Kleinbagger E307E<\/h2>\n<h3>Einf\u00fchrung<\/h3>\n<p>Ein Schaufelzylinder ist ein speziell entwickelter Hydraulikzylinder, der haupts\u00e4chlich zur Steuerung der Schaufelbewegung in Baumaschinen wie Baggern, Baggerladern und Radladern eingesetzt wird. Seine Hauptfunktion besteht darin, das Heben, Senken und Neigen der Schaufel zu erm\u00f6glichen und so verschiedene Materialumschlagsaufgaben zu erleichtern. Im Hydrauliksystem gew\u00e4hrleistet der Schaufelzylinder durch die Druckver\u00e4nderungen des Hydraulik\u00f6ls eine pr\u00e4zise Steuerung der Schaufel. Dies erlaubt es dem Bediener, schwere Lasten effizient zu handhaben und sich an komplexe Arbeitsumgebungen und vielf\u00e4ltige Betriebsanforderungen anzupassen.<\/p>\n<p><img decoding=\"async\" src=\"https:\/\/www.hydraulic-cylinders.net\/wp-content\/uploads\/2025\/01\/songte-company-2.webp\"><\/p>\n<h3>Produkteigenschaften<\/h3>\n<ul>\n<li>Hohe Festigkeit und Langlebigkeit: Es besteht in der Regel aus hochfestem Stahl oder Aluminium, das hohem Druck und schweren Belastungen standh\u00e4lt, sich an raue Arbeitsumgebungen anpasst und auf Verschlei\u00df- und Korrosionsbest\u00e4ndigkeit ausgelegt ist, wodurch seine Lebensdauer verl\u00e4ngert wird.<\/li>\n<li>Effizienter Hydraulikbetrieb: Es nutzt den Druck des Hydraulik\u00f6ls, um ein gleichm\u00e4\u00dfiges Aus- und Einfahren zu erreichen, reagiert schnell auf Bedienbefehle, bietet eine starke Schub- und Zugkraft und eignet sich f\u00fcr die Handhabung schwerer Gegenst\u00e4nde und komplexer Arbeitsaufgaben.<\/li>\n<li>Verschiedene Typen: Je nach Bedarf und Betriebsanforderungen k\u00f6nnen einfachwirkende (hydraulisch nur in eine Richtung wirkende) oder doppeltwirkende (hydraulisch in beide Richtungen wirkende) Zylinder gew\u00e4hlt werden. Einige Modelle sind teleskopierbar und erm\u00f6glichen so eine gr\u00f6\u00dfere Auszugsl\u00e4nge ohne Vergr\u00f6\u00dferung der Au\u00dfenabmessungen. Dadurch eignen sie sich besonders f\u00fcr beengte Platzverh\u00e4ltnisse.<\/li>\n<li>Einfacher Austausch: Unsere Produkte k\u00f6nnen diese Hydraulikzylinder perfekt ersetzen.<\/li>\n<li>Anpassbar: Unsere Produkte k\u00f6nnen an die spezifischen Bed\u00fcrfnisse unserer Kunden angepasst werden.<\/li>\n<\/ul>\n<p><img decoding=\"async\" src=\"https:\/\/www.hydraulic-cylinders.net\/wp-content\/uploads\/2025\/01\/songte-cylinder-head-with-all-kinds-excavator-models.webp\"><\/p>\n<h3>Anwendungen<\/h3>\n<p>Der Schaufelzylinder findet in verschiedenen schweren Maschinen breite Anwendung, darunter:<\/p>\n<ul>\n<li>Baumaschinen: Bagger, Radlader und Radlader nutzen alle Schaufelzylinder zum Ausheben, Laden und Bewegen von Erde oder Bauschutt. Bei Radladern unterst\u00fctzt der Schaufelzylinder sowohl das Ausheben als auch das Heben.<\/li>\n<li>Landmaschinen: Sie werden in Radladern zum Schaufeln, Anheben und Transportieren von Erde, Heu und anderen Materialien eingesetzt. In Baggern erm\u00f6glicht der Schaufelzylinder das Graben, indem er das Eindringen der Schaufel in den Boden erlaubt. In Radladern helfen sie beim effektiven Anheben und Kippen von G\u00fctern.<\/li>\n<\/ul>\n<h3>Design\u00fcberlegungen und Auswahlkriterien<\/h3>\n<p>Bei der Konstruktion des Schaufelzylinders werden folgende Faktoren ber\u00fccksichtigt:<\/p>\n<ul>\n<li>Tragf\u00e4higkeit: Der Zylinder muss hohem Druck und hohen Belastungen standhalten.<\/li>\n<li>Abdichtung: Um eine effektive Abdichtung zu gew\u00e4hrleisten, sollten je nach Anwendung verschiedene Dichtungsteile, wie z. B. Kolbendichtungen und Stangendichtungen, ausgew\u00e4hlt werden.<\/li>\n<li>Langlebigkeit: Um die Lebensdauer des Zylinders zu verl\u00e4ngern, muss dieser so konstruiert sein, dass er verschlei\u00dffest und korrosionsbest\u00e4ndig ist.<\/li>\n<li>Sicherheit: Der Zylinder sollte so konstruiert sein, dass Unf\u00e4lle verhindert und die Bediener vor Verletzungen gesch\u00fctzt werden.<\/li>\n<li>Wartung: Der Zylinder sollte leicht zu warten und bei Bedarf zu reparieren sein.<\/li>\n<\/ul>\n<p><img decoding=\"async\" src=\"https:\/\/www.hydraulic-cylinders.net\/wp-content\/uploads\/2025\/01\/songte-oil-pipes-and-spare-parts.webp\"><\/p>\n<h3>Abdichtung und Schmierung<\/h3>\n<p>Der Schaufelzylinder verwendet verschiedene Dichtungsteile, wie Kolben- und Stangendichtungen, die je nach Anwendung ausgew\u00e4hlt werden m\u00fcssen, um eine effektive Abdichtung zu gew\u00e4hrleisten. Die Dichtungsteile sollten aus verschlei\u00dffesten Materialien wie Polyurethan und Nitrilkautschuk gefertigt sein. Zylinderk\u00f6rper und Gewindeendfl\u00e4che m\u00fcssen feinbearbeitet sein, um die Verschlei\u00dffestigkeit zu verbessern. Dar\u00fcber hinaus ist eine regelm\u00e4\u00dfige Schmierung mit Hydraulik\u00f6l erforderlich, um einen reibungslosen Betrieb zu gew\u00e4hrleisten und die Lebensdauer des Produkts zu verl\u00e4ngern.<\/p>\n<h3>Wartung und Reparatur<\/h3>\n<p>Regelm\u00e4\u00dfige Wartung und Inspektion des Schaufelzylinders sind unerl\u00e4sslich, um seine Lebensdauer zu verl\u00e4ngern. Folgende Wartungsarbeiten sind \u00fcblich:<\/p>\n<ul>\n<li>Regelm\u00e4\u00dfige Inspektion<\/li>\n<li>Richtige Schmierung<\/li>\n<li>Dichtungswechsel<\/li>\n<li>Kalibrierungspr\u00fcfung<\/li>\n<\/ul>\n<p>Eine fachgerechte Installation ist ebenfalls entscheidend f\u00fcr die optimale Leistung des Zylinders. Im Folgenden sind die empfohlenen Installationsverfahren aufgef\u00fchrt:<\/p>\n<ul>\n<li>Korrekte Ausrichtung des Zylinders<\/li>\n<li>Verwendung geeigneter Montagehalterungen zur Befestigung des Zylinders<\/li>\n<li>Regelm\u00e4\u00dfige Inspektion, Reparatur und Austausch von Teilen<\/li>\n<\/ul>\n<p><img decoding=\"async\" src=\"https:\/\/www.hydraulic-cylinders.net\/wp-content\/uploads\/2025\/01\/songte-chushion-collar.webp\"><\/p>\n<h3>Sicherheitsaspekte und Umweltfaktoren<\/h3>\n<p>Beim Einsatz von Hubzylindern ist es wichtig, Sicherheitsvorkehrungen zu treffen, wie das Tragen von Schutzausr\u00fcstung und die Einhaltung der korrekten Betriebsanweisungen, um Unf\u00e4lle zu vermeiden und die Sicherheit der Arbeiter zu gew\u00e4hrleisten. Dar\u00fcber hinaus sollten Umgebungsfaktoren wie Temperatur und Luftfeuchtigkeit ber\u00fccksichtigt werden, um eine optimale Leistung sicherzustellen.<\/p>\n<h3>Fehlerbehebung und h\u00e4ufige Probleme<\/h3>\n<p>Folgende Probleme k\u00f6nnen h\u00e4ufig bei der Verwendung von Eimerzylindern auftreten:<\/p>\n<ul>\n<li>Leckage<\/li>\n<li>Kleben<\/li>\n<li>Geringer Wirkungsgrad<\/li>\n<li>Ungew\u00f6hnliche Ger\u00e4usche<\/li>\n<\/ul>\n<p>Zur Fehlerbehebung empfiehlt es sich, die Dichtungsteile, die Schmierung und andere Faktoren, die die Zylinderleistung beeinflussen k\u00f6nnen, zu \u00fcberpr\u00fcfen. Regelm\u00e4\u00dfige Wartung und Inspektion k\u00f6nnen das Auftreten dieser Probleme ebenfalls verringern.<\/p>\n<p><img decoding=\"async\" src=\"https:\/\/www.hydraulic-cylinders.net\/wp-content\/uploads\/2025\/01\/songte-bushings-with-all-kinds-of-excavator-models.webp\"><\/p>\n<h3>\u00dcber unser Unternehmen<\/h3>\n<p>Unser Unternehmen ist ein f\u00fchrender Hersteller und Gro\u00dfh\u00e4ndler von Hydraulikzylindern auf dem nationalen und internationalen Markt. Wir setzen auf h\u00f6chste Qualit\u00e4t und nutzen modernste Fertigungsmethoden in unseren Produktionsst\u00e4tten. Kontinuierlich optimieren wir unsere Fertigungsprozesse und -prozesse und verf\u00fcgen \u00fcber ausgepr\u00e4gte Innovationskraft, um den vielf\u00e4ltigen Kundenbed\u00fcrfnissen gerecht zu werden. Unsere Produkte sind individuell anpassbar und k\u00f6nnen auf spezifische Kundenanforderungen zugeschnitten werden. Wir bieten professionellen und ma\u00dfgeschneiderten Service und unsere Produkte sind international zertifiziert. Mit modernster digitaler Fertigungstechnik und professionellen Testsystemen gew\u00e4hrleisten wir h\u00f6chste Produktqualit\u00e4t. Dar\u00fcber hinaus bieten wir Wartungs-, Reparatur- und \u00dcberholungsdienste an, um die Lebensdauer unserer Produkte zu verl\u00e4ngern. Wir sind stolz auf unser Engagement f\u00fcr qualitativ hochwertige Produkte und exzellenten Kundenservice.<\/p>\n<p><img decoding=\"async\" src=\"https:\/\/hzpt.com\/wp-content\/uploads\/2024\/11\/songte-company-1.webp\"><\/p>\n<p>Autor: lyl<\/p>","protected":false},"excerpt":{"rendered":"<p>Bucket Cylinder For Caterpillar Small Excavator E307E Introduction A bucket cylinder is a specially designed hydraulic cylinder primarily used to control the movement of buckets in heavy machinery such as excavators, backhoes, and front-end loaders. Its main function is to enable the bucket to lift, lower, and tilt, making it easier to perform various material [&hellip;]<\/p>","protected":false},"featured_media":14776,"comment_status":"open","ping_status":"closed","template":"","meta":{"_et_pb_use_builder":"","_et_pb_old_content":"","_et_gb_content_width":""},"product_brand":[],"product_cat":[1494],"product_tag":[1495,1496],"class_list":{"0":"post-15215","1":"product","2":"type-product","3":"status-publish","4":"has-post-thumbnail","6":"product_cat-bucket-cylinders","7":"product_tag-bucket-cylinders","8":"product_tag-hydraulic-cylinders","10":"first","11":"instock","12":"shipping-taxable","13":"product-type-simple"},"amp_enabled":true,"_links":{"self":[{"href":"https:\/\/www.hydraulic-cylinders.net\/de\/wp-json\/wp\/v2\/product\/15215","targetHints":{"allow":["GET"]}}],"collection":[{"href":"https:\/\/www.hydraulic-cylinders.net\/de\/wp-json\/wp\/v2\/product"}],"about":[{"href":"https:\/\/www.hydraulic-cylinders.net\/de\/wp-json\/wp\/v2\/types\/product"}],"replies":[{"embeddable":true,"href":"https:\/\/www.hydraulic-cylinders.net\/de\/wp-json\/wp\/v2\/comments?post=15215"}],"wp:featuredmedia":[{"embeddable":true,"href":"https:\/\/www.hydraulic-cylinders.net\/de\/wp-json\/wp\/v2\/media\/14776"}],"wp:attachment":[{"href":"https:\/\/www.hydraulic-cylinders.net\/de\/wp-json\/wp\/v2\/media?parent=15215"}],"wp:term":[{"taxonomy":"product_brand","embeddable":true,"href":"https:\/\/www.hydraulic-cylinders.net\/de\/wp-json\/wp\/v2\/product_brand?post=15215"},{"taxonomy":"product_cat","embeddable":true,"href":"https:\/\/www.hydraulic-cylinders.net\/de\/wp-json\/wp\/v2\/product_cat?post=15215"},{"taxonomy":"product_tag","embeddable":true,"href":"https:\/\/www.hydraulic-cylinders.net\/de\/wp-json\/wp\/v2\/product_tag?post=15215"}],"curies":[{"name":"wp","href":"https:\/\/api.w.org\/{rel}","templated":true}]}}