{"id":15217,"date":"2025-01-19T14:15:08","date_gmt":"2025-01-19T14:15:08","guid":{"rendered":"https:\/\/www.hydraulic-cylinders.net\/product\/bucket-cylinder-for-caterpillar-small-excavator-e313bcr\/"},"modified":"2025-01-19T14:15:11","modified_gmt":"2025-01-19T14:15:11","slug":"bucket-cylinder-for-caterpillar-small-excavator-e313bcr","status":"publish","type":"product","link":"https:\/\/www.hydraulic-cylinders.net\/de\/produkt\/bucket-cylinder-for-caterpillar-small-excavator-e313bcr\/","title":{"rendered":"L\u00f6ffelzylinder f\u00fcr Caterpillar-Kleinbagger E313BCR"},"content":{"rendered":"<h1>L\u00f6ffelzylinder f\u00fcr Caterpillar-Kleinbagger E313BCR<\/h1>\n<h2>Einf\u00fchrung<\/h2>\n<p>Der Schaufelzylinder f\u00fcr den Caterpillar-Kleinbagger E313BCR ist ein speziell entwickelter Hydraulikzylinder, der prim\u00e4r zur Steuerung der Schaufelbewegungen in Baumaschinen wie Baggern, Baggerladern und Radladern eingesetzt wird. Seine Hauptfunktion besteht darin, das Heben, Senken und Neigen der Schaufel zu erm\u00f6glichen und so den Umschlag verschiedenster Materialien zu erleichtern. Im Hydrauliksystem steuert der Schaufelzylinder die Schaufelbewegungen pr\u00e4zise durch \u00c4nderungen des Hydraulik\u00f6ldrucks. Dies erm\u00f6glicht dem Bediener, schwere Lasten effizient zu handhaben und sich an komplexe Arbeitsumgebungen und vielf\u00e4ltige Betriebsanforderungen anzupassen.<\/p>\n<p><img decoding=\"async\" src=\"https:\/\/www.hydraulic-cylinders.net\/wp-content\/uploads\/2025\/01\/songte-company-2.webp\" alt=\"Bild des Schaufelzylinders\"><\/p>\n<h2>Merkmale<\/h2>\n<ul>\n<li>Hohe Festigkeit und Langlebigkeit: Typischerweise aus hochfestem Stahl oder Aluminium gefertigt, h\u00e4lt es hohem Druck und schweren Belastungen stand und ist auf Verschlei\u00df- und Korrosionsbest\u00e4ndigkeit ausgelegt, was seine Lebensdauer verl\u00e4ngert.<\/li>\n<li>Effizienter Hydraulikbetrieb: Es nutzt den Druck von Hydraulik\u00f6l, um ein sanftes Aus- und Einfahren zu erreichen, reagiert schnell auf Steuerbefehle, bietet eine starke Schub- und Zugkraft und eignet sich f\u00fcr die Handhabung schwerer Lasten und komplexer Arbeitsaufgaben.<\/li>\n<li>Verschiedene Zylindertypen stehen zur Verf\u00fcgung: Einfachwirkende (hydraulisch nur in eine Richtung wirkende) und doppeltwirkende (hydraulisch in zwei Richtungen wirkende) Zylinder k\u00f6nnen je nach Bedarf und Betriebsanforderungen ausgew\u00e4hlt werden. Einige Modelle sind teleskopierbar und erm\u00f6glichen so eine gr\u00f6\u00dfere Auszugsl\u00e4nge ohne Vergr\u00f6\u00dferung der Au\u00dfenabmessungen. Sie eignen sich ideal f\u00fcr Anwendungen mit beengten Platzverh\u00e4ltnissen.<\/li>\n<li>Einfach herzustellen: Wir k\u00f6nnen dieses Produkt herstellen, und unsere Produkte k\u00f6nnen diese Hydraulikzylinder perfekt ersetzen.<\/li>\n<\/ul>\n<p><img decoding=\"async\" src=\"https:\/\/www.hydraulic-cylinders.net\/wp-content\/uploads\/2025\/01\/songte-cylinder-head-with-all-kinds-excavator-models.webp\" alt=\"Bild des Schaufelzylinders\"><\/p>\n<h2>Anwendungen<\/h2>\n<h3>Baumaschinen<\/h3>\n<p>Bei Baggern sind sie unverzichtbar zum Graben, Laden und Bewegen von Erde oder Bauschutt. Bei Baggerladern unterst\u00fctzt der Schaufelzylinder das Graben und Heben. Bei Radladern helfen sie beim effizienten Heben und Abladen von Ladung.<\/p>\n<h3>Landmaschinen<\/h3>\n<p>Wird bei Radladern zum Schaufeln, Heben und Transportieren von Erde, Heu und anderen Materialien verwendet. Bei Baggern erm\u00f6glicht der Schaufelzylinder das Graben, indem er das Eindringen der Schaufel in den Boden erlaubt. <\/p>\n<p><img decoding=\"async\" src=\"https:\/\/www.hydraulic-cylinders.net\/wp-content\/uploads\/2025\/01\/songte-chushion-collar.webp\" alt=\"Bild des Schaufelzylinders\"><\/p>\n<h2>Design\u00fcberlegungen und Auswahlkriterien<\/h2>\n<ul>\n<li>Tragf\u00e4higkeit: Die Tragf\u00e4higkeit des Zylinders muss so bemessen sein, dass er der maximal zu erwartenden Belastung standh\u00e4lt.<\/li>\n<li>Abdichtung: Die Dichtungen, wie z. B. Kolbendichtungen und Stangendichtungen, sollten aus verschlei\u00dffesten Materialien wie Polyurethan und Nitrilkautschuk gefertigt sein, und der Zylinderk\u00f6rper sowie die Gewindeendfl\u00e4che sollten fein bearbeitet sein, um die Verschlei\u00dffestigkeit zu verbessern.<\/li>\n<li>Langlebigkeit: Der Zylinder sollte so konstruiert sein, dass er rauen Umgebungsbedingungen standh\u00e4lt und korrosionsbest\u00e4ndig ist.<\/li>\n<li>Sicherheit: Die Sicherheitsma\u00dfnahmen sollten so ausgelegt sein, dass ein sicherer Betrieb gew\u00e4hrleistet und Unf\u00e4lle verhindert werden.<\/li>\n<li>Wartung: Der Zylinder sollte so konstruiert sein, dass er wartungsfreundlich ist. Regelm\u00e4\u00dfige Wartungspr\u00fcfungen sollten durchgef\u00fchrt werden, um seine ordnungsgem\u00e4\u00dfe Funktion zu gew\u00e4hrleisten.<\/li>\n<\/ul>\n<p><img decoding=\"async\" src=\"https:\/\/www.hydraulic-cylinders.net\/wp-content\/uploads\/2025\/01\/songte-oil-pipes-and-spare-parts.webp\" alt=\"Bild des Schaufelzylinders\"><\/p>\n<h2>Abdichtung und Schmierung<\/h2>\n<p>Verschiedene Dichtungselemente, wie Kolben- und Stangendichtungen, verhindern das Austreten von Hydraulik\u00f6l aus dem Zylinder. Polyurethan und Nitrilkautschuk werden h\u00e4ufig als verschlei\u00dffeste Dichtungsmaterialien eingesetzt. Zylinderk\u00f6rper und Gewindeendfl\u00e4che sind pr\u00e4zisionsbearbeitet, um die Verschlei\u00dffestigkeit zu erh\u00f6hen. F\u00fcr einen reibungslosen Betrieb muss der Zylinder regelm\u00e4\u00dfig mit einer geeigneten Menge Hydraulik\u00f6l geschmiert werden.<\/p>\n<h2>Vorbeugende Wartung und Inspektion<\/h2>\n<p>Um potenzielle Probleme zu minimieren, sollten regelm\u00e4\u00dfige Inspektionen und vorbeugende Wartungsarbeiten durchgef\u00fchrt werden, einschlie\u00dflich:<\/p>\n<ul>\n<li>Regelm\u00e4\u00dfige Schmierung<\/li>\n<li>Regelm\u00e4\u00dfige \u00dcberpr\u00fcfung der Dichtungen auf Undichtigkeiten oder Verschlei\u00df<\/li>\n<li>Regelm\u00e4\u00dfige Kalibrierungspr\u00fcfungen<\/li>\n<\/ul>\n<h2>Sicherheitsaspekte und Umweltfaktoren<\/h2>\n<p>Beim Betrieb von schweren Maschinen sind stets Sicherheitsvorkehrungen zu treffen. Dazu geh\u00f6ren die ordnungsgem\u00e4\u00dfe Schulung der Bediener, die regelm\u00e4\u00dfige \u00dcberpr\u00fcfung der Ger\u00e4te und die Einhaltung der empfohlenen Sicherheitsverfahren. Auch Umweltfaktoren, wie die Verwendung von biologisch abbaubarem Hydraulik\u00f6l, sollten bei der Auswahl eines Hydraulikzylinders ber\u00fccksichtigt werden.<\/p>\n<h2>Fehlerbehebung und h\u00e4ufige Probleme<\/h2>\n<p>H\u00e4ufige Probleme sind undichte Dichtungen, Besch\u00e4digungen der Kolbenstange und unzureichende Schmierung. Zur Fehlersuche sollten Sie auf Undichtigkeiten pr\u00fcfen, die Kolbenstange untersuchen und f\u00fcr ausreichende Schmierung sorgen.<\/p>\n<p><img decoding=\"async\" src=\"https:\/\/www.hydraulic-cylinders.net\/wp-content\/uploads\/2025\/01\/songte-bushings-with-all-kinds-of-excavator-models.webp\" alt=\"Bild des Schaufelzylinders\"><\/p>\n<h2>\u00dcber unser Unternehmen<\/h2>\n<p>Wir sind ein Hersteller von Hydraulikzylindern mit einem umfassenden Produktsortiment und haben uns zu einem der f\u00fchrenden Hersteller und Gro\u00dfh\u00e4ndler von Hydraulikzylindern auf dem nationalen und internationalen Markt entwickelt. Wir verfolgen eine Politik h\u00f6chster Qualit\u00e4t und setzen dabei auf eine industrielle Produktionsmanagementstrategie in modernsten Fertigungswerkst\u00e4tten. Wir optimieren kontinuierlich unsere Fertigungsplattform, perfektionieren unsere Produktionsprozesse und zeichnen uns durch hohe Innovationskraft aus. Mit den Prinzipien h\u00f6chster Effizienz, Pr\u00e4zision und Qualit\u00e4t erf\u00fcllen wir die vielf\u00e4ltigen Bed\u00fcrfnisse unserer Kunden.<\/p>\n<ul>\n<li>Professionalit\u00e4t<\/li>\n<li>Internationale Zertifizierung<\/li>\n<li>Anpassungsdienste<\/li>\n<li>Moderne Produktionsanlagen<\/li>\n<li>Kundendienst<\/li>\n<\/ul>\n<p><img decoding=\"async\" src=\"https:\/\/hzpt.com\/wp-content\/uploads\/2024\/11\/songte-company-1.webp\" alt=\"Bild des Schaufelzylinders\"><\/p>\n<p>Autor: lyl<\/p>","protected":false},"excerpt":{"rendered":"<p>Bucket Cylinder For Caterpillar Small Excavator E313BCR Introduction The Bucket Cylinder for Caterpillar Small Excavator E313BCR is a specially designed hydraulic cylinder primarily used to control the movement of buckets in heavy machinery such as excavators, backhoe loaders, and front-end loaders. Its main function is to enable the bucket to lift, lower, and tilt, making [&hellip;]<\/p>","protected":false},"featured_media":14771,"comment_status":"open","ping_status":"closed","template":"","meta":{"_et_pb_use_builder":"","_et_pb_old_content":"","_et_gb_content_width":""},"product_brand":[],"product_cat":[1494],"product_tag":[1495,1496],"class_list":{"0":"post-15217","1":"product","2":"type-product","3":"status-publish","4":"has-post-thumbnail","6":"product_cat-bucket-cylinders","7":"product_tag-bucket-cylinders","8":"product_tag-hydraulic-cylinders","10":"first","11":"instock","12":"shipping-taxable","13":"product-type-simple"},"amp_enabled":true,"_links":{"self":[{"href":"https:\/\/www.hydraulic-cylinders.net\/de\/wp-json\/wp\/v2\/product\/15217","targetHints":{"allow":["GET"]}}],"collection":[{"href":"https:\/\/www.hydraulic-cylinders.net\/de\/wp-json\/wp\/v2\/product"}],"about":[{"href":"https:\/\/www.hydraulic-cylinders.net\/de\/wp-json\/wp\/v2\/types\/product"}],"replies":[{"embeddable":true,"href":"https:\/\/www.hydraulic-cylinders.net\/de\/wp-json\/wp\/v2\/comments?post=15217"}],"wp:featuredmedia":[{"embeddable":true,"href":"https:\/\/www.hydraulic-cylinders.net\/de\/wp-json\/wp\/v2\/media\/14771"}],"wp:attachment":[{"href":"https:\/\/www.hydraulic-cylinders.net\/de\/wp-json\/wp\/v2\/media?parent=15217"}],"wp:term":[{"taxonomy":"product_brand","embeddable":true,"href":"https:\/\/www.hydraulic-cylinders.net\/de\/wp-json\/wp\/v2\/product_brand?post=15217"},{"taxonomy":"product_cat","embeddable":true,"href":"https:\/\/www.hydraulic-cylinders.net\/de\/wp-json\/wp\/v2\/product_cat?post=15217"},{"taxonomy":"product_tag","embeddable":true,"href":"https:\/\/www.hydraulic-cylinders.net\/de\/wp-json\/wp\/v2\/product_tag?post=15217"}],"curies":[{"name":"wp","href":"https:\/\/api.w.org\/{rel}","templated":true}]}}