{"id":15220,"date":"2025-01-19T14:15:22","date_gmt":"2025-01-19T14:15:22","guid":{"rendered":"https:\/\/www.hydraulic-cylinders.net\/product\/bucket-cylinder-for-caterpillar-small-excavator-e305-5e\/"},"modified":"2025-01-19T14:15:24","modified_gmt":"2025-01-19T14:15:24","slug":"bucket-cylinder-for-caterpillar-small-excavator-e305-5e","status":"publish","type":"product","link":"https:\/\/www.hydraulic-cylinders.net\/de\/produkt\/bucket-cylinder-for-caterpillar-small-excavator-e305-5e\/","title":{"rendered":"L\u00f6ffelzylinder f\u00fcr Caterpillar-Kleinbagger E305.5E"},"content":{"rendered":"<h1>L\u00f6ffelzylinder f\u00fcr Caterpillar-Kleinbagger E305.5E<\/h1>\n<h2>Einf\u00fchrung<\/h2>\n<h3>Definition des Schaufelzylinders<\/h3>\n<p>Ein Schaufelzylinder ist ein speziell entwickelter Hydraulikzylinder, der haupts\u00e4chlich zur Steuerung der Schaufelbewegungen in Baumaschinen wie Baggern, Baggerladern und Radladern eingesetzt wird. Seine Hauptfunktion besteht darin, das Heben, Senken und Neigen der Schaufel zu erm\u00f6glichen und so verschiedene Materialumschlagsaufgaben zu erleichtern. Im Hydrauliksystem steuert der Schaufelzylinder die pr\u00e4zisen Bewegungen der Schaufel durch \u00c4nderungen des Hydraulik\u00f6ldrucks. Dies erm\u00f6glicht es dem Bediener, schwere Lasten effizient zu handhaben und sich an komplexe Arbeitsumgebungen und vielf\u00e4ltige Betriebsanforderungen anzupassen.<\/p>\n<p><img decoding=\"async\" src=\"https:\/\/www.hydraulic-cylinders.net\/wp-content\/uploads\/2025\/01\/songte-company-2.webp\"\/><\/p>\n<h3>Merkmale<\/h3>\n<ul>\n<li>Hohe Festigkeit und Langlebigkeit: Typischerweise aus hochfestem Stahl oder Aluminium gefertigt, h\u00e4lt es hohem Druck und schweren Belastungen stand, ist f\u00fcr raue Arbeitsumgebungen geeignet und ber\u00fccksichtigt bei der Konstruktion Verschlei\u00df- und Korrosionsbest\u00e4ndigkeit, was die Lebensdauer verl\u00e4ngert.<\/li>\n<li>Effizienter Hydraulikbetrieb: Sanfte Aus- und Einfahrbewegungen werden durch Hydraulikdruck erreicht, der schnell auf Steuerbefehle reagiert, starke Schub- und Zugkr\u00e4fte bereitstellt und sich f\u00fcr die Handhabung schwerer Lasten und komplexer Aufgaben eignet.<\/li>\n<li>Verschiedene Typen: Je nach Bedarf k\u00f6nnen einfachwirkende (Hydraulik wirkt nur in eine Richtung) oder doppeltwirkende (Hydraulik wirkt in beide Richtungen) Zylinder ausgew\u00e4hlt werden. Einige Modelle sind teleskopierbar und erm\u00f6glichen so eine gr\u00f6\u00dfere Ausladung ohne Vergr\u00f6\u00dferung der Au\u00dfenabmessungen. Dadurch eignen sie sich ideal f\u00fcr Anwendungen mit begrenztem Platzangebot.<\/li>\n<li>Einfach herzustellen: Unsere Produkte k\u00f6nnen diese Hydraulikzylinder perfekt ersetzen.<\/li>\n<\/ul>\n<p><img decoding=\"async\" src=\"https:\/\/www.hydraulic-cylinders.net\/wp-content\/uploads\/2025\/01\/songte-cylinder-head-with-all-kinds-excavator-models.webp\"\/><\/p>\n<h3>Anwendungen<\/h3>\n<p>Eimerzylinder finden aufgrund ihrer hervorragenden Leistung in verschiedenen Branchen breite Anwendung. Hier einige g\u00e4ngige Einsatzgebiete:<\/p>\n<h4>Baumaschinen<\/h4>\n<p>Bei Baggern sind sie unverzichtbar zum Graben, Laden und Bewegen von Erde oder Bauschutt. Bei Baggerladern unterst\u00fctzen die Schaufelzylinder sowohl das Graben als auch das Heben. <\/p>\n<h4>Landmaschinen<\/h4>\n<p>Wird in Frontladern zum Schaufeln, Anheben und Transportieren von Erde, Heu und anderen Materialien verwendet.<\/p>\n<h4>Bagger<\/h4>\n<p>Zylinder werden verwendet, um das Eindringen des Eimers in den Boden zu erm\u00f6glichen.<\/p>\n<h4>Lader<\/h4>\n<p>Bei Frontladern helfen sie beim effektiven Anheben und Abladen von G\u00fctern.<\/p>\n<h3>Design\u00fcberlegungen und Auswahlstandards<\/h3>\n<p>Schaufelzylinder sind wesentliche Komponenten von Hydrauliksystemen, und ihre Konstruktions- und Auswahlstandards sind von entscheidender Bedeutung. Hier sind einige wichtige Faktoren, die zu ber\u00fccksichtigen sind:<\/p>\n<h4>Belastbarkeit<\/h4>\n<p>Die Zylinder der Schaufeln m\u00fcssen so konstruiert sein, dass sie den Belastungen standhalten, die durch die Ausr\u00fcstung und das zu transportierende Material entstehen.<\/p>\n<h4>Versiegelung<\/h4>\n<p>Die Kolben- und Pleuelstangendichtungen m\u00fcssen sorgf\u00e4ltig ausgew\u00e4hlt werden, um Leckagen und Verunreinigungen zu vermeiden. Polyurethan- oder Nitrilkautschuk werden aufgrund ihrer Verschlei\u00dffestigkeit und Korrosionsbest\u00e4ndigkeit h\u00e4ufig als Dichtungsmaterialien verwendet.<\/p>\n<h4>Haltbarkeit<\/h4>\n<p>Der Zylinder muss so konstruiert sein, dass er den rauen Betriebsbedingungen standh\u00e4lt und \u00fcber einen langen Zeitraum Verschlei\u00df und Korrosion widersteht.<\/p>\n<h4>Sicherheit<\/h4>\n<p>Bei der Konstruktion m\u00fcssen Sicherheitsaspekte ber\u00fccksichtigt werden, um das Unfallrisiko zu minimieren.<\/p>\n<h4>Wartung<\/h4>\n<p>Der Zylinder muss so konstruiert sein, dass Inspektionen, Wartungsarbeiten und Reparaturen erleichtert werden und er sich leicht zerlegen und wieder zusammenbauen l\u00e4sst.<\/p>\n<p><img decoding=\"async\" src=\"https:\/\/www.hydraulic-cylinders.net\/wp-content\/uploads\/2025\/01\/songte-oil-pipes-and-spare-parts.webp\"\/><\/p>\n<h3>Abdichtung und Schmierung<\/h3>\n<p>F\u00fcr optimale Leistung und eine lange Lebensdauer ben\u00f6tigen Schaufelzylinder eine ordnungsgem\u00e4\u00dfe Abdichtung und Schmierung. Folgende Schritte sind unerl\u00e4sslich:<\/p>\n<ul>\n<li>Verschiedene Dichtungselemente wie Kolbendichtungen, Pleueldichtungen usw. sollten regelm\u00e4\u00dfig \u00fcberpr\u00fcft und gegebenenfalls ausgetauscht werden.<\/li>\n<li>Der Zylinderk\u00f6rper und die Gewindefl\u00e4che sollten pr\u00e4zise bearbeitet werden, um die Verschlei\u00dffestigkeit zu verbessern.<\/li>\n<li>Schmieren Sie den Hydraulikzylinder regelm\u00e4\u00dfig mit dem geeigneten Hydraulik\u00f6l, um einen reibungslosen Betrieb zu gew\u00e4hrleisten und seine Lebensdauer zu verl\u00e4ngern.<\/li>\n<\/ul>\n<p><img decoding=\"async\" src=\"https:\/\/www.hydraulic-cylinders.net\/wp-content\/uploads\/2025\/01\/songte-chushion-collar.webp\"\/><\/p>\n<h3>Regelm\u00e4\u00dfige Wartung und vorbeugende Ma\u00dfnahmen<\/h3>\n<ul>\n<li>Regelm\u00e4\u00dfige Inspektionen und eine angemessene Schmierung sind unerl\u00e4sslich, um die optimale Leistung des Zylinders zu gew\u00e4hrleisten.<\/li>\n<li>Ersetzen Sie abgenutzte oder besch\u00e4digte Teile so schnell wie m\u00f6glich.<\/li>\n<li>Eine korrekte Ausrichtung w\u00e4hrend der Installation ist entscheidend f\u00fcr eine optimale Leistung.<\/li>\n<li>Durch die korrekte Ausrichtung des Zylinders und die Verwendung geeigneter Montagehalterungen kann die Haltbarkeit des Zylinders verbessert und das Besch\u00e4digungsrisiko verringert werden.<\/li>\n<li>Es werden Empfehlungen zu Inspektions-, Reparatur- und Austauschverfahren gegeben, um die Lebensdauer des Schaufelzylinders zu verl\u00e4ngern.<\/li>\n<\/ul>\n<p><img decoding=\"async\" src=\"https:\/\/www.hydraulic-cylinders.net\/wp-content\/uploads\/2025\/01\/songte-bushings-with-all-kinds-of-excavator-models.webp\"\/><\/p>\n<h3>Sicherheitsaspekte und Umweltfaktoren<\/h3>\n<p>Bei der Verwendung von Hubzylindern sind Sicherheitsma\u00dfnahmen unerl\u00e4sslich, um das Unfallrisiko zu minimieren. Es ist unbedingt erforderlich, die Sicherheitsvorschriften und Betriebsanweisungen zu befolgen.<\/p>\n<h3>Fehlerdiagnose und h\u00e4ufige Probleme<\/h3>\n<p>Im Folgenden werden einige h\u00e4ufige Probleme mit Schaufelzylindern aufgef\u00fchrt:<\/p>\n<ul>\n<li>Leckage von Hydraulik\u00f6l.<\/li>\n<li>Druckabfall oder Druckverlust.<\/li>\n<li>Langsamer oder unregelm\u00e4\u00dfiger Betrieb.<\/li>\n<\/ul>\n<p>Wenn diese Probleme auftreten, k\u00f6nnen folgende Schritte unternommen werden, um sie zu beheben:<\/p>\n<ul>\n<li>Pr\u00fcfen und ersetzen Sie abgenutzte oder besch\u00e4digte Dichtungen oder andere Bauteile.<\/li>\n<li>Pr\u00fcfen Sie das Hydraulik\u00f6l auf Verunreinigungen und tauschen Sie es gegebenenfalls aus.<\/li>\n<li>Stellen Sie sicher, dass alle Hydraulikleitungen und -anschl\u00fcsse fest sitzen und in gutem Zustand sind.<\/li>\n<\/ul>\n<p><img decoding=\"async\" src=\"https:\/\/hzpt.com\/wp-content\/uploads\/2024\/11\/songte-company-1.webp\"\/><\/p>\n<h2>\u00dcber uns<\/h2>\n<p>Wir sind ein Hersteller von Hydraulikzylinder-Ersatzteilen mit einem breiten Produktsortiment und geh\u00f6ren damit zu den f\u00fchrenden Herstellern und Gro\u00dfh\u00e4ndlern von Hydraulikzylindern auf dem nationalen und internationalen Markt. Wir setzen auf h\u00f6chste Qualit\u00e4t und nutzen modernste Fertigungsmethoden, darunter Pr\u00e4zisionsfertigung, qualifizierte Fachkr\u00e4fte, innovative digitale Fertigungsanlagen und professionelle Pr\u00fcfsysteme. So optimieren wir kontinuierlich unsere Fertigungsprozesse, verbessern die Produktqualit\u00e4t und entwickeln innovative L\u00f6sungen. Unsere Produkte erf\u00fcllen h\u00f6chste Kundenanforderungen durch Effizienz, Pr\u00e4zision und Qualit\u00e4t.<\/p>\n<p><img decoding=\"async\" src=\"https:\/\/www.hydraulic-cylinders.net\/wp-content\/uploads\/2025\/01\/songte-company-3.webp\"\/><\/p>\n<h3>Professionalit\u00e4t<\/h3>\n<p>Wir verf\u00fcgen \u00fcber ein Team von technischen Experten mit umfangreicher Erfahrung in der Produktion, Pr\u00fcfung und Inspektion von Hydraulikzylindern, wodurch sichergestellt wird, dass unsere Produkte internationalen Qualit\u00e4tsstandards entsprechen.<\/p>\n<h3>Internationale Zertifizierung<\/h3>\n<p>Unsere Produkte haben verschiedene internationale Zertifizierungen bestanden, wie z. B. ISO9001:2015, CE, RoHS, UL und andere Zertifizierungen, wodurch sichergestellt wird, dass unsere Kunden ein hohes Ma\u00df an Vertrauen in unsere Produkte haben.<\/p>\n<h3>Anpassungsdienste<\/h3>\n<p>Wir k\u00f6nnen das Produkt an die spezifischen Anforderungen unserer Kunden anpassen und so sicherstellen, dass ihre individuellen Bed\u00fcrfnisse erf\u00fcllt werden.<\/p>\n<h3>Produktionsausr\u00fcstung<\/h3>\n<p>Wir verwenden fortschrittliche Produktionsanlagen und Inspektionssysteme, um sicherzustellen, dass unsere Produkte von h\u00f6chster Qualit\u00e4t sind und den Kundenanforderungen entsprechen.<\/p>\n<h3>Kundendienst<\/h3>\n<p>Wir bieten exzellenten Kundendienst und sorgen daf\u00fcr, dass unsere Kunden mit unseren Produkten und Dienstleistungen zufrieden sind. Wir bieten Ersatzteile und \u00dcberholungsdienstleistungen an, geben Tipps zur Verl\u00e4ngerung der Lebensdauer von Hydraulikzylindern und vieles mehr.<\/p>\n<h4>Autor: lyl<\/h4>","protected":false},"excerpt":{"rendered":"<p>Bucket Cylinder For Caterpillar Small Excavator E305.5E Introduction Defining Bucket Cylinder A bucket cylinder is a specially designed hydraulic cylinder mainly used to control the movement of shovels or buckets in heavy machinery such as excavators, backhoe loaders, and front-end loaders. Its primary function is to enable the bucket to lift, lower, and tilt, making [&hellip;]<\/p>","protected":false},"featured_media":14762,"comment_status":"open","ping_status":"closed","template":"","meta":{"_et_pb_use_builder":"","_et_pb_old_content":"","_et_gb_content_width":""},"product_brand":[],"product_cat":[1494],"product_tag":[1495,1496],"class_list":{"0":"post-15220","1":"product","2":"type-product","3":"status-publish","4":"has-post-thumbnail","6":"product_cat-bucket-cylinders","7":"product_tag-bucket-cylinders","8":"product_tag-hydraulic-cylinders","10":"first","11":"instock","12":"shipping-taxable","13":"product-type-simple"},"amp_enabled":true,"_links":{"self":[{"href":"https:\/\/www.hydraulic-cylinders.net\/de\/wp-json\/wp\/v2\/product\/15220","targetHints":{"allow":["GET"]}}],"collection":[{"href":"https:\/\/www.hydraulic-cylinders.net\/de\/wp-json\/wp\/v2\/product"}],"about":[{"href":"https:\/\/www.hydraulic-cylinders.net\/de\/wp-json\/wp\/v2\/types\/product"}],"replies":[{"embeddable":true,"href":"https:\/\/www.hydraulic-cylinders.net\/de\/wp-json\/wp\/v2\/comments?post=15220"}],"wp:featuredmedia":[{"embeddable":true,"href":"https:\/\/www.hydraulic-cylinders.net\/de\/wp-json\/wp\/v2\/media\/14762"}],"wp:attachment":[{"href":"https:\/\/www.hydraulic-cylinders.net\/de\/wp-json\/wp\/v2\/media?parent=15220"}],"wp:term":[{"taxonomy":"product_brand","embeddable":true,"href":"https:\/\/www.hydraulic-cylinders.net\/de\/wp-json\/wp\/v2\/product_brand?post=15220"},{"taxonomy":"product_cat","embeddable":true,"href":"https:\/\/www.hydraulic-cylinders.net\/de\/wp-json\/wp\/v2\/product_cat?post=15220"},{"taxonomy":"product_tag","embeddable":true,"href":"https:\/\/www.hydraulic-cylinders.net\/de\/wp-json\/wp\/v2\/product_tag?post=15220"}],"curies":[{"name":"wp","href":"https:\/\/api.w.org\/{rel}","templated":true}]}}