{"id":15228,"date":"2025-01-19T14:15:58","date_gmt":"2025-01-19T14:15:58","guid":{"rendered":"https:\/\/www.hydraulic-cylinders.net\/product\/bucket-cylinder-for-caterpillar-middle-excavator-e320dlrr\/"},"modified":"2025-01-19T14:16:00","modified_gmt":"2025-01-19T14:16:00","slug":"bucket-cylinder-for-caterpillar-middle-excavator-e320dlrr","status":"publish","type":"product","link":"https:\/\/www.hydraulic-cylinders.net\/de\/produkt\/bucket-cylinder-for-caterpillar-middle-excavator-e320dlrr\/","title":{"rendered":"L\u00f6ffelzylinder f\u00fcr Caterpillar Mittelbagger E320DLRR"},"content":{"rendered":"<h1>L\u00f6ffelzylinder f\u00fcr Caterpillar Mittelbagger E320DLRR<\/h1>\n<h2>Einf\u00fchrung<\/h2>\n<p>Der Schaufelzylinder f\u00fcr den Caterpillar-Mittelbagger E320DLRR ist ein speziell entwickelter Hydraulikzylinder zur Steuerung der Schaufelbewegung in Baumaschinen wie Baggern, Radladern und Baggerladern. Seine Hauptfunktion besteht darin, das Heben, Senken und Neigen der Schaufel zu erm\u00f6glichen und so verschiedene Materialumschlagsaufgaben zu erleichtern. Im Hydrauliksystem gew\u00e4hrleistet der Schaufelzylinder durch die Anpassung des Hydraulik\u00f6ldrucks eine pr\u00e4zise Steuerung der Schaufel. Dies erm\u00f6glicht dem Bediener, schwere Lasten effizient zu handhaben und sich an komplexe Arbeitsumgebungen und vielf\u00e4ltige Aufgaben anzupassen.<\/p>\n<p><img decoding=\"async\" src=\"https:\/\/www.hydraulic-cylinders.net\/wp-content\/uploads\/2025\/01\/songte-company-2.webp\" alt=\"Abbildung des Produkts\"><\/p>\n<h2>Merkmale<\/h2>\n<ul>\n<li>Hohe Festigkeit und Langlebigkeit: Gefertigt aus hochfestem Stahl oder Aluminium, h\u00e4lt es hohem Druck und schweren Belastungen stand und eignet sich f\u00fcr anspruchsvolle Arbeitsumgebungen. Die Konstruktion ber\u00fccksichtigt Verschlei\u00df- und Korrosionsbest\u00e4ndigkeit, um die Lebensdauer zu verl\u00e4ngern.<\/li>\n<li>Effizienter Hydraulikbetrieb: Durch die Nutzung des Hydraulik\u00f6ldrucks f\u00fcr reibungslose Aus- und Einfahrvorg\u00e4nge reagiert das System schnell auf Steuerbefehle und bietet kraftvolle Schub- und Zugkr\u00e4fte, die f\u00fcr die Bew\u00e4ltigung schwerer Lasten und komplexer Arbeitsaufgaben geeignet sind.<\/li>\n<li>Verschiedene Typen: Je nach Bedarf k\u00f6nnen einfachwirkende (hydraulisch nur in eine Richtung wirkende) oder doppeltwirkende (hydraulisch in beide Richtungen wirkende) Zylinder ausgew\u00e4hlt werden, um unterschiedlichen Betriebsanforderungen gerecht zu werden. Einige Modelle sind teleskopierbar und erm\u00f6glichen so eine gr\u00f6\u00dfere Auszugsl\u00e4nge ohne Vergr\u00f6\u00dferung der Au\u00dfenabmessungen. Dadurch eignen sie sich besonders f\u00fcr Anwendungen mit begrenztem Platzangebot.<\/li>\n<li>Perfekter Ersatz: Unser Produkt kann die vorhandenen Hydraulikzylinder perfekt ersetzen. <\/li>\n<\/ul>\n<p><img decoding=\"async\" src=\"https:\/\/www.hydraulic-cylinders.net\/wp-content\/uploads\/2025\/01\/songte-cylinder-head-with-all-kinds-excavator-models.webp\" alt=\"Abbildung des Produkts\"><\/p>\n<h2>Anwendungen<\/h2>\n<p>Der Schaufelzylinder findet in verschiedenen Ger\u00e4ten Anwendung:<\/p>\n<ul>\n<li>Baumaschinen: Sie sind in Baggern zu finden und unverzichtbar zum Ausheben, Laden und Bewegen von Erde oder Bauschutt. Bei Baggerladern unterst\u00fctzt der Schaufelzylinder sowohl das Ausheben als auch das Heben.<\/li>\n<li>Landwirtschaftliche Maschinen: Wird in Frontladern zum Schaufeln, Heben und Transportieren von Erde, Heu und anderen Materialien verwendet.<\/li>\n<li>Bagger: Der Schaufelzylinder erm\u00f6glicht Grabvorg\u00e4nge, indem er der Schaufel das Eindringen in den Boden erm\u00f6glicht.<\/li>\n<li>Lader: Bei Frontladern helfen sie beim effizienten Anheben und Abladen von G\u00fctern.<\/li>\n<\/ul>\n<h2>Design\u00fcberlegungen und Auswahlkriterien<\/h2>\n<p>Bei der Konstruktion spielen Schl\u00fcsselfaktoren wie Tragf\u00e4higkeit, Dichtheit, Langlebigkeit, Sicherheit und Wartungsfreundlichkeit eine entscheidende Rolle. Hier einige Punkte, die Sie ber\u00fccksichtigen sollten:<\/p>\n<p><img decoding=\"async\" src=\"https:\/\/www.hydraulic-cylinders.net\/wp-content\/uploads\/2025\/01\/songte-oil-pipes-and-spare-parts.webp\" alt=\"Abbildung des Produkts\"><\/p>\n<h2>Abdichtung und Schmierung<\/h2>\n<p>Der Schaufelzylinder verwendet verschiedene Dichtungselemente wie Kolben- und Stangendichtungen aus verschlei\u00dffesten Materialien wie Polyurethan und Nitrilkautschuk. Zylinderk\u00f6rper und Gewindeendfl\u00e4chen sind feinbearbeitet, um die Verschlei\u00dffestigkeit zu erh\u00f6hen. Regelm\u00e4\u00dfige Schmierung mit einer angemessenen Menge Hydraulik\u00f6l ist erforderlich.<\/p>\n<h2>Regelm\u00e4\u00dfige Inspektion und vorbeugende Wartungsma\u00dfnahmen<\/h2>\n<p>Um die Langlebigkeit des Schaufelzylinders zu gew\u00e4hrleisten, sollten regelm\u00e4\u00dfige Inspektionen und vorbeugende Wartungsma\u00dfnahmen durchgef\u00fchrt werden. Hier einige Tipps und Vorgehensweisen:<\/p>\n<h2>Produktinstallationshandbuch<\/h2>\n<p>Eine korrekte Installation ist f\u00fcr die einwandfreie Funktion des Schaufelzylinders unerl\u00e4sslich. Hier die Richtlinien:<\/p>\n<p><img decoding=\"async\" src=\"https:\/\/www.hydraulic-cylinders.net\/wp-content\/uploads\/2025\/01\/songte-chushion-collar.webp\" alt=\"Abbildung des Produkts\"><\/p>\n<h2>Wartungsaufgaben<\/h2>\n<p>Zu den \u00fcblichen Wartungsarbeiten geh\u00f6ren regelm\u00e4\u00dfige Inspektionen, sachgem\u00e4\u00dfe Schmierung, der Austausch von Dichtungen und Kalibrierungspr\u00fcfungen. Die korrekte Montage, Schmierung und Justierung sind von entscheidender Bedeutung. Es wird empfohlen, den Zylinder bei der Montage korrekt auszurichten und geeignete Montagehalterungen zur Befestigung zu verwenden. Empfohlene Verfahren f\u00fcr Inspektion, Reparatur und Austausch sowie Tipps zur Verl\u00e4ngerung der Lebensdauer des Schaufelzylinders werden bereitgestellt.<\/p>\n<p><img decoding=\"async\" src=\"https:\/\/www.hydraulic-cylinders.net\/wp-content\/uploads\/2025\/01\/songte-bushings-with-all-kinds-of-excavator-models.webp\" alt=\"Abbildung des Produkts\"><\/p>\n<h2>Sicherheitsaspekte und Umweltfaktoren<\/h2>\n<p>Die Einhaltung von Sicherheitsma\u00dfnahmen beim Einsatz des Hubzylinders ist von gr\u00f6\u00dfter Wichtigkeit. Hier einige wichtige Punkte, die zu beachten sind:<\/p>\n<h2>Fehlerdiagnose und h\u00e4ufige Probleme<\/h2>\n<p>Bei der Fehlerdiagnose und der Behebung h\u00e4ufiger Probleme ist es unerl\u00e4sslich, Tipps und L\u00f6sungen zur Fehlerbehebung bereitzustellen, damit Leser Probleme effektiv diagnostizieren und l\u00f6sen k\u00f6nnen. Pr\u00e4ventive Ma\u00dfnahmen sollten vorgeschlagen werden, um potenzielle Probleme zu minimieren.<\/p>\n<p><img decoding=\"async\" src=\"https:\/\/hzpt.com\/wp-content\/uploads\/2024\/11\/songte-company-1.webp\" alt=\"Abbildung des Produkts\"><\/p>\n<h2>\u00dcber unser Unternehmen<\/h2>\n<p>Wir sind Hersteller von Hydraulikzylindern und bieten ein breites Produktsortiment. Wir z\u00e4hlen zu den f\u00fchrenden Herstellern und Gro\u00dfh\u00e4ndlern von Hydraulikzylindern auf dem nationalen und internationalen Markt. In unseren modernen Fertigungsst\u00e4tten setzen wir auf h\u00f6chste Qualit\u00e4t und bew\u00e4hrte Produktionsmanagementstrategien. Dank unserer qualifizierten Fachkr\u00e4fte, fortschrittlicher digitaler Fertigungsanlagen und professioneller Testsysteme optimieren wir kontinuierlich unsere Fertigungsprozesse und die Produktqualit\u00e4t. Unsere hohe Innovationskraft und unser Anspruch an Effizienz, Pr\u00e4zision und Qualit\u00e4t erm\u00f6glichen es uns, die vielf\u00e4ltigen Bed\u00fcrfnisse unserer Kunden zu erf\u00fcllen.<\/p>\n<p><img decoding=\"async\" src=\"https:\/\/www.hydraulic-cylinders.net\/wp-content\/uploads\/2025\/01\/songte-company-3.webp\" alt=\"Firmenimage\"><\/p>\n<p>Wir sind stolz auf unsere Professionalit\u00e4t, unsere internationalen Zertifizierungen, unsere kundenspezifischen Dienstleistungen, unsere Produktionsanlagen und unseren Kundendienst. <\/p>\n<p>Autor: lyl<\/p>","protected":false},"excerpt":{"rendered":"<p>Bucket Cylinder For Caterpillar Middle Excavator E320DLRR Introduction The bucket cylinder for Caterpillar middle excavator E320DLRR is a specially designed hydraulic cylinder used to control the movement of the bucket in heavy machinery such as excavators, backhoe loaders, and front-end loaders. Its main function is to enable the lifting, lowering, and tilting of the bucket, [&hellip;]<\/p>","protected":false},"featured_media":14780,"comment_status":"open","ping_status":"closed","template":"","meta":{"_et_pb_use_builder":"","_et_pb_old_content":"","_et_gb_content_width":""},"product_brand":[],"product_cat":[1494],"product_tag":[1495,1496],"class_list":{"0":"post-15228","1":"product","2":"type-product","3":"status-publish","4":"has-post-thumbnail","6":"product_cat-bucket-cylinders","7":"product_tag-bucket-cylinders","8":"product_tag-hydraulic-cylinders","10":"first","11":"instock","12":"shipping-taxable","13":"product-type-simple"},"amp_enabled":true,"_links":{"self":[{"href":"https:\/\/www.hydraulic-cylinders.net\/de\/wp-json\/wp\/v2\/product\/15228","targetHints":{"allow":["GET"]}}],"collection":[{"href":"https:\/\/www.hydraulic-cylinders.net\/de\/wp-json\/wp\/v2\/product"}],"about":[{"href":"https:\/\/www.hydraulic-cylinders.net\/de\/wp-json\/wp\/v2\/types\/product"}],"replies":[{"embeddable":true,"href":"https:\/\/www.hydraulic-cylinders.net\/de\/wp-json\/wp\/v2\/comments?post=15228"}],"wp:featuredmedia":[{"embeddable":true,"href":"https:\/\/www.hydraulic-cylinders.net\/de\/wp-json\/wp\/v2\/media\/14780"}],"wp:attachment":[{"href":"https:\/\/www.hydraulic-cylinders.net\/de\/wp-json\/wp\/v2\/media?parent=15228"}],"wp:term":[{"taxonomy":"product_brand","embeddable":true,"href":"https:\/\/www.hydraulic-cylinders.net\/de\/wp-json\/wp\/v2\/product_brand?post=15228"},{"taxonomy":"product_cat","embeddable":true,"href":"https:\/\/www.hydraulic-cylinders.net\/de\/wp-json\/wp\/v2\/product_cat?post=15228"},{"taxonomy":"product_tag","embeddable":true,"href":"https:\/\/www.hydraulic-cylinders.net\/de\/wp-json\/wp\/v2\/product_tag?post=15228"}],"curies":[{"name":"wp","href":"https:\/\/api.w.org\/{rel}","templated":true}]}}