{"id":15238,"date":"2025-01-19T14:16:42","date_gmt":"2025-01-19T14:16:42","guid":{"rendered":"https:\/\/www.hydraulic-cylinders.net\/product\/bucket-cylinder-for-caterpillar-middle-excavator-e323dl-323d2l\/"},"modified":"2025-01-19T14:16:44","modified_gmt":"2025-01-19T14:16:44","slug":"bucket-cylinder-for-caterpillar-middle-excavator-e323dl-323d2l","status":"publish","type":"product","link":"https:\/\/www.hydraulic-cylinders.net\/de\/produkt\/bucket-cylinder-for-caterpillar-middle-excavator-e323dl-323d2l\/","title":{"rendered":"L\u00f6ffelzylinder f\u00fcr Caterpillar Mittelbagger E323DL\/323D2L"},"content":{"rendered":"<h1>L\u00f6ffelzylinder f\u00fcr Caterpillar Mittelbagger E323DL\/323D2L<\/h1>\n<h2>Einf\u00fchrung<\/h2>\n<p>Der Schaufelzylinder ist ein speziell entwickelter Hydraulikzylinder, der prim\u00e4r zur Steuerung der Schaufelbewegung in Baumaschinen wie Baggern, Baggerladern und Radladern eingesetzt wird. Seine Hauptfunktion besteht darin, das Heben, Senken und Neigen der Schaufel zu erm\u00f6glichen und so verschiedene Materialumschlagsaufgaben zu erleichtern. Im Hydrauliksystem gew\u00e4hrleistet der Schaufelzylinder durch die Druckver\u00e4nderungen des Hydraulik\u00f6ls eine pr\u00e4zise Steuerung der Schaufel. Dies erlaubt es dem Bediener, schwere Lasten effizient zu handhaben und sich an komplexe Arbeitsumgebungen und vielf\u00e4ltige Betriebsanforderungen anzupassen.<\/p>\n<p><img decoding=\"async\" src=\"https:\/\/www.hydraulic-cylinders.net\/wp-content\/uploads\/2025\/01\/songte-company-2.webp\"><\/p>\n<h2>Merkmale<\/h2>\n<ul>\n<li>Hohe Festigkeit und Langlebigkeit: Typischerweise aus hochfestem Stahl oder Aluminium gefertigt, halten sie hohem Druck und hohen Belastungen stand und eignen sich f\u00fcr raue Arbeitsumgebungen. Zu den Konstruktionsmerkmalen geh\u00f6ren Verschlei\u00df- und Korrosionsbest\u00e4ndigkeit, die die Lebensdauer verl\u00e4ngern.<\/li>\n<li>Effizienter Hydraulikbetrieb: Durch den Einsatz von Hydraulik\u00f6ldruck werden reibungslose Aus- und Einfahrvorg\u00e4nge erreicht. Dieser reagiert schnell auf Steuerbefehle und bietet kraftvolle Schub- und Zugkr\u00e4fte, die sich f\u00fcr die Bew\u00e4ltigung schwerer Lasten und komplexer Arbeitsaufgaben eignen.<\/li>\n<li>Verschiedene Typen: Je nach Betriebsanforderungen k\u00f6nnen einfachwirkende (Hydraulik nur in eine Richtung wirkende) oder doppeltwirkende (Hydraulik in beide Richtungen wirkende) Zylinder ausgew\u00e4hlt werden. Einige Modelle sind teleskopierbar und erm\u00f6glichen so eine gr\u00f6\u00dfere Ausdehnung ohne Vergr\u00f6\u00dferung der Au\u00dfenabmessungen. Sie eignen sich daher f\u00fcr Anwendungen mit begrenztem Platzangebot.<\/li>\n<li>Einfacher Austausch: Unser Produkt kann problemlos durch diese Hydraulikzylinder ersetzt werden.<\/li>\n<\/ul>\n<p><img decoding=\"async\" src=\"https:\/\/www.hydraulic-cylinders.net\/wp-content\/uploads\/2025\/01\/songte-cylinder-head-with-all-kinds-excavator-models.webp\"><\/p>\n<h2>Anwendungen<\/h2>\n<h3>Baumaschinen<\/h3>\n<p>Bei Baggern sind sie unverzichtbar zum Ausheben, Laden und Bewegen von Erde oder Bauschutt. Bei Baggerladern unterst\u00fctzen die Schaufelzylinder sowohl das Ausheben als auch das Heben. Bei Radladern tragen sie zum effizienten Heben und Abladen von G\u00fctern bei.<\/p>\n<h3>Landmaschinen<\/h3>\n<p>Wird in Frontladern zum Schaufeln, Anheben und Transportieren von Erde, Heu und anderen Materialien verwendet.<\/p>\n<h3>Bagger<\/h3>\n<p>Der Schaufelzylinder bewirkt die Grabwirkung, indem er es der Schaufel erm\u00f6glicht, in den Boden einzudringen.<\/p>\n<h3>Lader<\/h3>\n<p>Bei Frontladern helfen sie beim effektiven Anheben und Kippen von G\u00fctern.<\/p>\n<p><img decoding=\"async\" src=\"https:\/\/www.hydraulic-cylinders.net\/wp-content\/uploads\/2025\/01\/songte-chushion-collar.webp\"><\/p>\n<h2>Design\u00fcberlegungen und Auswahlkriterien<\/h2>\n<ul>\n<li>Tragf\u00e4higkeit<\/li>\n<li>Versiegelung<\/li>\n<li>Haltbarkeit<\/li>\n<li>Sicherheit<\/li>\n<li>Wartbarkeit<\/li>\n<\/ul>\n<p><img decoding=\"async\" src=\"https:\/\/www.hydraulic-cylinders.net\/wp-content\/uploads\/2025\/01\/songte-oil-pipes-and-spare-parts.webp\"><\/p>\n<h2>Abdichtung und Schmierung<\/h2>\n<p>Es kommen verschiedene Dichtungselemente wie Kolben- und Stangendichtungen zum Einsatz. Dabei werden Dichtungselemente aus verschlei\u00dffesten Materialien wie Polyurethan und Nitrilkautschuk verwendet. Zylinderk\u00f6rper und Gewindeendfl\u00e4chen sind feinbearbeitet, um die Verschlei\u00dffestigkeit zu verbessern. Regelm\u00e4\u00dfige Schmierung mit geeignetem Hydraulik\u00f6l ist erforderlich.<\/p>\n<h2>Vorbeugende Wartung und Inspektion<\/h2>\n<ul>\n<li>Regelm\u00e4\u00dfige Inspektion<\/li>\n<li>Richtige Schmierung<\/li>\n<li>Dichtungswechsel und Kalibrierungspr\u00fcfung<\/li>\n<\/ul>\n<p>Eine fachgerechte Montage, Schmierung und Justierung sind wichtig. W\u00e4hrend der Montage sollten korrekte Ausrichtungshinweise gegeben und geeignete Montagehalterungen zur Befestigung des Zylinders verwendet werden. Empfohlene Pr\u00fcf-, Reparatur- und Austauschverfahren sowie Ersatzteile und \u00dcberholungsdienstleistungen zur Verl\u00e4ngerung der Lebensdauer des Zylinders werden bereitgestellt.<\/p>\n<p><img decoding=\"async\" src=\"https:\/\/www.hydraulic-cylinders.net\/wp-content\/uploads\/2025\/01\/songte-bushings-with-all-kinds-of-excavator-models.webp\"><\/p>\n<h2>Sicherheitsaspekte und Umweltfaktoren<\/h2>\n<p>Beim Umgang mit der Gasflasche sind Sicherheitsvorkehrungen wichtig. Regelm\u00e4\u00dfige Wartung und Inspektion tragen dazu bei, potenzielle Probleme zu minimieren. Auch Umweltfaktoren sollten beim Betrieb der Gasflasche ber\u00fccksichtigt werden.<\/p>\n<h2>Fehlerbehebung und h\u00e4ufige Probleme<\/h2>\n<ul>\n<li>Leckage<\/li>\n<li>Langsamer Betrieb<\/li>\n<li>\u00fcberm\u00e4\u00dfiger L\u00e4rm<\/li>\n<\/ul>\n<p>Es werden Tipps und L\u00f6sungen zur Fehlerbehebung bereitgestellt, um Lesern zu helfen, Probleme effektiv zu diagnostizieren und zu l\u00f6sen. Au\u00dferdem werden vorbeugende Ma\u00dfnahmen vorgeschlagen, um potenzielle Probleme zu minimieren.<\/p>\n<p><img decoding=\"async\" src=\"https:\/\/hzpt.com\/wp-content\/uploads\/2024\/11\/songte-company-1.webp\"><\/p>\n<h2>\u00dcber uns<\/h2>\n<p>Wir sind ein Hersteller von Hydraulikzylindern mit einem umfassenden Produktsortiment und haben uns zu einem der f\u00fchrenden Hersteller und Gro\u00dfh\u00e4ndler von Hydraulikzylindern auf dem nationalen und internationalen Markt entwickelt. Wir verfolgen den Grundsatz h\u00f6chster Qualit\u00e4t und setzen dabei auf eine industrialisierte Produktionsstrategie in unseren modernen Fertigungswerkst\u00e4tten. Kontinuierlich optimieren wir unsere Fertigungsplattform und unsere Produktionsprozesse und verf\u00fcgen \u00fcber eine hohe Innovationskraft. Dank modernster digitaler Fertigungsanlagen, professioneller Testsysteme und qualifizierter Fachkr\u00e4fte k\u00f6nnen wir die vielf\u00e4ltigen Kundenbed\u00fcrfnisse mit h\u00f6chster Effizienz, Pr\u00e4zision und Qualit\u00e4t erf\u00fcllen.<\/p>\n<ul>\n<li>Professionalit\u00e4t<\/li>\n<li>Internationale Zertifizierung<\/li>\n<li>Ma\u00dfgeschneiderter Service<\/li>\n<li>Produktionsausr\u00fcstung<\/li>\n<li>Kundendienst<\/li>\n<\/ul>\n<p>Autor: lyl<\/p>","protected":false},"excerpt":{"rendered":"<p>Bucket Cylinder For Caterpillar Middle Excavator E323DL\/323D2L Introduction The bucket cylinder is a specially designed hydraulic cylinder that is primarily used for controlling the movement of buckets in heavy machinery such as excavators, backhoes, and loaders. Its main function is to enable the bucket to lift, lower, and tilt, making it easier to handle various [&hellip;]<\/p>","protected":false},"featured_media":14788,"comment_status":"open","ping_status":"closed","template":"","meta":{"_et_pb_use_builder":"","_et_pb_old_content":"","_et_gb_content_width":""},"product_brand":[],"product_cat":[1494],"product_tag":[1495,1496],"class_list":{"0":"post-15238","1":"product","2":"type-product","3":"status-publish","4":"has-post-thumbnail","6":"product_cat-bucket-cylinders","7":"product_tag-bucket-cylinders","8":"product_tag-hydraulic-cylinders","10":"first","11":"instock","12":"shipping-taxable","13":"product-type-simple"},"amp_enabled":true,"_links":{"self":[{"href":"https:\/\/www.hydraulic-cylinders.net\/de\/wp-json\/wp\/v2\/product\/15238","targetHints":{"allow":["GET"]}}],"collection":[{"href":"https:\/\/www.hydraulic-cylinders.net\/de\/wp-json\/wp\/v2\/product"}],"about":[{"href":"https:\/\/www.hydraulic-cylinders.net\/de\/wp-json\/wp\/v2\/types\/product"}],"replies":[{"embeddable":true,"href":"https:\/\/www.hydraulic-cylinders.net\/de\/wp-json\/wp\/v2\/comments?post=15238"}],"wp:featuredmedia":[{"embeddable":true,"href":"https:\/\/www.hydraulic-cylinders.net\/de\/wp-json\/wp\/v2\/media\/14788"}],"wp:attachment":[{"href":"https:\/\/www.hydraulic-cylinders.net\/de\/wp-json\/wp\/v2\/media?parent=15238"}],"wp:term":[{"taxonomy":"product_brand","embeddable":true,"href":"https:\/\/www.hydraulic-cylinders.net\/de\/wp-json\/wp\/v2\/product_brand?post=15238"},{"taxonomy":"product_cat","embeddable":true,"href":"https:\/\/www.hydraulic-cylinders.net\/de\/wp-json\/wp\/v2\/product_cat?post=15238"},{"taxonomy":"product_tag","embeddable":true,"href":"https:\/\/www.hydraulic-cylinders.net\/de\/wp-json\/wp\/v2\/product_tag?post=15238"}],"curies":[{"name":"wp","href":"https:\/\/api.w.org\/{rel}","templated":true}]}}