{"id":15240,"date":"2025-01-19T14:16:50","date_gmt":"2025-01-19T14:16:50","guid":{"rendered":"https:\/\/www.hydraulic-cylinders.net\/product\/bucket-cylinder-for-caterpillar-large-excavator-e326dl\/"},"modified":"2025-01-19T14:16:58","modified_gmt":"2025-01-19T14:16:58","slug":"bucket-cylinder-for-caterpillar-large-excavator-e326dl","status":"publish","type":"product","link":"https:\/\/www.hydraulic-cylinders.net\/de\/produkt\/bucket-cylinder-for-caterpillar-large-excavator-e326dl\/","title":{"rendered":"L\u00f6ffelzylinder f\u00fcr Caterpillar Gro\u00dfbagger E326DL"},"content":{"rendered":"<h1>L\u00f6ffelzylinder f\u00fcr Caterpillar Gro\u00dfbagger E326DL<\/h1>\n<h2>Einf\u00fchrung<\/h2>\n<p>A bucket cylinder for a Caterpillar large excavator E326DL is a specially designed hydraulic cylinder mainly used to control the movement of the bucket in heavy machinery such as excavators, backhoe loaders, and front-end loaders. Its main function is to allow the bucket to lift, lower, and tilt, making it easier to handle various material handling tasks. In a hydraulic system, the bucket cylinder achieves precise control of the bucket&#8217;s movement by changing the pressure of hydraulic oil, enabling operators to handle heavy objects efficiently, adapt to complex work environments, and diverse operational requirements.<\/p>\n<p><img decoding=\"async\" src=\"https:\/\/www.hydraulic-cylinders.net\/wp-content\/uploads\/2025\/01\/songte-company-2.webp\" alt=\"Bild eines Eimerzylinders\"><\/p>\n<h2>Produkteigenschaften<\/h2>\n<ul>\n<li>\n<h3>Hohe Festigkeit und Haltbarkeit<\/h3>\n<p>Die Zylinder von Schaufelradf\u00f6rderanlagen bestehen typischerweise aus hochfestem Stahl oder Aluminium, sind in der Lage, hohem Druck und schweren Lasten standzuhalten, sich an raue Arbeitsbedingungen anzupassen und sind verschlei\u00df- und korrosionsbest\u00e4ndig, um ihre Lebensdauer zu verl\u00e4ngern.<\/p>\n<\/li>\n<li>\n<h3>Effizienter Hydraulikbetrieb<\/h3>\n<p>Die Zylinder der Schaufeln nutzen den Druck des Hydraulik\u00f6ls, um gleichm\u00e4\u00dfige Teleskopbewegungen zu erzielen, schnell auf Steuerbefehle zu reagieren, starke Schub- und Zugkr\u00e4fte bereitzustellen und eignen sich f\u00fcr die Handhabung schwerer Gegenst\u00e4nde und komplexer Arbeitsaufgaben.<\/p>\n<\/li>\n<li>\n<h3>Verschiedene Arten<\/h3>\n<p>Schaufelzylinder sind als einfachwirkende (hydraulisch nur in eine Richtung wirkende) oder doppeltwirkende (hydraulisch in zwei Richtungen wirkende) Ausf\u00fchrungen erh\u00e4ltlich, um unterschiedlichen Einsatzanforderungen gerecht zu werden. Einige Modelle sind teleskopierbar und erm\u00f6glichen so eine gr\u00f6\u00dfere Ausladung ohne Vergr\u00f6\u00dferung der Au\u00dfenabmessungen \u2013 ideal f\u00fcr Anwendungen mit begrenztem Platzangebot.<\/p>\n<\/li>\n<li>\n<h3>Produktersatz<\/h3>\n<p>Unsere Produkte k\u00f6nnen diese Hydraulikzylinder perfekt ersetzen. <\/p>\n<\/li>\n<\/ul>\n<p><img decoding=\"async\" src=\"https:\/\/www.hydraulic-cylinders.net\/wp-content\/uploads\/2025\/01\/songte-cylinder-head-with-all-kinds-excavator-models.webp\" alt=\"Bild des Austauschs des Schaufelzylinders\"><\/p>\n<h2>Anwendungen<\/h2>\n<p>Schaufelzylinder werden in verschiedenen schweren Maschinen weit verbreitet eingesetzt, darunter:<\/p>\n<ul>\n<li>\n<h3>Baumaschinen<\/h3>\n<p>Bei Baggern sind sie unverzichtbar zum Graben, Laden und Bewegen von Erde oder Bauschutt. Bei Baggerladern unterst\u00fctzen die Schaufelzylinder sowohl das Graben als auch das Heben. <\/p>\n<\/li>\n<li>\n<h3>Landmaschinen<\/h3>\n<p>Wird in Frontladern zum Schaufeln, Anheben und Transportieren von Erde, Heu und anderen Materialien verwendet.<\/p>\n<\/li>\n<li>\n<h3>Bagger<\/h3>\n<p>Die Zylinder des Schaufelrads erm\u00f6glichen Grabvorg\u00e4nge, indem sie das Eindringen des Schaufelrads in den Boden erlauben.<\/p>\n<\/li>\n<li>\n<h3>Lader<\/h3>\n<p>Bei Frontladern helfen sie beim effektiven Anheben und Abladen von G\u00fctern.<\/p>\n<\/li>\n<\/ul>\n<h2>Design\u00fcberlegungen und Auswahlkriterien<\/h2>\n<ul>\n<li>\n<h3>Tragf\u00e4higkeit<\/h3>\n<p>The bucket cylinder&#8217;s bearing capacity should be considered when designing it. It should be able to withstand the maximum anticipated load without failing or deforming.<\/p>\n<\/li>\n<li>\n<h3>Abdichtung, Langlebigkeit und Sicherheit<\/h3>\n<p>Die Zylinder von Schaufelradf\u00f6rderanlagen m\u00fcssen mit langlebigen Dichtungen und verschlei\u00df- sowie korrosionsbest\u00e4ndigen Materialien ausgestattet sein. Sicherheitsmerkmale wie Not-Aus-Schalter, \u00dcberdruckventile und Sicherheitsverriegelungen m\u00fcssen ebenfalls integriert werden.<\/p>\n<\/li>\n<li>\n<h3>Wartung<\/h3>\n<p>Der Schaufelzylinder sollte so konstruiert sein, dass er leicht zu warten und zu reparieren ist. Er sollte sich leicht demontieren und wieder zusammenbauen lassen, und Ersatzteile sollten problemlos erh\u00e4ltlich sein.<\/p>\n<\/li>\n<\/ul>\n<p><img decoding=\"async\" src=\"https:\/\/www.hydraulic-cylinders.net\/wp-content\/uploads\/2025\/01\/songte-oil-pipes-and-spare-parts.webp\" alt=\"Bild von Ersatzteilen f\u00fcr Schaufelzylinder\"><\/p>\n<h2>Abdichtung und Schmierung des Produkts<\/h2>\n<p>Der Schaufelzylinder sollte mit verschiedenen Dichtungen, darunter Kolben- und Stangendichtungen, aus verschlei\u00dffesten Materialien wie Polyurethan und Nitrilkautschuk ausgestattet sein. Zylinderk\u00f6rper und Gewindeendfl\u00e4che m\u00fcssen feinbearbeitet werden, um die Verschlei\u00dffestigkeit zu verbessern. Eine ordnungsgem\u00e4\u00dfe Schmierung mit Hydraulik\u00f6l ist ebenfalls notwendig, um einen optimalen Betrieb zu gew\u00e4hrleisten.<\/p>\n<h2>Wartung und Reparatur<\/h2>\n<p>Um den Baggerzylinder in gutem Zustand zu halten, sollten regelm\u00e4\u00dfige Wartungsarbeiten und vorbeugende Ma\u00dfnahmen durchgef\u00fchrt werden. Zu diesen Ma\u00dfnahmen geh\u00f6ren:<\/p>\n<ul>\n<li>\n<h3>Regelm\u00e4\u00dfige Inspektion<\/h3>\n<p>Die \u00dcberpr\u00fcfung des Zylinders auf Besch\u00e4digungen, Lecks oder Korrosion ist unerl\u00e4sslich, um Ausf\u00e4lle zu vermeiden und seine Lebensdauer zu verl\u00e4ngern.<\/p>\n<\/li>\n<li>\n<h3>Schmierung<\/h3>\n<p>Der Zylinder sollte regelm\u00e4\u00dfig geschmiert werden, um einen reibungslosen Betrieb zu gew\u00e4hrleisten.<\/p>\n<\/li>\n<li>\n<h3>Dichtungswechsel<\/h3>\n<p>Replacing the seals periodically helps to maintain the cylinder&#8217;s efficient operation and prevent leaks.<\/p>\n<\/li>\n<\/ul>\n<p><img decoding=\"async\" src=\"https:\/\/www.hydraulic-cylinders.net\/wp-content\/uploads\/2025\/01\/songte-chushion-collar.webp\" alt=\"Bild eines Eimerzylinderkissens\"><\/p>\n<h2>Sicherheits- und Umweltaspekte<\/h2>\n<p>Beim Umgang mit Eimerzylindern sind Sicherheitsvorkehrungen zu treffen, um Unf\u00e4lle und Verletzungen zu vermeiden. Auch Umweltaspekte sollten bei der Entsorgung oder dem Recycling gebrauchter Zylinder oder ihrer Komponenten ber\u00fccksichtigt werden.<\/p>\n<h2>Fehlerdiagnose und h\u00e4ufige Probleme<\/h2>\n<p>H\u00e4ufige Probleme mit Baggerzylindern sind Leckagen, besch\u00e4digte Dichtungen und Leistungsverlust. Zur Fehlerdiagnose ist eine gr\u00fcndliche Inspektion des Zylinders und seiner Komponenten erforderlich. Durch sachgem\u00e4\u00dfe Wartung und Reparatur lassen sich diese Probleme beheben.<\/p>\n<p><img decoding=\"async\" src=\"https:\/\/www.hydraulic-cylinders.net\/wp-content\/uploads\/2025\/01\/songte-bushings-with-all-kinds-of-excavator-models.webp\" alt=\"Bild der Buchsen f\u00fcr den Schaufelzylinder\"><\/p>\n<h2>\u00dcber unser Unternehmen<\/h2>\n<p>Wir sind ein Hersteller von Hydraulikzylindern mit einem umfassenden Produktsortiment. Als einer der f\u00fchrenden Hersteller und Gro\u00dfh\u00e4ndler von Hydraulikzylindern auf dem nationalen und internationalen Markt setzen wir auf h\u00f6chste Qualit\u00e4t und moderne Fertigungsmethoden. Wir optimieren kontinuierlich unsere Produktionsanlagen, verbessern die Produktqualit\u00e4t und zeichnen uns durch hohe Innovationskraft aus. Mit unseren Prinzipien \u2013 hohe Effizienz, Pr\u00e4zision und Qualit\u00e4t \u2013 erf\u00fcllen wir die vielf\u00e4ltigen Bed\u00fcrfnisse unserer Kunden.<\/p>\n<p><img decoding=\"async\" src=\"https:\/\/hzpt.com\/wp-content\/uploads\/2024\/11\/songte-company-1.webp\" alt=\"Firmenbild f\u00fcr Eimerzylinder\"><\/p>\n<h2>Unsere Spezialgebiete<\/h2>\n<ul>\n<li>\n<h3>Professionalit\u00e4t<\/h3>\n<p>Wir verf\u00fcgen \u00fcber ein Team von professionellen Ingenieuren und Designern mit umfassender Erfahrung in der Hydraulikzylinderindustrie.<\/p>\n<\/li>\n<li>\n<h3>Internationale Zertifizierung<\/h3>\n<p>Unsere Produkte sind nach internationalen Standards wie ISO und CE zertifiziert.<\/p>\n<\/li>\n<li>\n<h3>Anpassungsdienste<\/h3>\n<p>Wir bieten ma\u00dfgeschneiderte Hydraulikzylinderl\u00f6sungen, die den spezifischen Anforderungen unserer Kunden gerecht werden.<\/p>\n<\/li>\n<li>\n<h3>Produktionsausr\u00fcstung<\/h3>\n<p>Wir verwenden fortschrittliche Fertigungsanlagen und Testsysteme, um die Produktqualit\u00e4t sicherzustellen.<\/p>\n<\/li>\n<li>\n<h3>Kundendienst<\/h3>\n<p>Wir bieten einen exzellenten Kundendienst, um die Kundenzufriedenheit zu gew\u00e4hrleisten.<\/p>\n<\/li>\n<\/ul>\n<h3>Autor: lyl<\/h3>","protected":false},"excerpt":{"rendered":"<p>Bucket Cylinder For Caterpillar Large Excavator E326DL Introduction A bucket cylinder for a Caterpillar large excavator E326DL is a specially designed hydraulic cylinder mainly used to control the movement of the bucket in heavy machinery such as excavators, backhoe loaders, and front-end loaders. Its main function is to allow the bucket to lift, lower, and [&hellip;]<\/p>","protected":false},"featured_media":14785,"comment_status":"open","ping_status":"closed","template":"","meta":{"_et_pb_use_builder":"","_et_pb_old_content":"","_et_gb_content_width":""},"product_brand":[],"product_cat":[1494],"product_tag":[1495,1496],"class_list":{"0":"post-15240","1":"product","2":"type-product","3":"status-publish","4":"has-post-thumbnail","6":"product_cat-bucket-cylinders","7":"product_tag-bucket-cylinders","8":"product_tag-hydraulic-cylinders","10":"first","11":"instock","12":"shipping-taxable","13":"product-type-simple"},"amp_enabled":true,"_links":{"self":[{"href":"https:\/\/www.hydraulic-cylinders.net\/de\/wp-json\/wp\/v2\/product\/15240","targetHints":{"allow":["GET"]}}],"collection":[{"href":"https:\/\/www.hydraulic-cylinders.net\/de\/wp-json\/wp\/v2\/product"}],"about":[{"href":"https:\/\/www.hydraulic-cylinders.net\/de\/wp-json\/wp\/v2\/types\/product"}],"replies":[{"embeddable":true,"href":"https:\/\/www.hydraulic-cylinders.net\/de\/wp-json\/wp\/v2\/comments?post=15240"}],"wp:featuredmedia":[{"embeddable":true,"href":"https:\/\/www.hydraulic-cylinders.net\/de\/wp-json\/wp\/v2\/media\/14785"}],"wp:attachment":[{"href":"https:\/\/www.hydraulic-cylinders.net\/de\/wp-json\/wp\/v2\/media?parent=15240"}],"wp:term":[{"taxonomy":"product_brand","embeddable":true,"href":"https:\/\/www.hydraulic-cylinders.net\/de\/wp-json\/wp\/v2\/product_brand?post=15240"},{"taxonomy":"product_cat","embeddable":true,"href":"https:\/\/www.hydraulic-cylinders.net\/de\/wp-json\/wp\/v2\/product_cat?post=15240"},{"taxonomy":"product_tag","embeddable":true,"href":"https:\/\/www.hydraulic-cylinders.net\/de\/wp-json\/wp\/v2\/product_tag?post=15240"}],"curies":[{"name":"wp","href":"https:\/\/api.w.org\/{rel}","templated":true}]}}