{"id":15244,"date":"2025-01-19T14:17:12","date_gmt":"2025-01-19T14:17:12","guid":{"rendered":"https:\/\/www.hydraulic-cylinders.net\/product\/bucket-cylinder-for-caterpillar-large-excavator-e349dz\/"},"modified":"2025-01-19T14:17:14","modified_gmt":"2025-01-19T14:17:14","slug":"bucket-cylinder-for-caterpillar-large-excavator-e349dz","status":"publish","type":"product","link":"https:\/\/www.hydraulic-cylinders.net\/de\/produkt\/bucket-cylinder-for-caterpillar-large-excavator-e349dz\/","title":{"rendered":"L\u00f6ffelzylinder f\u00fcr Caterpillar Gro\u00dfbagger E349DZ"},"content":{"rendered":"<h1>L\u00f6ffelzylinder f\u00fcr Caterpillar Gro\u00dfbagger E349DZ<\/h1>\n<h2>Einf\u00fchrung<\/h2>\n<p>Ein Schaufelzylinder ist ein speziell entwickelter Hydraulikzylinder, der die Bewegung von Schaufeln in Baumaschinen wie Baggern, Baggerladern und Radladern steuert. Seine Hauptfunktion besteht darin, das Heben, Senken und Neigen der Schaufel zu erm\u00f6glichen und so den Umgang mit verschiedenen Materialien zu erleichtern. Im Hydrauliksystem gew\u00e4hrleistet der Schaufelzylinder durch die Anpassung des Hydraulik\u00f6ldrucks eine pr\u00e4zise Steuerung der Schaufelbewegung. Dies erm\u00f6glicht es dem Bediener, schwere Lasten effizient zu handhaben und sich an komplexe Arbeitsumgebungen und vielf\u00e4ltige Betriebsanforderungen anzupassen.<\/p>\n<p><img decoding=\"async\" src=\"https:\/\/www.hydraulic-cylinders.net\/wp-content\/uploads\/2025\/01\/songte-company-2.webp\"><\/p>\n<h2>Merkmale<\/h2>\n<ul>\n<li>\n<h3>Hohe Festigkeit und Haltbarkeit<\/h3>\n<\/li>\n<p>Die Zylinder von Schaufelr\u00e4dern bestehen \u00fcblicherweise aus hochfestem Stahl oder Aluminium, die hohem Druck und schweren Lasten standhalten, sich an raue Arbeitsumgebungen anpassen und so konstruiert sind, dass sie Verschlei\u00df- und Korrosionsbest\u00e4ndigkeit aufweisen, um ihre Lebensdauer zu verl\u00e4ngern.<\/p>\n<li>\n<h3>Effizienter Hydraulikbetrieb<\/h3>\n<\/li>\n<p>Die Zylinder der Schaufeln nutzen den Druck von Hydraulik\u00f6l, um gleichm\u00e4\u00dfige Ausfahr- und Einfahrbewegungen zu erzielen und k\u00f6nnen schnell auf Steuerbefehle reagieren, um starke Schub- und Zugkr\u00e4fte zu erzeugen. Dadurch eignen sie sich f\u00fcr den Umgang mit schweren Lasten und komplexen Arbeitsaufgaben.<\/p>\n<li>\n<h3>Verschiedene Arten<\/h3>\n<\/li>\n<p>Die Zylinder f\u00fcr Schaufeln k\u00f6nnen je nach Einsatzanforderungen ausgew\u00e4hlt werden, z. B. als einfachwirkende (hydraulisch nur in eine Richtung wirkende) oder doppeltwirkende (hydraulisch in beide Richtungen wirkende) Zylinder. Einige Modelle sind teleskopierbar und erm\u00f6glichen so eine gr\u00f6\u00dfere Ausladung ohne Vergr\u00f6\u00dferung der Au\u00dfenabmessungen, wodurch sie sich besonders f\u00fcr beengte Platzverh\u00e4ltnisse eignen.<\/p>\n<li>\n<h3>Kompatibler Ersatz<\/h3>\n<\/li>\n<p>Unsere Produkte k\u00f6nnen diese Hydraulikzylinder perfekt ersetzen.<\/p>\n<\/ul>\n<p><img decoding=\"async\" src=\"https:\/\/www.hydraulic-cylinders.net\/wp-content\/uploads\/2025\/01\/songte-cylinder-head-with-all-kinds-excavator-models.webp\"><\/p>\n<h2>Anwendungen<\/h2>\n<p>Schaufelzylinder finden in verschiedenen Branchen breite Anwendung, beispielsweise im Baumaschinenbau, in Landmaschinen, bei Baggern und Ladern. Hier einige Beispiele:<\/p>\n<ul>\n<li>\n<h3>Baumaschinen<\/h3>\n<\/li>\n<p>Schaufelzylinder sind f\u00fcr das Ausheben, Laden und Bewegen von Erde oder Schutt bei Baggern und Baggerladern unerl\u00e4sslich. Bei Radladern helfen sie, G\u00fcter effektiv anzuheben und zu kippen.<\/p>\n<li>\n<h3>Landmaschinen<\/h3>\n<\/li>\n<p>Schaufelzylinder werden an Frontladern verwendet, um Erde, Heu und andere Materialien aufzunehmen, anzuheben und zu transportieren.<\/p>\n<li>\n<h3>Bagger<\/h3>\n<\/li>\n<p>Die Zylinder des Schaufelrads erm\u00f6glichen das Ausheben von Erdarbeiten, indem sie das Eindringen des Schaufelrads in den Boden erlauben.<\/p>\n<li>\n<h3>Lader<\/h3>\n<\/li>\n<p>Die Zylinder der Schaufel helfen dabei, G\u00fcter in Frontladern effektiv anzuheben und zu kippen.<\/p>\n<\/ul>\n<h2>Design\u00fcberlegungen und Auswahlkriterien<\/h2>\n<p>Bei der Auswahl von Schaufelzylindern sind verschiedene Faktoren wie Tragf\u00e4higkeit, Dichtheit, Langlebigkeit, Sicherheit und Wartungsfreundlichkeit zu ber\u00fccksichtigen. Im Folgenden finden Sie einige Konstruktions\u00fcberlegungen und Auswahlkriterien:<\/p>\n<ul>\n<li>\n<h3>Tragf\u00e4higkeit<\/h3>\n<\/li>\n<p>Der Zylinder des L\u00f6ffels muss der maximalen Belastung standhalten k\u00f6nnen, die w\u00e4hrend des Betriebs auftreten kann.<\/p>\n<li>\n<h3>Versiegelung<\/h3>\n<\/li>\n<p>Der Schaufelzylinder sollte gut abgedichtet sein, um \u00d6lleckagen zu verhindern und einen reibungslosen Betrieb zu gew\u00e4hrleisten.<\/p>\n<li>\n<h3>Haltbarkeit<\/h3>\n<\/li>\n<p>Der Eimerzylinder sollte aus hochwertigen und langlebigen Materialien gefertigt sein, um den rauen Arbeitsbedingungen standzuhalten und eine lange Lebensdauer zu gew\u00e4hrleisten.<\/p>\n<li>\n<h3>Sicherheit<\/h3>\n<\/li>\n<p>Der Eimerzylinder sollte \u00fcber Sicherheitsmerkmale wie \u00dcberdruckventile und Manometer verf\u00fcgen, um eine \u00dcberlastung zu verhindern und einen sicheren Betrieb zu gew\u00e4hrleisten.<\/p>\n<li>\n<h3>Wartbarkeit<\/h3>\n<\/li>\n<p>Der Schaufelzylinder sollte wartungs- und reparaturfreundlich sein, und Ersatzteile sollten leicht erh\u00e4ltlich sein.<\/p>\n<\/ul>\n<p><img decoding=\"async\" src=\"https:\/\/www.hydraulic-cylinders.net\/wp-content\/uploads\/2025\/01\/songte-oil-pipes-and-spare-parts.webp\"><\/p>\n<h2>Abdichtung und Schmierung<\/h2>\n<p>Um \u00d6lleckagen zu verhindern und einen reibungslosen Betrieb zu gew\u00e4hrleisten, sollten in Schaufelzylindern verschiedene Dichtungselemente wie Kolben- und Stangendichtungen verwendet werden. Die Dichtungen sollten aus verschlei\u00dffesten Materialien wie Polyurethan und Nitrilkautschuk gefertigt sein. Zylinderk\u00f6rper und Gewindeendfl\u00e4chen sollten feinbearbeitet sein, um die Verschlei\u00dffestigkeit zu verbessern. Der Schaufelzylinder muss regelm\u00e4\u00dfig mit Hydraulik\u00f6l geschmiert werden, um einen reibungslosen Betrieb sicherzustellen. <\/p>\n<h2>Wartung und Reparatur<\/h2>\n<p>Regelm\u00e4\u00dfige Inspektionen und vorbeugende Wartungsma\u00dfnahmen k\u00f6nnen potenziellen Problemen vorbeugen und die Lebensdauer des Schaufelzylinders verl\u00e4ngern. Hier sind drei g\u00e4ngige Wartungsarbeiten:<\/p>\n<ul>\n<li>Regelm\u00e4\u00dfige Inspektion<\/li>\n<p>Pr\u00fcfen Sie regelm\u00e4\u00dfig auf \u00d6llecks, Verschlei\u00dferscheinungen und andere Probleme.<\/p>\n<li>Geeignete Schmierung<\/li>\n<p>Stellen Sie sicher, dass der Zylinder des L\u00f6ffels ordnungsgem\u00e4\u00df mit Hydraulik\u00f6l geschmiert ist.<\/p>\n<li>Dichtungsaustausch und Kalibrierungspr\u00fcfung<\/li>\n<p>Ersetzen Sie verschlissene Dichtungen und \u00fcberpr\u00fcfen Sie die Kalibrierung regelm\u00e4\u00dfig, um eine optimale Leistung zu gew\u00e4hrleisten.<\/p>\n<\/ul>\n<p><img decoding=\"async\" src=\"https:\/\/www.hydraulic-cylinders.net\/wp-content\/uploads\/2025\/01\/songte-chushion-collar.webp\"><\/p>\n<h2>Sicherheits- und Umweltaspekte<\/h2>\n<p>Beim Einsatz von Hubzylindern sind Sicherheitsvorkehrungen zu treffen, um Unf\u00e4lle zu vermeiden. Es ist unerl\u00e4sslich, die Sicherheitsrichtlinien zu befolgen und die entsprechende pers\u00f6nliche Schutzausr\u00fcstung zu verwenden. Auch Umweltaspekte wie die sachgem\u00e4\u00dfe Entsorgung von Hydraulik\u00f6l und anderen Abf\u00e4llen sind zu ber\u00fccksichtigen.<\/p>\n<h2>Fehlerbehebung und h\u00e4ufige Probleme<\/h2>\n<p>Hier sind einige h\u00e4ufige Probleme aufgef\u00fchrt, die bei der Verwendung von Eimerzylindern auftreten k\u00f6nnen, sowie einige Vorschl\u00e4ge zur Fehlersuche und Probleml\u00f6sung:<\/p>\n<ul>\n<li>\n<h3>\u00d6lleckage<\/h3>\n<\/li>\n<p>Pr\u00fcfen Sie die Dichtungen auf Besch\u00e4digungen und ersetzen Sie diese gegebenenfalls.<\/p>\n<li>\n<h3>Langsamer Betrieb<\/h3>\n<\/li>\n<p>Pr\u00fcfen Sie, ob ausreichend Hydraulik\u00f6l vorhanden ist, und f\u00fcllen Sie gegebenenfalls nach.<\/p>\n<li>\n<h3>\u00fcberm\u00e4\u00dfiger L\u00e4rm<\/h3>\n<\/li>\n<p>Pr\u00fcfen Sie, ob Bauteile besch\u00e4digt oder abgenutzt sind, und ersetzen Sie diese gegebenenfalls.<\/p>\n<\/ul>\n<p><img decoding=\"async\" src=\"https:\/\/www.hydraulic-cylinders.net\/wp-content\/uploads\/2025\/01\/songte-bushings-with-all-kinds-of-excavator-models.webp\"><\/p>\n<h2>\u00dcber unser Unternehmen<\/h2>\n<p>Wir sind ein Hersteller von Hydraulikzylindern mit einem umfassenden Produktsortiment und haben uns zu einem der f\u00fchrenden Hersteller und Gro\u00dfh\u00e4ndler von Hydraulikzylindern auf dem nationalen und internationalen Markt entwickelt. Wir setzen auf h\u00f6chste Qualit\u00e4t und nutzen modernste Fertigungsmethoden in unseren hochmodernen Produktionsst\u00e4tten. Unser Unternehmen optimiert kontinuierlich seine Fertigungsplattform, perfektioniert die Produktionslinie und verf\u00fcgt \u00fcber eine hohe Innovationskraft. Mit hoher Effizienz, Pr\u00e4zision und h\u00f6chsten Qualit\u00e4tsstandards erf\u00fcllen wir die vielf\u00e4ltigen Bed\u00fcrfnisse unserer Kunden.<\/p>\n<p><img decoding=\"async\" src=\"https:\/\/hzpt.com\/wp-content\/uploads\/2024\/11\/songte-company-1.webp\"><\/p>\n<h2>Unsere Dienste<\/h2>\n<ul>\n<li>\n<h3>Professionalit\u00e4t<\/h3>\n<\/li>\n<p>Wir verf\u00fcgen \u00fcber ein Team aus professionellen Ingenieuren und Technikern, die Ihnen ma\u00dfgeschneiderte L\u00f6sungen f\u00fcr Ihre Hydraulikzylinder-Anforderungen anbieten k\u00f6nnen.<\/p>\n<li>\n<h3>Internationale Zertifizierung<\/h3>\n<\/li>\n<p>Wir haben internationale Zertifizierungen wie ISO9001, CE und SGS erhalten, die gew\u00e4hrleisten, dass die Qualit\u00e4t unserer Produkte internationalen Standards entspricht.<\/p>\n<li>\n<h3>Anpassungsdienste<\/h3>\n<\/li>\n<p>Wir bieten ma\u00dfgeschneiderte L\u00f6sungen an, um den spezifischen Bed\u00fcrfnissen unserer Kunden gerecht zu werden.<\/p>\n<li>\n<h3>Moderne Produktionsausr\u00fcstung<\/h3>\n<\/li>\n<p>Wir verwenden fortschrittliche Produktionsanlagen und Testsysteme, um die Qualit\u00e4t unserer Produkte zu gew\u00e4hrleisten.<\/p>\n<li>\n<h3>Kundendienst<\/h3>\n<\/li>\n<p>Wir bieten Kundendienst und technischen Support, um die langfristige Leistungsf\u00e4higkeit unserer Produkte zu gew\u00e4hrleisten.<\/p>\n<\/ul>\n<p>Autor: lyl<\/p>","protected":false},"excerpt":{"rendered":"<p>Bucket Cylinder For Caterpillar Large Excavator E349DZ Introduction A bucket cylinder is a specially designed hydraulic cylinder that controls the movement of buckets in heavy machinery such as excavators, backhoe loaders, and front-end loaders. Its main function is to allow the bucket to lift, lower, and tilt, making it easier to handle various materials. In [&hellip;]<\/p>","protected":false},"featured_media":14778,"comment_status":"open","ping_status":"closed","template":"","meta":{"_et_pb_use_builder":"","_et_pb_old_content":"","_et_gb_content_width":""},"product_brand":[],"product_cat":[1494],"product_tag":[1495,1496],"class_list":{"0":"post-15244","1":"product","2":"type-product","3":"status-publish","4":"has-post-thumbnail","6":"product_cat-bucket-cylinders","7":"product_tag-bucket-cylinders","8":"product_tag-hydraulic-cylinders","10":"first","11":"instock","12":"shipping-taxable","13":"product-type-simple"},"amp_enabled":true,"_links":{"self":[{"href":"https:\/\/www.hydraulic-cylinders.net\/de\/wp-json\/wp\/v2\/product\/15244","targetHints":{"allow":["GET"]}}],"collection":[{"href":"https:\/\/www.hydraulic-cylinders.net\/de\/wp-json\/wp\/v2\/product"}],"about":[{"href":"https:\/\/www.hydraulic-cylinders.net\/de\/wp-json\/wp\/v2\/types\/product"}],"replies":[{"embeddable":true,"href":"https:\/\/www.hydraulic-cylinders.net\/de\/wp-json\/wp\/v2\/comments?post=15244"}],"wp:featuredmedia":[{"embeddable":true,"href":"https:\/\/www.hydraulic-cylinders.net\/de\/wp-json\/wp\/v2\/media\/14778"}],"wp:attachment":[{"href":"https:\/\/www.hydraulic-cylinders.net\/de\/wp-json\/wp\/v2\/media?parent=15244"}],"wp:term":[{"taxonomy":"product_brand","embeddable":true,"href":"https:\/\/www.hydraulic-cylinders.net\/de\/wp-json\/wp\/v2\/product_brand?post=15244"},{"taxonomy":"product_cat","embeddable":true,"href":"https:\/\/www.hydraulic-cylinders.net\/de\/wp-json\/wp\/v2\/product_cat?post=15244"},{"taxonomy":"product_tag","embeddable":true,"href":"https:\/\/www.hydraulic-cylinders.net\/de\/wp-json\/wp\/v2\/product_tag?post=15244"}],"curies":[{"name":"wp","href":"https:\/\/api.w.org\/{rel}","templated":true}]}}