{"id":15250,"date":"2025-01-19T14:17:37","date_gmt":"2025-01-19T14:17:37","guid":{"rendered":"https:\/\/www.hydraulic-cylinders.net\/product\/bucket-cylinder-for-caterpillar-large-excavator-e345d\/"},"modified":"2025-01-19T14:17:39","modified_gmt":"2025-01-19T14:17:39","slug":"bucket-cylinder-for-caterpillar-large-excavator-e345d","status":"publish","type":"product","link":"https:\/\/www.hydraulic-cylinders.net\/de\/produkt\/bucket-cylinder-for-caterpillar-large-excavator-e345d\/","title":{"rendered":"L\u00f6ffelzylinder f\u00fcr Caterpillar Gro\u00dfbagger E345D"},"content":{"rendered":"<h1>L\u00f6ffelzylinder f\u00fcr Caterpillar Gro\u00dfbagger E345D<\/h1>\n<h2>Einf\u00fchrung<\/h2>\n<p>Der L\u00f6ffelzylinder f\u00fcr den Caterpillar-Gro\u00dfbagger E345D ist ein spezieller Hydraulikzylinder zur Steuerung der L\u00f6ffelbewegung in Baumaschinen wie Baggern, Baggerladern und Radladern. Seine Hauptfunktion besteht darin, das Heben, Senken und Neigen des L\u00f6ffels zu erm\u00f6glichen und so den Umschlag verschiedenster Materialien zu erleichtern. Im Hydrauliksystem gew\u00e4hrleistet der L\u00f6ffelzylinder durch die Druckver\u00e4nderungen des Hydraulik\u00f6ls eine pr\u00e4zise Steuerung des L\u00f6ffels. Dies erlaubt dem Bediener, schwere Lasten effizient zu handhaben und sich an unterschiedliche Arbeitsanforderungen und komplexe Arbeitsumgebungen anzupassen.<\/p>\n<p><img decoding=\"async\" src=\"https:\/\/www.hydraulic-cylinders.net\/wp-content\/uploads\/2025\/01\/songte-company-2.webp\" alt=\"Bild des Schaufelzylinders\"><\/p>\n<h2>Merkmale<\/h2>\n<ul>\n<li>Hohe Festigkeit und Langlebigkeit: Typischerweise aus hochfestem Stahl oder Aluminium gefertigt, h\u00e4lt es hohem Druck und schweren Belastungen stand, ist f\u00fcr raue Arbeitsumgebungen geeignet und wurde mit Blick auf Verschlei\u00df- und Korrosionsbest\u00e4ndigkeit entwickelt, was seine Lebensdauer verl\u00e4ngert.<\/li>\n<li>Effizienter Hydraulikbetrieb: Durch die Nutzung des Hydraulik\u00f6ldrucks f\u00fcr ein sanftes Aus- und Einfahren reagiert das System schnell auf Steuerbefehle, bietet kraftvolle Schub- und Zugkr\u00e4fte und eignet sich f\u00fcr die Handhabung schwerer Lasten und komplexer Arbeitsaufgaben.<\/li>\n<li>Vielseitige Ausf\u00fchrungen: Je nach Bedarf k\u00f6nnen einfachwirkende (hydraulisch in eine Richtung wirkende) oder doppeltwirkende (hydraulisch in zwei Richtungen wirkende) Zylinder ausgew\u00e4hlt werden. Einige Modelle sind teleskopierbar und erm\u00f6glichen so eine gr\u00f6\u00dfere Ausladung ohne Vergr\u00f6\u00dferung der Au\u00dfenabmessungen \u2013 ideal f\u00fcr Anwendungen mit begrenztem Platzangebot.<\/li>\n<li>Anpassbar: Unsere Produkte k\u00f6nnen diese Hydraulikzylinder perfekt ersetzen, und wir bieten Anpassungsdienste an, um spezifische Anforderungen zu erf\u00fcllen.<\/li>\n<li>Wartungsfreundlich: Bei ordnungsgem\u00e4\u00dfer Wartung und Inspektion bietet das Produkt einen zuverl\u00e4ssigen und langlebigen Betrieb.<\/li>\n<\/ul>\n<p><img decoding=\"async\" src=\"https:\/\/www.hydraulic-cylinders.net\/wp-content\/uploads\/2025\/01\/songte-cylinder-head-with-all-kinds-excavator-models.webp\" alt=\"Bild des Schaufelzylinders\"><\/p>\n<h2>Anwendungen<\/h2>\n<p>Der Schaufelzylinder findet in verschiedenen Baumaschinen breite Anwendung. Hier einige Beispiele:<\/p>\n<ul>\n<li>Baumaschinen: Bei Baggern sind sie unverzichtbar zum Graben, Laden und Bewegen von Erde oder Bauschutt. Bei Tiefladern unterst\u00fctzt der L\u00f6ffelzylinder sowohl das Graben als auch das Heben. <\/li>\n<li>Landwirtschaftliche Maschinen: Werden in Frontladern zum Schaufeln, Anheben und Transportieren von Erde, Heu und anderen Materialien eingesetzt. <\/li>\n<li>Bagger: Der Schaufelzylinder erm\u00f6glicht es der Schaufel, in den Boden einzudringen und so Aushubarbeiten durchzuf\u00fchren.<\/li>\n<li>Frontlader: Bei Frontladern helfen sie beim effizienten Anheben und Abladen von G\u00fctern.<\/li>\n<\/ul>\n<h2>Design\u00fcberlegungen und Auswahlkriterien<\/h2>\n<p>Bei der Konstruktion werden Schl\u00fcsselfaktoren wie Tragf\u00e4higkeit, Dichtheit, Langlebigkeit, Sicherheit und Wartungsfreundlichkeit ber\u00fccksichtigt. Hier einige Details:<\/p>\n<ul>\n<li>Tragf\u00e4higkeit: Die Tragf\u00e4higkeit des Zylinders wird durch seinen Bohrungsdurchmesser, seinen Hub und seinen Betriebsdruck bestimmt. <\/li>\n<li>Abdichtung: Verschiedene Dichtungskomponenten wie Kolben- und Stangendichtungen verhindern Leckagen. Als Dichtungsmaterialien werden Polyurethan und Nitrilkautschuk aufgrund ihrer Verschlei\u00dffestigkeit und Langlebigkeit ausgew\u00e4hlt.<\/li>\n<li>Langlebigkeit: Zylinderk\u00f6rper, Kolbenstange und Endkappe bestehen aus hochfesten Materialien, um hohem Druck und hohen Belastungen standzuhalten. Die Oberfl\u00e4che des Zylinderk\u00f6rpers und des Gewindeendes ist feinbearbeitet, um die Verschlei\u00dffestigkeit zu verbessern.<\/li>\n<li>Sicherheit: Sicherheitsmerkmale wie Berstscheiben und R\u00fcckschlagventile sind so konstruiert, dass Unf\u00e4lle durch \u00dcberdruck oder pl\u00f6tzliches Versagen verhindert werden.<\/li>\n<li>Maintenance: Regular maintenance, inspection, and lubrication are necessary to ensure the cylinder&#8217;s long service life.<\/li>\n<\/ul>\n<p><img decoding=\"async\" src=\"https:\/\/www.hydraulic-cylinders.net\/wp-content\/uploads\/2025\/01\/songte-oil-pipes-and-spare-parts.webp\" alt=\"Bild des Schaufelzylinders\"><\/p>\n<h2>Abdichtung und Schmierung<\/h2>\n<p>Der Schaufelzylinder ist mit verschiedenen Dichtungskomponenten, wie Kolben- und Stangendichtungen, ausgestattet, um Leckagen zu verhindern. Es werden Dichtungen aus verschlei\u00dffesten Materialien wie Polyurethan und Nitrilkautschuk verwendet. Zylinderk\u00f6rper, Stange und Endkappe bestehen aus hochfesten Werkstoffen, und die Oberfl\u00e4che des Zylinderk\u00f6rpers sowie das Gewindeende sind feinbearbeitet, um die Verschlei\u00dffestigkeit zu verbessern. Regelm\u00e4\u00dfige Schmierung mit geeignetem Hydraulik\u00f6l ist erforderlich, um einen reibungslosen Betrieb zu gew\u00e4hrleisten und die Lebensdauer des Zylinders zu verl\u00e4ngern.<\/p>\n<h2>Wartung und Reparatur<\/h2>\n<p>Regelm\u00e4\u00dfige Inspektion und Wartung sind notwendig, um den zuverl\u00e4ssigen und langlebigen Betrieb des Schaufelzylinders zu gew\u00e4hrleisten. Hier einige g\u00e4ngige Wartungsarbeiten:<\/p>\n<ul>\n<li>Regelm\u00e4\u00dfige Inspektion: \u00dcberpr\u00fcfen Sie regelm\u00e4\u00dfig den Zylinderk\u00f6rper, den Kolben, die Pleuelstange und die Dichtungen auf Besch\u00e4digungen oder Verschlei\u00df.<\/li>\n<li>Schmierung: Bei Bedarf Schmier\u00f6l auf den Zylinder auftragen.<\/li>\n<li>Dichtungsaustausch: Abgenutzte oder besch\u00e4digte Dichtungen m\u00fcssen ausgetauscht werden, um ein Auslaufen zu verhindern.<\/li>\n<li>Calibration check: Check the cylinder&#8217;s pressure, stroke, and load-carrying capacity to ensure proper operation.<\/li>\n<\/ul>\n<p>Proper installation is also crucial to ensure the cylinder&#8217;s optimal performance. Here are some installation tips:<\/p>\n<ul>\n<li>Richten Sie den Zylinder bei der Montage korrekt aus.<\/li>\n<li>Verwenden Sie geeignete Montagehalterungen, um den Zylinder zu befestigen.<\/li>\n<li>Befolgen Sie die empfohlenen Inspektions-, Reparatur- und Austauschverfahren.<\/li>\n<li>Nutzen Sie unsere Dienstleistungen zum Austausch und zur \u00dcberholung von Komponenten, um die Lebensdauer des Zylinders zu verl\u00e4ngern.<\/li>\n<\/ul>\n<p><img decoding=\"async\" src=\"https:\/\/www.hydraulic-cylinders.net\/wp-content\/uploads\/2025\/01\/songte-chushion-collar.webp\" alt=\"Bild des Schaufelzylinders\"><\/p>\n<h2>Sicherheitsaspekte und Umweltfaktoren<\/h2>\n<p>Bei der Verwendung des Hubzylinders ist es unerl\u00e4sslich, Sicherheitsma\u00dfnahmen und Vorsichtsma\u00dfnahmen zu beachten, um Unf\u00e4lle und Verletzungen zu vermeiden. Auch Umweltfaktoren wie \u00d6laustritt und Abfallentsorgung m\u00fcssen ber\u00fccksichtigt werden, um negative Umweltauswirkungen zu minimieren.<\/p>\n<h2>Fehlerbehebung und h\u00e4ufige Probleme<\/h2>\n<p>Hier sind einige h\u00e4ufige Probleme, die bei der Verwendung des Schaufelzylinders auftreten k\u00f6nnen:<\/p>\n<ul>\n<li>\u00d6laustritt: \u00dcberpr\u00fcfen Sie die Dichtungen und andere Bauteile auf Besch\u00e4digungen oder Verschlei\u00df.<\/li>\n<li>Malfunctioning: Check the cylinder&#8217;s pressure, stroke, and load-carrying capacity.<\/li>\n<li>\u00dcberhitzung: \u00dcberpr\u00fcfen Sie den Hydraulik\u00f6lstand und die Qualit\u00e4t und stellen Sie eine ordnungsgem\u00e4\u00dfe Schmierung sicher.<\/li>\n<\/ul>\n<p>Sollten Sie auf eines dieser Probleme sto\u00dfen, konsultieren Sie bitte das Benutzerhandbuch oder wenden Sie sich an unseren Kundendienst, um L\u00f6sungen zur Fehlerbehebung und Reparatur zu erhalten.<\/p>\n<p><img decoding=\"async\" src=\"https:\/\/www.hydraulic-cylinders.net\/wp-content\/uploads\/2025\/01\/songte-bushings-with-all-kinds-of-excavator-models.webp\" alt=\"Bild des Schaufelzylinders\"><\/p>\n<h2>\u00dcber unser Unternehmen<\/h2>\n<p>Wir sind ein Hersteller von Hydraulikzylinder-Ersatzteilen und bieten eine breite Produktpalette an, um uns als einer der f\u00fchrenden Hersteller und Gro\u00dfh\u00e4ndler von Hydraulikzylindern auf dem nationalen und internationalen Markt zu etablieren. Wir setzen auf h\u00f6chste Qualit\u00e4t und nutzen bew\u00e4hrte Produktionsmanagementstrategien in unseren modernen Fertigungswerkst\u00e4tten. Durch die kontinuierliche Optimierung unserer Fertigungsprozesse und die Perfektionierung der Produktion hochwertiger Produkte sowie unsere hohe Innovationskraft erf\u00fcllen wir die vielf\u00e4ltigen Kundenbed\u00fcrfnisse mit hocheffizienten, pr\u00e4zisen und qualitativ hochwertigen Produkten. <\/p>\n<p><img decoding=\"async\" src=\"https:\/\/hzpt.com\/wp-content\/uploads\/2024\/11\/songte-company-1.webp\" alt=\"Bild des Schaufelzylinders\"><\/p>\n<h3>Unsere Vorteile<\/h3>\n<ul>\n<li>Professionalit\u00e4t: Wir verf\u00fcgen \u00fcber ein professionelles technisches Team und moderne Ausr\u00fcstung, um qualitativ hochwertige Produkte und Dienstleistungen anzubieten.<\/li>\n<li>Internationale Zertifizierungen: Unsere Produkte sind nach internationalen Standards wie ISO und CE zertifiziert.<\/li>\n<li>Individualisierung: Wir bieten Individualisierungsdienste an, um spezifische Anforderungen zu erf\u00fcllen.<\/li>\n<li>Produktionsanlagen: Wir verwenden moderne digitale Fertigungsanlagen, um Produktqualit\u00e4t und Effizienz zu gew\u00e4hrleisten.<\/li>\n<li>Kundendienst: Wir bieten umfassende Kundendienstleistungen und technischen Support, um die Kundenzufriedenheit zu gew\u00e4hrleisten.<\/li>\n<\/ul>\n<p>Autorin lyl.<\/p>","protected":false},"excerpt":{"rendered":"<p>Bucket Cylinder For Caterpillar Large Excavator E345D Introduction The bucket cylinder for Caterpillar large excavator E345D is a specialized hydraulic cylinder designed to control the movement of the bucket in heavy machinery such as excavators, backhoe excavators, and front-end loaders. Its main function is to enable the bucket to lift, lower, and tilt, facilitating the [&hellip;]<\/p>","protected":false},"featured_media":14762,"comment_status":"open","ping_status":"closed","template":"","meta":{"_et_pb_use_builder":"","_et_pb_old_content":"","_et_gb_content_width":""},"product_brand":[],"product_cat":[1494],"product_tag":[1495,1496],"class_list":{"0":"post-15250","1":"product","2":"type-product","3":"status-publish","4":"has-post-thumbnail","6":"product_cat-bucket-cylinders","7":"product_tag-bucket-cylinders","8":"product_tag-hydraulic-cylinders","10":"first","11":"instock","12":"shipping-taxable","13":"product-type-simple"},"amp_enabled":true,"_links":{"self":[{"href":"https:\/\/www.hydraulic-cylinders.net\/de\/wp-json\/wp\/v2\/product\/15250","targetHints":{"allow":["GET"]}}],"collection":[{"href":"https:\/\/www.hydraulic-cylinders.net\/de\/wp-json\/wp\/v2\/product"}],"about":[{"href":"https:\/\/www.hydraulic-cylinders.net\/de\/wp-json\/wp\/v2\/types\/product"}],"replies":[{"embeddable":true,"href":"https:\/\/www.hydraulic-cylinders.net\/de\/wp-json\/wp\/v2\/comments?post=15250"}],"wp:featuredmedia":[{"embeddable":true,"href":"https:\/\/www.hydraulic-cylinders.net\/de\/wp-json\/wp\/v2\/media\/14762"}],"wp:attachment":[{"href":"https:\/\/www.hydraulic-cylinders.net\/de\/wp-json\/wp\/v2\/media?parent=15250"}],"wp:term":[{"taxonomy":"product_brand","embeddable":true,"href":"https:\/\/www.hydraulic-cylinders.net\/de\/wp-json\/wp\/v2\/product_brand?post=15250"},{"taxonomy":"product_cat","embeddable":true,"href":"https:\/\/www.hydraulic-cylinders.net\/de\/wp-json\/wp\/v2\/product_cat?post=15250"},{"taxonomy":"product_tag","embeddable":true,"href":"https:\/\/www.hydraulic-cylinders.net\/de\/wp-json\/wp\/v2\/product_tag?post=15250"}],"curies":[{"name":"wp","href":"https:\/\/api.w.org\/{rel}","templated":true}]}}