{"id":15252,"date":"2025-01-19T14:17:45","date_gmt":"2025-01-19T14:17:45","guid":{"rendered":"https:\/\/www.hydraulic-cylinders.net\/product\/bucket-cylinder-for-caterpillar-large-excavator-e336dz-d2l\/"},"modified":"2025-01-19T14:17:46","modified_gmt":"2025-01-19T14:17:46","slug":"bucket-cylinder-for-caterpillar-large-excavator-e336dz-d2l","status":"publish","type":"product","link":"https:\/\/www.hydraulic-cylinders.net\/de\/produkt\/bucket-cylinder-for-caterpillar-large-excavator-e336dz-d2l\/","title":{"rendered":"L\u00f6ffelzylinder f\u00fcr Caterpillar Gro\u00dfbagger E336DZ\/D2L"},"content":{"rendered":"<p><!DOCTYPE html><br \/>\n<html><br \/>\n<head><br \/>\n<title>L\u00f6ffelzylinder f\u00fcr Caterpillar Gro\u00dfbagger E336DZ\/D2L<\/title><br \/>\n<\/head><br \/>\n<body><\/p>\n<h1>L\u00f6ffelzylinder f\u00fcr Caterpillar Gro\u00dfbagger E336DZ\/D2L<\/h1>\n<h2>Einf\u00fchrung<\/h2>\n<p>Der Schaufelzylinder f\u00fcr den Caterpillar-Gro\u00dfbagger E336DZ\/D2L ist ein speziell entwickelter Hydraulikzylinder zur Steuerung der Schaufelbewegung in Baumaschinen wie Baggern, Radladern und Baggerladern. Seine Hauptfunktion besteht darin, das Heben, Senken und Neigen der Schaufel f\u00fcr verschiedene Materialumschlagsaufgaben zu erm\u00f6glichen. Im Hydrauliksystem gew\u00e4hrleistet der Schaufelzylinder eine pr\u00e4zise Steuerung der Schaufel durch die Nutzung von Druck\u00e4nderungen im Hydraulik\u00f6l. Dies erm\u00f6glicht dem Bediener, schwere Lasten effizient zu handhaben und sich an komplexe Arbeitsumgebungen und vielf\u00e4ltige Aufgaben anzupassen.<\/p>\n<p><img decoding=\"async\" src=\"https:\/\/www.hydraulic-cylinders.net\/wp-content\/uploads\/2025\/01\/songte-company-2.webp\" alt=\"Bild des Schaufelzylinders\"><\/p>\n<h2>Merkmale<\/h2>\n<ul>\n<li><strong>Hohe Festigkeit und Haltbarkeit:<\/strong> Der aus hochfestem Stahl oder Aluminium gefertigte Schaufelzylinder h\u00e4lt hohem Druck und schweren Lasten stand und eignet sich f\u00fcr raue Arbeitsumgebungen. Seine Konstruktion ber\u00fccksichtigt Verschlei\u00df- und Korrosionsbest\u00e4ndigkeit und verl\u00e4ngert so seine Lebensdauer.<\/li>\n<li><strong>Effizienter Hydraulikbetrieb:<\/strong> Durch die Nutzung des Drucks des Hydraulik\u00f6ls erm\u00f6glicht der Zylinder des L\u00f6ffels ein gleichm\u00e4\u00dfiges Aus- und Einfahren, reagiert schnell auf Steuerbefehle und liefert kraftvolle Schub- und Zugkr\u00e4fte, wodurch er sich f\u00fcr die Handhabung schwerer Lasten und komplexer Aufgaben eignet.<\/li>\n<li><strong>Verschiedene Typen:<\/strong> Der Schaufelzylinder kann je nach Einsatzbedarf als einfachwirkender (Hydraulik wirkt nur in eine Richtung) oder doppeltwirkender (Hydraulik wirkt in beide Richtungen) Zylinder ausgew\u00e4hlt werden. Einige Modelle sind teleskopierbar und erm\u00f6glichen so eine gr\u00f6\u00dfere Ausladung ohne Vergr\u00f6\u00dferung der Au\u00dfenabmessungen. Dadurch eignen sie sich besonders f\u00fcr Anwendungen mit beengten Platzverh\u00e4ltnissen.<\/li>\n<li><strong>Perfekter Ersatz:<\/strong> Unsere Produkte k\u00f6nnen diese Hydraulikzylinder perfekt ersetzen und bieten hervorragende Leistung und Kompatibilit\u00e4t.<\/li>\n<\/ul>\n<p><img decoding=\"async\" src=\"https:\/\/www.hydraulic-cylinders.net\/wp-content\/uploads\/2025\/01\/songte-cylinder-head-with-all-kinds-excavator-models.webp\" alt=\"Produktersatz\"><\/p>\n<h2>Anwendungen<\/h2>\n<ul>\n<li><strong>Baumaschinen:<\/strong> Sie sind in Baggern unverzichtbar zum Ausheben, Laden und Bewegen von Erde oder Schutt. Bei Baggerladern unterst\u00fctzt der Schaufelzylinder sowohl das Ausheben als auch das Heben.<\/li>\n<li><strong>Landmaschinen:<\/strong> Sie werden in Frontladern eingesetzt und dienen zum Schaufeln, Anheben und Transportieren von Erde, Heu und anderen Materialien.<\/li>\n<li><strong>Bagger:<\/strong> Der Zylinder des L\u00f6ffels erm\u00f6glicht Grabvorg\u00e4nge, indem er das Eindringen des L\u00f6ffels in den Boden erlaubt.<\/li>\n<li><strong>Radlader:<\/strong> Bei Frontladern helfen sie beim effektiven Anheben und Abladen von G\u00fctern.<\/li>\n<\/ul>\n<h2>Design\u00fcberlegungen und Auswahlkriterien<\/h2>\n<ul>\n<li><strong>Belastbarkeit:<\/strong> Er\u00f6rtern Sie die Tragf\u00e4higkeit des Zylinders und wie diese den Auswahlprozess beeinflusst.<\/li>\n<li><strong>Versiegelung:<\/strong> Betonen Sie die Wichtigkeit der Verwendung verschiedener Dichtungselemente, wie z. B. Kolbendichtungen und Pleueldichtungen aus verschlei\u00dffesten Materialien wie Polyurethan und Nitrilkautschuk.<\/li>\n<li><strong>Haltbarkeit:<\/strong> Er\u00f6rtern Sie die Haltbarkeit des Zylinders und wie der Zylinderk\u00f6rper und die Gewindeenden feinbearbeitet werden, um die Verschlei\u00dffestigkeit zu erh\u00f6hen.<\/li>\n<li><strong>Sicherheit:<\/strong> Er\u00f6rtern Sie Sicherheitsaspekte bei der Konstruktion, wie z. B. die Verhinderung von Zylinderausf\u00e4llen und die Bereitstellung von Sicherheitsvorkehrungen f\u00fcr die Bediener.<\/li>\n<li><strong>Wartbarkeit:<\/strong> Besprechen Sie die Wartungsfreundlichkeit, einschlie\u00dflich regelm\u00e4\u00dfiger Kontrollen, Schmierung und Dichtungsaustausch.<\/li>\n<\/ul>\n<p><img decoding=\"async\" src=\"https:\/\/www.hydraulic-cylinders.net\/wp-content\/uploads\/2025\/01\/songte-oil-pipes-and-spare-parts.webp\" alt=\"Abdichtung und Schmierung\"><\/p>\n<h2>Wartung und Fehlerbehebung<\/h2>\n<ul>\n<li><strong>Regelm\u00e4\u00dfige Inspektionen:<\/strong> Betonen Sie die Wichtigkeit regelm\u00e4\u00dfiger Inspektionen, um etwaige Probleme oder potenzielle Schwierigkeiten fr\u00fchzeitig zu erkennen.<\/li>\n<li><strong>Richtige Schmierung:<\/strong> Erl\u00e4utern Sie die Bedeutung einer ausreichenden Schmierung f\u00fcr einen reibungslosen Betrieb und zur Vermeidung vorzeitigen Verschlei\u00dfes.<\/li>\n<li><strong>Dichtungswechsel:<\/strong> Beschreiben Sie den Vorgang des Austauschs verschlissener Dichtungen, um die Effizienz des Zylinders aufrechtzuerhalten und Leckagen zu verhindern.<\/li>\n<li><strong>Kalibrierungspr\u00fcfungen:<\/strong> Betonen Sie die Notwendigkeit regelm\u00e4\u00dfiger Kalibrierungspr\u00fcfungen, um eine genaue Leistung zu gew\u00e4hrleisten.<\/li>\n<\/ul>\n<p><img decoding=\"async\" src=\"https:\/\/www.hydraulic-cylinders.net\/wp-content\/uploads\/2025\/01\/songte-chushion-collar.webp\" alt=\"Wartungsaufgaben\"><\/p>\n<h2>Sicherheitsaspekte und Umweltfaktoren<\/h2>\n<p>Erl\u00e4utern Sie die Bedeutung von Sicherheitsma\u00dfnahmen beim Einsatz des Hubzylinders und wie diese zu einem sicheren Arbeitsumfeld beitragen. Gehen Sie auf Umweltfaktoren ein, die die Leistung oder Wartung des Zylinders beeinflussen k\u00f6nnen.<\/p>\n<p><img decoding=\"async\" src=\"https:\/\/www.hydraulic-cylinders.net\/wp-content\/uploads\/2025\/01\/songte-bushings-with-all-kinds-of-excavator-models.webp\" alt=\"Sicherheitsma\u00dfnahmen\"><\/p>\n<h2>Fehlerdiagnose und Fehlerbehebung<\/h2>\n<p>Erstellen Sie eine umfassende Liste h\u00e4ufiger Fehler und Probleme, die beim Einsatz des Schaufelzylinders auftreten k\u00f6nnen. Geben Sie Tipps und L\u00f6sungen zur Diagnose und Behebung dieser Probleme sowie vorbeugende Ma\u00dfnahmen zur Minimierung potenzieller Probleme.<\/p>\n<h2>\u00dcber unser Unternehmen<\/h2>\n<p>Wir sind Hersteller von Hydraulikzylindern und bieten ein breites Produktsortiment an. Wir z\u00e4hlen zu den f\u00fchrenden Herstellern und Gro\u00dfh\u00e4ndlern von Hydraulikzylindern auf nationalen und internationalen M\u00e4rkten. Unser Fokus liegt auf exzellenter Qualit\u00e4t. In unseren modernen Fertigungsanlagen setzen wir auf industrialisierte Produktionsmanagementstrategien. Wir optimieren kontinuierlich unsere Fertigungsplattform und unsere Produktionsprozesse und verf\u00fcgen \u00fcber ausgepr\u00e4gte Innovationskraft. Dank unserer Prinzipien \u2013 hohe Effizienz, h\u00f6chste Pr\u00e4zision und h\u00f6chste Qualit\u00e4t \u2013 k\u00f6nnen wir die vielf\u00e4ltigen Bed\u00fcrfnisse unserer Kunden erf\u00fcllen.<\/p>\n<p><img decoding=\"async\" src=\"https:\/\/www.hydraulic-cylinders.net\/wp-content\/uploads\/2025\/01\/songte-company-3.webp\" alt=\"Firmenimage\"><\/p>\n<h3>Professionalit\u00e4t:<\/h3>\n<p>Er\u00f6rtern Sie die Professionalit\u00e4t, das Fachwissen und die Erfahrung unseres Unternehmens in der Branche.<\/p>\n<h3>Internationale Zertifizierungen:<\/h3>\n<p>Heben Sie die internationalen Zertifizierungen hervor, die unser Unternehmen erhalten hat, um die Produktqualit\u00e4t und die Einhaltung der Branchenstandards sicherzustellen.<\/p>\n<h3>Anpassungsdienstleistungen:<\/h3>\n<p>Erl\u00e4utern Sie die F\u00e4higkeit unseres Unternehmens, kundenspezifische Anpassungsleistungen anzubieten, um den individuellen Anforderungen unserer Kunden gerecht zu werden.<\/p>\n<h3>Produktionsanlagen:<\/h3>\n<p>Erl\u00e4utern Sie die fortschrittlichen Produktionsanlagen, die wir besitzen und die es uns erm\u00f6glichen, qualitativ hochwertige Hydraulikzylinder herzustellen.<\/p>\n<h3>Kundendienst:<\/h3>\n<p>Wir betonen unser Engagement f\u00fcr einen exzellenten Kundendienst, einschlie\u00dflich Reparatur- und Ersatzleistungen, um die Kundenzufriedenheit zu gew\u00e4hrleisten.<\/p>\n<h4>Autor: lyl<\/h4>\n<p><\/body><br \/>\n<\/html><\/p>","protected":false},"excerpt":{"rendered":"<p>Bucket Cylinder For Caterpillar Large Excavator E336DZ\/D2L Bucket Cylinder For Caterpillar Large Excavator E336DZ\/D2L Introduction The bucket cylinder for Caterpillar large excavator E336DZ\/D2L is a specially designed hydraulic cylinder used to control the movement of the bucket in heavy machinery such as excavators, backhoe loaders, and wheel loaders. Its main function is to enable the [&hellip;]<\/p>","protected":false},"featured_media":14789,"comment_status":"open","ping_status":"closed","template":"","meta":{"_et_pb_use_builder":"","_et_pb_old_content":"","_et_gb_content_width":""},"product_brand":[],"product_cat":[1494],"product_tag":[1495,1496],"class_list":{"0":"post-15252","1":"product","2":"type-product","3":"status-publish","4":"has-post-thumbnail","6":"product_cat-bucket-cylinders","7":"product_tag-bucket-cylinders","8":"product_tag-hydraulic-cylinders","10":"first","11":"instock","12":"shipping-taxable","13":"product-type-simple"},"amp_enabled":true,"_links":{"self":[{"href":"https:\/\/www.hydraulic-cylinders.net\/de\/wp-json\/wp\/v2\/product\/15252","targetHints":{"allow":["GET"]}}],"collection":[{"href":"https:\/\/www.hydraulic-cylinders.net\/de\/wp-json\/wp\/v2\/product"}],"about":[{"href":"https:\/\/www.hydraulic-cylinders.net\/de\/wp-json\/wp\/v2\/types\/product"}],"replies":[{"embeddable":true,"href":"https:\/\/www.hydraulic-cylinders.net\/de\/wp-json\/wp\/v2\/comments?post=15252"}],"wp:featuredmedia":[{"embeddable":true,"href":"https:\/\/www.hydraulic-cylinders.net\/de\/wp-json\/wp\/v2\/media\/14789"}],"wp:attachment":[{"href":"https:\/\/www.hydraulic-cylinders.net\/de\/wp-json\/wp\/v2\/media?parent=15252"}],"wp:term":[{"taxonomy":"product_brand","embeddable":true,"href":"https:\/\/www.hydraulic-cylinders.net\/de\/wp-json\/wp\/v2\/product_brand?post=15252"},{"taxonomy":"product_cat","embeddable":true,"href":"https:\/\/www.hydraulic-cylinders.net\/de\/wp-json\/wp\/v2\/product_cat?post=15252"},{"taxonomy":"product_tag","embeddable":true,"href":"https:\/\/www.hydraulic-cylinders.net\/de\/wp-json\/wp\/v2\/product_tag?post=15252"}],"curies":[{"name":"wp","href":"https:\/\/api.w.org\/{rel}","templated":true}]}}