{"id":15264,"date":"2025-01-19T14:18:38","date_gmt":"2025-01-19T14:18:38","guid":{"rendered":"https:\/\/www.hydraulic-cylinders.net\/product\/bucket-cylinder-for-caterpillar-wheel-excavator-m315dz\/"},"modified":"2025-01-19T14:18:40","modified_gmt":"2025-01-19T14:18:40","slug":"bucket-cylinder-for-caterpillar-wheel-excavator-m315dz","status":"publish","type":"product","link":"https:\/\/www.hydraulic-cylinders.net\/de\/produkt\/bucket-cylinder-for-caterpillar-wheel-excavator-m315dz\/","title":{"rendered":"Schaufelzylinder f\u00fcr Caterpillar-Radbagger M315DZ"},"content":{"rendered":"<p><!DOCTYPE html><br \/>\n<html><br \/>\n<head><br \/>\n<title>Schaufelzylinder f\u00fcr Caterpillar-Radbagger M315DZ<\/title><br \/>\n<\/head><br \/>\n<body><\/p>\n<h1>Schaufelzylinder f\u00fcr Caterpillar-Radbagger M315DZ<\/h1>\n<p><img decoding=\"async\" src=\"https:\/\/hzpt.com\/wp-content\/uploads\/2024\/11\/songte-company-1.webp\" alt=\"Abbildung des Produkts\"><\/p>\n<h2>Produktdefinition<\/h2>\n<p>Ein Schaufelzylinder ist ein speziell entwickelter Hydraulikzylinder, der die Bewegung der Schaufel in Baumaschinen wie Baggern, Radladern und Baggerladern steuert. Seine Hauptfunktion besteht darin, das Heben, Senken und Neigen der Schaufel zu erm\u00f6glichen und so verschiedene Materialumschlagsaufgaben zu erleichtern. In einem Hydrauliksystem erm\u00f6glicht der Schaufelzylinder die pr\u00e4zise Steuerung der Schaufel durch die Nutzung von \u00c4nderungen des Hydraulik\u00f6ldrucks. Dadurch k\u00f6nnen Bediener schwere Lasten effizient handhaben und sich an unterschiedliche Arbeitsumgebungen und -anforderungen anpassen.<\/p>\n<h3>Merkmale<\/h3>\n<ul>\n<li>Hohe Festigkeit und Langlebigkeit: Typischerweise aus hochfestem Stahl oder Aluminium gefertigt, widerstehen sie hohem Druck und schweren Belastungen und eignen sich f\u00fcr raue Arbeitsumgebungen. Sie sind verschlei\u00df- und korrosionsbest\u00e4ndig konstruiert, um ihre Lebensdauer zu verl\u00e4ngern.<\/li>\n<li>Effizienter Hydraulikbetrieb: Nutzt den Hydraulik\u00f6ldruck f\u00fcr ein sanftes Aus- und Einfahren, eine schnelle Reaktion auf Steuerbefehle und bietet eine starke Schub- und Zugkraft, die f\u00fcr die Handhabung schwerer Lasten und komplexer Aufgaben geeignet ist.<\/li>\n<li>Verschiedene Typen: W\u00e4hlen Sie je nach Bedarf zwischen einfachwirkenden (Hydraulik nur in eine Richtung) und doppeltwirkenden (Hydraulik in beide Richtungen) Zylindern. Einige Modelle sind teleskopierbar und erm\u00f6glichen so eine gr\u00f6\u00dfere Reichweite ohne Vergr\u00f6\u00dferung der Au\u00dfenabmessungen \u2013 ideal f\u00fcr Anwendungen mit beengten Platzverh\u00e4ltnissen.<\/li>\n<li>Perfekter Ersatz: Unser Produkt kann diese Hydraulikzylinder perfekt ersetzen.<\/li>\n<\/ul>\n<p><img decoding=\"async\" src=\"https:\/\/www.hydraulic-cylinders.net\/wp-content\/uploads\/2025\/01\/songte-cylinder-head-with-all-kinds-excavator-models.webp\" alt=\"Abbildung des Produkts\"><\/p>\n<h2>Anwendungen<\/h2>\n<ul>\n<li>Baumaschinen: Sie sind in Baggern unverzichtbar zum Ausheben, Laden und Bewegen von Erde oder Bauschutt. In Baggerladern unterst\u00fctzen die Schaufelzylinder sowohl das Ausheben als auch das Heben.<\/li>\n<li>Landwirtschaftliche Maschinen: Wird in Frontladern zum Schaufeln, Heben und Transportieren von Erde, Heu und anderen Materialien verwendet.<\/li>\n<li>Bagger: Schaufelzylinder erm\u00f6glichen Grabvorg\u00e4nge, indem sie es der Schaufel erm\u00f6glichen, in den Boden einzudringen.<\/li>\n<li>Radlader: Bei Frontladern helfen sie effektiv beim Anheben und Abladen von Ladung.<\/li>\n<\/ul>\n<h2>Design\u00fcberlegungen und Auswahlkriterien<\/h2>\n<p>Bei der Konstruktion sind wichtige Aspekte wie Tragf\u00e4higkeit, Dichtheit, Langlebigkeit, Sicherheit und Wartungsfreundlichkeit zu ber\u00fccksichtigen.<\/p>\n<p><img decoding=\"async\" src=\"https:\/\/www.hydraulic-cylinders.net\/wp-content\/uploads\/2025\/01\/songte-oil-pipes-and-spare-parts.webp\" alt=\"Abbildung des Produkts\"><\/p>\n<h2>Abdichtung und Schmierung<\/h2>\n<p>Der Schaufelzylinder verwendet verschiedene Dichtungselemente wie Kolben- und Stangendichtungen aus verschlei\u00dffesten Materialien wie Polyurethan und Nitrilkautschuk. Zylinderk\u00f6rper und Gewindeendfl\u00e4chen sind feinbearbeitet, um die Verschlei\u00dffestigkeit zu verbessern. Regelm\u00e4\u00dfige Schmierung mit geeignetem Hydraulik\u00f6l ist f\u00fcr einen reibungslosen Betrieb unerl\u00e4sslich.<\/p>\n<h2>Regelm\u00e4\u00dfige Inspektion und vorbeugende Wartung<\/h2>\n<p>Um eine optimale Leistung zu gew\u00e4hrleisten, sollten regelm\u00e4\u00dfige Inspektionen und vorbeugende Wartungsma\u00dfnahmen durchgef\u00fchrt werden. Dazu geh\u00f6ren die \u00dcberpr\u00fcfung auf Verschlei\u00df- oder Besch\u00e4digungsspuren, die Sicherstellung einer ausreichenden Schmierung und der gegebenenfalls erforderliche Austausch von Dichtungen.<\/p>\n<h2>Produktinstallationshandbuch<\/h2>\n<p>Proper installation is crucial for the bucket cylinder&#8217;s performance. Alignment guidance should be followed, and the use of suitable installation brackets to secure the cylinder is recommended. The installation guide provides recommended procedures for inspection, repairs, and component replacement, along with tips to prolong the lifespan of the cylinder.<\/p>\n<p><img decoding=\"async\" src=\"https:\/\/www.hydraulic-cylinders.net\/wp-content\/uploads\/2025\/01\/songte-chushion-collar.webp\" alt=\"Abbildung des Produkts\"><\/p>\n<h2>Sicherheitsaspekte und Umweltfaktoren<\/h2>\n<p>Bei der Verwendung des Eimerzylinders ist es wichtig, die Sicherheitsma\u00dfnahmen einzuhalten, um Unf\u00e4lle zu vermeiden. Die Ber\u00fccksichtigung von Umweltfaktoren wie die ordnungsgem\u00e4\u00dfe Abfallentsorgung und die Minimierung von Fl\u00fcssigkeitsverlusten sind unerl\u00e4sslich f\u00fcr ein sicheres und umweltfreundliches Arbeitsumfeld.<\/p>\n<h2>Fehlerbehebung und h\u00e4ufige Probleme<\/h2>\n<p>Im Falle von St\u00f6rungen ist es wichtig, h\u00e4ufig auftretende Probleme umgehend zu diagnostizieren und zu beheben. Dieser Abschnitt bietet Tipps und L\u00f6sungen zur Fehlerbehebung, die Lesern helfen, Probleme effektiv zu erkennen und zu l\u00f6sen. Zus\u00e4tzlich werden vorbeugende Ma\u00dfnahmen vorgeschlagen, um potenzielle Probleme zu minimieren.<\/p>\n<p><img decoding=\"async\" src=\"https:\/\/www.hydraulic-cylinders.net\/wp-content\/uploads\/2025\/01\/songte-bushings-with-all-kinds-of-excavator-models.webp\" alt=\"Abbildung des Produkts\"><\/p>\n<p>Denken Sie daran, den Artikel logisch zu strukturieren, verwenden Sie Unter\u00fcberschriften zur einfachen Navigation, f\u00fcgen Sie relevante Bilder oder Diagramme zum besseren Verst\u00e4ndnis ein und stellen Sie sicher, dass der Inhalt klar, pr\u00e4gnant und f\u00fcr Leser mit unterschiedlichem technischen Kenntnisstand geeignet ist.<\/p>\n<h1>\u00dcber unser Unternehmen<\/h1>\n<p><img decoding=\"async\" src=\"https:\/\/www.hydraulic-cylinders.net\/wp-content\/uploads\/2025\/01\/songte-company-3.webp\" alt=\"Firmenimage\"><\/p>\n<p>Wir sind Hersteller von Hydraulikzylindern und einer der f\u00fchrenden Hersteller und Gro\u00dfh\u00e4ndler auf dem nationalen und internationalen Markt. Unser Unternehmen verfolgt eine Strategie des industrialisierten Produktionsmanagements und setzt dabei auf exzellente Qualit\u00e4t, modernste Fertigungsanlagen, qualifizierte Fachkr\u00e4fte, fortschrittliche digitale Fertigungstechnik und professionelle Testsysteme. Wir optimieren kontinuierlich unsere Fertigungsplattform, perfektionieren unsere Produktionsprozesse und verf\u00fcgen \u00fcber ausgepr\u00e4gte Innovationskraft. Unser Ziel ist es, die vielf\u00e4ltigen Kundenbed\u00fcrfnisse mit h\u00f6chster Effizienz, Pr\u00e4zision und Qualit\u00e4t zu erf\u00fcllen.<\/p>\n<h2>Highlights unseres Unternehmens<\/h2>\n<ul>\n<li>Professionalit\u00e4t: Wir legen in allen Bereichen unserer Gesch\u00e4ftst\u00e4tigkeit Wert auf Professionalit\u00e4t und gew\u00e4hrleisten so qualitativ hochwertige Produkte und Dienstleistungen.<\/li>\n<li>Internationale Zertifizierung: Wir verf\u00fcgen \u00fcber einschl\u00e4gige internationale Zertifizierungen, die unser Engagement f\u00fcr die Einhaltung von Branchenstandards belegen.<\/li>\n<li>Anpassungsservices: Wir bieten Anpassungsservices an, um spezifische Kundenanforderungen zu erf\u00fcllen.<\/li>\n<li>Produktionsanlagen: Ausgestattet mit modernsten Produktionsanlagen, um Pr\u00e4zision und Effizienz zu gew\u00e4hrleisten.<\/li>\n<li>Kundendienst: Wir bieten umfassende Kundendienstleistungen an, um die Kundenzufriedenheit zu gew\u00e4hrleisten.<\/li>\n<\/ul>\n<footer>Autor: lyl<\/footer>\n<p><\/body><br \/>\n<\/html><\/p>","protected":false},"excerpt":{"rendered":"<p>Bucket Cylinder For Caterpillar Wheel Excavator M315DZ Bucket Cylinder For Caterpillar Wheel Excavator M315DZ Product Definition A bucket cylinder is a specially designed hydraulic cylinder used to control the movement of the bucket in heavy machinery such as excavators, backhoe loaders, and wheel loaders. Its main function is to enable the bucket to be lifted, [&hellip;]<\/p>","protected":false},"featured_media":14765,"comment_status":"open","ping_status":"closed","template":"","meta":{"_et_pb_use_builder":"","_et_pb_old_content":"","_et_gb_content_width":""},"product_brand":[],"product_cat":[1494],"product_tag":[1495,1496],"class_list":{"0":"post-15264","1":"product","2":"type-product","3":"status-publish","4":"has-post-thumbnail","6":"product_cat-bucket-cylinders","7":"product_tag-bucket-cylinders","8":"product_tag-hydraulic-cylinders","10":"first","11":"instock","12":"shipping-taxable","13":"product-type-simple"},"amp_enabled":true,"_links":{"self":[{"href":"https:\/\/www.hydraulic-cylinders.net\/de\/wp-json\/wp\/v2\/product\/15264","targetHints":{"allow":["GET"]}}],"collection":[{"href":"https:\/\/www.hydraulic-cylinders.net\/de\/wp-json\/wp\/v2\/product"}],"about":[{"href":"https:\/\/www.hydraulic-cylinders.net\/de\/wp-json\/wp\/v2\/types\/product"}],"replies":[{"embeddable":true,"href":"https:\/\/www.hydraulic-cylinders.net\/de\/wp-json\/wp\/v2\/comments?post=15264"}],"wp:featuredmedia":[{"embeddable":true,"href":"https:\/\/www.hydraulic-cylinders.net\/de\/wp-json\/wp\/v2\/media\/14765"}],"wp:attachment":[{"href":"https:\/\/www.hydraulic-cylinders.net\/de\/wp-json\/wp\/v2\/media?parent=15264"}],"wp:term":[{"taxonomy":"product_brand","embeddable":true,"href":"https:\/\/www.hydraulic-cylinders.net\/de\/wp-json\/wp\/v2\/product_brand?post=15264"},{"taxonomy":"product_cat","embeddable":true,"href":"https:\/\/www.hydraulic-cylinders.net\/de\/wp-json\/wp\/v2\/product_cat?post=15264"},{"taxonomy":"product_tag","embeddable":true,"href":"https:\/\/www.hydraulic-cylinders.net\/de\/wp-json\/wp\/v2\/product_tag?post=15264"}],"curies":[{"name":"wp","href":"https:\/\/api.w.org\/{rel}","templated":true}]}}