{"id":15266,"date":"2025-01-19T14:18:46","date_gmt":"2025-01-19T14:18:46","guid":{"rendered":"https:\/\/www.hydraulic-cylinders.net\/product\/bucket-cylinder-for-doosan-small-excavator-dh55g\/"},"modified":"2025-01-19T14:18:48","modified_gmt":"2025-01-19T14:18:48","slug":"bucket-cylinder-for-doosan-small-excavator-dh55g","status":"publish","type":"product","link":"https:\/\/www.hydraulic-cylinders.net\/de\/produkt\/bucket-cylinder-for-doosan-small-excavator-dh55g\/","title":{"rendered":"L\u00f6ffelzylinder f\u00fcr Doosan Kleinbagger DH55G"},"content":{"rendered":"<h1>L\u00f6ffelzylinder f\u00fcr Doosan Kleinbagger DH55G<\/h1>\n<h2>Einf\u00fchrung<\/h2>\n<p>Der L\u00f6ffelzylinder f\u00fcr den Doosan-Kleinbagger DH55G ist ein spezieller Hydraulikzylinder zur Steuerung der L\u00f6ffelbewegung in Baumaschinen wie Baggern, Radladern und Baggerladern. Seine Hauptfunktion besteht darin, das Heben, Senken und Neigen des L\u00f6ffels zu erm\u00f6glichen und so verschiedene Materialumschlagsaufgaben zu erleichtern. Im Hydrauliksystem gew\u00e4hrleistet der L\u00f6ffelzylinder eine pr\u00e4zise Steuerung des L\u00f6ffels durch die Nutzung von Druck\u00e4nderungen im Hydraulik\u00f6l. Dies erm\u00f6glicht dem Bediener, schwere Lasten effizient zu handhaben und sich an komplexe Arbeitsumgebungen und vielf\u00e4ltige Aufgaben anzupassen.<\/p>\n<p><img decoding=\"async\" src=\"https:\/\/www.hydraulic-cylinders.net\/wp-content\/uploads\/2025\/01\/songte-company-2.webp\" \/><\/p>\n<h2>Merkmale<\/h2>\n<ul>\n<li>Hohe Festigkeit und Langlebigkeit: Der aus hochfestem Stahl oder Aluminium gefertigte Schaufelzylinder h\u00e4lt hohem Druck und schweren Lasten stand und eignet sich f\u00fcr anspruchsvolle Arbeitsumgebungen. Seine Konstruktion ber\u00fccksichtigt Verschlei\u00df- und Korrosionsbest\u00e4ndigkeit und verl\u00e4ngert so seine Lebensdauer.<\/li>\n<li>Effizienter Hydraulikbetrieb: Durch die Nutzung des Hydraulik\u00f6ldrucks erreicht der Schaufelzylinder ein sanftes Ausfahren und Einfahren, was eine schnelle Reaktion auf Steuerbefehle erm\u00f6glicht und starke Schub- und Zugkr\u00e4fte liefert, die f\u00fcr die Handhabung schwerer Lasten und komplexe Arbeitsaufgaben geeignet sind.<\/li>\n<li>Verschiedene Ausf\u00fchrungen: Der Schaufelzylinder ist je nach Bedarf als einfachwirkender (hydraulisch nur in eine Richtung wirkender) oder doppeltwirkender (hydraulisch in beide Richtungen wirkender) Zylinder erh\u00e4ltlich. Einige Modelle sind teleskopierbar und erm\u00f6glichen so eine gr\u00f6\u00dfere Ausladung ohne Vergr\u00f6\u00dferung der Au\u00dfenabmessungen \u2013 ideal f\u00fcr Anwendungen mit beengten Platzverh\u00e4ltnissen.<\/li>\n<li>Perfekter Ersatz: Unsere Produkte k\u00f6nnen diese Hydraulikzylinder perfekt ersetzen.<\/li>\n<\/ul>\n<p><img decoding=\"async\" src=\"https:\/\/www.hydraulic-cylinders.net\/wp-content\/uploads\/2025\/01\/songte-cylinder-head-with-all-kinds-excavator-models.webp\" \/><\/p>\n<h2>Anwendungen<\/h2>\n<p>Der L\u00f6ffelzylinder f\u00fcr den Doosan-Kleinbagger DH55G findet in verschiedenen Ger\u00e4tetypen Anwendung:<\/p>\n<ul>\n<li>Baumaschinen: Bei Baggern sind sie unverzichtbar zum Ausheben, Laden und Bewegen von Erde oder Bauschutt. Bei Tiefladern unterst\u00fctzt der L\u00f6ffelzylinder sowohl das Ausheben als auch das Heben.<\/li>\n<li>Landwirtschaftliche Maschinen: Wird in Frontladern zum Schaufeln, Heben und Transportieren von Erde, Heu und anderen Materialien verwendet.<\/li>\n<li>Bagger: Der Schaufelzylinder erm\u00f6glicht Grabvorg\u00e4nge, indem er der Schaufel das Eindringen in den Boden erm\u00f6glicht.<\/li>\n<li>Lader: Bei Frontladern helfen sie beim effektiven Anheben und Abladen von Ladung.<\/li>\n<\/ul>\n<h2>Design\u00fcberlegungen und Auswahlkriterien<\/h2>\n<p>Bei der Konstruktion von Schaufelzylindern werden mehrere wichtige Faktoren ber\u00fccksichtigt:<\/p>\n<ul>\n<li>Tragf\u00e4higkeit: Der Zylinder muss der vorgesehenen Belastung und den Betriebsbedingungen standhalten k\u00f6nnen.<\/li>\n<li>Abdichtung: Verschiedene Dichtungskomponenten, wie z. B. Kolbendichtungen und Stangendichtungen, werden eingesetzt, um eine effektive Abdichtung zu gew\u00e4hrleisten und das Austreten von Hydraulik\u00f6l zu verhindern.<\/li>\n<li>Langlebigkeit: Die Komponenten und die Oberfl\u00e4che des Zylinders sind fein bearbeitet, um die Verschlei\u00dffestigkeit zu erh\u00f6hen und seine Lebensdauer zu verl\u00e4ngern.<\/li>\n<li>Sicherheit: Um Unf\u00e4lle zu vermeiden und die Sicherheit des Bedieners zu gew\u00e4hrleisten, sind Sicherheitsmerkmale in die Konstruktion integriert.<\/li>\n<li>Wartungsfreundlichkeit: Besonderes Augenmerk liegt auf der einfachen Wartung und Reparatur, um eine effiziente Instandhaltung zu erm\u00f6glichen und Ausfallzeiten zu minimieren.<\/li>\n<\/ul>\n<p><img decoding=\"async\" src=\"https:\/\/www.hydraulic-cylinders.net\/wp-content\/uploads\/2025\/01\/songte-oil-pipes-and-spare-parts.webp\" \/><\/p>\n<h2>Abdichtung und Schmierung<\/h2>\n<p>Der Schaufelzylinder verwendet verschiedene Dichtungskomponenten, wie Kolben- und Stangendichtungen, die aus verschlei\u00dffesten Materialien wie Polyurethan und Nitrilkautschuk gefertigt sind. Zylinderk\u00f6rper und Gewindeenden werden sorgf\u00e4ltig bearbeitet, um die Verschlei\u00dffestigkeit zu verbessern. Regelm\u00e4\u00dfige Schmierung mit einer angemessenen Menge Hydraulik\u00f6l ist f\u00fcr einen reibungslosen Betrieb unerl\u00e4sslich.<\/p>\n<h2>Regelm\u00e4\u00dfige Inspektion und vorbeugende Wartung<\/h2>\n<p>Um eine optimale Leistung zu gew\u00e4hrleisten und die Lebensdauer des Schaufelzylinders zu verl\u00e4ngern, sollten regelm\u00e4\u00dfige Inspektionen und vorbeugende Wartungsarbeiten durchgef\u00fchrt werden. Zu den empfohlenen Ma\u00dfnahmen geh\u00f6ren:<\/p>\n<ul>\n<li>\u00dcberpr\u00fcfung auf Anzeichen von Besch\u00e4digung, Verschlei\u00df oder Leckage.<\/li>\n<li>Alle beweglichen Teile ordnungsgem\u00e4\u00df schmieren<\/li>\n<li>Austausch verschlissener oder besch\u00e4digter Dichtungen<\/li>\n<li>Den Zylinder bei Bedarf pr\u00fcfen und kalibrieren.<\/li>\n<\/ul>\n<h2>Anleitung zur korrekten Installation<\/h2>\n<p>Die fachgerechte Montage des Schaufelzylinders ist entscheidend f\u00fcr seine Leistung und Lebensdauer. Folgende Punkte sind bei der Montage zu beachten:<\/p>\n<ul>\n<li>Den Zylinder korrekt ausrichten<\/li>\n<li>Zur Befestigung des Zylinders geeignete Montagehalterungen verwenden.<\/li>\n<\/ul>\n<p><img decoding=\"async\" src=\"https:\/\/www.hydraulic-cylinders.net\/wp-content\/uploads\/2025\/01\/songte-chushion-collar.webp\" \/><\/p>\n<h2>Sicherheitsaspekte und Umweltfaktoren<\/h2>\n<p>Bei der Verwendung des Hubzylinders ist es wichtig, Sicherheitsma\u00dfnahmen zu beachten, um Unf\u00e4lle zu vermeiden und die Umwelt zu sch\u00fctzen. Sicherheitsvorkehrungen sollten getroffen werden, um die ordnungsgem\u00e4\u00dfe Installation, den Betrieb und die Wartung des Zylinders sicherzustellen.<\/p>\n<h2>Fehlerdiagnose und h\u00e4ufige Probleme<\/h2>\n<p>Zu den h\u00e4ufig auftretenden Fehlern und Problemen am Schaufelzylinder geh\u00f6ren:<\/p>\n<ul>\n<li>Leckage von Hydraulik\u00f6l<\/li>\n<li>Leistungsverlust oder verminderte Leistung<\/li>\n<li>Ungew\u00f6hnliche Ger\u00e4usche w\u00e4hrend des Betriebs<\/li>\n<li>Unregelm\u00e4\u00dfige Bewegung des Eimers<\/li>\n<\/ul>\n<p>F\u00fcr jedes Problem sollten umgehend Tipps und L\u00f6sungen zur Fehlerbehebung bereitgestellt werden, damit die Leser Probleme effektiv diagnostizieren und beheben k\u00f6nnen. Au\u00dferdem sollten vorbeugende Ma\u00dfnahmen vorgeschlagen werden, um potenzielle Probleme zu minimieren.<\/p>\n<p><img decoding=\"async\" src=\"https:\/\/www.hydraulic-cylinders.net\/wp-content\/uploads\/2025\/01\/songte-bushings-with-all-kinds-of-excavator-models.webp\" \/><\/p>\n<p>Denken Sie daran, den Artikel logisch zu strukturieren, Zwischen\u00fcberschriften zur einfacheren Navigation zu verwenden, relevante Bilder oder Diagramme einzuf\u00fcgen, um das Verst\u00e4ndnis zu verbessern, und sicherzustellen, dass der Inhalt klar, pr\u00e4gnant und f\u00fcr Leser mit unterschiedlichem technischen Wissen geeignet ist.<\/p>\n<h2>\u00dcber unser Unternehmen<\/h2>\n<p>Wir sind Hersteller von Hydraulikzylindern und bieten ein breites Produktsortiment an. Wir z\u00e4hlen zu den f\u00fchrenden Herstellern und Gro\u00dfh\u00e4ndlern von Hydraulikzylindern auf dem nationalen und internationalen Markt. Unser Qualit\u00e4tsanspruch ist uns sehr wichtig, und wir setzen in unseren modernen Fertigungsanlagen auf bew\u00e4hrte Produktionsmanagementstrategien. Wir optimieren kontinuierlich unsere Fertigungsprozesse, sichern die Produktqualit\u00e4t und verf\u00fcgen \u00fcber eine hohe Innovationskraft. Mit hoher Effizienz, Pr\u00e4zision und Qualit\u00e4t erf\u00fcllen wir die vielf\u00e4ltigen Bed\u00fcrfnisse unserer Kunden.<\/p>\n<p><img decoding=\"async\" src=\"https:\/\/www.hydraulic-cylinders.net\/wp-content\/uploads\/2025\/01\/songte-company-3.webp\" \/><\/p>\n<p>Dar\u00fcber hinaus bieten wir Folgendes an:<\/p>\n<ul>\n<li>Professionalit\u00e4t und Fachkompetenz<\/li>\n<li>Internationale Zertifizierungen<\/li>\n<li>Anpassungsdienste<\/li>\n<li>Moderne Produktionsanlagen<\/li>\n<li>Kundendienst<\/li>\n<\/ul>\n<p>Autor: lyl<\/p>","protected":false},"excerpt":{"rendered":"<p>Bucket Cylinder For Doosan Small Excavator DH55G Introduction The bucket cylinder for Doosan small excavator DH55G is a specialized hydraulic cylinder designed to control the movement of the bucket in heavy machinery such as excavators, backhoe excavators, and front loaders. Its main function is to enable the lifting, lowering, and tilting of the bucket, making [&hellip;]<\/p>","protected":false},"featured_media":14761,"comment_status":"open","ping_status":"closed","template":"","meta":{"_et_pb_use_builder":"","_et_pb_old_content":"","_et_gb_content_width":""},"product_brand":[],"product_cat":[1494],"product_tag":[1495,1496],"class_list":{"0":"post-15266","1":"product","2":"type-product","3":"status-publish","4":"has-post-thumbnail","6":"product_cat-bucket-cylinders","7":"product_tag-bucket-cylinders","8":"product_tag-hydraulic-cylinders","10":"first","11":"instock","12":"shipping-taxable","13":"product-type-simple"},"amp_enabled":true,"_links":{"self":[{"href":"https:\/\/www.hydraulic-cylinders.net\/de\/wp-json\/wp\/v2\/product\/15266","targetHints":{"allow":["GET"]}}],"collection":[{"href":"https:\/\/www.hydraulic-cylinders.net\/de\/wp-json\/wp\/v2\/product"}],"about":[{"href":"https:\/\/www.hydraulic-cylinders.net\/de\/wp-json\/wp\/v2\/types\/product"}],"replies":[{"embeddable":true,"href":"https:\/\/www.hydraulic-cylinders.net\/de\/wp-json\/wp\/v2\/comments?post=15266"}],"wp:featuredmedia":[{"embeddable":true,"href":"https:\/\/www.hydraulic-cylinders.net\/de\/wp-json\/wp\/v2\/media\/14761"}],"wp:attachment":[{"href":"https:\/\/www.hydraulic-cylinders.net\/de\/wp-json\/wp\/v2\/media?parent=15266"}],"wp:term":[{"taxonomy":"product_brand","embeddable":true,"href":"https:\/\/www.hydraulic-cylinders.net\/de\/wp-json\/wp\/v2\/product_brand?post=15266"},{"taxonomy":"product_cat","embeddable":true,"href":"https:\/\/www.hydraulic-cylinders.net\/de\/wp-json\/wp\/v2\/product_cat?post=15266"},{"taxonomy":"product_tag","embeddable":true,"href":"https:\/\/www.hydraulic-cylinders.net\/de\/wp-json\/wp\/v2\/product_tag?post=15266"}],"curies":[{"name":"wp","href":"https:\/\/api.w.org\/{rel}","templated":true}]}}