{"id":15271,"date":"2025-01-19T14:19:13","date_gmt":"2025-01-19T14:19:13","guid":{"rendered":"https:\/\/www.hydraulic-cylinders.net\/product\/bucket-cylinder-for-doosan-small-excavator-dh55-5\/"},"modified":"2025-01-19T14:19:15","modified_gmt":"2025-01-19T14:19:15","slug":"bucket-cylinder-for-doosan-small-excavator-dh55-5","status":"publish","type":"product","link":"https:\/\/www.hydraulic-cylinders.net\/de\/produkt\/bucket-cylinder-for-doosan-small-excavator-dh55-5\/","title":{"rendered":"L\u00f6ffelzylinder f\u00fcr Doosan Kleinbagger DH55-5"},"content":{"rendered":"<h1>L\u00f6ffelzylinder f\u00fcr Doosan Kleinbagger DH55-5<\/h1>\n<h2>Einf\u00fchrung<\/h2>\n<h3>Definition des L\u00f6ffelzylinders f\u00fcr den Doosan-Kleinbagger DH55-5<\/h3>\n<p>Ein Schaufelzylinder ist ein speziell entwickelter Hydraulikzylinder, der prim\u00e4r zur Steuerung der Schaufelbewegung in Baumaschinen wie Baggern, Baggerladern und Radladern eingesetzt wird. Seine Hauptfunktion besteht darin, das Heben, Senken und Neigen der Schaufel zu erm\u00f6glichen und so verschiedene Materialumschlagsaufgaben zu erleichtern. Im Hydrauliksystem gew\u00e4hrleistet der Schaufelzylinder die pr\u00e4zise Steuerung der Schaufel durch die Ver\u00e4nderung des Hydraulik\u00f6ldrucks. Dies erm\u00f6glicht es dem Bediener, schwere Lasten effizient zu handhaben und sich an komplexe Arbeitsumgebungen und vielf\u00e4ltige Betriebsanforderungen anzupassen.<\/p>\n<p><img decoding=\"async\" src=\"https:\/\/www.hydraulic-cylinders.net\/wp-content\/uploads\/2025\/01\/songte-company-2.webp\" alt=\"Schaufelzylinder\" \/><\/p>\n<h3>Merkmale des L\u00f6ffelzylinders f\u00fcr den Doosan Kleinbagger DH55-5<\/h3>\n<ul>\n<li>Hohe Festigkeit und Langlebigkeit: Typischerweise aus hochfestem Stahl oder Aluminium gefertigt, h\u00e4lt es hohem Druck und schweren Belastungen stand, ist f\u00fcr raue Arbeitsumgebungen geeignet und wurde mit Blick auf Verschlei\u00df- und Korrosionsbest\u00e4ndigkeit entwickelt, was seine Lebensdauer verl\u00e4ngert.<\/li>\n<li>Effizienter Hydraulikbetrieb: Durch die Nutzung des Hydraulik\u00f6ldrucks f\u00fcr gleichm\u00e4\u00dfige Teleskopbewegungen reagiert das System schnell auf Steuerbefehle, bietet starke Schub- und Zugkr\u00e4fte und eignet sich f\u00fcr die Handhabung schwerer Lasten und komplexer Arbeitsaufgaben.<\/li>\n<li>Verschiedene Typen: Je nach Betriebsanforderungen k\u00f6nnen einfachwirkende (hydraulisch nur in eine Richtung) oder doppeltwirkende (hydraulisch in beide Richtungen) Zylinder ausgew\u00e4hlt werden. Einige Modelle sind teleskopierbar und erm\u00f6glichen so eine gr\u00f6\u00dfere Auszugsl\u00e4nge ohne Vergr\u00f6\u00dferung der Au\u00dfenabmessungen, wodurch sie sich ideal f\u00fcr Anwendungen mit beengten Platzverh\u00e4ltnissen eignen.<\/li>\n<li>Austauschbar: Unser Produkt kann diese Hydraulikzylinder perfekt ersetzen.<\/li>\n<\/ul>\n<p><img decoding=\"async\" src=\"https:\/\/www.hydraulic-cylinders.net\/wp-content\/uploads\/2025\/01\/songte-cylinder-head-with-all-kinds-excavator-models.webp\" alt=\"Schaufelzylinder-Modelle\" \/><\/p>\n<h3>Anwendung des L\u00f6ffelzylinders f\u00fcr den Doosan-Kleinbagger DH55-5<\/h3>\n<p>Der Schaufelzylinder findet breite Anwendung in verschiedenen schweren Maschinen, wie zum Beispiel:<\/p>\n<ul>\n<li>Baumaschinen: Bei Baggern sind sie unverzichtbar zum Ausheben, Laden und Bewegen von Erde oder Bauschutt. Bei Baggerladern unterst\u00fctzen die Schaufelzylinder sowohl das Ausheben als auch das Heben. <\/li>\n<li>Landwirtschaftliche Maschinen: Wird in Frontladern zum Schaufeln, Heben und Transportieren von Erde, Heu und anderen Materialien verwendet. <\/li>\n<li>Bagger: Der Aushub erfolgt durch den Schaufelzylinder, der es der Schaufel erm\u00f6glicht, in den Boden einzudringen. <\/li>\n<li>Lader: Bei Frontladern helfen sie beim effizienten Anheben und Kippen von Ladung. <\/li>\n<\/ul>\n<p>Die einzelnen Anwendungsbereiche des Schaufelzylinders werden im Folgenden n\u00e4her erl\u00e4utert.<\/p>\n<h3>Design\u00fcberlegungen und Auswahlkriterien<\/h3>\n<p>Der Schaufelzylinder wurde unter Ber\u00fccksichtigung folgender Aspekte konstruiert:<\/p>\n<ul>\n<li>Tragf\u00e4higkeit: Der Zylinder muss hohen Belastungen standhalten und w\u00e4hrend des Betriebs stabil bleiben.<\/li>\n<li>Abdichtung: Der Zylinder muss abgedichtet sein, um ein Austreten von Fl\u00fcssigkeit zu verhindern und den richtigen Druck aufrechtzuerhalten.<\/li>\n<li>Langlebigkeit: Der Zylinder muss so konstruiert sein, dass er rauen Betriebsbedingungen standh\u00e4lt und Verschlei\u00df und Korrosion widersteht.<\/li>\n<li>Sicherheit: Der Zylinder muss so konstruiert sein, dass Unf\u00e4lle verhindert und das Verletzungsrisiko f\u00fcr die Bediener minimiert wird.<\/li>\n<li>Wartungsfreundlichkeit: Der Zylinder muss wartungsfreundlich und reparaturfreundlich sein.<\/li>\n<\/ul>\n<p><img decoding=\"async\" src=\"https:\/\/www.hydraulic-cylinders.net\/wp-content\/uploads\/2025\/01\/songte-oil-pipes-and-spare-parts.webp\" alt=\"Teile f\u00fcr Schaufelzylinder\" \/><\/p>\n<h3>Abdichtung und Schmierung des L\u00f6ffelzylinders f\u00fcr den Doosan-Kleinbagger DH55-5<\/h3>\n<ul>\n<li>Verschiedene Dichtungselemente, wie z. B. Kolbendichtungen und Stangendichtungen, werden im Zylinder verwendet. Diese Dichtungselemente bestehen aus verschlei\u00dffesten Materialien wie Polyurethan und Nitrilkautschuk.<\/li>\n<li>Fein bearbeiteter Zylinderk\u00f6rper: Der Zylinderk\u00f6rper und die Gewindeendfl\u00e4che sind fein bearbeitet, um die Verschlei\u00dffestigkeit zu verbessern.<\/li>\n<li>Schmierung: Der Zylinder muss regelm\u00e4\u00dfig mit einer geeigneten Menge Hydraulik\u00f6l geschmiert werden.<\/li>\n<\/ul>\n<h3>Regelm\u00e4\u00dfige Inspektion und vorbeugende Wartungsma\u00dfnahmen<\/h3>\n<p>Es wird empfohlen, die folgenden Wartungsarbeiten regelm\u00e4\u00dfig durchzuf\u00fchren:<\/p>\n<ul>\n<li>Regelm\u00e4\u00dfige Inspektion: \u00dcberpr\u00fcfen Sie den Zylinder regelm\u00e4\u00dfig auf Anzeichen von Besch\u00e4digung, Leckage und Verschlei\u00df.<\/li>\n<li>Richtige Schmierung: Halten Sie den Zylinder ausreichend geschmiert.<\/li>\n<li>Dichtungswechsel: Ersetzen Sie die Dichtungen nach Bedarf.<\/li>\n<li>Kalibrierungspr\u00fcfung: \u00dcberpr\u00fcfen Sie die Kalibrierung des Zylinders regelm\u00e4\u00dfig.<\/li>\n<\/ul>\n<p>F\u00fcr den sicheren und effizienten Betrieb des Baggerzylinders sind die korrekte Montage, Schmierung und Justierung unerl\u00e4sslich. Wir empfehlen, den Zylinder bei der Montage pr\u00e4zise auszurichten und geeignete Montagehalterungen zur Befestigung zu verwenden. Unser Unternehmen bietet Ersatzteile und \u00dcberholungsdienstleistungen an, um die Lebensdauer Ihres Baggerzylinders zu verl\u00e4ngern.<\/p>\n<p><img decoding=\"async\" src=\"https:\/\/www.hydraulic-cylinders.net\/wp-content\/uploads\/2025\/01\/songte-chushion-collar.webp\" alt=\"Einbau eines Schaufelzylinders\" \/><\/p>\n<h3>Sicherheitsaspekte und Umweltfaktoren<\/h3>\n<p>Bei der Verwendung des Hubzylinders ist es unerl\u00e4sslich, die Sicherheitsvorkehrungen zu beachten, um Unf\u00e4lle und Verletzungen zu vermeiden. Auch Umweltfaktoren wie die Auswirkungen von Hydraulikfl\u00fcssigkeitslecks auf die Umwelt und die ordnungsgem\u00e4\u00dfe Entsorgung der Abf\u00e4lle m\u00fcssen ber\u00fccksichtigt werden.<\/p>\n<h3>Fehlerbehebung und h\u00e4ufige Probleme mit dem L\u00f6ffelzylinder des Doosan-Kleinbaggers DH55-5<\/h3>\n<p>H\u00e4ufige Probleme mit dem Schaufelzylinder sind \u00d6lleckage, Zylinderdrift und unzureichende Kraft. Unsere Tipps und L\u00f6sungen zur Fehlerbehebung helfen Ihnen, diese Probleme effektiv zu diagnostizieren und zu beheben. Wir empfehlen Ihnen au\u00dferdem, vorbeugende Ma\u00dfnahmen zu ergreifen, um potenzielle Probleme zu minimieren.<\/p>\n<p><img decoding=\"async\" src=\"https:\/\/www.hydraulic-cylinders.net\/wp-content\/uploads\/2025\/01\/songte-bushings-with-all-kinds-of-excavator-models.webp\" alt=\"Buchsen f\u00fcr Schaufelzylinder\" \/><\/p>\n<h2>\u00dcber unser Unternehmen<\/h2>\n<p>Wir sind Hersteller von Hydraulikzylindern, die herk\u00f6mmliche Hydraulikzylinder ersetzen k\u00f6nnen. Unser Unternehmen bietet ein umfassendes Sortiment an Hydraulikzylindern und z\u00e4hlt zu den f\u00fchrenden Herstellern und Gro\u00dfh\u00e4ndlern auf dem nationalen und internationalen Markt. Wir setzen auf h\u00f6chste Qualit\u00e4t, industrialisierte Produktionsmanagementstrategien und haben unsere Fertigungsplattformen durch den Einsatz hochqualifizierter Fachkr\u00e4fte, digitalisierter High-End-Fertigungsanlagen und professioneller Testsysteme kontinuierlich optimiert. So sind wir in der Lage, hocheffiziente, pr\u00e4zise und qualitativ hochwertige Produkte zu entwickeln, die den vielf\u00e4ltigen Bed\u00fcrfnissen unserer Kunden gerecht werden.<\/p>\n<p><img decoding=\"async\" src=\"https:\/\/hzpt.com\/wp-content\/uploads\/2024\/11\/songte-company-1.webp\" alt=\"Unternehmens\u00fcbersicht\" \/><\/p>\n<h3>Unsere Expertise<\/h3>\n<p>Unser Unternehmen verf\u00fcgt \u00fcber Fachkompetenz in folgenden Bereichen:<\/p>\n<ul>\n<li>Internationale Zertifizierung: Unsere Produkte haben verschiedene internationale Zertifizierungen bestanden, darunter ISO9001, CE, SGS und T\u00dcV. <\/li>\n<li>Kundenspezifische Dienstleistungen: Unser Unternehmen bietet kundenspezifische Dienstleistungen an, wie z. B. ma\u00dfgeschneidertes Produktdesign, individuelle Verpackungen usw.<\/li>\n<li>Produktionsausr\u00fcstung: Wir verwenden hochmoderne CNC-Bearbeitungsanlagen, fortschrittliche Schwei\u00dfanlagen und verschiedene Pr\u00fcfger\u00e4te, um die Produktqualit\u00e4t zu gew\u00e4hrleisten.<\/li>\n<li>Kundendienst: Wir bieten umfassenden Kundendienst, einschlie\u00dflich Installation, Wartung und Reparatur.<\/li>\n<\/ul>\n<p>Vielen Dank f\u00fcr Ihr Interesse an unseren Produkten. Weitere Informationen finden Sie auf unserer Website oder kontaktieren Sie uns direkt.<\/p>\n<footer>Autor: lyl<\/footer>","protected":false},"excerpt":{"rendered":"<p>Bucket Cylinder For Doosan Small Excavator DH55-5 Introduction Defining Bucket Cylinder for Doosan Small Excavator DH55-5 A bucket cylinder is a specially designed hydraulic cylinder that is primarily used to control the movement of the bucket in heavy machinery such as excavators, backhoe loaders, and front-end loaders. Its main function is to enable the bucket [&hellip;]<\/p>","protected":false},"featured_media":14784,"comment_status":"open","ping_status":"closed","template":"","meta":{"_et_pb_use_builder":"","_et_pb_old_content":"","_et_gb_content_width":""},"product_brand":[],"product_cat":[1494],"product_tag":[1495,1496],"class_list":{"0":"post-15271","1":"product","2":"type-product","3":"status-publish","4":"has-post-thumbnail","6":"product_cat-bucket-cylinders","7":"product_tag-bucket-cylinders","8":"product_tag-hydraulic-cylinders","10":"first","11":"instock","12":"shipping-taxable","13":"product-type-simple"},"amp_enabled":true,"_links":{"self":[{"href":"https:\/\/www.hydraulic-cylinders.net\/de\/wp-json\/wp\/v2\/product\/15271","targetHints":{"allow":["GET"]}}],"collection":[{"href":"https:\/\/www.hydraulic-cylinders.net\/de\/wp-json\/wp\/v2\/product"}],"about":[{"href":"https:\/\/www.hydraulic-cylinders.net\/de\/wp-json\/wp\/v2\/types\/product"}],"replies":[{"embeddable":true,"href":"https:\/\/www.hydraulic-cylinders.net\/de\/wp-json\/wp\/v2\/comments?post=15271"}],"wp:featuredmedia":[{"embeddable":true,"href":"https:\/\/www.hydraulic-cylinders.net\/de\/wp-json\/wp\/v2\/media\/14784"}],"wp:attachment":[{"href":"https:\/\/www.hydraulic-cylinders.net\/de\/wp-json\/wp\/v2\/media?parent=15271"}],"wp:term":[{"taxonomy":"product_brand","embeddable":true,"href":"https:\/\/www.hydraulic-cylinders.net\/de\/wp-json\/wp\/v2\/product_brand?post=15271"},{"taxonomy":"product_cat","embeddable":true,"href":"https:\/\/www.hydraulic-cylinders.net\/de\/wp-json\/wp\/v2\/product_cat?post=15271"},{"taxonomy":"product_tag","embeddable":true,"href":"https:\/\/www.hydraulic-cylinders.net\/de\/wp-json\/wp\/v2\/product_tag?post=15271"}],"curies":[{"name":"wp","href":"https:\/\/api.w.org\/{rel}","templated":true}]}}