{"id":15272,"date":"2025-01-19T14:19:18","date_gmt":"2025-01-19T14:19:18","guid":{"rendered":"https:\/\/www.hydraulic-cylinders.net\/product\/bucket-cylinder-for-doosan-small-excavator-dh80g\/"},"modified":"2025-01-19T14:19:20","modified_gmt":"2025-01-19T14:19:20","slug":"bucket-cylinder-for-doosan-small-excavator-dh80g","status":"publish","type":"product","link":"https:\/\/www.hydraulic-cylinders.net\/de\/produkt\/bucket-cylinder-for-doosan-small-excavator-dh80g\/","title":{"rendered":"L\u00f6ffelzylinder f\u00fcr Doosan Kleinbagger DH80G"},"content":{"rendered":"<h1>L\u00f6ffelzylinder f\u00fcr Doosan Kleinbagger DH80G<\/h1>\n<h2>Einf\u00fchrung<\/h2>\n<p>Der Schaufelzylinder ist ein speziell entwickelter Hydraulikzylinder, der die Bewegung der Schaufel in Baumaschinen wie Baggern, Baggerladern und Radladern steuert. Seine Hauptfunktion besteht darin, das Heben, Senken und Neigen der Schaufel zu erm\u00f6glichen und so vielf\u00e4ltige Materialumschlagsaufgaben zu erleichtern. Im Hydrauliksystem gew\u00e4hrleistet der Schaufelzylinder durch die Druck\u00e4nderungen des Hydraulik\u00f6ls eine pr\u00e4zise Steuerung der Schaufel. Dies erlaubt dem Bediener, schwere Lasten effizient zu handhaben und sich an komplexe Arbeitsumgebungen und unterschiedliche Betriebsanforderungen anzupassen.<\/p>\n<p><img decoding=\"async\" src=\"https:\/\/www.hydraulic-cylinders.net\/wp-content\/uploads\/2025\/01\/songte-company-2.webp\"><\/p>\n<h2>Merkmale<\/h2>\n<ul>\n<li>Hohe Festigkeit und Langlebigkeit: Typischerweise aus hochfestem Stahl oder Aluminium gefertigt, halten sie hohem Druck und hohen Belastungen stand, sind f\u00fcr raue Arbeitsbedingungen geeignet und wurden unter Ber\u00fccksichtigung von Verschlei\u00df- und Korrosionsbest\u00e4ndigkeit entwickelt, um die Lebensdauer zu verl\u00e4ngern.<\/li>\n<li>Effizienter Hydraulikbetrieb: Nutzt den Druck des Hydraulik\u00f6ls, um sanfte Aus- und Einfahrbewegungen zu erzielen, reagiert schnell auf Steuerbefehle und bietet kraftvolle Schub- und Zugkr\u00e4fte, die f\u00fcr die Handhabung schwerer Lasten und komplexer Arbeitsaufgaben geeignet sind.<\/li>\n<li>Verschiedene Ausf\u00fchrungen: Je nach Bedarf k\u00f6nnen einfachwirkende (hydraulisch nur in eine Richtung wirkende) oder doppeltwirkende (hydraulisch in beide Richtungen wirkende) Zylinder ausgew\u00e4hlt werden. Einige Modelle sind teleskopierbar und erm\u00f6glichen so eine gr\u00f6\u00dfere Ausdehnung ohne Vergr\u00f6\u00dferung der Au\u00dfenabmessungen. Sie eignen sich f\u00fcr Anwendungen mit begrenztem Platzangebot.<\/li>\n<li>Perfekter Ersatz: Unsere Produkte k\u00f6nnen diese Hydraulikzylinder perfekt ersetzen.<\/li>\n<\/ul>\n<p><img decoding=\"async\" src=\"https:\/\/www.hydraulic-cylinders.net\/wp-content\/uploads\/2025\/01\/songte-cylinder-head-with-all-kinds-excavator-models.webp\"><\/p>\n<h2>Anwendungen<\/h2>\n<ul>\n<li>Baumaschinen: Sie finden sich in Baggern, wo sie zum Graben, Laden und Bewegen von Erde oder Bauschutt unerl\u00e4sslich sind. Bei Baggerladern unterst\u00fctzt der Schaufelzylinder sowohl das Graben als auch das Heben.<\/li>\n<li>Landwirtschaftliche Maschinen: Werden in Frontladern zum Schaufeln, Anheben und Transportieren von Erde, Heu und anderen Materialien eingesetzt.<\/li>\n<li>Bagger: Der Schaufelzylinder erm\u00f6glicht Grabvorg\u00e4nge, indem er der Schaufel das Eindringen in den Boden erm\u00f6glicht.<\/li>\n<li>Lader: In Frontladern helfen sie beim effektiven Anheben und Abladen von G\u00fctern.<\/li>\n<\/ul>\n<h2>Design\u00fcberlegungen und Auswahlkriterien<\/h2>\n<ul>\n<li>Tragf\u00e4higkeit: Er\u00f6rtern Sie die F\u00e4higkeit des Zylinders, den spezifizierten Lasten standzuhalten und einen ausreichenden Sicherheitsspielraum zu gew\u00e4hrleisten.<\/li>\n<li>Abdichtung: Verschiedene Dichtungen, wie Kolben- und Pleueldichtungen, aus verschlei\u00dffesten Materialien wie Polyurethan und Nitrilkautschuk kommen zum Einsatz. Zylinderkopf und Gewindeendfl\u00e4chen sind feinbearbeitet, um die Verschlei\u00dffestigkeit zu verbessern.<\/li>\n<\/ul>\n<p><img decoding=\"async\" src=\"https:\/\/www.hydraulic-cylinders.net\/wp-content\/uploads\/2025\/01\/songte-oil-pipes-and-spare-parts.webp\"><\/p>\n<h2>Abdichtung und Schmierung<\/h2>\n<p>Der Schaufelzylinder verwendet verschiedene Dichtungen, wie Kolben- und Stangendichtungen, aus verschlei\u00dffesten Materialien. Zylinderk\u00f6rper und Gewindeendfl\u00e4chen sind pr\u00e4zisionsbearbeitet, um die Verschlei\u00dffestigkeit zu verbessern. Regelm\u00e4\u00dfige Schmierung mit der richtigen Menge Hydraulik\u00f6l ist f\u00fcr einen reibungslosen Betrieb unerl\u00e4sslich.<\/p>\n<h2>Regelm\u00e4\u00dfige Inspektion und vorbeugende Wartung<\/h2>\n<ul>\n<li>\u00dcberpr\u00fcfen Sie regelm\u00e4\u00dfig den Zylinder auf Undichtigkeiten, Besch\u00e4digungen und ungew\u00f6hnlichen Verschlei\u00df.<\/li>\n<li>Sorgen Sie f\u00fcr eine ordnungsgem\u00e4\u00dfe Schmierung aller beweglichen Teile.<\/li>\n<\/ul>\n<h2>Produktinstallationshandbuch<\/h2>\n<p>Eine fachgerechte Installation ist entscheidend f\u00fcr die optimale Leistung des Schaufelzylinders. Gehen Sie wie folgt vor:<\/p>\n<ol>\n<li>Richten Sie den Zylinder bei der Montage korrekt aus.<\/li>\n<li>Verwenden Sie geeignete Montagehalterungen, um den Zylinder zu befestigen.<\/li>\n<\/ol>\n<h2>Wartungsaufgaben<\/h2>\n<p>Zu den \u00fcblichen Wartungsarbeiten geh\u00f6ren:<\/p>\n<ul>\n<li>Regelm\u00e4\u00dfige Inspektionen<\/li>\n<li>Richtige Schmierung<\/li>\n<li>Dichtungswechsel<\/li>\n<li>Kalibrierungspr\u00fcfungen<\/li>\n<\/ul>\n<p><img decoding=\"async\" src=\"https:\/\/www.hydraulic-cylinders.net\/wp-content\/uploads\/2025\/01\/songte-chushion-collar.webp\"><\/p>\n<h2>Sicherheitsaspekte und Umweltfaktoren<\/h2>\n<p>Bei der Verwendung des Eimerzylinders ist es wichtig, die Sicherheitsma\u00dfnahmen einzuhalten, um Unf\u00e4lle zu vermeiden und eine sichere Arbeitsumgebung zu gew\u00e4hrleisten.<\/p>\n<h2>Fehlerbehebung und h\u00e4ufige Probleme<\/h2>\n<p>H\u00e4ufige Probleme, die beim Schaufelzylinder auftreten k\u00f6nnen, sind:<\/p>\n<ul>\n<li>Leckage<\/li>\n<li>Langsamer Betrieb<\/li>\n<li>Ungew\u00f6hnliche Ger\u00e4usche<\/li>\n<\/ul>\n<h2>Tipps und L\u00f6sungen zur Fehlerbehebung<\/h2>\n<p>Um Probleme effektiv zu diagnostizieren und zu l\u00f6sen, beachten Sie folgende Tipps:<\/p>\n<ul>\n<li>Den Zylinder regelm\u00e4\u00dfig pr\u00fcfen und warten.<\/li>\n<li>Implementieren Sie vorbeugende Ma\u00dfnahmen, um potenzielle Probleme zu minimieren.<\/li>\n<\/ul>\n<p><img decoding=\"async\" src=\"https:\/\/www.hydraulic-cylinders.net\/wp-content\/uploads\/2025\/01\/songte-bushings-with-all-kinds-of-excavator-models.webp\"><\/p>\n<h2>\u00dcber unser Unternehmen<\/h2>\n<p>Wir sind ein f\u00fchrender Hersteller und Gro\u00dfh\u00e4ndler von Hydraulikzylindern f\u00fcr den nationalen und internationalen Markt. Unser umfassendes Produktsortiment, unser Streben nach h\u00f6chster Qualit\u00e4t und unsere industrialisierten Produktionsmanagementstrategien in unseren modernen Fertigungshallen haben uns als zuverl\u00e4ssigen Lieferanten etabliert. Wir optimieren unsere Fertigungsplattform kontinuierlich durch qualifizierte Fachkr\u00e4fte, fortschrittliche digitale Fertigungsanlagen und professionelle Pr\u00fcfsysteme. Mit hoher Effizienz, Pr\u00e4zision und Qualit\u00e4t erf\u00fcllen wir die vielf\u00e4ltigen Bed\u00fcrfnisse unserer Kunden.<\/p>\n<p><img decoding=\"async\" src=\"https:\/\/www.hydraulic-cylinders.net\/wp-content\/uploads\/2025\/01\/songte-company-3.webp\"><\/p>\n<p>Wir sind stolz auf unsere Professionalit\u00e4t, unsere internationalen Zertifizierungen, unsere kundenspezifischen Dienstleistungen, unsere Produktionsanlagen und unseren Kundendienst.<\/p>\n<p>Autor: lyl<\/p>","protected":false},"excerpt":{"rendered":"<p>Bucket Cylinder For Doosan Small Excavator DH80G Introduction The bucket cylinder is a specially designed hydraulic cylinder used to control the movement of the bucket in heavy machinery such as excavators, backhoe loaders, and front-end loaders. Its main function is to enable the lifting, lowering, and tilting of the bucket, making it convenient for various [&hellip;]<\/p>","protected":false},"featured_media":14782,"comment_status":"open","ping_status":"closed","template":"","meta":{"_et_pb_use_builder":"","_et_pb_old_content":"","_et_gb_content_width":""},"product_brand":[],"product_cat":[1494],"product_tag":[1495,1496],"class_list":{"0":"post-15272","1":"product","2":"type-product","3":"status-publish","4":"has-post-thumbnail","6":"product_cat-bucket-cylinders","7":"product_tag-bucket-cylinders","8":"product_tag-hydraulic-cylinders","10":"first","11":"instock","12":"shipping-taxable","13":"product-type-simple"},"amp_enabled":true,"_links":{"self":[{"href":"https:\/\/www.hydraulic-cylinders.net\/de\/wp-json\/wp\/v2\/product\/15272","targetHints":{"allow":["GET"]}}],"collection":[{"href":"https:\/\/www.hydraulic-cylinders.net\/de\/wp-json\/wp\/v2\/product"}],"about":[{"href":"https:\/\/www.hydraulic-cylinders.net\/de\/wp-json\/wp\/v2\/types\/product"}],"replies":[{"embeddable":true,"href":"https:\/\/www.hydraulic-cylinders.net\/de\/wp-json\/wp\/v2\/comments?post=15272"}],"wp:featuredmedia":[{"embeddable":true,"href":"https:\/\/www.hydraulic-cylinders.net\/de\/wp-json\/wp\/v2\/media\/14782"}],"wp:attachment":[{"href":"https:\/\/www.hydraulic-cylinders.net\/de\/wp-json\/wp\/v2\/media?parent=15272"}],"wp:term":[{"taxonomy":"product_brand","embeddable":true,"href":"https:\/\/www.hydraulic-cylinders.net\/de\/wp-json\/wp\/v2\/product_brand?post=15272"},{"taxonomy":"product_cat","embeddable":true,"href":"https:\/\/www.hydraulic-cylinders.net\/de\/wp-json\/wp\/v2\/product_cat?post=15272"},{"taxonomy":"product_tag","embeddable":true,"href":"https:\/\/www.hydraulic-cylinders.net\/de\/wp-json\/wp\/v2\/product_tag?post=15272"}],"curies":[{"name":"wp","href":"https:\/\/api.w.org\/{rel}","templated":true}]}}