{"id":15276,"date":"2025-01-19T14:19:36","date_gmt":"2025-01-19T14:19:36","guid":{"rendered":"https:\/\/www.hydraulic-cylinders.net\/product\/bucket-cylinder-for-doosan-middle-excavator-dh220-3-5-7\/"},"modified":"2025-01-19T14:19:38","modified_gmt":"2025-01-19T14:19:38","slug":"bucket-cylinder-for-doosan-middle-excavator-dh220-3-5-7","status":"publish","type":"product","link":"https:\/\/www.hydraulic-cylinders.net\/de\/produkt\/bucket-cylinder-for-doosan-middle-excavator-dh220-3-5-7\/","title":{"rendered":"L\u00f6ffelzylinder f\u00fcr Doosan Mittelbagger DH220-3-5-7"},"content":{"rendered":"<h1>L\u00f6ffelzylinder f\u00fcr Doosan Mittelbagger DH220-3-5-7<\/h1>\n<h2>Einf\u00fchrung<\/h2>\n<p>Der Schaufelzylinder ist ein speziell entwickelter Hydraulikzylinder, der die Bewegung der Schaufel in Baumaschinen wie Baggern, Baggerladern und Radladern steuert. Seine Hauptfunktion besteht darin, das Heben, Senken und Neigen der Schaufel zu erm\u00f6glichen und so verschiedene Materialumschlagsaufgaben zu erleichtern. Im Hydrauliksystem gew\u00e4hrleistet der Schaufelzylinder durch die Anpassung des Hydraulik\u00f6ldrucks eine pr\u00e4zise Steuerung der Schaufel. Dadurch kann der Bediener schwere Lasten effizient handhaben und sich an komplexe Arbeitsumgebungen und vielf\u00e4ltige Aufgaben anpassen.<\/p>\n<p><img decoding=\"async\" src=\"https:\/\/www.hydraulic-cylinders.net\/wp-content\/uploads\/2025\/01\/songte-company-2.webp\" alt=\"Bild des Schaufelzylinders\"><\/p>\n<h2>Merkmale<\/h2>\n<ul>\n<li>Hohe Festigkeit und Langlebigkeit: Typischerweise aus hochfestem Stahl oder Aluminium gefertigt, h\u00e4lt es hohem Druck und schweren Belastungen stand, eignet sich f\u00fcr raue Arbeitsumgebungen und ist auf Verschlei\u00df- und Korrosionsbest\u00e4ndigkeit ausgelegt, um die Lebensdauer zu verl\u00e4ngern. <\/li>\n<li>Effizienter Hydraulikbetrieb: Durch den Einsatz von Hydraulik\u00f6ldruck wird eine reibungslose Teleskopfunktion erreicht. Die schnelle Reaktion auf Steuerbefehle und die Bereitstellung starker Schub- und Zugkr\u00e4fte machen das System geeignet f\u00fcr die Handhabung schwerer Lasten und komplexer Arbeitsaufgaben. <\/li>\n<li>Verschiedene Zylindertypen stehen zur Auswahl: Einfachwirkende (hydraulisch nur in eine Richtung wirkende) oder doppeltwirkende (hydraulisch in zwei Richtungen wirkende) Zylinder k\u00f6nnen je nach Bedarf und Betriebsanforderungen ausgew\u00e4hlt werden. Einige Modelle sind teleskopierbar und erm\u00f6glichen so eine gr\u00f6\u00dfere Auszugsl\u00e4nge ohne Vergr\u00f6\u00dferung der Au\u00dfenabmessungen. Dadurch eignen sie sich besonders f\u00fcr Anwendungen mit begrenztem Platzangebot. <\/li>\n<li>Perfekt austauschbar: Unsere Produkte k\u00f6nnen diese Hydraulikzylinder perfekt ersetzen.<\/li>\n<li>Kundenspezifisches Design und Produktion m\u00f6glich.<\/li>\n<\/ul>\n<p><img decoding=\"async\" src=\"https:\/\/www.hydraulic-cylinders.net\/wp-content\/uploads\/2025\/01\/songte-cylinder-head-with-all-kinds-excavator-models.webp\" alt=\"Bild zum Austausch des Schaufelzylinders\"><\/p>\n<h2>Anwendungen<\/h2>\n<p>Schaufelzylinder werden in verschiedenen Bau- und Landwirtschaftsmaschinen und -ger\u00e4ten eingesetzt, darunter:<\/p>\n<ul>\n<li>Bagger: Die Zylinder der Schaufel erm\u00f6glichen es der Schaufel, in den Boden einzudringen und so Grabvorg\u00e4nge durchzuf\u00fchren. <\/li>\n<li>Frontlader: Sie helfen dabei, G\u00fcter effektiv anzuheben und zu kippen.<\/li>\n<li>Baggerlader: Die Schaufelzylinder erleichtern sowohl das Graben als auch das Heben.<\/li>\n<li>Landwirtschaftliche Maschinen: werden f\u00fcr Frontlader, zum Pfl\u00fccken, Heben und Transportieren von Erde, Heu und anderen Materialien eingesetzt.<\/li>\n<\/ul>\n<h2>Design\u00fcberlegungen und Auswahlkriterien<\/h2>\n<p>Bei der Auslegung und Auswahl von Schaufelzylindern sind mehrere Faktoren zu ber\u00fccksichtigen:<\/p>\n<ul>\n<li>Tragf\u00e4higkeit: Der Zylinder muss so beschaffen sein, dass er das Gewicht der Maschine tragen und den w\u00e4hrend des Betriebs auftretenden dynamischen Belastungen standhalten kann. <\/li>\n<li>Abdichtung: Der Zylinder sollte gut abgedichtet sein, um \u00d6lleckagen zu verhindern und einen effizienten Betrieb zu gew\u00e4hrleisten.<\/li>\n<li>Langlebigkeit: Der Zylinder sollte langlebig sein und den rauen Bedingungen der Arbeitsumgebung standhalten k\u00f6nnen, um seine Lebensdauer zu verl\u00e4ngern. <\/li>\n<li>Sicherheit: Der Zylinder sollte Sicherheitsmerkmale aufweisen, die Unf\u00e4lle verhindern und Bediener und Ausr\u00fcstung sch\u00fctzen. <\/li>\n<li>Wartung: Der Zylinder sollte wartungs- und reparaturfreundlich sein, um Ausfallzeiten zu minimieren.<\/li>\n<\/ul>\n<p><img decoding=\"async\" src=\"https:\/\/www.hydraulic-cylinders.net\/wp-content\/uploads\/2025\/01\/songte-oil-pipes-and-spare-parts.webp\" alt=\"Abbildung der Teile des Schaufelzylinders\"><\/p>\n<h2>Abdichtung und Schmierung<\/h2>\n<p>F\u00fcr Schaufelzylinder werden verschiedene Dichtungskomponenten wie Kolben- und Stangendichtungen verwendet. Die Dichtungen bestehen aus verschlei\u00dffesten Materialien wie Polyurethan und Nitrilkautschuk. Zylinderk\u00f6rper und Gewindeendfl\u00e4chen werden sorgf\u00e4ltig behandelt, um die Verschlei\u00dffestigkeit zu verbessern. Das regelm\u00e4\u00dfige Nachf\u00fcllen einer geeigneten Menge Hydraulik\u00f6l ist erforderlich, um den Zylinder zu schmieren und einen einwandfreien Betrieb zu gew\u00e4hrleisten.<\/p>\n<h2>Wartung und Reparatur<\/h2>\n<p>Regelm\u00e4\u00dfige Wartung ist unerl\u00e4sslich, um den einwandfreien Betrieb der Schaufelzylinder sicherzustellen. Folgende Aufgaben sollten durchgef\u00fchrt werden:<\/p>\n<ul>\n<li>Regelm\u00e4\u00dfige Inspektion: Achten Sie auf Anzeichen von Besch\u00e4digungen, Verschlei\u00df und \u00d6llecks.<\/li>\n<li>Schmierung: Bewegliche Teile m\u00fcssen geschmiert werden, um einen ordnungsgem\u00e4\u00dfen Betrieb zu gew\u00e4hrleisten.<\/li>\n<li>Dichtungswechsel: Abgenutzte oder besch\u00e4digte Dichtungen m\u00fcssen ersetzt werden, um \u00d6lleckagen zu verhindern und einen ordnungsgem\u00e4\u00dfen Betrieb zu gew\u00e4hrleisten.<\/li>\n<li>Kalibrierungspr\u00fcfung: Stellen Sie sicher, dass der Zylinder ordnungsgem\u00e4\u00df kalibriert und eingestellt ist und dass alle Komponenten ordnungsgem\u00e4\u00df funktionieren.<\/li>\n<\/ul>\n<p><img decoding=\"async\" src=\"https:\/\/www.hydraulic-cylinders.net\/wp-content\/uploads\/2025\/01\/songte-chushion-collar.webp\" alt=\"Bild des Eimerzylinderkragens\"><\/p>\n<h2>Sicherheits- und Umweltaspekte<\/h2>\n<p>Beim Einsatz von Hubzylindern m\u00fcssen Sicherheitsvorkehrungen getroffen werden, um Unf\u00e4lle zu vermeiden. Die Bediener sollten darauf achten, den Zylinder nicht zu \u00fcberladen und ihn regelm\u00e4\u00dfig auf Verschlei\u00df und Besch\u00e4digungen zu \u00fcberpr\u00fcfen. Dar\u00fcber hinaus ist die fachgerechte Entsorgung von gebrauchtem Hydraulik\u00f6l und anderen Gefahrstoffen wichtig.<\/p>\n<h2>H\u00e4ufige Probleme und Fehlerbehebung<\/h2>\n<p>Zu den h\u00e4ufigsten Problemen bei Schaufelzylindern z\u00e4hlen \u00d6lleckagen, besch\u00e4digte Dichtungen und Fehlfunktionen. In solchen F\u00e4llen ist es wichtig, den Zylinder auf Verschlei\u00df und Besch\u00e4digungen zu \u00fcberpr\u00fcfen und gegebenenfalls Bauteile auszutauschen. Regelm\u00e4\u00dfige Wartung und Inspektion tragen dazu bei, diese Probleme von vornherein zu vermeiden.<\/p>\n<p><img decoding=\"async\" src=\"https:\/\/www.hydraulic-cylinders.net\/wp-content\/uploads\/2025\/01\/songte-bushings-with-all-kinds-of-excavator-models.webp\" alt=\"Bild der Buchsen f\u00fcr Schaufelzylinder\"><\/p>\n<h2>\u00dcber unser Unternehmen<\/h2>\n<p>Unser Unternehmen ist Hersteller von Hydraulikzylindern und bietet eine breite Produktpalette. Wir z\u00e4hlen zu den f\u00fchrenden Herstellern und Gro\u00dfh\u00e4ndlern von Hydraulikzylindern auf nationalen und internationalen M\u00e4rkten. Wir setzen auf h\u00f6chste Qualit\u00e4t, nutzen unsere moderne Fertigungstechnik und optimieren kontinuierlich unsere Produktionsprozesse. Dank unserer hohen Innovationskraft erf\u00fcllen wir die vielf\u00e4ltigen Kundenbed\u00fcrfnisse effizient, pr\u00e4zise und in bester Qualit\u00e4t.<\/p>\n<h3>Professionalit\u00e4t<\/h3>\n<p>Unser professionelles Team verf\u00fcgt \u00fcber fundiertes Fachwissen und langj\u00e4hrige Erfahrung und bietet seinen Kunden Produkte und Dienstleistungen von h\u00f6chster Qualit\u00e4t.<\/p>\n<h3>Internationale Zertifizierung<\/h3>\n<p>Unsere Produkte haben internationale Zertifizierungen wie ISO9001 und CE bestanden, was Qualit\u00e4t und Zuverl\u00e4ssigkeit gew\u00e4hrleistet.<\/p>\n<h3>Ma\u00dfgeschneiderte Dienstleistungen<\/h3>\n<p>Wir bieten ma\u00dfgeschneiderte Dienstleistungen an, um den spezifischen Anforderungen unserer Kunden gerecht zu werden und individuelle L\u00f6sungen anzubieten.<\/p>\n<h3>Moderne Produktionsausr\u00fcstung<\/h3>\n<p>Wir verwenden moderne Produktionsanlagen, um eine effiziente und qualitativ hochwertige Fertigung und Produktion zu gew\u00e4hrleisten.<\/p>\n<h3>Kundendienst<\/h3>\n<p>Wir bieten einen exzellenten Kundendienst und Support, um Kundenzufriedenheit und -loyalit\u00e4t zu gew\u00e4hrleisten.<\/p>\n<p><img decoding=\"async\" src=\"https:\/\/hzpt.com\/wp-content\/uploads\/2024\/11\/songte-company-1.webp\" alt=\"Firmenimage\"><\/p>\n<p>Autor: lyl.<\/p>","protected":false},"excerpt":{"rendered":"<p>Bucket Cylinder For Doosan Middle Excavator DH220-3-5-7 Introduction The bucket cylinder is a specially designed hydraulic cylinder used to control the movement of the bucket in heavy machinery such as excavators, backhoes, and front loaders. Its main function is to allow the bucket to lift, lower, and tilt, making it easier to handle various material [&hellip;]<\/p>","protected":false},"featured_media":14773,"comment_status":"open","ping_status":"closed","template":"","meta":{"_et_pb_use_builder":"","_et_pb_old_content":"","_et_gb_content_width":""},"product_brand":[],"product_cat":[1494],"product_tag":[1495,1496],"class_list":{"0":"post-15276","1":"product","2":"type-product","3":"status-publish","4":"has-post-thumbnail","6":"product_cat-bucket-cylinders","7":"product_tag-bucket-cylinders","8":"product_tag-hydraulic-cylinders","10":"first","11":"instock","12":"shipping-taxable","13":"product-type-simple"},"amp_enabled":true,"_links":{"self":[{"href":"https:\/\/www.hydraulic-cylinders.net\/de\/wp-json\/wp\/v2\/product\/15276","targetHints":{"allow":["GET"]}}],"collection":[{"href":"https:\/\/www.hydraulic-cylinders.net\/de\/wp-json\/wp\/v2\/product"}],"about":[{"href":"https:\/\/www.hydraulic-cylinders.net\/de\/wp-json\/wp\/v2\/types\/product"}],"replies":[{"embeddable":true,"href":"https:\/\/www.hydraulic-cylinders.net\/de\/wp-json\/wp\/v2\/comments?post=15276"}],"wp:featuredmedia":[{"embeddable":true,"href":"https:\/\/www.hydraulic-cylinders.net\/de\/wp-json\/wp\/v2\/media\/14773"}],"wp:attachment":[{"href":"https:\/\/www.hydraulic-cylinders.net\/de\/wp-json\/wp\/v2\/media?parent=15276"}],"wp:term":[{"taxonomy":"product_brand","embeddable":true,"href":"https:\/\/www.hydraulic-cylinders.net\/de\/wp-json\/wp\/v2\/product_brand?post=15276"},{"taxonomy":"product_cat","embeddable":true,"href":"https:\/\/www.hydraulic-cylinders.net\/de\/wp-json\/wp\/v2\/product_cat?post=15276"},{"taxonomy":"product_tag","embeddable":true,"href":"https:\/\/www.hydraulic-cylinders.net\/de\/wp-json\/wp\/v2\/product_tag?post=15276"}],"curies":[{"name":"wp","href":"https:\/\/api.w.org\/{rel}","templated":true}]}}