{"id":15293,"date":"2025-01-19T14:20:51","date_gmt":"2025-01-19T14:20:51","guid":{"rendered":"https:\/\/www.hydraulic-cylinders.net\/product\/bucket-cylinder-for-doosan-large-excavator-dx350xl\/"},"modified":"2025-01-19T14:20:53","modified_gmt":"2025-01-19T14:20:53","slug":"bucket-cylinder-for-doosan-large-excavator-dx350xl","status":"publish","type":"product","link":"https:\/\/www.hydraulic-cylinders.net\/de\/produkt\/bucket-cylinder-for-doosan-large-excavator-dx350xl\/","title":{"rendered":"L\u00f6ffelzylinder f\u00fcr Doosan Gro\u00dfbagger DX350XL"},"content":{"rendered":"<h1>L\u00f6ffelzylinder f\u00fcr Doosan Gro\u00dfbagger DX350XL<\/h1>\n<h2>Einf\u00fchrung<\/h2>\n<p>Der Schaufelzylinder f\u00fcr den Doosan-Gro\u00dfbagger DX350XL ist ein spezieller Hydraulikzylinder zur Steuerung der Schaufelbewegung in Baumaschinen wie Baggern, Radladern und Baggerladern. Seine Hauptfunktion besteht darin, die Schaufel f\u00fcr verschiedene Materialumschlagsaufgaben zu heben, zu senken und zu neigen. In einem Hydrauliksystem steuert der Schaufelzylinder die Schaufelbewegung pr\u00e4zise durch \u00c4nderungen des Hydraulik\u00f6ldrucks. Dies erm\u00f6glicht es dem Bediener, schwere Lasten effizient zu handhaben und sich an komplexe Arbeitsumgebungen und unterschiedliche Arbeitsanforderungen anzupassen.<\/p>\n<p><img decoding=\"async\" src=\"https:\/\/www.hydraulic-cylinders.net\/wp-content\/uploads\/2025\/01\/songte-company-2.webp\" alt=\"L\u00f6ffelzylinder f\u00fcr Doosan Gro\u00dfbagger DX350XL\"><\/p>\n<h2>Merkmale<\/h2>\n<ul>\n<li>Hohe Festigkeit und Langlebigkeit: Typischerweise aus hochfestem Stahl oder Aluminium gefertigt, h\u00e4lt es hohem Druck und schweren Belastungen stand und ist auf Verschlei\u00df- und Korrosionsbest\u00e4ndigkeit ausgelegt, was seine Lebensdauer verl\u00e4ngert.<\/li>\n<li>Effizienter Hydraulikbetrieb: Nutzt Hydraulik\u00f6ldruck f\u00fcr sanfte Aus- und Einfahrvorg\u00e4nge, reagiert schnell auf Steuerbefehle, bietet eine starke Schub- und Zugkraft und eignet sich f\u00fcr die Handhabung schwerer Lasten und komplexer Arbeitsaufgaben.<\/li>\n<li>Verschiedene Zylindertypen stehen zur Auswahl: Einfachwirkende (Hydraulik wirkt nur in eine Richtung) oder doppeltwirkende (Hydraulik wirkt in beide Richtungen) Zylinder k\u00f6nnen je nach Bedarf und Betriebsanforderungen ausgew\u00e4hlt werden. Einige Modelle sind teleskopierbar und erm\u00f6glichen so eine gr\u00f6\u00dfere Ausladung ohne Vergr\u00f6\u00dferung der Au\u00dfenabmessungen \u2013 ideal f\u00fcr Anwendungen mit begrenztem Platzangebot.<\/li>\n<li>Einfache Installation: Unser Produkt kann diese Hydraulikzylinder perfekt ersetzen.<\/li>\n<\/ul>\n<p><img decoding=\"async\" src=\"https:\/\/www.hydraulic-cylinders.net\/wp-content\/uploads\/2025\/01\/songte-cylinder-head-with-all-kinds-excavator-models.webp\" alt=\"L\u00f6ffelzylinder f\u00fcr Doosan Gro\u00dfbagger DX350XL\"><\/p>\n<h2>Anwendungen<\/h2>\n<p>Der L\u00f6ffelzylinder f\u00fcr den Doosan-Gro\u00dfbagger DX350XL findet breite Anwendung in verschiedenen Baumaschinen, darunter:<\/p>\n<ul>\n<li>Baumaschinen: Bei Baggern sind sie unverzichtbar zum Graben, Laden und Bewegen von Erde oder Bauschutt. Bei Tiefladern unterst\u00fctzt der L\u00f6ffelzylinder sowohl das Graben als auch das Heben. <\/li>\n<li>Landwirtschaftliche Maschinen: Werden in Frontladern zum Schaufeln, Anheben und Transportieren von Erde, Heu und anderen Materialien eingesetzt. <\/li>\n<li>Lader: Beim Frontlader helfen sie, Ladung effektiv anzuheben und zu kippen.<\/li>\n<\/ul>\n<h2>Design\u00fcberlegungen und Auswahlkriterien<\/h2>\n<p>Der L\u00f6ffelzylinder f\u00fcr den Doosan Gro\u00dfbagger DX350XL wurde unter Ber\u00fccksichtigung wichtiger Aspekte wie Tragf\u00e4higkeit, Abdichtung, Langlebigkeit, Sicherheit und Wartungsfreundlichkeit konstruiert. <\/p>\n<ul>\n<li>Tragf\u00e4higkeit: Der Zylinder muss hohem Druck und hohen Belastungen standhalten und dabei Stabilit\u00e4t und Pr\u00e4zision gew\u00e4hrleisten. <\/li>\n<li>Abdichtung: Im Zylinder werden verschiedene Dichtungen wie Kolbendichtungen, Stangendichtungen usw. verwendet, wobei das Dichtungsmaterial aus verschlei\u00dffesten Werkstoffen wie Polyurethan und Nitrilkautschuk ausgew\u00e4hlt wird. <\/li>\n<li>Langlebigkeit: Der Zylinderk\u00f6rper und die Gewindeendfl\u00e4chen sind fein bearbeitet, um die Verschlei\u00dffestigkeit zu verbessern. <\/li>\n<li>Sicherheit: Der Zylinder muss verschiedene Sicherheitsstandards und -vorschriften erf\u00fcllen, um einen sicheren Betrieb zu gew\u00e4hrleisten. <\/li>\n<li>Wartungsfreundlichkeit: Regelm\u00e4\u00dfige Wartung und Reparatur zur Vermeidung von St\u00f6rungen und Verl\u00e4ngerung der Lebensdauer. <\/li>\n<\/ul>\n<p><img decoding=\"async\" src=\"https:\/\/www.hydraulic-cylinders.net\/wp-content\/uploads\/2025\/01\/songte-oil-pipes-and-spare-parts.webp\" alt=\"L\u00f6ffelzylinder f\u00fcr Doosan Gro\u00dfbagger DX350XL\"><\/p>\n<h2>Abdichtung und Schmierung<\/h2>\n<p>Der L\u00f6ffelzylinder des Doosan-Gro\u00dfbaggers DX350XL verwendet verschiedene Dichtungselemente, wie Kolben- und Stangendichtungen, aus verschlei\u00dffesten Materialien wie Polyurethan und Nitrilkautschuk. Zylinderk\u00f6rper und Gewindeendfl\u00e4chen sind pr\u00e4zisionsbearbeitet, um die Verschlei\u00dffestigkeit zu erh\u00f6hen. Regelm\u00e4\u00dfige Schmierung mit geeignetem Hydraulik\u00f6l ist erforderlich, um einen reibungslosen Betrieb zu gew\u00e4hrleisten und Verschlei\u00df vorzubeugen.<\/p>\n<h2>Wartung und Reparatur<\/h2>\n<p>Regelm\u00e4\u00dfige Inspektionen und vorbeugende Wartungsma\u00dfnahmen sind notwendig, um St\u00f6rungen zu vermeiden und die Lebensdauer des L\u00f6ffelzylinders des Doosan-Gro\u00dfbaggers DX350XL zu verl\u00e4ngern. Zu den g\u00e4ngigen Wartungsarbeiten geh\u00f6ren:<\/p>\n<ul>\n<li>Regelm\u00e4\u00dfige Inspektion: \u00dcberpr\u00fcfen Sie den Zylinder regelm\u00e4\u00dfig auf Anzeichen von Verschlei\u00df, Besch\u00e4digung und Undichtigkeiten. <\/li>\n<li>Richtige Schmierung: Schmieren Sie den Zylinder mit dem empfohlenen Hydraulik\u00f6l, um einen reibungslosen Betrieb zu gew\u00e4hrleisten. <\/li>\n<li>Dichtungswechsel: Ersetzen Sie die Dichtungen nach Bedarf, um Leckagen zu vermeiden und die Dichtwirkung aufrechtzuerhalten. <\/li>\n<li>Kalibrierungspr\u00fcfung: \u00dcberpr\u00fcfen Sie die Kalibrierung des Zylinders, um einen genauen und reibungslosen Betrieb sicherzustellen. <\/li>\n<\/ul>\n<p><img decoding=\"async\" src=\"https:\/\/www.hydraulic-cylinders.net\/wp-content\/uploads\/2025\/01\/songte-chushion-collar.webp\" alt=\"L\u00f6ffelzylinder f\u00fcr Doosan Gro\u00dfbagger DX350XL\"><\/p>\n<h2>Sicherheitsaspekte und Umweltfaktoren<\/h2>\n<p>Bei der Verwendung des L\u00f6ffelzylinders f\u00fcr den Doosan-Gro\u00dfbagger DX350XL m\u00fcssen geeignete Sicherheitsvorkehrungen getroffen werden, um Unf\u00e4lle zu vermeiden und einen sicheren Betrieb zu gew\u00e4hrleisten. Auch Umweltfaktoren wie \u00d6lleckagen und die Vermeidung von Umweltverschmutzung m\u00fcssen ber\u00fccksichtigt werden, um die Umwelt zu sch\u00fctzen.<\/p>\n<h2>Fehlerbehebung und h\u00e4ufige Probleme<\/h2>\n<p>Zu den h\u00e4ufigsten Problemen, die beim Einsatz des L\u00f6ffelzylinders des Doosan-Gro\u00dfbaggers DX350XL auftreten k\u00f6nnen, z\u00e4hlen Leckagen, mangelhafte Abdichtung und Kalibrierungsfehler. Um diese Probleme effektiv zu diagnostizieren und zu beheben, sind regelm\u00e4\u00dfige Inspektionen und vorbeugende Wartungsma\u00dfnahmen erforderlich.<\/p>\n<p><img decoding=\"async\" src=\"https:\/\/www.hydraulic-cylinders.net\/wp-content\/uploads\/2025\/01\/songte-bushings-with-all-kinds-of-excavator-models.webp\" alt=\"L\u00f6ffelzylinder f\u00fcr Doosan Gro\u00dfbagger DX350XL\"><\/p>\n<h2>\u00dcber unser Unternehmen<\/h2>\n<p>Wir sind ein Hersteller von Hydraulikzylindern mit einem umfassenden Produktsortiment und z\u00e4hlen zu den f\u00fchrenden Herstellern und Gro\u00dfh\u00e4ndlern von Hydraulikzylindern im In- und Ausland. Wir setzen auf h\u00f6chste Qualit\u00e4t und nutzen moderne Fertigungsmethoden, um unsere Produktionsanlagen kontinuierlich zu optimieren und die Produktqualit\u00e4t stetig zu verbessern. Dank unserer ausgepr\u00e4gten Innovationskraft erf\u00fcllen wir die vielf\u00e4ltigen Kundenbed\u00fcrfnisse mit h\u00f6chster Effizienz, Pr\u00e4zision und Qualit\u00e4t.<\/p>\n<p>Wir bieten professionelle, international zertifizierte und kundenspezifische Dienstleistungen und verf\u00fcgen \u00fcber modernste Produktionsanlagen und professionelle Pr\u00fcfsysteme. Dar\u00fcber hinaus bieten wir Austausch- und \u00dcberholungsdienste an, um die Lebensdauer von Hydraulikzylindern zu verl\u00e4ngern.<\/p>\n<p><img decoding=\"async\" src=\"https:\/\/hzpt.com\/wp-content\/uploads\/2024\/11\/songte-company-1.webp\" alt=\"L\u00f6ffelzylinder f\u00fcr Doosan Gro\u00dfbagger DX350XL\"><\/p>\n<p>Autor: lyl<\/p>","protected":false},"excerpt":{"rendered":"<p>Bucket Cylinder for Doosan Large Excavator DX350XL Introduction The bucket cylinder for Doosan large excavator DX350XL is a specialized hydraulic cylinder designed to control the movement of the bucket in heavy machinery, such as excavators, backhoe excavators, and front loaders. Its main function is to lift, lower, and tilt the bucket for various material handling [&hellip;]<\/p>","protected":false},"featured_media":14769,"comment_status":"open","ping_status":"closed","template":"","meta":{"_et_pb_use_builder":"","_et_pb_old_content":"","_et_gb_content_width":""},"product_brand":[],"product_cat":[1494],"product_tag":[1495,1496],"class_list":{"0":"post-15293","1":"product","2":"type-product","3":"status-publish","4":"has-post-thumbnail","6":"product_cat-bucket-cylinders","7":"product_tag-bucket-cylinders","8":"product_tag-hydraulic-cylinders","10":"first","11":"instock","12":"shipping-taxable","13":"product-type-simple"},"amp_enabled":true,"_links":{"self":[{"href":"https:\/\/www.hydraulic-cylinders.net\/de\/wp-json\/wp\/v2\/product\/15293","targetHints":{"allow":["GET"]}}],"collection":[{"href":"https:\/\/www.hydraulic-cylinders.net\/de\/wp-json\/wp\/v2\/product"}],"about":[{"href":"https:\/\/www.hydraulic-cylinders.net\/de\/wp-json\/wp\/v2\/types\/product"}],"replies":[{"embeddable":true,"href":"https:\/\/www.hydraulic-cylinders.net\/de\/wp-json\/wp\/v2\/comments?post=15293"}],"wp:featuredmedia":[{"embeddable":true,"href":"https:\/\/www.hydraulic-cylinders.net\/de\/wp-json\/wp\/v2\/media\/14769"}],"wp:attachment":[{"href":"https:\/\/www.hydraulic-cylinders.net\/de\/wp-json\/wp\/v2\/media?parent=15293"}],"wp:term":[{"taxonomy":"product_brand","embeddable":true,"href":"https:\/\/www.hydraulic-cylinders.net\/de\/wp-json\/wp\/v2\/product_brand?post=15293"},{"taxonomy":"product_cat","embeddable":true,"href":"https:\/\/www.hydraulic-cylinders.net\/de\/wp-json\/wp\/v2\/product_cat?post=15293"},{"taxonomy":"product_tag","embeddable":true,"href":"https:\/\/www.hydraulic-cylinders.net\/de\/wp-json\/wp\/v2\/product_tag?post=15293"}],"curies":[{"name":"wp","href":"https:\/\/api.w.org\/{rel}","templated":true}]}}