{"id":15301,"date":"2025-01-19T14:21:30","date_gmt":"2025-01-19T14:21:30","guid":{"rendered":"https:\/\/www.hydraulic-cylinders.net\/product\/bucket-cylinder-for-doosan-large-excavator-dh500lc-7\/"},"modified":"2025-01-19T14:21:32","modified_gmt":"2025-01-19T14:21:32","slug":"bucket-cylinder-for-doosan-large-excavator-dh500lc-7","status":"publish","type":"product","link":"https:\/\/www.hydraulic-cylinders.net\/de\/produkt\/bucket-cylinder-for-doosan-large-excavator-dh500lc-7\/","title":{"rendered":"L\u00f6ffelzylinder f\u00fcr Doosan Gro\u00dfbagger DH500LC-7"},"content":{"rendered":"<h1>L\u00f6ffelzylinder f\u00fcr Doosan Gro\u00dfbagger DH500LC-7<\/h1>\n<h2>Einf\u00fchrung<\/h2>\n<p>Ein Schaufelzylinder ist ein speziell entwickelter Hydraulikzylinder, der die Bewegung der Schaufel in Baumaschinen wie Baggern, Baggerladern und Radladern steuert. Seine Hauptfunktion besteht darin, das Heben, Senken und Neigen der Schaufel zu erm\u00f6glichen und so verschiedene Materialumschlagsaufgaben zu erleichtern. Im Hydrauliksystem erzielt der Schaufelzylinder durch die Nutzung von Druck\u00e4nderungen im Hydraulik\u00f6l eine pr\u00e4zise Steuerung der Schaufel. Dies erlaubt es dem Bediener, schwere Lasten effizient zu handhaben und sich an komplexe Arbeitsumgebungen und vielf\u00e4ltige Aufgaben anzupassen.<\/p>\n<p><img decoding=\"async\" src=\"https:\/\/www.hydraulic-cylinders.net\/wp-content\/uploads\/2025\/01\/songte-company-2.webp\" alt=\"Bild des Schaufelzylinders\"><\/p>\n<h2>Merkmale<\/h2>\n<ul>\n<li>Hohe Festigkeit und Langlebigkeit: Typischerweise aus hochfestem Stahl oder Aluminium gefertigt, halten sie hohem Druck und hohen Belastungen stand, eignen sich f\u00fcr raue Arbeitsumgebungen und sind auf Verschlei\u00df- und Korrosionsbest\u00e4ndigkeit ausgelegt, um die Lebensdauer zu verl\u00e4ngern.<\/li>\n<li>Effizienter Hydraulikbetrieb: Nutzt den Hydraulik\u00f6ldruck f\u00fcr sanfte Aus- und Einfahrbewegungen, reagiert schnell auf Steuerbefehle und bietet starke Schub- und Zugkr\u00e4fte, geeignet f\u00fcr die Handhabung schwerer Lasten und komplexer Arbeitsaufgaben.<\/li>\n<li>Vielseitige Ausf\u00fchrungen: Erh\u00e4ltlich als einfachwirkende (hydraulisch nur in eine Richtung) oder doppeltwirkende (hydraulisch in beide Richtungen) Zylinder, um unterschiedlichen Betriebsanforderungen gerecht zu werden. Bestimmte Modelle sind teleskopierbar und erm\u00f6glichen so eine gr\u00f6\u00dfere Reichweite ohne Vergr\u00f6\u00dferung der Au\u00dfenabmessungen. Sie eignen sich daher f\u00fcr Anwendungen mit beengten Platzverh\u00e4ltnissen.<\/li>\n<li>Perfekter Ersatz: Unsere Produkte k\u00f6nnen diese Hydraulikzylinder perfekt ersetzen.<\/li>\n<\/ul>\n<p><img decoding=\"async\" src=\"https:\/\/www.hydraulic-cylinders.net\/wp-content\/uploads\/2025\/01\/songte-cylinder-head-with-all-kinds-excavator-models.webp\" alt=\"Abbildung des Ersatzzylinders\"><\/p>\n<h2>Anwendungen<\/h2>\n<p>Der Schaufelzylinder findet in verschiedenen Ger\u00e4ten Anwendung:<\/p>\n<ul>\n<li>Baumaschinen: Bei Baggern sind sie unverzichtbar zum Graben, Laden und Bewegen von Erde oder Bauschutt. Bei Baggerladern unterst\u00fctzt der Schaufelzylinder sowohl das Graben als auch das Heben.<\/li>\n<li>Landwirtschaftliche Maschinen: Wird in Frontladern zum Schaufeln, Heben und Transportieren von Erde, Heu und anderen Materialien verwendet.<\/li>\n<li>Bagger: Der Schaufelzylinder erm\u00f6glicht Grabvorg\u00e4nge, indem er der Schaufel das Eindringen in den Boden erm\u00f6glicht.<\/li>\n<li>Lader: Bei Frontladern helfen sie beim effektiven Anheben und Abladen von G\u00fctern.<\/li>\n<\/ul>\n<h2>Design\u00fcberlegungen und Auswahlkriterien<\/h2>\n<p>Bei der Konstruktion des Schaufelzylinders werden verschiedene Faktoren und Auswahlkriterien ber\u00fccksichtigt:<\/p>\n<ul>\n<li>Tragf\u00e4higkeit: Die Zylinderkonstruktion sollte eine ausreichende Festigkeit gew\u00e4hrleisten, um den zu erwartenden Lasten und Kr\u00e4ften standzuhalten.<\/li>\n<li>Dichtungsf\u00e4higkeit: Durch den Einsatz verschiedener Dichtungskomponenten, wie z. B. Kolben- und Stangendichtungen aus verschlei\u00dffesten Materialien wie Polyurethan und Nitrilkautschuk, wird eine effektive Abdichtung des Zylinders erreicht, um Leckagen zu verhindern und die Leistung aufrechtzuerhalten.<\/li>\n<li>Langlebigkeit: Zylinderk\u00f6rper und Gewindeendfl\u00e4che werden pr\u00e4zise bearbeitet, um die Verschlei\u00dffestigkeit zu erh\u00f6hen. Dies gew\u00e4hrleistet die Langlebigkeit und Robustheit des Zylinders auch unter anspruchsvollen Bedingungen.<\/li>\n<li>Sicherheit: Bei der Konstruktion sollten Sicherheitsmerkmale Priorit\u00e4t haben, um Unf\u00e4lle zu verhindern und den Schutz des Bedieners w\u00e4hrend des Betriebs zu gew\u00e4hrleisten.<\/li>\n<li>Wartungsfreundlichkeit: \u00dcberlegungen zur einfachen Wartung und Reparatur, die eine effiziente Instandhaltung erm\u00f6glichen und Ausfallzeiten minimieren.<\/li>\n<\/ul>\n<p><img decoding=\"async\" src=\"https:\/\/www.hydraulic-cylinders.net\/wp-content\/uploads\/2025\/01\/songte-oil-pipes-and-spare-parts.webp\" alt=\"Abbildung der Zylinderteile\"><\/p>\n<h2>Abdichtung und Schmierung<\/h2>\n<p>Der Schaufelzylinder verwendet verschiedene Dichtungselemente, wie Kolben- und Stangendichtungen, die aus verschlei\u00dffesten Materialien wie Polyurethan und Nitrilkautschuk gefertigt sind. Zylinderk\u00f6rper und Gewindeendfl\u00e4che werden pr\u00e4zise bearbeitet, um die Verschlei\u00dffestigkeit zu erh\u00f6hen. Regelm\u00e4\u00dfige Schmierung mit geeignetem Hydraulik\u00f6l ist erforderlich, um einen reibungslosen Betrieb zu gew\u00e4hrleisten und die beweglichen Teile zu schmieren.<\/p>\n<h2>Regelm\u00e4\u00dfige Inspektion und vorbeugende Wartung<\/h2>\n<p>Um optimale Leistung und Langlebigkeit zu gew\u00e4hrleisten, sollten regelm\u00e4\u00dfige Inspektionen und vorbeugende Wartungsma\u00dfnahmen durchgef\u00fchrt werden:<\/p>\n<ul>\n<li>Pr\u00fcfen Sie den Zylinder auf Anzeichen von Verschlei\u00df, Besch\u00e4digungen oder Undichtigkeiten.<\/li>\n<li>Um einen reibungslosen Betrieb zu gew\u00e4hrleisten, muss der Zylinder ausreichend geschmiert werden.<\/li>\n<li>Um die Dichtwirkung zu erhalten, sollten abgenutzte oder besch\u00e4digte Dichtungen regelm\u00e4\u00dfig ausgetauscht werden.<\/li>\n<li>F\u00fchren Sie Kalibrierungspr\u00fcfungen durch, um sicherzustellen, dass der Zylinder innerhalb der vorgegebenen Parameter arbeitet.<\/li>\n<\/ul>\n<p><img decoding=\"async\" src=\"https:\/\/www.hydraulic-cylinders.net\/wp-content\/uploads\/2025\/01\/songte-chushion-collar.webp\" alt=\"Wartungsbild\"><\/p>\n<h2>Sicherheitsaspekte und Umweltfaktoren<\/h2>\n<p>Bei der Verwendung von Hubzylindern ist es unerl\u00e4sslich, Sicherheitsma\u00dfnahmen zu priorisieren, um Unf\u00e4lle zu vermeiden und den Schutz des Bedieners zu gew\u00e4hrleisten. Dar\u00fcber hinaus sollten Umweltfaktoren ber\u00fccksichtigt werden, um die Auswirkungen auf die Umgebung zu minimieren und Umweltauflagen einzuhalten.<\/p>\n<h2>Fehlerbehebung und h\u00e4ufige Probleme<\/h2>\n<p>Sollten Probleme auftreten, ist es entscheidend, diese effektiv zu diagnostizieren und zu beheben. Hier finden Sie einige Tipps und L\u00f6sungsans\u00e4tze zur Fehlerbehebung:<\/p>\n<ul>\n<li>Problem: Zylinder f\u00e4hrt nicht richtig aus oder ein.<br \/>\n    <br \/>L\u00f6sung: Hydraulik\u00f6lstand und -druck pr\u00fcfen, Dichtungen auf Besch\u00e4digungen untersuchen und f\u00fcr ordnungsgem\u00e4\u00dfe Schmierung sorgen.<\/li>\n<li>Problem: Undichtigkeit am Zylinder.<br \/>\n    <br \/>L\u00f6sung: Besch\u00e4digte Dichtungen pr\u00fcfen und ersetzen, Verbindungen festziehen und f\u00fcr ordnungsgem\u00e4\u00dfe Abdichtung sorgen.<\/li>\n<li>Problem: Unregelm\u00e4\u00dfige oder ruckartige Zylinderbewegung.<br \/>\n    <br \/>L\u00f6sung: Pr\u00fcfen Sie auf Verunreinigungen der Hydraulikfl\u00fcssigkeit, untersuchen Sie die Bauteile auf Besch\u00e4digungen und stellen Sie eine ordnungsgem\u00e4\u00dfe Schmierung sicher.<\/li>\n<\/ul>\n<p><img decoding=\"async\" src=\"https:\/\/www.hydraulic-cylinders.net\/wp-content\/uploads\/2025\/01\/songte-bushings-with-all-kinds-of-excavator-models.webp\" alt=\"Fehlerbehebung beim Bild\"><\/p>\n<p>Denken Sie daran, den Artikel logisch zu strukturieren, Zwischen\u00fcberschriften zur einfacheren Navigation zu verwenden, relevante Bilder oder Diagramme zum besseren Verst\u00e4ndnis einzuf\u00fcgen und sicherzustellen, dass der Inhalt klar, pr\u00e4gnant und f\u00fcr Leser mit unterschiedlichem technischen Wissen geeignet ist.<\/p>\n<h2>\u00dcber unser Unternehmen<\/h2>\n<p>Wir sind ein Hersteller von Hydraulikzylindern und bieten ein breites Produktsortiment an. Als einer der f\u00fchrenden Hersteller und Gro\u00dfh\u00e4ndler von Hydraulikzylindern auf dem nationalen und internationalen Markt setzen wir auf h\u00f6chste Qualit\u00e4t und industrialisierte Produktionsmanagementstrategien in unseren modernen Fertigungsst\u00e4tten. Mit Fokus auf qualifizierte Fachkr\u00e4fte, modernste digitale Fertigungsanlagen und professionelle Testsysteme optimieren wir kontinuierlich unsere Fertigungsplattform, perfektionieren unsere Produktionsprozesse und verf\u00fcgen \u00fcber ausgepr\u00e4gte Innovationskraft. Unser Ziel ist es, die vielf\u00e4ltigen Kundenbed\u00fcrfnisse mit h\u00f6chster Effizienz, Pr\u00e4zision und Qualit\u00e4t zu erf\u00fcllen.<\/p>\n<p><img decoding=\"async\" src=\"https:\/\/www.hydraulic-cylinders.net\/wp-content\/uploads\/2025\/01\/songte-company-3.webp\" alt=\"Firmenimage\"><\/p>\n<p>Dar\u00fcber hinaus sind wir stolz auf Folgendes:<\/p>\n<ul>\n<li>Professionalit\u00e4t<\/li>\n<li>Internationale Zertifizierungen<\/li>\n<li>Anpassungsdienste<\/li>\n<li>Moderne Produktionsausr\u00fcstung<\/li>\n<li>Kundendienst<\/li>\n<\/ul>\n<p>Autor: lyl<\/p>","protected":false},"excerpt":{"rendered":"<p>Bucket Cylinder For Doosan Large Excavator DH500LC-7 Introduction A bucket cylinder is a specially designed hydraulic cylinder used to control the movement of the bucket in heavy machinery, such as excavators, backhoe loaders, and front loaders. Its main function is to enable the lifting, lowering, and tilting of the bucket, making it easier to handle [&hellip;]<\/p>","protected":false},"featured_media":14784,"comment_status":"open","ping_status":"closed","template":"","meta":{"_et_pb_use_builder":"","_et_pb_old_content":"","_et_gb_content_width":""},"product_brand":[],"product_cat":[1494],"product_tag":[1495,1496],"class_list":{"0":"post-15301","1":"product","2":"type-product","3":"status-publish","4":"has-post-thumbnail","6":"product_cat-bucket-cylinders","7":"product_tag-bucket-cylinders","8":"product_tag-hydraulic-cylinders","10":"first","11":"instock","12":"shipping-taxable","13":"product-type-simple"},"amp_enabled":true,"_links":{"self":[{"href":"https:\/\/www.hydraulic-cylinders.net\/de\/wp-json\/wp\/v2\/product\/15301","targetHints":{"allow":["GET"]}}],"collection":[{"href":"https:\/\/www.hydraulic-cylinders.net\/de\/wp-json\/wp\/v2\/product"}],"about":[{"href":"https:\/\/www.hydraulic-cylinders.net\/de\/wp-json\/wp\/v2\/types\/product"}],"replies":[{"embeddable":true,"href":"https:\/\/www.hydraulic-cylinders.net\/de\/wp-json\/wp\/v2\/comments?post=15301"}],"wp:featuredmedia":[{"embeddable":true,"href":"https:\/\/www.hydraulic-cylinders.net\/de\/wp-json\/wp\/v2\/media\/14784"}],"wp:attachment":[{"href":"https:\/\/www.hydraulic-cylinders.net\/de\/wp-json\/wp\/v2\/media?parent=15301"}],"wp:term":[{"taxonomy":"product_brand","embeddable":true,"href":"https:\/\/www.hydraulic-cylinders.net\/de\/wp-json\/wp\/v2\/product_brand?post=15301"},{"taxonomy":"product_cat","embeddable":true,"href":"https:\/\/www.hydraulic-cylinders.net\/de\/wp-json\/wp\/v2\/product_cat?post=15301"},{"taxonomy":"product_tag","embeddable":true,"href":"https:\/\/www.hydraulic-cylinders.net\/de\/wp-json\/wp\/v2\/product_tag?post=15301"}],"curies":[{"name":"wp","href":"https:\/\/api.w.org\/{rel}","templated":true}]}}