{"id":15305,"date":"2025-01-19T14:21:46","date_gmt":"2025-01-19T14:21:46","guid":{"rendered":"https:\/\/www.hydraulic-cylinders.net\/product\/bucket-cylinder-for-doosan-wheel-excavator-dx60n\/"},"modified":"2025-01-19T14:21:48","modified_gmt":"2025-01-19T14:21:48","slug":"bucket-cylinder-for-doosan-wheel-excavator-dx60n","status":"publish","type":"product","link":"https:\/\/www.hydraulic-cylinders.net\/de\/produkt\/bucket-cylinder-for-doosan-wheel-excavator-dx60n\/","title":{"rendered":"L\u00f6ffelzylinder f\u00fcr Doosan Radbagger DX60N"},"content":{"rendered":"<h1>L\u00f6ffelzylinder f\u00fcr Doosan Radbagger DX60N<\/h1>\n<h2>Einf\u00fchrung<\/h2>\n<p>Der Schaufelzylinder f\u00fcr den Doosan-Radbagger DX60N ist ein spezieller Hydraulikzylinder zur Steuerung der Schaufelbewegungen in Baumaschinen wie Baggern, Radladern und Radladern. Seine Hauptfunktion besteht darin, das Heben, Senken und Neigen der Schaufel zu erm\u00f6glichen und sie so f\u00fcr vielf\u00e4ltige Materialumschlagaufgaben geeignet zu machen. Im Hydrauliksystem gew\u00e4hrleistet der Schaufelzylinder durch die Anpassung des Hydraulik\u00f6ldrucks eine pr\u00e4zise Steuerung der Schaufelbewegungen. Dies erm\u00f6glicht es dem Bediener, schwere Lasten effizient zu handhaben und sich an komplexe Arbeitsumgebungen und unterschiedliche Betriebsanforderungen anzupassen.<\/p>\n<p><img decoding=\"async\" src=\"https:\/\/www.hydraulic-cylinders.net\/wp-content\/uploads\/2025\/01\/songte-company-2.webp\" alt=\"L\u00f6ffelzylinder f\u00fcr Doosan Radbagger DX60N\"><\/p>\n<h2>Produkteigenschaften<\/h2>\n<ul>\n<li>Hohe Festigkeit und Langlebigkeit: Typischerweise aus hochfestem Stahl oder Aluminium gefertigt, h\u00e4lt es hohem Druck und schweren Belastungen stand, ist f\u00fcr raue Arbeitsumgebungen geeignet und wurde unter Ber\u00fccksichtigung von Verschlei\u00df- und Korrosionsbest\u00e4ndigkeit entwickelt, was seine Lebensdauer verl\u00e4ngert.<\/li>\n<li>Effizienter Hydraulikbetrieb: Durch die Nutzung des Hydraulik\u00f6ldrucks werden sanfte Aus- und Einfahrbewegungen erreicht. Das System reagiert schnell auf Steuerbefehle, bietet starke Schub- und Zugkr\u00e4fte und eignet sich f\u00fcr die Handhabung schwerer Lasten und komplexer Arbeitsaufgaben.<\/li>\n<li>Verschiedene Zylindertypen stehen zur Auswahl: Einfachwirkende (hydraulisch nur in eine Richtung wirkende) oder doppeltwirkende (hydraulisch in beide Richtungen wirkende) Zylinder k\u00f6nnen je nach Bedarf und Betriebsanforderungen ausgew\u00e4hlt werden. Einige Modelle sind teleskopierbar und erm\u00f6glichen so eine gr\u00f6\u00dfere Auszugsl\u00e4nge ohne Vergr\u00f6\u00dferung der Au\u00dfenabmessungen. Dadurch eignen sie sich besonders f\u00fcr Anwendungen mit begrenztem Platzangebot.<\/li>\n<li>Direkter Ersatz: Unser Produkt kann verschiedene Hydraulikzylinder ersetzen.<\/li>\n<\/ul>\n<p><img decoding=\"async\" src=\"https:\/\/www.hydraulic-cylinders.net\/wp-content\/uploads\/2025\/01\/songte-cylinder-head-with-all-kinds-excavator-models.webp\" alt=\"L\u00f6ffelzylinder f\u00fcr Doosan Radbagger DX60N\"><\/p>\n<h2>Anwendungen<\/h2>\n<p>Der L\u00f6ffelzylinder f\u00fcr den Doosan-Radbagger DX60N findet breite Anwendung in verschiedenen Baumaschinen, darunter:<\/p>\n<ul>\n<li>Baumaschinen: Bei Baggern sind sie unverzichtbar zum Ausheben, Laden und Bewegen von Erde oder Bauschutt. Bei Baggerladern unterst\u00fctzt der Schaufelzylinder sowohl das Ausheben als auch das Heben. <\/li>\n<li>Landwirtschaftliche Maschinen: Werden in Frontladern zum Schaufeln, Anheben und Transportieren von Erde, Heu und anderen Materialien eingesetzt. <\/li>\n<li>Bagger: Der Schaufelzylinder erm\u00f6glicht das Graben, indem er das Eindringen der Schaufel in den Boden erlaubt. <\/li>\n<li>Frontlader: Bei Frontladern helfen sie beim effektiven Anheben und Abladen von G\u00fctern.<\/li>\n<\/ul>\n<h2>Design\u00fcberlegungen und Auswahlkriterien<\/h2>\n<p>Der L\u00f6ffelzylinder f\u00fcr den Doosan-Radbagger DX60N wurde unter Ber\u00fccksichtigung verschiedener Faktoren konstruiert, darunter:<\/p>\n<ul>\n<li>Tragf\u00e4higkeit: Der Zylinder muss den auftretenden Belastungen standhalten k\u00f6nnen, ohne zu versagen oder sich zu verformen. <\/li>\n<li>Abdichtung: Eine ordnungsgem\u00e4\u00dfe Abdichtung ist erforderlich, um das Austreten von Hydraulikfl\u00fcssigkeit zu verhindern, da dies zu Sch\u00e4den an der Ausr\u00fcstung f\u00fchren und das Unfallrisiko erh\u00f6hen kann. <\/li>\n<li>Langlebigkeit: Der Zylinder muss lange Zeit halten k\u00f6nnen, ohne dass h\u00e4ufige Reparaturen oder Austausche erforderlich sind. <\/li>\n<li>Sicherheit: Der Zylinder muss so konstruiert sein, dass er sicher zu bedienen und zu warten ist, und es m\u00fcssen geeignete Sicherheitsma\u00dfnahmen vorhanden sein, um Unf\u00e4lle zu verhindern. <\/li>\n<li>Wartungsfreundlichkeit: Der Zylinder muss wartungsfreundlich und reparaturfreundlich sein, Ersatzteile m\u00fcssen leicht erh\u00e4ltlich sein. <\/li>\n<\/ul>\n<p><img decoding=\"async\" src=\"https:\/\/www.hydraulic-cylinders.net\/wp-content\/uploads\/2025\/01\/songte-oil-pipes-and-spare-parts.webp\" alt=\"L\u00f6ffelzylinder f\u00fcr Doosan Radbagger DX60N\"><\/p>\n<h2>Abdichtung und Schmierung<\/h2>\n<p>Der L\u00f6ffelzylinder des Doosan-Radbaggers DX60N verwendet verschiedene Dichtungskomponenten wie Kolben- und Stangendichtungen. Diese Dichtungskomponenten bestehen aus verschlei\u00dffesten Materialien wie Polyurethan und Nitrilkautschuk. Zylinderk\u00f6rper und Gewindeendfl\u00e4che sind pr\u00e4zisionsbearbeitet, um die Verschlei\u00dffestigkeit zu erh\u00f6hen. Regelm\u00e4\u00dfige Schmierung mit geeignetem Hydraulik\u00f6l ist erforderlich, um einen reibungslosen Betrieb des Zylinders zu gew\u00e4hrleisten.<\/p>\n<h2>Wartung und Reparatur<\/h2>\n<p>Regelm\u00e4\u00dfige Inspektion und vorbeugende Wartung sind unerl\u00e4sslich, um den L\u00f6ffelzylinder des Doosan-Radbaggers DX60N in einwandfreiem Zustand zu halten. Zu den g\u00e4ngigen Wartungsarbeiten geh\u00f6ren:<\/p>\n<ul>\n<li>Regelm\u00e4\u00dfige Inspektion<\/li>\n<li>Richtige Schmierung<\/li>\n<li>Dichtungswechsel<\/li>\n<li>Kalibrierungspr\u00fcfung<\/li>\n<\/ul>\n<p>Korrekte Montage, Schmierung und Justierung sind entscheidend f\u00fcr die Langlebigkeit des Zylinders. Wir empfehlen die korrekte Ausrichtung und die Verwendung geeigneter Montagehalterungen zur Zylinderbefestigung. Dar\u00fcber hinaus bieten wir empfohlene Pr\u00fcf-, Reparatur- und Austauschverfahren, Ersatzteile sowie \u00dcberholungsdienstleistungen an, um die Lebensdauer des Schaufelzylinders f\u00fcr den Doosan-Radbagger DX60N zu verl\u00e4ngern.<\/p>\n<p><img decoding=\"async\" src=\"https:\/\/www.hydraulic-cylinders.net\/wp-content\/uploads\/2025\/01\/songte-chushion-collar.webp\" alt=\"L\u00f6ffelzylinder f\u00fcr Doosan Radbagger DX60N\"><\/p>\n<h2>Sicherheits- und Umweltaspekte<\/h2>\n<p>Geeignete Sicherheitsma\u00dfnahmen wie das Tragen von Schutzausr\u00fcstung und die Einhaltung von Sicherheitsrichtlinien bei Installation und Wartung sind entscheidend, um Unf\u00e4lle zu vermeiden. Auch Umweltaspekte wie die ordnungsgem\u00e4\u00dfe Entsorgung von gebrauchter Hydraulikfl\u00fcssigkeit und anderen Abf\u00e4llen, die bei Wartungs- und Reparaturarbeiten anfallen, m\u00fcssen ber\u00fccksichtigt werden.<\/p>\n<h2>Diagnose und Fehlerbehebung<\/h2>\n<p>Der L\u00f6ffelzylinder des Doosan-Radbaggers DX60N kann Probleme wie Leckagen, Leistungseinbu\u00dfen oder langsame Bewegungen aufweisen. Eine korrekte Diagnose und Fehlerbehebung sind entscheidend, um diese Probleme zu erkennen und zu beheben. Geeignete Pr\u00e4ventivma\u00dfnahmen k\u00f6nnen helfen, diese Probleme zu vermeiden.<\/p>\n<p><img decoding=\"async\" src=\"https:\/\/www.hydraulic-cylinders.net\/wp-content\/uploads\/2025\/01\/songte-bushings-with-all-kinds-of-excavator-models.webp\" alt=\"L\u00f6ffelzylinder f\u00fcr Doosan Radbagger DX60N\"><\/p>\n<h2>\u00dcber unser Unternehmen<\/h2>\n<p>Wir sind ein f\u00fchrender Hersteller und Gro\u00dfh\u00e4ndler von Hydraulikzylindern, darunter auch der Schaufelzylinder f\u00fcr den Doosan-Radbagger DX60N. Unser Unternehmen bietet ein umfassendes Produktsortiment und kundenspezifische L\u00f6sungen f\u00fcr vielf\u00e4ltige Kundenbed\u00fcrfnisse. Wir setzen auf h\u00f6chste Qualit\u00e4t und optimieren unsere Produktionsprozesse kontinuierlich durch den Einsatz von qualifizierten Fachkr\u00e4ften, modernster digitaler Fertigungstechnik und einem professionellen Pr\u00fcfsystem. Effizienz, Pr\u00e4zision und Qualit\u00e4t stehen bei uns an erster Stelle. Wir sind Ihr zuverl\u00e4ssiger Partner f\u00fcr Hydraulikzylinder.<\/p>\n<p><img decoding=\"async\" src=\"https:\/\/hzpt.com\/wp-content\/uploads\/2024\/11\/songte-company-1.webp\" alt=\"L\u00f6ffelzylinder f\u00fcr Doosan Radbagger DX60N\"><\/p>\n<p>Autor: lyl<\/p>","protected":false},"excerpt":{"rendered":"<p>Bucket Cylinder For Doosan Wheel Excavator DX60N Introduction The bucket cylinder for Doosan wheel excavator DX60N is a specialized hydraulic cylinder designed to control the movements of the bucket in heavy machinery such as excavators, backhoe loaders, and front-end loaders. Its main function is to enable the bucket to lift, lower, and tilt, making it [&hellip;]<\/p>","protected":false},"featured_media":14776,"comment_status":"open","ping_status":"closed","template":"","meta":{"_et_pb_use_builder":"","_et_pb_old_content":"","_et_gb_content_width":""},"product_brand":[],"product_cat":[1494],"product_tag":[1495,1496],"class_list":{"0":"post-15305","1":"product","2":"type-product","3":"status-publish","4":"has-post-thumbnail","6":"product_cat-bucket-cylinders","7":"product_tag-bucket-cylinders","8":"product_tag-hydraulic-cylinders","10":"first","11":"instock","12":"shipping-taxable","13":"product-type-simple"},"amp_enabled":true,"_links":{"self":[{"href":"https:\/\/www.hydraulic-cylinders.net\/de\/wp-json\/wp\/v2\/product\/15305","targetHints":{"allow":["GET"]}}],"collection":[{"href":"https:\/\/www.hydraulic-cylinders.net\/de\/wp-json\/wp\/v2\/product"}],"about":[{"href":"https:\/\/www.hydraulic-cylinders.net\/de\/wp-json\/wp\/v2\/types\/product"}],"replies":[{"embeddable":true,"href":"https:\/\/www.hydraulic-cylinders.net\/de\/wp-json\/wp\/v2\/comments?post=15305"}],"wp:featuredmedia":[{"embeddable":true,"href":"https:\/\/www.hydraulic-cylinders.net\/de\/wp-json\/wp\/v2\/media\/14776"}],"wp:attachment":[{"href":"https:\/\/www.hydraulic-cylinders.net\/de\/wp-json\/wp\/v2\/media?parent=15305"}],"wp:term":[{"taxonomy":"product_brand","embeddable":true,"href":"https:\/\/www.hydraulic-cylinders.net\/de\/wp-json\/wp\/v2\/product_brand?post=15305"},{"taxonomy":"product_cat","embeddable":true,"href":"https:\/\/www.hydraulic-cylinders.net\/de\/wp-json\/wp\/v2\/product_cat?post=15305"},{"taxonomy":"product_tag","embeddable":true,"href":"https:\/\/www.hydraulic-cylinders.net\/de\/wp-json\/wp\/v2\/product_tag?post=15305"}],"curies":[{"name":"wp","href":"https:\/\/api.w.org\/{rel}","templated":true}]}}