{"id":15308,"date":"2025-01-19T14:21:57","date_gmt":"2025-01-19T14:21:57","guid":{"rendered":"https:\/\/www.hydraulic-cylinders.net\/product\/bucket-cylinder-for-hyundai-small-excavator-r130-5\/"},"modified":"2025-01-19T14:21:59","modified_gmt":"2025-01-19T14:21:59","slug":"bucket-cylinder-for-hyundai-small-excavator-r130-5","status":"publish","type":"product","link":"https:\/\/www.hydraulic-cylinders.net\/de\/produkt\/bucket-cylinder-for-hyundai-small-excavator-r130-5\/","title":{"rendered":"L\u00f6ffelzylinder f\u00fcr Hyundai Kleinbagger R130-5"},"content":{"rendered":"<h1>L\u00f6ffelzylinder f\u00fcr Hyundai Kleinbagger R130-5<\/h1>\n<h2>Einf\u00fchrung<\/h2>\n<p>Der L\u00f6ffelzylinder f\u00fcr den Hyundai-Kleinbagger R130-5 ist ein speziell entwickelter Hydraulikzylinder, der haupts\u00e4chlich zur Steuerung der L\u00f6ffelbewegung in Baumaschinen wie Baggern, Baggerladern und Radladern dient. Seine Hauptfunktion besteht darin, das Heben, Senken und Neigen des L\u00f6ffels zu erm\u00f6glichen und so verschiedene Materialumschlagsaufgaben zu erleichtern. Im Hydrauliksystem gew\u00e4hrleistet der L\u00f6ffelzylinder durch die Anpassung des Hydraulik\u00f6ldrucks eine pr\u00e4zise Steuerung des L\u00f6ffels. Dies erm\u00f6glicht dem Bediener, schwere Lasten effizient zu handhaben und sich an komplexe Arbeitsumgebungen und vielf\u00e4ltige Aufgaben anzupassen.<\/p>\n<p><img decoding=\"async\" src=\"https:\/\/www.hydraulic-cylinders.net\/wp-content\/uploads\/2025\/01\/songte-company-2.webp\" alt=\"Schaufelzylinder\" \/><\/p>\n<h2>Merkmale<\/h2>\n<ul>\n<li>Hohe Festigkeit und Langlebigkeit: Hergestellt aus hochfestem Stahl oder Aluminium, h\u00e4lt es hohem Druck und schweren Belastungen stand, ist f\u00fcr raue Arbeitsumgebungen geeignet und auf Verschlei\u00df- und Korrosionsbest\u00e4ndigkeit ausgelegt, was seine Lebensdauer verl\u00e4ngert.<\/li>\n<li>Effizienter Hydraulikbetrieb: Durch die Nutzung des Hydraulik\u00f6ldrucks werden reibungslose Aus- und Einfahrbewegungen erreicht. Das System reagiert schnell auf Bedienbefehle, bietet eine starke Schub- und Zugkraft und eignet sich f\u00fcr die Handhabung schwerer Lasten und komplexer Arbeitsaufgaben.<\/li>\n<li>Verschiedene Ausf\u00fchrungen: Je nach Bedarf und Betriebsanforderungen kann zwischen einfachwirkenden (hydraulisch nur in eine Richtung wirkenden) und doppeltwirkenden (hydraulisch in beide Richtungen wirkenden) Zylindern gew\u00e4hlt werden. Einige Modelle sind teleskopierbar und erm\u00f6glichen so eine gr\u00f6\u00dfere Auszugsl\u00e4nge ohne Vergr\u00f6\u00dferung der Au\u00dfenabmessungen \u2013 ideal f\u00fcr Anwendungen mit begrenztem Platzangebot.<\/li>\n<li>Einfache Installation und Wartung: Unsere Produkte k\u00f6nnen diese Hydraulikzylinder perfekt ersetzen.<\/li>\n<\/ul>\n<p><img decoding=\"async\" src=\"https:\/\/www.hydraulic-cylinders.net\/wp-content\/uploads\/2025\/01\/songte-cylinder-head-with-all-kinds-excavator-models.webp\" alt=\"Schaufelzylinder-Modelle\" \/><\/p>\n<h2>Anwendungen<\/h2>\n<p>Der Schaufelzylinder hat ein breites Anwendungsspektrum, darunter:<\/p>\n<ul>\n<li>Baumaschinen: Bei Baggern sind sie unverzichtbar zum Ausheben, Laden und Bewegen von Erde oder Bauschutt. Bei Baggerladern unterst\u00fctzt der Schaufelzylinder sowohl das Ausheben als auch das Heben. <\/li>\n<li>Landwirtschaftliche Maschinen: Werden in Frontladern zum Aufnehmen, Anheben und Transportieren von Erde, Heu und anderen Materialien eingesetzt. <\/li>\n<li>Bagger: Der Schaufelzylinder bewirkt die Grabwirkung, indem er das Eindringen der Schaufel in den Boden erm\u00f6glicht. <\/li>\n<li>Lader: Bei Frontladern helfen sie beim effizienten Anheben und Kippen von G\u00fctern. <\/li>\n<\/ul>\n<h2>Design\u00fcberlegungen und Auswahlkriterien<\/h2>\n<p>Bei der Verwendung des Schaufelzylinders sind folgende Konstruktions\u00fcberlegungen und Auswahlkriterien zu beachten:<\/p>\n<ul>\n<li>Tragf\u00e4higkeit: Der Zylinder muss in der Lage sein, das Gewicht der von ihm getragenen Last zu tragen.<\/li>\n<li>Abdichtung: Verschiedene Dichtungskomponenten, wie z. B. Kolbendichtungen, Stangendichtungen usw., m\u00fcssen anhand ihrer Verschlei\u00dffestigkeit ausgew\u00e4hlt werden. Auch die Wahl des Dichtungsmaterials sollte ber\u00fccksichtigt werden, um ein Austreten von Hydraulik\u00f6l zu verhindern.<\/li>\n<li>Langlebigkeit: Der Zylinder muss den hohen Belastungen und den rauen Arbeitsbedingungen, denen er ausgesetzt sein kann, standhalten k\u00f6nnen. Die Oberfl\u00e4che des Zylinderk\u00f6rpers und des Gewindeendes sollte gut behandelt sein, um die Verschlei\u00dffestigkeit zu verbessern.<\/li>\n<li>Sicherheit: Es sollten Sicherheitsma\u00dfnahmen getroffen werden, um Unf\u00e4lle w\u00e4hrend des Betriebs zu verhindern.<\/li>\n<li>Wartung: Der Zylinder muss regelm\u00e4\u00dfig mit Hydraulik\u00f6l geschmiert werden, und verschiedene Komponenten sollten regelm\u00e4\u00dfig auf ihren Wartungszustand \u00fcberpr\u00fcft werden.<\/li>\n<\/ul>\n<p><img decoding=\"async\" src=\"https:\/\/www.hydraulic-cylinders.net\/wp-content\/uploads\/2025\/01\/songte-oil-pipes-and-spare-parts.webp\" alt=\"Ersatzteile\" \/><\/p>\n<h2>Abdichtung und Schmierung<\/h2>\n<p>Verschiedene Dichtungskomponenten wie Kolben- und Pleueldichtungen sind erforderlich. Dichtungsmaterialien wie Polyurethan und Nitrilkautschuk sollten hinsichtlich ihrer Verschlei\u00dffestigkeit ausgew\u00e4hlt werden, um \u00d6lleckagen zu vermeiden. Zylinderk\u00f6rper und Gewindeendfl\u00e4che m\u00fcssen sorgf\u00e4ltig bearbeitet werden, um die Verschlei\u00dffestigkeit zu verbessern, und regelm\u00e4\u00dfig mit Hydraulik\u00f6l geschmiert werden, um einen reibungslosen Betrieb zu gew\u00e4hrleisten.<\/p>\n<h2>Wartung und Reparatur<\/h2>\n<p>Regelm\u00e4\u00dfige Kontrollen, sachgem\u00e4\u00dfe Schmierung, Dichtungsaustausch und Kalibrierungspr\u00fcfungen geh\u00f6ren zu den g\u00e4ngigen Wartungsarbeiten. Korrekte Montage, Schmierung und Justierung sind unerl\u00e4sslich, und w\u00e4hrend der Montage sollten entsprechende Ausrichtungshinweise gegeben werden. Es wird empfohlen, geeignete Montagehalterungen zur Befestigung des Zylinders zu verwenden und empfohlene Inspektions-, Reparatur- und Austauschverfahren bereitzustellen, um die Lebensdauer des Zylinders zu verl\u00e4ngern.<\/p>\n<p><img decoding=\"async\" src=\"https:\/\/www.hydraulic-cylinders.net\/wp-content\/uploads\/2025\/01\/songte-chushion-collar.webp\" alt=\"Kissenkragen\" \/><\/p>\n<h2>Sicherheits- und Umweltaspekte<\/h2>\n<p>Beim Einsatz des Hubzylinders sind Sicherheitsvorkehrungen zu treffen, um Unf\u00e4lle w\u00e4hrend des Betriebs zu vermeiden. Umweltaspekte wie \u00d6laustritt und Abfallentsorgung sind ebenfalls zu ber\u00fccksichtigen.<\/p>\n<h2>H\u00e4ufige Probleme und Fehlerbehebung<\/h2>\n<p>H\u00e4ufige Probleme mit dem Baggerzylinder sind Leckagen, ungew\u00f6hnliche Ger\u00e4usche und Verformungen des Zylinderk\u00f6rpers. Tipps und L\u00f6sungen zur Fehlerbehebung helfen Lesern, Probleme effektiv zu diagnostizieren und zu beheben, und vorbeugende Ma\u00dfnahmen k\u00f6nnen potenzielle Probleme minimieren.<\/p>\n<p><img decoding=\"async\" src=\"https:\/\/www.hydraulic-cylinders.net\/wp-content\/uploads\/2025\/01\/songte-bushings-with-all-kinds-of-excavator-models.webp\" alt=\"Buchsen\" \/><\/p>\n<h2>\u00dcber unser Unternehmen<\/h2>\n<p>Wir sind ein Hersteller von Hydraulikzylindern mit Spezialisierung auf Ersatzzylinder. Unser umfassendes Produktsortiment macht uns zu einem der f\u00fchrenden Hersteller und Gro\u00dfh\u00e4ndler von Hydraulikzylindern auf dem nationalen und internationalen Markt. Wir setzen auf h\u00f6chste Qualit\u00e4t und nutzen eine moderne Fertigungsstrategie. Durch die kontinuierliche Verbesserung unserer Produktionsprozesse und die Optimierung unserer Fertigungsplattformen erf\u00fcllen wir die vielf\u00e4ltigen Bed\u00fcrfnisse unserer Kunden mit h\u00f6chster Innovationskraft, Effizienz, Pr\u00e4zision und Qualit\u00e4t.<\/p>\n<p><img decoding=\"async\" src=\"https:\/\/hzpt.com\/wp-content\/uploads\/2024\/11\/songte-company-1.webp\" alt=\"Unternehmen\" \/><\/p>\n<h2>Professionalit\u00e4t<\/h2>\n<p>Unser Unternehmen verf\u00fcgt \u00fcber ein Team professioneller Techniker, die kundenspezifische Hydraulikzylinder entwickeln und fertigen. Wir bieten unseren Kunden kompetente Beratung und zuverl\u00e4ssigen Support.<\/p>\n<h2>Internationale Zertifizierung<\/h2>\n<p>Wir haben internationale Zertifizierungen wie ISO9001 erhalten und verschiedene Qualit\u00e4ts- und Sicherheitstests bestanden, um sicherzustellen, dass unsere Produkte internationalen Standards entsprechen und von hoher Qualit\u00e4t sind.<\/p>\n<h2>Ma\u00dfgeschneiderte Dienstleistungen<\/h2>\n<p>Unser Unternehmen bietet kundenspezifische Dienstleistungen an und kann Hydraulikzylinder nach Kundenvorgaben und Zeichnungen fertigen. So bieten wir unseren Kunden ma\u00dfgeschneiderte Hydraulikzylinderl\u00f6sungen, die ihren individuellen Bed\u00fcrfnissen gerecht werden.<\/p>\n<h2>Produktionsausr\u00fcstung<\/h2>\n<p>Unser Unternehmen verf\u00fcgt \u00fcber einen kompletten Satz moderner Produktions- und Pr\u00fcfger\u00e4te, darunter CNC-Drehmaschinen, CNC-Bearbeitungszentren, Fl\u00e4chenschleifmaschinen und weitere Fertigungsanlagen. Wir wenden einen optimierten Fertigungsprozess an, um die Genauigkeit und Qualit\u00e4t jedes einzelnen Hydraulikzylinders zu gew\u00e4hrleisten.<\/p>\n<h2>Kundendienst<\/h2>\n<p>Unser Unternehmen bietet seinen Kunden einen hochwertigen Kundendienst, der regelm\u00e4\u00dfige Wartung, Reparatur und den Austausch von Teilen umfasst. Dar\u00fcber hinaus bieten wir technische Unterst\u00fctzung und Beratung, um Kunden bei Problemen im Umgang mit Hydraulikzylindern zu helfen.<\/p>\n<p>Autor: lyl<\/p>","protected":false},"excerpt":{"rendered":"<p>Bucket Cylinder For Hyundai Small Excavator R130-5 Introduction The bucket cylinder for Hyundai small excavator R130-5 is a specially designed hydraulic cylinder mainly used to control the movement of the bucket in heavy machinery, such as excavators, backhoe loaders, and front-end loaders. Its main function is to enable the bucket to be lifted, lowered, and [&hellip;]<\/p>","protected":false},"featured_media":14769,"comment_status":"open","ping_status":"closed","template":"","meta":{"_et_pb_use_builder":"","_et_pb_old_content":"","_et_gb_content_width":""},"product_brand":[],"product_cat":[1494],"product_tag":[1495,1496],"class_list":{"0":"post-15308","1":"product","2":"type-product","3":"status-publish","4":"has-post-thumbnail","6":"product_cat-bucket-cylinders","7":"product_tag-bucket-cylinders","8":"product_tag-hydraulic-cylinders","10":"first","11":"instock","12":"shipping-taxable","13":"product-type-simple"},"amp_enabled":true,"_links":{"self":[{"href":"https:\/\/www.hydraulic-cylinders.net\/de\/wp-json\/wp\/v2\/product\/15308","targetHints":{"allow":["GET"]}}],"collection":[{"href":"https:\/\/www.hydraulic-cylinders.net\/de\/wp-json\/wp\/v2\/product"}],"about":[{"href":"https:\/\/www.hydraulic-cylinders.net\/de\/wp-json\/wp\/v2\/types\/product"}],"replies":[{"embeddable":true,"href":"https:\/\/www.hydraulic-cylinders.net\/de\/wp-json\/wp\/v2\/comments?post=15308"}],"wp:featuredmedia":[{"embeddable":true,"href":"https:\/\/www.hydraulic-cylinders.net\/de\/wp-json\/wp\/v2\/media\/14769"}],"wp:attachment":[{"href":"https:\/\/www.hydraulic-cylinders.net\/de\/wp-json\/wp\/v2\/media?parent=15308"}],"wp:term":[{"taxonomy":"product_brand","embeddable":true,"href":"https:\/\/www.hydraulic-cylinders.net\/de\/wp-json\/wp\/v2\/product_brand?post=15308"},{"taxonomy":"product_cat","embeddable":true,"href":"https:\/\/www.hydraulic-cylinders.net\/de\/wp-json\/wp\/v2\/product_cat?post=15308"},{"taxonomy":"product_tag","embeddable":true,"href":"https:\/\/www.hydraulic-cylinders.net\/de\/wp-json\/wp\/v2\/product_tag?post=15308"}],"curies":[{"name":"wp","href":"https:\/\/api.w.org\/{rel}","templated":true}]}}