{"id":15310,"date":"2025-01-19T14:22:11","date_gmt":"2025-01-19T14:22:11","guid":{"rendered":"https:\/\/www.hydraulic-cylinders.net\/product\/bucket-cylinder-for-hyundai-small-excavator-r110-7-9\/"},"modified":"2025-01-19T14:22:13","modified_gmt":"2025-01-19T14:22:13","slug":"bucket-cylinder-for-hyundai-small-excavator-r110-7-9","status":"publish","type":"product","link":"https:\/\/www.hydraulic-cylinders.net\/de\/produkt\/bucket-cylinder-for-hyundai-small-excavator-r110-7-9\/","title":{"rendered":"L\u00f6ffelzylinder f\u00fcr Hyundai Kleinbagger R110-7-9"},"content":{"rendered":"<h1>L\u00f6ffelzylinder f\u00fcr Hyundai Kleinbagger R110-7-9<\/h1>\n<h2>Einf\u00fchrung<\/h2>\n<h3>Definition des Schaufelzylinders<\/h3>\n<p>Ein Schaufelzylinder ist ein speziell entwickelter Hydraulikzylinder, der die Bewegung der Schaufel in Baumaschinen wie Baggern, Radladern und Baggerladern steuert. Seine Hauptfunktion besteht darin, das Heben, Senken und Neigen der Schaufel zu erm\u00f6glichen und so verschiedene Materialumschlagsaufgaben zu erleichtern. Im Hydrauliksystem gew\u00e4hrleistet der Schaufelzylinder die pr\u00e4zise Steuerung der Schaufel durch die Ver\u00e4nderung des Hydraulik\u00f6ldrucks. Dies erlaubt dem Bediener, schwere Lasten effizient zu handhaben und sich an komplexe Arbeitsumgebungen und vielf\u00e4ltige Aufgaben anzupassen.<\/p>\n<p><img decoding=\"async\" src=\"https:\/\/www.hydraulic-cylinders.net\/wp-content\/uploads\/2025\/01\/songte-company-2.webp\" alt=\"Bild des Schaufelzylinders\"><\/p>\n<h3>Eigenschaften des Schaufelzylinders<\/h3>\n<ul>\n<li>Hohe Festigkeit und Langlebigkeit: Typischerweise aus hochfestem Stahl oder Aluminium gefertigt, h\u00e4lt es hohem Druck und schweren Belastungen stand, ist f\u00fcr raue Arbeitsumgebungen geeignet und wurde mit Verschlei\u00df- und Korrosionsbest\u00e4ndigkeit entwickelt, um die Lebensdauer zu verl\u00e4ngern.<\/li>\n<li>Effizienter Hydraulikbetrieb: Sanfte Aus- und Einfahrbewegungen werden durch den Druck des Hydraulik\u00f6ls erreicht, das schnell auf Steuerbefehle reagiert, eine starke Schub- und Zugkraft bereitstellt und sich f\u00fcr die Handhabung schwerer Gegenst\u00e4nde und komplexer Arbeitsaufgaben eignet.<\/li>\n<li>Verschiedene Typen: Je nach Bedarf k\u00f6nnen einfachwirkende (hydraulisch nur in eine Richtung wirkende) oder doppeltwirkende (hydraulisch in zwei Richtungen wirkende) Zylinder ausgew\u00e4hlt werden. Einige Modelle sind teleskopierbar und erm\u00f6glichen so eine gr\u00f6\u00dfere Ausdehnung ohne Vergr\u00f6\u00dferung der Au\u00dfenabmessungen. Dadurch eignen sie sich besonders f\u00fcr Anwendungen mit beengten Platzverh\u00e4ltnissen.<\/li>\n<li>Kosteng\u00fcnstig: Unsere Produkte k\u00f6nnen diese Hydraulikzylinder perfekt ersetzen und bieten Kunden eine erschwingliche M\u00f6glichkeit, Kosten zu reduzieren.<\/li>\n<li>Flexibilit\u00e4t: Wir k\u00f6nnen dieses Produkt nach Kundenwunsch fertigen und dabei die spezifischen Bed\u00fcrfnisse und Anforderungen jedes einzelnen Kunden ber\u00fccksichtigen.<\/li>\n<\/ul>\n<p><img decoding=\"async\" src=\"https:\/\/www.hydraulic-cylinders.net\/wp-content\/uploads\/2025\/01\/songte-cylinder-head-with-all-kinds-excavator-models.webp\" alt=\"Bild von Schaufelzylindermodellen\"><\/p>\n<h3>Anwendungen von Schaufelzylindern<\/h3>\n<p>Eimerzylinder werden in einer Vielzahl von Branchen und Anwendungen eingesetzt, darunter:<\/p>\n<ul>\n<li>Baumaschinen: Bei Baggern sind sie unverzichtbar zum Ausheben, Laden und Bewegen von Erde oder Bauschutt. Bei Tiefladern unterst\u00fctzen die Schaufelzylinder sowohl das Ausheben als auch das Heben. <\/li>\n<li>Landwirtschaftliche Maschinen: Wird in Frontladern zum Schaufeln, Heben und Transportieren von Erde, Heu und anderen Materialien verwendet. <\/li>\n<li>Bagger: Ein Schaufelzylinder erm\u00f6glicht das Graben, indem er das Eindringen der Schaufel in den Boden erlaubt. <\/li>\n<li>Lader: Bei Frontladern helfen sie beim effektiven Anheben und Kippen von Ladung.<\/li>\n<\/ul>\n<p>Nachfolgend einige konkrete Beispiele f\u00fcr die Anwendung von Schaufelzylindern:<\/p>\n<h4>Baumaschinen<\/h4>\n<p>Bei Baggern werden L\u00f6ffelzylinder zum Graben, Laden und Bewegen von Erde oder Bauschutt eingesetzt. Mithilfe des L\u00f6ffelzylinders kann der Bagger eine pr\u00e4zise Grabtiefe und einen pr\u00e4zisen Grabwinkel erreichen, und der Bediener kann die L\u00f6ffelbewegung m\u00fchelos steuern. Auch bei Tiefladern erm\u00f6glicht der L\u00f6ffelzylinder das Eindringen des L\u00f6ffels in den Boden und unterst\u00fctzt das Anheben und Abladen von Bauschutt.<\/p>\n<h4>Landmaschinen<\/h4>\n<p>Der Schaufelzylinder wird in Frontladern zum Schaufeln, Heben und Transportieren von Erde, Heu und anderen Materialien eingesetzt. Die gleichm\u00e4\u00dfigen Aus- und Einfahrbewegungen des Zylinders erm\u00f6glichen das effiziente Bewegen schwerer Materialien, und der Fahrer kann die Schaufelbewegung \u00fcber einen Joystick steuern.<\/p>\n<h4>Bagger<\/h4>\n<p>Der Schaufelzylinder erm\u00f6glicht das Graben, indem er das Eindringen der Schaufel in den Boden erlaubt. Der Zylinder steuert sowohl die Grabtiefe als auch den Aushubwinkel und ist somit ein wesentlicher Bestandteil des Baggers.<\/p>\n<h4>Lader<\/h4>\n<p>Bei Radladern unterst\u00fctzen die Zylinder der Schaufel das effektive Anheben und Kippen von Ladung. Die Aus- und Einfahrbewegungen des Zylinders erm\u00f6glichen ein gleichm\u00e4\u00dfiges Anheben, und der Bediener kann die Schaufel m\u00fchelos steuern.<\/p>\n<h3>Design\u00fcberlegungen und Auswahlkriterien<\/h3>\n<p>Bei der Auswahl eines Schaufelzylinders ist es wichtig, die folgenden Konstruktions- und Auswahlkriterien zu ber\u00fccksichtigen:<\/p>\n<ul>\n<li>Tragf\u00e4higkeit: Der Zylinder muss der erforderlichen Tragf\u00e4higkeit und dem Druck des Hydraulik\u00f6ls standhalten k\u00f6nnen.<\/li>\n<li>Abdichtung: Der Zylinder muss ordnungsgem\u00e4\u00df abgedichtet sein, um \u00d6laustritt und Verunreinigung zu verhindern.<\/li>\n<li>Langlebigkeit: Der Zylinder sollte aus hochwertigen Materialien gefertigt sein, die rauen Arbeitsbedingungen standhalten und eine lange Lebensdauer gew\u00e4hrleisten.<\/li>\n<li>Sicherheit: Bei der Konstruktion des Zylinders sollten Sicherheitsaspekte ber\u00fccksichtigt werden, um Unf\u00e4lle oder Sch\u00e4den am Ger\u00e4t zu vermeiden.<\/li>\n<li>Wartung: Der Zylinder sollte so konstruiert sein, dass Wartung, Reparatur und Austausch von Teilen einfach m\u00f6glich sind.<\/li>\n<\/ul>\n<p><img decoding=\"async\" src=\"https:\/\/www.hydraulic-cylinders.net\/wp-content\/uploads\/2025\/01\/songte-oil-pipes-and-spare-parts.webp\" alt=\"Bild von Ersatzteilen f\u00fcr Schaufelzylinder\"><\/p>\n<h3>Abdichtung und Schmierung<\/h3>\n<p>Der Schaufelzylinder verwendet verschiedene Dichtungselemente wie Kolben- und Stangendichtungen aus verschlei\u00dffesten Materialien wie Polyurethan und Nitrilkautschuk, um das Austreten von Hydraulik\u00f6l zu verhindern. Zylinderk\u00f6rper und Gewindeendfl\u00e4chen sind pr\u00e4zisionsgefertigt, was die Verschlei\u00df- und Korrosionsbest\u00e4ndigkeit erh\u00f6ht. F\u00fcr eine optimale Schmierung des Zylinders ist es wichtig, regelm\u00e4\u00dfig die richtige Menge Hydraulik\u00f6l nachzuf\u00fcllen.<\/p>\n<h3>Wartung und Reparatur<\/h3>\n<p>Regelm\u00e4\u00dfige Wartung und Reparatur sind unerl\u00e4sslich f\u00fcr die einwandfreie Funktion und lange Lebensdauer des Baggerzylinders. Zu den \u00fcblichen Wartungsarbeiten geh\u00f6ren regelm\u00e4\u00dfige Inspektionen, Schmierung, Dichtungswechsel und Kalibrierungspr\u00fcfungen. Wichtig ist die korrekte Montage und Ausrichtung des Zylinders sowie die Verwendung geeigneter Halterungen zur sicheren Befestigung. Im St\u00f6rungsfall sind eine schnelle Diagnose und Reparatur erforderlich. Wir bieten Ersatzteile und \u00dcberholungsdienstleistungen an, um die Lebensdauer des Zylinders zu verl\u00e4ngern.<\/p>\n<p><img decoding=\"async\" src=\"https:\/\/www.hydraulic-cylinders.net\/wp-content\/uploads\/2025\/01\/songte-chushion-collar.webp\" alt=\"Bild des Eimerzylinderkragens\"><\/p>\n<h3>Sicherheits- und Umweltaspekte<\/h3>\n<p>Beim Einsatz von Hubzylindern ist die Einhaltung der Sicherheitsrichtlinien unerl\u00e4sslich, um Unf\u00e4lle und Sachsch\u00e4den zu vermeiden. Wichtig ist die korrekte Installation und Ausrichtung des Zylinders, um Verschlei\u00df vorzubeugen. Regelm\u00e4\u00dfige Inspektion und Wartung gew\u00e4hrleisten die einwandfreie Funktion des Zylinders und verhindern Unf\u00e4lle. Auch Umweltaspekte wie die sachgem\u00e4\u00dfe Entsorgung von gebrauchtem Hydraulik\u00f6l und anderen Abfallprodukten m\u00fcssen ber\u00fccksichtigt werden.<\/p>\n<h3>Fehlerbehebung und h\u00e4ufige Probleme<\/h3>\n<p>H\u00e4ufige Probleme mit Baggerzylindern sind \u00d6lleckagen, unzureichende Schmierung und fehlerhafte Ausrichtung. Verschlei\u00df oder Besch\u00e4digung der Dichtungen k\u00f6nnen zu Funktionsst\u00f6rungen des Zylinders f\u00fchren. Regelm\u00e4\u00dfige Inspektion und Wartung beugen diesen Problemen vor. Sollte ein Problem auftreten, empfehlen wir Ihnen, sich f\u00fcr eine schnelle Diagnose und Reparatur an unser technisches Team zu wenden.<\/p>\n<p><img decoding=\"async\" src=\"https:\/\/www.hydraulic-cylinders.net\/wp-content\/uploads\/2025\/01\/songte-bushings-with-all-kinds-of-excavator-models.webp\" alt=\"Bild der Buchsen f\u00fcr Schaufelzylinder\"><\/p>\n<h2>\u00dcber unser Unternehmen<\/h2>\n<p>Wir sind ein f\u00fchrender Hersteller und Gro\u00dfh\u00e4ndler von Hydraulikzylindern und bieten eine breite Produktpalette sowie L\u00f6sungen f\u00fcr unterschiedlichste Branchen. Unser Qualit\u00e4tsanspruch ist uns sehr wichtig, und wir setzen in unseren modernen Fertigungswerkst\u00e4tten fortschrittliche Fertigungsmanagementstrategien ein. Wir investieren kontinuierlich in Technologie, Ausr\u00fcstung und professionelle Pr\u00fcfsysteme, um eine effiziente, pr\u00e4zise und qualitativ hochwertige Produktionslinie zu entwickeln, die den Anforderungen unserer Kunden gerecht wird. Wir bieten ma\u00dfgeschneiderte L\u00f6sungen und Services, die auf die individuellen Bed\u00fcrfnisse jedes einzelnen Kunden zugeschnitten sind.<\/p>\n<h3>Professionalit\u00e4t<\/h3>\n<p>Unser erfahrenes Expertenteam bietet unseren Kunden kompetente technische Unterst\u00fctzung und Beratung, um ihre Anforderungen zu erf\u00fcllen und ihre Erwartungen zu \u00fcbertreffen. Wir stellen sicher, dass jedes Produkt gepr\u00fcft und getestet wird, um h\u00f6chste Qualit\u00e4t und Funktionalit\u00e4t zu gew\u00e4hrleisten.<\/p>\n<h3>Internationale Zertifizierung<\/h3>\n<p>Unsere Produkte sind von internationalen Organisationen und Normen zertifiziert, wodurch sichergestellt wird, dass unsere Fertigungsprozesse und Qualit\u00e4tskontrollen den Branchenstandards entsprechen. Wir exportieren unsere Produkte weltweit und haben uns einen Namen f\u00fcr Qualit\u00e4t, Zuverl\u00e4ssigkeit und Effizienz gemacht.<\/p>\n<h3>Anpassung<\/h3>\n<p>Wir k\u00f6nnen unsere Produkte individuell an die spezifischen Anforderungen jedes Kunden anpassen und so die optimale L\u00f6sung f\u00fcr seine Bed\u00fcrfnisse gew\u00e4hrleisten. Unsere Produkte sind flexibel, kosteng\u00fcnstig und anpassungsf\u00e4hig an unterschiedlichste Arbeitsumgebungen und Anwendungsbereiche.<\/p>\n<h3>Produktionsausr\u00fcstung<\/h3>\n<p>Wir setzen modernste Fertigungsanlagen und Maschinen ein, um sicherzustellen, dass unsere Produkte h\u00f6chsten Qualit\u00e4tsstandards entsprechen. Unsere Produktionslinie ist mit modernsten CNC-Maschinen, Schleifmaschinen, Drehmaschinen und weiteren Spezialger\u00e4ten ausgestattet, um die individuellen Bed\u00fcrfnisse jedes Kunden zu erf\u00fcllen.<\/p>\n<h3>Kundendienst<\/h3>\n<p>Wir bieten Kundendienst und Support, um die Zufriedenheit unserer Kunden mit unseren Produkten sicherzustellen. Wir bieten technischen Support, Ersatzteile und \u00dcberholungsdienstleistungen, um die Lebensdauer unserer Produkte zu verl\u00e4ngern und ihren Wert f\u00fcr unsere Kunden zu maximieren.<\/p>\n<p><img decoding=\"async\" src=\"https:\/\/hzpt.com\/wp-content\/uploads\/2024\/11\/songte-company-1.webp\" alt=\"Unser Firmenbild\"><\/p>\n<p>Autor: lyl<\/p>","protected":false},"excerpt":{"rendered":"<p>Bucket Cylinder For Hyundai Small Excavator R110-7-9 Introduction Defining Bucket Cylinder A bucket cylinder is a specially designed hydraulic cylinder used to control the movement of the bucket in heavy machinery such as excavators, backhoe excavators, and front-end loaders. Its main function is to enable the bucket to lift, lower and tilt, thus facilitating various [&hellip;]<\/p>","protected":false},"featured_media":14762,"comment_status":"open","ping_status":"closed","template":"","meta":{"_et_pb_use_builder":"","_et_pb_old_content":"","_et_gb_content_width":""},"product_brand":[],"product_cat":[1494],"product_tag":[1495,1496],"class_list":{"0":"post-15310","1":"product","2":"type-product","3":"status-publish","4":"has-post-thumbnail","6":"product_cat-bucket-cylinders","7":"product_tag-bucket-cylinders","8":"product_tag-hydraulic-cylinders","10":"first","11":"instock","12":"shipping-taxable","13":"product-type-simple"},"amp_enabled":true,"_links":{"self":[{"href":"https:\/\/www.hydraulic-cylinders.net\/de\/wp-json\/wp\/v2\/product\/15310","targetHints":{"allow":["GET"]}}],"collection":[{"href":"https:\/\/www.hydraulic-cylinders.net\/de\/wp-json\/wp\/v2\/product"}],"about":[{"href":"https:\/\/www.hydraulic-cylinders.net\/de\/wp-json\/wp\/v2\/types\/product"}],"replies":[{"embeddable":true,"href":"https:\/\/www.hydraulic-cylinders.net\/de\/wp-json\/wp\/v2\/comments?post=15310"}],"wp:featuredmedia":[{"embeddable":true,"href":"https:\/\/www.hydraulic-cylinders.net\/de\/wp-json\/wp\/v2\/media\/14762"}],"wp:attachment":[{"href":"https:\/\/www.hydraulic-cylinders.net\/de\/wp-json\/wp\/v2\/media?parent=15310"}],"wp:term":[{"taxonomy":"product_brand","embeddable":true,"href":"https:\/\/www.hydraulic-cylinders.net\/de\/wp-json\/wp\/v2\/product_brand?post=15310"},{"taxonomy":"product_cat","embeddable":true,"href":"https:\/\/www.hydraulic-cylinders.net\/de\/wp-json\/wp\/v2\/product_cat?post=15310"},{"taxonomy":"product_tag","embeddable":true,"href":"https:\/\/www.hydraulic-cylinders.net\/de\/wp-json\/wp\/v2\/product_tag?post=15310"}],"curies":[{"name":"wp","href":"https:\/\/api.w.org\/{rel}","templated":true}]}}