{"id":15324,"date":"2025-01-19T14:23:14","date_gmt":"2025-01-19T14:23:14","guid":{"rendered":"https:\/\/www.hydraulic-cylinders.net\/product\/bucket-cylinder-for-hyundai-large-excavator-r350lc-7\/"},"modified":"2025-01-19T14:23:16","modified_gmt":"2025-01-19T14:23:16","slug":"bucket-cylinder-for-hyundai-large-excavator-r350lc-7","status":"publish","type":"product","link":"https:\/\/www.hydraulic-cylinders.net\/de\/produkt\/bucket-cylinder-for-hyundai-large-excavator-r350lc-7\/","title":{"rendered":"L\u00f6ffelzylinder f\u00fcr Hyundai Gro\u00dfbagger R350LC-7"},"content":{"rendered":"<h1>L\u00f6ffelzylinder f\u00fcr Hyundai Gro\u00dfbagger R350LC-7<\/h1>\n<h2>Einf\u00fchrung<\/h2>\n<h3>Definition des Schaufelzylinders<\/h3>\n<p>Ein Schaufelzylinder ist ein speziell entwickelter Hydraulikzylinder, der prim\u00e4r zur Steuerung der Schaufelbewegung in Baumaschinen wie Baggern, Baggerladern und Radladern eingesetzt wird. Seine Hauptfunktion besteht darin, das Heben, Senken und Neigen der Schaufel zu erm\u00f6glichen und so verschiedene Materialumschlagsaufgaben zu erleichtern. Im Hydrauliksystem gew\u00e4hrleistet der Schaufelzylinder durch die Druck\u00e4nderung des Hydraulik\u00f6ls eine pr\u00e4zise Steuerung der Schaufel. Dies erlaubt dem Bediener, schwere Lasten effizient zu handhaben und sich an komplexe Arbeitsumgebungen und vielf\u00e4ltige Aufgaben anzupassen.<\/p>\n<p><img decoding=\"async\" src=\"https:\/\/www.hydraulic-cylinders.net\/wp-content\/uploads\/2025\/01\/songte-company-2.webp\" alt=\"Bild des Schaufelzylinders\"><\/p>\n<h3>Merkmale<\/h3>\n<ul>\n<li>Hohe Festigkeit und Langlebigkeit: Typischerweise aus hochfestem Stahl oder Aluminium gefertigt, h\u00e4lt es hohem Druck und schweren Belastungen stand, ist f\u00fcr raue Arbeitsumgebungen geeignet und weist Verschlei\u00df- und Korrosionsbest\u00e4ndigkeit auf, was die Lebensdauer verl\u00e4ngert.<\/li>\n<li>Effizienter Hydraulikbetrieb: Sanfte Ausfahr- und Einfahrbewegungen werden durch den Druck des Hydraulik\u00f6ls erreicht, wodurch starke Schub- und Zugkr\u00e4fte entstehen, die sich f\u00fcr die Handhabung schwerer Lasten und komplexer Arbeitsaufgaben eignen.<\/li>\n<li>Verschiedene Zylindertypen stehen zur Auswahl: Einfachwirkende (hydraulisch nur in eine Richtung) oder doppeltwirkende (hydraulisch in beide Richtungen) Zylinder k\u00f6nnen je nach Bedarf und Betriebsanforderungen ausgew\u00e4hlt werden. Einige Modelle sind teleskopierbar und erm\u00f6glichen so eine gr\u00f6\u00dfere Auszugsl\u00e4nge ohne Vergr\u00f6\u00dferung der Au\u00dfenabmessungen \u2013 ideal f\u00fcr Anwendungen mit begrenztem Platzangebot.<\/li>\n<li>Einfacher Austausch: Unser Produkt kann diese Hydraulikzylinder perfekt ersetzen.<\/li>\n<\/ul>\n<p><img decoding=\"async\" src=\"https:\/\/www.hydraulic-cylinders.net\/wp-content\/uploads\/2025\/01\/songte-cylinder-head-with-all-kinds-excavator-models.webp\" alt=\"Bild zum Austausch des Schaufelzylinders\"><\/p>\n<h3>Anwendungen<\/h3>\n<p>Der Schaufelzylinder findet in verschiedenen Bereichen breite Anwendung, unter anderem in folgenden:<\/p>\n<h4>Baumaschinen<\/h4>\n<ul>\n<li>Bagger: Die Zylinder der Baggerschaufel erm\u00f6glichen das Ausheben und Graben von Gruben. <\/li>\n<li>Baggerlader: Die Zylinder der Baggerladerschaufel tragen sowohl zum Ausheben als auch zum Heben bei.<\/li>\n<\/ul>\n<h4>Landmaschinen<\/h4>\n<ul>\n<li>Frontlader: Werden zum Aufnehmen, Anheben und Transportieren von Erde, Heu und anderen Materialien verwendet.<\/li>\n<\/ul>\n<p>Dies sind nur einige Beispiele f\u00fcr die vielf\u00e4ltigen Einsatzm\u00f6glichkeiten von Schaufelzylindern.<\/p>\n<h3>Design\u00fcberlegungen und Auswahlkriterien<\/h3>\n<p>Bei der Konstruktion und Auswahl von Schaufelzylindern werden einige Schl\u00fcsselfaktoren ber\u00fccksichtigt:<\/p>\n<h4>Tragf\u00e4higkeit<\/h4>\n<p>Der Zylinder muss hohen Belastungen standhalten k\u00f6nnen, ohne sich zu verformen oder zu versagen, um einen langfristig sicheren und zuverl\u00e4ssigen Betrieb zu gew\u00e4hrleisten.<\/p>\n<h4>Versiegelung<\/h4>\n<p>Das Dichtungssystem muss in der Lage sein, interne und externe Leckagen von Hydraulik\u00f6l zu verhindern oder zu minimieren, um einen effizienten und sauberen Betrieb zu gew\u00e4hrleisten.<\/p>\n<h4>Haltbarkeit<\/h4>\n<p>Der Zylinder muss langlebig und widerstandsf\u00e4hig gegen Verschlei\u00df, Korrosion und Besch\u00e4digungen durch Umwelteinfl\u00fcsse und \u00e4u\u00dfere Kr\u00e4fte sein, um eine lange Lebensdauer zu gew\u00e4hrleisten.<\/p>\n<h4>Sicherheit<\/h4>\n<p>Der Zylinder muss so konstruiert und gefertigt sein, dass ein sicherer und zuverl\u00e4ssiger Betrieb gew\u00e4hrleistet ist und Bediener und Ausr\u00fcstung vor Unf\u00e4llen und Besch\u00e4digungen gesch\u00fctzt sind.<\/p>\n<h4>Wartbarkeit<\/h4>\n<p>Der Zylinder sollte so konstruiert sein, dass er wartungsfreundlich ist und einen einfachen Zugang zu den internen Komponenten sowie den Austausch von Verschlei\u00dfteilen erm\u00f6glicht, wodurch Ausfallzeiten und Wartungskosten reduziert werden.<\/p>\n<p><img decoding=\"async\" src=\"https:\/\/www.hydraulic-cylinders.net\/wp-content\/uploads\/2025\/01\/songte-oil-pipes-and-spare-parts.webp\" alt=\"Abbildung der Konstruktion eines Eimerzylinders\"><\/p>\n<h3>Abdichtung und Schmierung<\/h3>\n<p>Der Schaufelzylinder verwendet verschiedene Dichtungselemente, wie Kolben- und Stangendichtungen aus verschlei\u00dffesten Materialien wie Polyurethan und Nitrilkautschuk, um interne und externe \u00d6lleckagen zu verhindern. Zylinderk\u00f6rper und Gewindeendfl\u00e4che werden pr\u00e4zise bearbeitet, um die Verschlei\u00dffestigkeit zu erh\u00f6hen.<\/p>\n<p>Der Zylinder ben\u00f6tigt regelm\u00e4\u00dfige Schmierung, um einen reibungslosen Betrieb zu gew\u00e4hrleisten. Es wird empfohlen, ein geeignetes Hydraulik\u00f6l zu verwenden und es in regelm\u00e4\u00dfigen Abst\u00e4nden in der entsprechenden Menge nachzuf\u00fcllen.<\/p>\n<h3>Wartung und Reparatur<\/h3>\n<p>Regelm\u00e4\u00dfige Inspektion und vorbeugende Wartung sind unerl\u00e4sslich, um einen langfristig zuverl\u00e4ssigen Betrieb des Schaufelzylinders zu gew\u00e4hrleisten. Folgende Wartungsarbeiten werden empfohlen:<\/p>\n<ul>\n<li>Regelm\u00e4\u00dfige Inspektion<\/li>\n<li>Richtige Schmierung<\/li>\n<li>Dichtungswechsel<\/li>\n<li>Kalibrierungspr\u00fcfung<\/li>\n<\/ul>\n<p>F\u00fcr die korrekte Installation des Zylinders ist eine genaue Anleitung unerl\u00e4sslich. Dazu geh\u00f6rt die richtige Ausrichtung und die Verwendung geeigneter Montagehalterungen. Empfohlene Inspektions-, Reparatur- und Austauschverfahren sowie Ersatzteile und \u00dcberholungsleistungen werden bereitgestellt, um die Lebensdauer des Schaufelzylinders zu verl\u00e4ngern.<\/p>\n<p><img decoding=\"async\" src=\"https:\/\/www.hydraulic-cylinders.net\/wp-content\/uploads\/2025\/01\/songte-chushion-collar.webp\" alt=\"Bild zur Wartung des Schaufelzylinders\"><\/p>\n<h3>Sicherheitsaspekte und Umweltfaktoren<\/h3>\n<p>Der Schaufelzylinder ist ein kritischer Bestandteil von Baumaschinen, daher sind Sicherheitsaspekte von h\u00f6chster Bedeutung. Es m\u00fcssen geeignete Ma\u00dfnahmen ergriffen werden, um einen sicheren Betrieb zu gew\u00e4hrleisten und Unf\u00e4lle oder Sch\u00e4den zu vermeiden.<\/p>\n<p>Umweltfaktoren wie Temperatur, Luftfeuchtigkeit und Verschmutzung k\u00f6nnen die Funktion und Lebensdauer des Baggerzylinders beeintr\u00e4chtigen. Es sollten geeignete Ma\u00dfnahmen ergriffen werden, um den Zylinder zu sch\u00fctzen und einen ordnungsgem\u00e4\u00dfen Betrieb zu gew\u00e4hrleisten.<\/p>\n<h3>Fehlerbehebung und h\u00e4ufige Probleme<\/h3>\n<p>H\u00e4ufige Probleme mit dem Baggerzylinder sind \u00d6llecks, langsame Laufleistung und ungew\u00f6hnliche Ger\u00e4usche. Tipps und L\u00f6sungen zur Fehlerbehebung helfen bei der Diagnose und Behebung der Probleme. Au\u00dferdem werden vorbeugende Ma\u00dfnahmen zur Minimierung potenzieller Probleme vorgestellt.<\/p>\n<p><img decoding=\"async\" src=\"https:\/\/www.hydraulic-cylinders.net\/wp-content\/uploads\/2025\/01\/songte-bushings-with-all-kinds-of-excavator-models.webp\" alt=\"Bild zur Fehlerbehebung beim Schaufelzylinder\"><\/p>\n<h2>\u00dcber unser Unternehmen<\/h2>\n<p>Wir sind ein Hersteller von Hydraulikzylindern mit einem umfassenden Produktsortiment und z\u00e4hlen zu den f\u00fchrenden Herstellern und Gro\u00dfh\u00e4ndlern von Hydraulikzylindern im In- und Ausland. Wir setzen auf h\u00f6chste Qualit\u00e4t, nutzen bew\u00e4hrte Produktionsmanagementstrategien in unseren modernen Fertigungswerkst\u00e4tten und optimieren kontinuierlich unsere Fertigungsprozesse, um die Produktqualit\u00e4t stetig zu verbessern. Unser Unternehmen zeichnet sich durch hohe Innovationskraft, Effizienz, Pr\u00e4zision und h\u00f6chste Qualit\u00e4t aus, um den vielf\u00e4ltigen Bed\u00fcrfnissen unserer Kunden gerecht zu werden.<\/p>\n<h3>Professionalit\u00e4t<\/h3>\n<p>Unser Team besteht aus Fachleuten mit langj\u00e4hriger Branchenerfahrung, die sich der Bereitstellung qualitativ hochwertiger Produkte und Dienstleistungen verschrieben haben.<\/p>\n<h3>Internationale Zertifizierung<\/h3>\n<p>Wir haben internationale Zertifizierungen wie ISO 9001, CE und SGS erhalten, die gew\u00e4hrleisten, dass unsere Produkte hohen Qualit\u00e4tsstandards entsprechen.<\/p>\n<h3>Anpassungsdienste<\/h3>\n<p>Wir bieten Anpassungsdienstleistungen an, um den spezifischen Bed\u00fcrfnissen und Anforderungen unserer Kunden gerecht zu werden und ma\u00dfgeschneiderte L\u00f6sungen f\u00fcr verschiedene Anwendungsbereiche bereitzustellen.<\/p>\n<h3>Produktionsausr\u00fcstung<\/h3>\n<p>Unser Unternehmen verf\u00fcgt \u00fcber fortschrittliche Produktionsanlagen und -technologien, darunter CNC-Bearbeitungszentren, Schwei\u00dfroboter und andere hochmoderne digitale Fertigungsanlagen.<\/p>\n<h3>Kundendienst<\/h3>\n<p>Wir bieten einen umfassenden Kundendienst, einschlie\u00dflich technischer Unterst\u00fctzung, Reparatur- und Wartungsleistungen, um die Kundenzufriedenheit und eine langfristige Zusammenarbeit zu gew\u00e4hrleisten.<\/p>\n<p><img decoding=\"async\" src=\"https:\/\/www.hydraulic-cylinders.net\/wp-content\/uploads\/2025\/01\/songte-company-3.webp\" alt=\"Firmenbild f\u00fcr Eimerzylinder\"><\/p>\n<p>Autor: lyl<\/p>","protected":false},"excerpt":{"rendered":"<p>Bucket Cylinder For Hyundai Large Excavator R350LC-7 Introduction Defining the Bucket Cylinder A bucket cylinder is a specially designed hydraulic cylinder that is primarily used to control the movement of the bucket in heavy machinery such as excavators, backhoe loaders, and front-end loaders. Its main function is to enable the bucket to lift, lower, and [&hellip;]<\/p>","protected":false},"featured_media":14765,"comment_status":"open","ping_status":"closed","template":"","meta":{"_et_pb_use_builder":"","_et_pb_old_content":"","_et_gb_content_width":""},"product_brand":[],"product_cat":[1494],"product_tag":[1495,1496],"class_list":{"0":"post-15324","1":"product","2":"type-product","3":"status-publish","4":"has-post-thumbnail","6":"product_cat-bucket-cylinders","7":"product_tag-bucket-cylinders","8":"product_tag-hydraulic-cylinders","10":"first","11":"instock","12":"shipping-taxable","13":"product-type-simple"},"amp_enabled":true,"_links":{"self":[{"href":"https:\/\/www.hydraulic-cylinders.net\/de\/wp-json\/wp\/v2\/product\/15324","targetHints":{"allow":["GET"]}}],"collection":[{"href":"https:\/\/www.hydraulic-cylinders.net\/de\/wp-json\/wp\/v2\/product"}],"about":[{"href":"https:\/\/www.hydraulic-cylinders.net\/de\/wp-json\/wp\/v2\/types\/product"}],"replies":[{"embeddable":true,"href":"https:\/\/www.hydraulic-cylinders.net\/de\/wp-json\/wp\/v2\/comments?post=15324"}],"wp:featuredmedia":[{"embeddable":true,"href":"https:\/\/www.hydraulic-cylinders.net\/de\/wp-json\/wp\/v2\/media\/14765"}],"wp:attachment":[{"href":"https:\/\/www.hydraulic-cylinders.net\/de\/wp-json\/wp\/v2\/media?parent=15324"}],"wp:term":[{"taxonomy":"product_brand","embeddable":true,"href":"https:\/\/www.hydraulic-cylinders.net\/de\/wp-json\/wp\/v2\/product_brand?post=15324"},{"taxonomy":"product_cat","embeddable":true,"href":"https:\/\/www.hydraulic-cylinders.net\/de\/wp-json\/wp\/v2\/product_cat?post=15324"},{"taxonomy":"product_tag","embeddable":true,"href":"https:\/\/www.hydraulic-cylinders.net\/de\/wp-json\/wp\/v2\/product_tag?post=15324"}],"curies":[{"name":"wp","href":"https:\/\/api.w.org\/{rel}","templated":true}]}}