{"id":15332,"date":"2025-01-19T14:23:48","date_gmt":"2025-01-19T14:23:48","guid":{"rendered":"https:\/\/www.hydraulic-cylinders.net\/product\/bucket-cylinder-for-hyundai-large-excavator-r505lc-7\/"},"modified":"2025-01-19T14:23:50","modified_gmt":"2025-01-19T14:23:50","slug":"bucket-cylinder-for-hyundai-large-excavator-r505lc-7","status":"publish","type":"product","link":"https:\/\/www.hydraulic-cylinders.net\/de\/produkt\/bucket-cylinder-for-hyundai-large-excavator-r505lc-7\/","title":{"rendered":"L\u00f6ffelzylinder f\u00fcr Hyundai Gro\u00dfbagger R505LC-7"},"content":{"rendered":"<h1>L\u00f6ffelzylinder f\u00fcr Hyundai Gro\u00dfbagger R505LC-7<\/h1>\n<h2>Einf\u00fchrung<\/h2>\n<p>Der Schaufelzylinder f\u00fcr den Hyundai Gro\u00dfbagger R505LC-7 ist ein speziell entwickelter Hydraulikzylinder zur Steuerung der Schaufelbewegung in Baumaschinen wie Baggern, Radladern und Baggerladern. Seine Hauptfunktion besteht darin, das Heben, Senken und Neigen der Schaufel zu erm\u00f6glichen und so verschiedene Materialumschlagsaufgaben zu vereinfachen. Im Hydrauliksystem steuert der Schaufelzylinder die pr\u00e4zise Bewegung der Schaufel durch \u00c4nderungen des Hydraulik\u00f6ldrucks. Dadurch k\u00f6nnen Bediener schwere Lasten effizient handhaben und sich an komplexe Arbeitsumgebungen und vielf\u00e4ltige Aufgaben anpassen.<\/p>\n<p><img decoding=\"async\" src=\"https:\/\/www.hydraulic-cylinders.net\/wp-content\/uploads\/2025\/01\/songte-company-2.webp\" \/><\/p>\n<h3>Produkteigenschaften<\/h3>\n<ul>\n<li><strong>Hohe Festigkeit und Haltbarkeit:<\/strong> Der aus hochfestem Stahl oder Aluminium gefertigte Schaufelzylinder ist f\u00fcr hohen Druck und schwere Lasten ausgelegt und eignet sich f\u00fcr raue Arbeitsumgebungen. Seine Konstruktion ber\u00fccksichtigt Verschlei\u00df- und Korrosionsbest\u00e4ndigkeit, was seine Lebensdauer verl\u00e4ngert.<\/li>\n<li><strong>Effizienter Hydraulikbetrieb:<\/strong> Durch die Nutzung von Hydraulik\u00f6ldruck f\u00fcr ein gleichm\u00e4\u00dfiges Aus- und Einfahren kann der Zylinder der Schaufel schnell auf Steuerbefehle reagieren und so kraftvolle Schub- und Zugkr\u00e4fte bereitstellen, die f\u00fcr die Handhabung schwerer Lasten und komplexer Aufgaben geeignet sind.<\/li>\n<li><strong>Verschiedene Typen:<\/strong> Der Schaufelzylinder kann je nach Bedarf als einfachwirkender (hydraulisch in eine Richtung wirkender) oder doppeltwirkender (hydraulisch in beide Richtungen wirkender) Zylinder ausgew\u00e4hlt werden. Einige Modelle sind teleskopierbar und erm\u00f6glichen so eine gr\u00f6\u00dfere Ausladung ohne Vergr\u00f6\u00dferung der Au\u00dfenabmessungen \u2013 ideal f\u00fcr beengte Platzverh\u00e4ltnisse.<\/li>\n<li><strong>Perfekter Ersatz:<\/strong> Unser Unternehmen kann dieses Produkt herstellen, und unsere Produkte k\u00f6nnen diese Hydraulikzylinder perfekt ersetzen.<\/li>\n<\/ul>\n<p><img decoding=\"async\" src=\"https:\/\/www.hydraulic-cylinders.net\/wp-content\/uploads\/2025\/01\/songte-cylinder-head-with-all-kinds-excavator-models.webp\" \/><\/p>\n<h3>Anwendungen<\/h3>\n<p>Der Schaufelzylinder hat viele Anwendungsgebiete, darunter:<\/p>\n<ul>\n<li><strong>Baumaschinen:<\/strong> Bei Baggern sind sie unverzichtbar zum Graben, Laden und Bewegen von Erde oder Bauschutt. Bei Tiefladern unterst\u00fctzt der L\u00f6ffelzylinder das Ausheben und Heben. <\/li>\n<li><strong>Landmaschinen:<\/strong> Sie werden f\u00fcr Frontlader verwendet und dienen zum Schaufeln, Anheben und Transportieren von Erde, Heu und anderen Materialien. <\/li>\n<li><strong>Bagger:<\/strong> Der Zylinder des L\u00f6ffels erm\u00f6glicht es dem L\u00f6ffel, in den Boden einzudringen und Grabarbeiten durchzuf\u00fchren.<\/li>\n<li><strong>Lader:<\/strong> Bei Frontladern helfen sie dabei, Ladung effizient anzuheben und abzuladen.<\/li>\n<\/ul>\n<h3>Design\u00fcberlegungen und Auswahlstandards<\/h3>\n<p>Der Schaufelzylinder muss bestimmte Konstruktions- und Auswahlstandards erf\u00fcllen, um seine Funktionalit\u00e4t und Sicherheit zu gew\u00e4hrleisten. Zu diesen Konstruktionskriterien geh\u00f6ren:<\/p>\n<ul>\n<li><strong>Tragf\u00e4higkeit:<\/strong> Der Zylinder des L\u00f6ffels sollte der h\u00f6chstm\u00f6glichen Belastung standhalten k\u00f6nnen.<\/li>\n<li><strong>Dichtungsleistung:<\/strong> Der Zylinder muss \u00fcber gute Dichtungseigenschaften verf\u00fcgen, um \u00d6lleckagen zu verhindern und das Hydrauliksystem zu sch\u00fctzen.<\/li>\n<li><strong>Haltbarkeit:<\/strong> Der Eimerzylinder sollte aus robusten Materialien gefertigt sein, um Verschlei\u00df zu widerstehen und seine Leistungsf\u00e4higkeit \u00fcber die Zeit zu erhalten.<\/li>\n<li><strong>Sicherheit:<\/strong> Der Zylinder muss so konstruiert sein, dass Unf\u00e4lle verhindert und die Sicherheit von Arbeitern und Ausr\u00fcstung gew\u00e4hrleistet wird.<\/li>\n<li><strong>Wartbarkeit:<\/strong> Der Zylinder sollte wartungsfreundlich sein und seine Komponenten sollten leicht austauschbar sein.<\/li>\n<\/ul>\n<p><img decoding=\"async\" src=\"https:\/\/www.hydraulic-cylinders.net\/wp-content\/uploads\/2025\/01\/songte-oil-pipes-and-spare-parts.webp\" \/><\/p>\n<h3>Abdichtung und Schmierung<\/h3>\n<p>Der Schaufelzylinder verwendet verschiedene Dichtungstypen, wie Kolben- und Stangendichtungen, aus verschlei\u00dffesten Materialien wie Polyurethan und Nitrilkautschuk. Zylinderk\u00f6rper und Gewindeendfl\u00e4chen sind pr\u00e4zisionsbearbeitet, um die Verschlei\u00dffestigkeit zu verbessern. Regelm\u00e4\u00dfige Schmierung mit der richtigen Menge Hydraulik\u00f6l ist f\u00fcr einen reibungslosen Betrieb unerl\u00e4sslich.<\/p>\n<h3>Wartung und Reparatur<\/h3>\n<p>Regelm\u00e4\u00dfige Wartung und vorbeugende Ma\u00dfnahmen k\u00f6nnen die Lebensdauer des Schaufelzylinders verl\u00e4ngern. Zu diesen Ma\u00dfnahmen geh\u00f6ren:<\/p>\n<ul>\n<li><strong>Regelm\u00e4\u00dfige Inspektion:<\/strong> Pr\u00fcfen Sie den Zylinder auf Besch\u00e4digungen, Verschlei\u00df und Undichtigkeiten.<\/li>\n<li><strong>Schmierung:<\/strong> Schmieren Sie den Zylinder bei Bedarf, um einen reibungslosen Betrieb zu gew\u00e4hrleisten.<\/li>\n<li><strong>Dichtungsaustausch und Kalibrierungspr\u00fcfung:<\/strong> Ersetzen Sie verschlissene oder besch\u00e4digte Dichtungen und \u00fcberpr\u00fcfen Sie die Kalibrierung des Zylinders, um eine optimale Leistung zu gew\u00e4hrleisten.<\/li>\n<\/ul>\n<h3>Sicherheitsaspekte und Umweltfaktoren<\/h3>\n<p>Sicherheitsma\u00dfnahmen sind beim Arbeiten mit Hydraulikzylindern unerl\u00e4sslich. Geeignete Schutzausr\u00fcstung und entsprechende Schulungen m\u00fcssen stets gew\u00e4hrleistet sein. Umwelteinfl\u00fcsse wie Temperatur und Luftfeuchtigkeit k\u00f6nnen die Zylinderleistung beeintr\u00e4chtigen und m\u00fcssen daher ber\u00fccksichtigt werden.<\/p>\n<h3>Fehlerbehebung und h\u00e4ufige Probleme<\/h3>\n<p>H\u00e4ufige Probleme mit dem Schaufelzylinder sind \u00d6lleckagen, besch\u00e4digte Dichtungen und langsame Laufgeschwindigkeit. Die Fehlersuche erfordert ein umfassendes Verst\u00e4ndnis der Konstruktion und Funktionsweise des Zylinders, und f\u00fcr spezifische Probleme sind unter Umst\u00e4nden spezifische L\u00f6sungen erforderlich.<\/p>\n<p><img decoding=\"async\" src=\"https:\/\/www.hydraulic-cylinders.net\/wp-content\/uploads\/2025\/01\/songte-bushings-with-all-kinds-of-excavator-models.webp\" \/><\/p>\n<h3>\u00dcber unser Unternehmen<\/h3>\n<p>Unser Unternehmen ist ein f\u00fchrender Hersteller und Gro\u00dfh\u00e4ndler von Hydraulikzylindern auf nationalen und internationalen M\u00e4rkten. Wir bieten ein umfassendes Sortiment an Hydraulikzylindern und setzen dabei auf h\u00f6chste Effizienz, Pr\u00e4zision und Qualit\u00e4t, um den vielf\u00e4ltigen Bed\u00fcrfnissen unserer Kunden gerecht zu werden. Unsere moderne Fertigungsst\u00e4tte und unsere auf exzellenter Qualit\u00e4t basierende Produktionsstrategie, die auf qualifizierten Fachkr\u00e4ften, modernster digitaler Fertigungstechnik und professionellen Pr\u00fcfsystemen beruht, gew\u00e4hrleisten h\u00f6chste Qualit\u00e4t.<\/p>\n<p>Wir bieten auch kundenspezifische Dienstleistungen an und unsere Produkte sind international f\u00fcr Qualit\u00e4t und Sicherheit zertifiziert. Unser Unternehmen bietet einen umfassenden Kundendienst, einschlie\u00dflich Ersatzteilen und \u00dcberholungsarbeiten, um die maximale Lebensdauer unserer Produkte zu gew\u00e4hrleisten. <\/p>\n<p><img decoding=\"async\" src=\"https:\/\/hzpt.com\/wp-content\/uploads\/2024\/11\/songte-company-1.webp\" \/><\/p>\n<p>Autor: lyl<\/p>","protected":false},"excerpt":{"rendered":"<p>Bucket Cylinder For Hyundai Large Excavator R505LC-7 Introduction The Bucket Cylinder for Hyundai Large Excavator R505LC-7 is a specially designed hydraulic cylinder used to control the movement of the bucket in heavy machinery such as excavators, backhoe excavators, and front-end loaders. Its main function is to enable the bucket to lift, lower and tilt, making [&hellip;]<\/p>","protected":false},"featured_media":14782,"comment_status":"open","ping_status":"closed","template":"","meta":{"_et_pb_use_builder":"","_et_pb_old_content":"","_et_gb_content_width":""},"product_brand":[],"product_cat":[1494],"product_tag":[1495,1496],"class_list":{"0":"post-15332","1":"product","2":"type-product","3":"status-publish","4":"has-post-thumbnail","6":"product_cat-bucket-cylinders","7":"product_tag-bucket-cylinders","8":"product_tag-hydraulic-cylinders","10":"first","11":"instock","12":"shipping-taxable","13":"product-type-simple"},"amp_enabled":true,"_links":{"self":[{"href":"https:\/\/www.hydraulic-cylinders.net\/de\/wp-json\/wp\/v2\/product\/15332","targetHints":{"allow":["GET"]}}],"collection":[{"href":"https:\/\/www.hydraulic-cylinders.net\/de\/wp-json\/wp\/v2\/product"}],"about":[{"href":"https:\/\/www.hydraulic-cylinders.net\/de\/wp-json\/wp\/v2\/types\/product"}],"replies":[{"embeddable":true,"href":"https:\/\/www.hydraulic-cylinders.net\/de\/wp-json\/wp\/v2\/comments?post=15332"}],"wp:featuredmedia":[{"embeddable":true,"href":"https:\/\/www.hydraulic-cylinders.net\/de\/wp-json\/wp\/v2\/media\/14782"}],"wp:attachment":[{"href":"https:\/\/www.hydraulic-cylinders.net\/de\/wp-json\/wp\/v2\/media?parent=15332"}],"wp:term":[{"taxonomy":"product_brand","embeddable":true,"href":"https:\/\/www.hydraulic-cylinders.net\/de\/wp-json\/wp\/v2\/product_brand?post=15332"},{"taxonomy":"product_cat","embeddable":true,"href":"https:\/\/www.hydraulic-cylinders.net\/de\/wp-json\/wp\/v2\/product_cat?post=15332"},{"taxonomy":"product_tag","embeddable":true,"href":"https:\/\/www.hydraulic-cylinders.net\/de\/wp-json\/wp\/v2\/product_tag?post=15332"}],"curies":[{"name":"wp","href":"https:\/\/api.w.org\/{rel}","templated":true}]}}