{"id":1534,"date":"2023-09-28T03:59:02","date_gmt":"2023-09-28T03:59:02","guid":{"rendered":"https:\/\/hydraulic-cylinders.net\/?post_type=product&#038;p=1534"},"modified":"2025-04-14T01:11:44","modified_gmt":"2025-04-14T01:11:44","slug":"aerial-work-platform-telescopic-cylinder","status":"publish","type":"product","link":"https:\/\/www.hydraulic-cylinders.net\/de\/produkt\/aerial-work-platform-telescopic-cylinder\/","title":{"rendered":"Teleskopzylinder f\u00fcr Hubarbeitsb\u00fchne"},"content":{"rendered":"<h1 style=\"text-align: center;\"><strong>Teleskopzylinder f\u00fcr Hubarbeitsb\u00fchne<\/strong><\/h1>\n<p><img loading=\"lazy\" decoding=\"async\" class=\"wp-image-1535 aligncenter\" src=\"https:\/\/hydraulic-cylinders.net\/wp-content\/uploads\/2023\/09\/telescopic-cylinder-1-300x300.webp\" alt=\"\" width=\"400\" height=\"400\" \/>Der Teleskopzylinder der Hubarbeitsb\u00fchne ist eine leistungsstarke und unverzichtbare Komponente, die f\u00fcr eine gr\u00f6\u00dfere Reichweite und h\u00f6here Flexibilit\u00e4t bei Arbeiten in der H\u00f6he sorgt. Dieser innovative Hydraulikzylinder erm\u00f6glicht die teleskopische Bewegung der Plattform und erlaubt dem Bediener so, h\u00f6her gelegene Bereiche einfach und pr\u00e4zise zu erreichen.<\/p>\n<p>Der Teleskopzylinder f\u00fcr Hubarbeitsb\u00fchnen setzt neue Ma\u00dfst\u00e4be im Bereich der Hubarbeitsb\u00fchnen und bietet eine gr\u00f6\u00dfere Reichweite und verbesserte Vielseitigkeit. Dank seiner herausragenden Eigenschaften wie der gro\u00dfen Reichweite, der leichtg\u00e4ngigen Teleskopbewegung, der hohen Tragf\u00e4higkeit und der kompakten Bauweise erm\u00f6glicht dieser Zylinder dem Bediener, Arbeiten in der H\u00f6he effizient und sicher auszuf\u00fchren. Durch die Einhaltung der empfohlenen Anwendungs- und Wartungsmethoden maximieren Bediener die Lebensdauer und Leistung des Teleskopzylinders und erzielen so h\u00f6here Produktivit\u00e4t, weniger Ausfallzeiten und mehr Sicherheit bei Arbeiten in der H\u00f6he. Investieren Sie in diese innovative Hydraulikkomponente, um die Leistungsf\u00e4higkeit Ihrer Hubarbeitsb\u00fchne zu steigern und neue Erfolgsdimensionen zu erreichen.<\/p>\n<p>Hauptmerkmale des Teleskopzylinders einer Hubarbeitsb\u00fchne:<\/p>\n<ol>\n<li>Erweiterte Reichweitenfunktion:<\/li>\n<\/ol>\n<ul>\n<li>Der Teleskopzylinder der Hubarbeitsb\u00fchne zeichnet sich durch einen beeindruckenden Auszugsbereich aus, der es dem Bediener erm\u00f6glicht, m\u00fchelos gr\u00f6\u00dfere H\u00f6hen und Entfernungen zu erreichen.<\/li>\n<li>Es bietet Flexibilit\u00e4t und Anpassungsf\u00e4higkeit und erm\u00f6glicht es den Mitarbeitern, auch anspruchsvolle Bereiche zu erreichen und Aufgaben effizient zu erledigen.<\/li>\n<\/ul>\n<ol start=\"2\">\n<li>Gleichm\u00e4\u00dfige Teleskopbewegung:<\/li>\n<\/ol>\n<ul>\n<li>Dieser Zylinder gew\u00e4hrleistet eine gleichm\u00e4\u00dfige und kontrollierte Teleskopbewegung und erm\u00f6glicht so eine pr\u00e4zise Positionierung der Hubarbeitsb\u00fchne.<\/li>\n<li>Es bietet stabile und gleichm\u00e4\u00dfige Aus- und Einfahrvorg\u00e4nge und gew\u00e4hrleistet so ein sicheres Arbeitsumfeld in verschiedenen H\u00f6hen.<\/li>\n<\/ul>\n<ol start=\"3\">\n<li>Hohe Tragf\u00e4higkeit:<\/li>\n<\/ol>\n<ul>\n<li>Der Teleskopzylinder der Hubarbeitsb\u00fchne ist f\u00fcr die Bew\u00e4ltigung schwerer Lasten ausgelegt und verf\u00fcgt \u00fcber eine robuste Konstruktion, die betr\u00e4chtliche Nutzlasten tragen kann.<\/li>\n<li>Es erm\u00f6glicht den Bedienern, mehrere Arbeiter, Werkzeuge und Ausr\u00fcstung auf der Plattform zu transportieren, ohne Kompromisse bei Stabilit\u00e4t oder Sicherheit einzugehen.<\/li>\n<\/ul>\n<ol start=\"4\">\n<li>Kompaktes Design:<\/li>\n<\/ol>\n<ul>\n<li>Dank seiner kompakten Bauweise optimiert dieser Zylinder den Platz auf der Hubarbeitsb\u00fchne und gew\u00e4hrleistet so minimale Auswirkungen auf das Gesamtgewicht und die Stellfl\u00e4che.<\/li>\n<li>Die Kompaktheit des Zylinders erm\u00f6glicht eine ausgezeichnete Man\u00f6vrierf\u00e4higkeit und einen einfachen Transport.<\/li>\n<\/ul>\n<h2><strong>Parameter des Teleskopzylinders einer Hubarbeitsb\u00fchne:<\/strong><\/h2>\n<table border=\"1\" cellspacing=\"0\" cellpadding=\"0\">\n<tbody>\n<tr>\n<td>Produktname<\/td>\n<td>Teleskopzylinder f\u00fcr Hubarbeitsb\u00fchne<\/td>\n<\/tr>\n<tr>\n<td>Merkmale:<\/td>\n<td>Realisieren Sie die lineare Teleskopbewegung des Auslegers<\/td>\n<\/tr>\n<tr>\n<td>Bohrungsdurchmesser:<\/td>\n<td>45 mm bis 200 mm<\/td>\n<\/tr>\n<tr>\n<td>Stangendurchmesser:<\/td>\n<td>32 mm bis 180 mm<br \/>\nHub \u2264 15000 mm<\/td>\n<\/tr>\n<tr>\n<td>Druck:<\/td>\n<td>30 MPa (Maximaler Druck)<\/td>\n<\/tr>\n<tr>\n<td>Teleskopzylinderanwendungen:<\/td>\n<td>Hubarbeitsb\u00fchne<\/td>\n<\/tr>\n<\/tbody>\n<\/table>\n<h2><strong>Identifikationsdiagramm f\u00fcr Hubarbeitsb\u00fchnen:<\/strong><\/h2>\n<p><img loading=\"lazy\" decoding=\"async\" class=\"alignnone wp-image-1517 size-full\" src=\"https:\/\/hydraulic-cylinders.net\/wp-content\/uploads\/2023\/09\/aerial-work-platform-cylinder-construct.webp\" alt=\"\" width=\"600\" height=\"400\" srcset=\"https:\/\/hydraulic-cylinders.net\/wp-content\/uploads\/2023\/09\/aerial-work-platform-cylinder-construct.webp 600w, https:\/\/hydraulic-cylinders.net\/wp-content\/uploads\/2023\/09\/aerial-work-platform-cylinder-construct-480x320.webp 480w\" sizes=\"(min-width: 0px) and (max-width: 480px) 480px, (min-width: 481px) 600px, 100vw\" \/><\/p>\n<h2><strong>Anwendungsmethode des Teleskopzylinders der Hubarbeitsb\u00fchne<\/strong><strong>:<\/strong><\/h2>\n<ol>\n<li><strong>Zylinderinstallation:<\/strong><\/li>\n<\/ol>\n<ul>\n<li>Befolgen Sie die Anweisungen des Herstellers f\u00fcr die ordnungsgem\u00e4\u00dfe Installation des Auslegerzylinders der Hubarbeitsb\u00fchne.<\/li>\n<li>Stellen Sie sicher, dass der Zylinder fest an der Struktur der Hubarbeitsb\u00fchne montiert ist, um eine stabile und zuverl\u00e4ssige Verbindung zu gew\u00e4hrleisten.<\/li>\n<\/ul>\n<ol start=\"2\">\n<li><strong>Hydraulischer Anschluss:<\/strong><\/li>\n<\/ol>\n<ul>\n<li>Schlie\u00dfen Sie den Zylinder gem\u00e4\u00df den mitgelieferten Richtlinien an das Hydrauliksystem der Hubarbeitsb\u00fchne an.<\/li>\n<li>Stellen Sie sicher, dass alle Hydraulikanschl\u00fcsse sicher und ordnungsgem\u00e4\u00df abgedichtet sind, um Leckagen oder den Verlust von Hydraulikfl\u00fcssigkeit zu verhindern.<\/li>\n<\/ul>\n<ol start=\"3\">\n<li><strong>Steuerungsaktivierung:<\/strong><\/li>\n<\/ol>\n<ul>\n<li>Nutzen Sie das Bedienfeld oder die Schnittstelle der Plattform, um den Auslegerzylinder der Hubarbeitsb\u00fchne zu aktivieren.<\/li>\n<li>Befolgen Sie die empfohlenen Bedienungsanweisungen, um die Plattform auf die gew\u00fcnschte H\u00f6he anzuheben oder abzusenken.<\/li>\n<\/ul>\n<ol start=\"4\">\n<li><strong>Sicherheitsvorkehrungen:<\/strong><\/li>\n<\/ol>\n<ul>\n<li>Machen Sie sich vor der Inbetriebnahme der Hubarbeitsb\u00fchne mit den Sicherheitsvorkehrungen und Notfallma\u00dfnahmen vertraut.<\/li>\n<li>Stellen Sie sicher, dass alle Bediener eine ordnungsgem\u00e4\u00dfe Schulung f\u00fcr den sicheren Betrieb der Plattform und des Auslegerzylinders der Hubarbeitsb\u00fchne erhalten.<\/li>\n<\/ul>\n<h2><strong>Welches hydraulische Gesetz wendet das Bremssystem an?<\/strong><\/h2>\n<p>Das Bremssystem in Fahrzeugen nutzt typischerweise das Pascalsche Gesetz der Hydraulik. Dieses Gesetz besagt, dass sich der Druck, der auf eine Fl\u00fcssigkeit in einem geschlossenen System ausge\u00fcbt wird, gleichm\u00e4\u00dfig in alle Richtungen ausbreitet.<\/p>\n<p>Bei einem hydraulischen Bremssystem wird beim Bet\u00e4tigen des Bremspedals eine Kraft auf den Hauptbremszylinder ausge\u00fcbt, der Hydraulikfl\u00fcssigkeit enth\u00e4lt. Die auf die Fl\u00fcssigkeit wirkende Kraft erzeugt einen Druck, der gleichm\u00e4\u00dfig im gesamten Bremssystem verteilt wird.<\/p>\n<p>Dieser Druck wird dann, je nach Bremssystemtyp, an die Bremss\u00e4ttel oder Radbremszylinder weitergeleitet, die sich an jedem Rad befinden. Der Druck bewirkt die Bet\u00e4tigung der Bremss\u00e4ttel oder -zylinder, wodurch die Bremsbel\u00e4ge oder -backen gegen die Bremsscheiben oder -trommeln gepresst werden. Dies erzeugt Reibung und verlangsamt oder stoppt das Fahrzeug.<\/p>\n<p>Das Pascalsche Gesetz gew\u00e4hrleistet, dass die am Bremspedal ausge\u00fcbte Kraft vervielfacht und gleichm\u00e4\u00dfig auf alle Bremsen im System \u00fcbertragen wird, unabh\u00e4ngig von deren Position. Dies erm\u00f6glicht eine gleichm\u00e4\u00dfige Bremsleistung an allen R\u00e4dern und gew\u00e4hrleistet effektives Bremsen selbst in komplexen hydraulischen Bremssystemen.<\/p>\n<p>Es ist anzumerken, dass in einigen modernen Bremssystemen zus\u00e4tzliche hydraulische Prinzipien, wie das Bernoulli-Prinzip oder die Prinzipien der Fluiddynamik, zur Optimierung von Bremsleistung, Stabilit\u00e4t und Kontrolle eingesetzt werden k\u00f6nnen. Das Pascalsche Gesetz bleibt jedoch grundlegend f\u00fcr die Funktionsweise hydraulischer Bremssysteme.<\/p>\n<h2><strong>F\u00e4higkeit und Kapazit\u00e4t der Fabrik:<\/strong><\/h2>\n<h3>(1) Montage<\/h3>\n<p>Wir verf\u00fcgen \u00fcber eine erstklassige, unabh\u00e4ngige Forschungs- und Entwicklungsmontageplattform. Die Hydraulikzylinder-Produktionswerkstatt verf\u00fcgt \u00fcber vier halbautomatische Montagelinien f\u00fcr Hubzylinder und eine automatische Montagelinie f\u00fcr Kippzylinder mit einer geplanten j\u00e4hrlichen Produktionskapazit\u00e4t von 1 Million St\u00fcck. Die Spezialzylinderwerkstatt ist mit verschiedenen Spezifikationen eines halbautomatischen Reinigungsmontagesystems mit einer geplanten j\u00e4hrlichen Produktionskapazit\u00e4t von 200.000 ausgestattet und mit renommierten CNC-Bearbeitungsger\u00e4ten, einem Bearbeitungszentrum, einer hochpr\u00e4zisen Spezialausr\u00fcstung f\u00fcr die Zylinderverarbeitung, einer Roboterschwei\u00dfmaschine, einer automatischen Reinigungsmaschine, einer automatischen Zylindermontagemaschine und einer automatischen Lackierproduktionslinie ausgestattet. Es sind mehr als 300 Sets (S\u00e4tze) an kritischer Ausr\u00fcstung vorhanden. Die optimale Zuweisung und effiziente Nutzung der Ausr\u00fcstungsressourcen gew\u00e4hrleistet die Genauigkeitsanforderungen der Produkte und erf\u00fcllt die hohen Qualit\u00e4tsanforderungen der Produkte.<\/p>\n<p><img loading=\"lazy\" decoding=\"async\" class=\"alignnone wp-image-626\" src=\"https:\/\/hydraulic-cylinders.net\/wp-content\/uploads\/2023\/08\/hydraulic-cylinder-product-1-300x158.webp\" alt=\"\" width=\"495\" height=\"260\" srcset=\"https:\/\/hydraulic-cylinders.net\/wp-content\/uploads\/2023\/08\/hydraulic-cylinder-product-1-300x158.webp 495w, https:\/\/hydraulic-cylinders.net\/wp-content\/uploads\/2023\/08\/hydraulic-cylinder-product-1-480x252.webp 480w\" sizes=\"(min-width: 0px) and (max-width: 480px) 480px, (min-width: 481px) 495px, 100vw\" \/> <img loading=\"lazy\" decoding=\"async\" class=\"alignnone wp-image-627\" src=\"https:\/\/hydraulic-cylinders.net\/wp-content\/uploads\/2023\/08\/hydraulic-cylinder-product-2-300x189.webp\" alt=\"\" width=\"413\" height=\"260\" \/><\/p>\n<h3>(2) Bearbeitungen<\/h3>\n<p>Die Bearbeitungswerkstatt ist mit einem ma\u00dfgeschneiderten Schr\u00e4gschienen-Drehzentrum, einem Bearbeitungszentrum, einer Hochgeschwindigkeits-Honmaschine, einem Schwei\u00dfroboter und anderen zugeh\u00f6rigen Ger\u00e4ten ausgestattet, die die Bearbeitung von Zylinderrohren mit einem maximalen Innendurchmesser von 400 mm und einer maximalen L\u00e4nge von 6 Metern erm\u00f6glichen.<\/p>\n<p><img loading=\"lazy\" decoding=\"async\" class=\"alignnone wp-image-628 size-large\" src=\"https:\/\/hydraulic-cylinders.net\/wp-content\/uploads\/2023\/08\/hydraulic-cylinder-product-3-1024x391.webp\" alt=\"\" width=\"1024\" height=\"391\" srcset=\"https:\/\/hydraulic-cylinders.net\/wp-content\/uploads\/2023\/08\/hydraulic-cylinder-product-3-980x374.webp 980w, https:\/\/hydraulic-cylinders.net\/wp-content\/uploads\/2023\/08\/hydraulic-cylinder-product-3-480x183.webp 480w\" sizes=\"(min-width: 0px) and (max-width: 480px) 480px, (min-width: 481px) and (max-width: 980px) 980px, (min-width: 981px) 1024px, 100vw\" \/><\/p>\n<h3>(3) Schwei\u00dfen<\/h3>\n<p><img loading=\"lazy\" decoding=\"async\" class=\"alignnone wp-image-629 size-large\" src=\"https:\/\/hydraulic-cylinders.net\/wp-content\/uploads\/2023\/08\/hydraulic-cylinder-product-4-1024x510.webp\" alt=\"\" width=\"1024\" height=\"510\" srcset=\"https:\/\/hydraulic-cylinders.net\/wp-content\/uploads\/2023\/08\/hydraulic-cylinder-product-4-980x488.webp 980w, https:\/\/hydraulic-cylinders.net\/wp-content\/uploads\/2023\/08\/hydraulic-cylinder-product-4-480x239.webp 480w\" sizes=\"(min-width: 0px) and (max-width: 480px) 480px, (min-width: 481px) and (max-width: 980px) 980px, (min-width: 981px) 1024px, 100vw\" \/><\/p>\n<h3>(4) Malerei und Beschichtung<\/h3>\n<p>Mit kleinen und mittleren Zylinder automatische Lackieranlagen auf Wasserbasis, zu erreichen automatische Roboter Be-und Entladen und automatische Spritzen, die Design-Kapazit\u00e4t von 4000 St\u00fcck pro Schicht;<br \/>\nWir verf\u00fcgen auch \u00fcber eine halbautomatische Lackieranlage f\u00fcr gro\u00dfe Zylinder, die von einer Energiekette angetrieben wird und eine Kapazit\u00e4t von 60 Kisten pro Schicht hat.<\/p>\n<p><img loading=\"lazy\" decoding=\"async\" class=\"alignnone wp-image-630\" src=\"https:\/\/hydraulic-cylinders.net\/wp-content\/uploads\/2023\/08\/hydraulic-cylinder-product-5-300x213.webp\" alt=\"\" width=\"366\" height=\"260\" \/> <img loading=\"lazy\" decoding=\"async\" class=\"alignnone wp-image-631\" src=\"https:\/\/hydraulic-cylinders.net\/wp-content\/uploads\/2023\/08\/hydraulic-cylinder-product-6-300x225.webp\" alt=\"\" width=\"347\" height=\"260\" \/><\/p>\n<h3>(5) Pr\u00fcfung<\/h3>\n<p>Wir verf\u00fcgen \u00fcber erstklassige Pr\u00fcfeinrichtungen und Pr\u00fcfst\u00e4nde, um sicherzustellen, dass die Leistung des Zylinders den Anforderungen entspricht.<\/p>\n<p><img loading=\"lazy\" decoding=\"async\" class=\"alignnone wp-image-632\" src=\"https:\/\/hydraulic-cylinders.net\/wp-content\/uploads\/2023\/08\/hydraulic-cylinder-product-8-300x200.webp\" alt=\"\" width=\"389\" height=\"260\" \/><\/p>\n<p>&nbsp;<\/p>\n<p>&nbsp;<\/p>\n<p>Wir sind einer der besten Hydraulikzylinderhersteller. Wir k\u00f6nnen umfassende Hydraulikzylinder anbieten. Wir bieten auch entsprechende <a href=\"https:\/\/hzpt.com\/agricultural-pto-gearbox\/\" target=\"_blank\" rel=\"noopener\">landwirtschaftliche Getriebe<\/a>. Wir haben unsere Produkte an Kunden weltweit exportiert und uns aufgrund unserer hervorragenden Produktqualit\u00e4t und unseres Kundendienstes einen guten Ruf erworben. Wir begr\u00fc\u00dfen Kunden im In- und Ausland, die uns kontaktieren, um Gesch\u00e4fte zu verhandeln, Informationen auszutauschen und <a href=\"https:\/\/www.hydraulic-cylinders.net\/de\/contact-us\/\">mit uns zusammenarbeiten<\/a>!<\/p>","protected":false},"excerpt":{"rendered":"<p>Aerial Work Platform Telescopic Cylinder The aerial work platform telescopic cylinder is a powerful and essential component in aerial work platforms, designed to provide extended reach and enhanced versatility in elevated work environments. This innovative hydraulic cylinder enables the telescopic movement of the platform, allowing operators to access elevated areas with ease and precision. The [&hellip;]<\/p>","protected":false},"featured_media":1536,"comment_status":"open","ping_status":"closed","template":"","meta":{"_et_pb_use_builder":"","_et_pb_old_content":"","_et_gb_content_width":""},"product_brand":[],"product_cat":[1500,1550,1393],"product_tag":[1380],"class_list":{"0":"post-1534","1":"product","2":"type-product","3":"status-publish","4":"has-post-thumbnail","6":"product_cat-aerial-work-vehicle-hydraulic-cylinder","7":"product_cat-double-acting-hydraulic-cylinder","8":"product_cat-telescopic-hydraulic-cylinder","9":"product_tag-hydraulic-cylinder","11":"first","12":"instock","13":"shipping-taxable","14":"product-type-simple"},"amp_enabled":true,"_links":{"self":[{"href":"https:\/\/www.hydraulic-cylinders.net\/de\/wp-json\/wp\/v2\/product\/1534","targetHints":{"allow":["GET"]}}],"collection":[{"href":"https:\/\/www.hydraulic-cylinders.net\/de\/wp-json\/wp\/v2\/product"}],"about":[{"href":"https:\/\/www.hydraulic-cylinders.net\/de\/wp-json\/wp\/v2\/types\/product"}],"replies":[{"embeddable":true,"href":"https:\/\/www.hydraulic-cylinders.net\/de\/wp-json\/wp\/v2\/comments?post=1534"}],"wp:featuredmedia":[{"embeddable":true,"href":"https:\/\/www.hydraulic-cylinders.net\/de\/wp-json\/wp\/v2\/media\/1536"}],"wp:attachment":[{"href":"https:\/\/www.hydraulic-cylinders.net\/de\/wp-json\/wp\/v2\/media?parent=1534"}],"wp:term":[{"taxonomy":"product_brand","embeddable":true,"href":"https:\/\/www.hydraulic-cylinders.net\/de\/wp-json\/wp\/v2\/product_brand?post=1534"},{"taxonomy":"product_cat","embeddable":true,"href":"https:\/\/www.hydraulic-cylinders.net\/de\/wp-json\/wp\/v2\/product_cat?post=1534"},{"taxonomy":"product_tag","embeddable":true,"href":"https:\/\/www.hydraulic-cylinders.net\/de\/wp-json\/wp\/v2\/product_tag?post=1534"}],"curies":[{"name":"wp","href":"https:\/\/api.w.org\/{rel}","templated":true}]}}