{"id":15353,"date":"2025-01-19T14:25:26","date_gmt":"2025-01-19T14:25:26","guid":{"rendered":"https:\/\/www.hydraulic-cylinders.net\/product\/bucket-cylinder-for-kobelco-middle-excavator-sk220-3-5\/"},"modified":"2025-01-19T14:25:28","modified_gmt":"2025-01-19T14:25:28","slug":"bucket-cylinder-for-kobelco-middle-excavator-sk220-3-5","status":"publish","type":"product","link":"https:\/\/www.hydraulic-cylinders.net\/de\/produkt\/bucket-cylinder-for-kobelco-middle-excavator-sk220-3-5\/","title":{"rendered":"L\u00f6ffelzylinder f\u00fcr Kobelco Mittelbagger SK220-3-5"},"content":{"rendered":"<p><!DOCTYPE html><br \/>\n<html><br \/>\n<head><br \/>\n<title>L\u00f6ffelzylinder f\u00fcr Kobelco Mittelbagger SK220-3-5<\/title><br \/>\n<\/head><br \/>\n<body><\/p>\n<h1>L\u00f6ffelzylinder f\u00fcr Kobelco Mittelbagger SK220-3-5<\/h1>\n<h2>Was ist ein Eimerzylinder?<\/h2>\n<p>Ein Schaufelzylinder ist ein speziell entwickelter Hydraulikzylinder, der prim\u00e4r zur Steuerung der Schaufelbewegung in Baumaschinen wie Baggern, Baggerladern und Radladern eingesetzt wird. Seine Hauptfunktion besteht darin, das Heben, Senken und Neigen der Schaufel zu erm\u00f6glichen und so verschiedene Materialumschlagsaufgaben zu erleichtern. In einem Hydrauliksystem erzielt der Schaufelzylinder eine pr\u00e4zise Steuerung der Schaufel durch die Nutzung von Druck\u00e4nderungen im Hydraulik\u00f6l. Dies erm\u00f6glicht es dem Bediener, schwere Lasten effizient zu handhaben und sich an komplexe Arbeitsumgebungen und vielf\u00e4ltige Betriebsanforderungen anzupassen.<\/p>\n<p><img decoding=\"async\" src=\"https:\/\/www.hydraulic-cylinders.net\/wp-content\/uploads\/2025\/01\/songte-company-2.webp\" alt=\"Bild des Schaufelzylinders\"><\/p>\n<h2>Merkmale des Schaufelzylinders<\/h2>\n<ul>\n<li>Hohe Festigkeit und Langlebigkeit: Typischerweise aus hochfestem Stahl oder Aluminium gefertigt, halten sie hohem Druck und schweren Belastungen stand, sind f\u00fcr raue Arbeitsumgebungen geeignet und wurden unter Ber\u00fccksichtigung von Verschlei\u00df- und Korrosionsbest\u00e4ndigkeit entwickelt, um die Lebensdauer zu verl\u00e4ngern.<\/li>\n<li>Effizienter Hydraulikbetrieb: Nutzt den Druck des Hydraulik\u00f6ls, um sanfte Aus- und Einfahrbewegungen zu erzielen, reagiert schnell auf Steuerbefehle und bietet kraftvolle Schub- und Zugkr\u00e4fte, die f\u00fcr die Handhabung schwerer Lasten und komplexer Arbeitsaufgaben geeignet sind.<\/li>\n<li>Verschiedene Ausf\u00fchrungen: Erh\u00e4ltlich als einfachwirkende (Hydraulikdruck wirkt nur in eine Richtung) oder doppeltwirkende (Hydraulikdruck wirkt in beide Richtungen) Zylinder, um unterschiedlichen Betriebsanforderungen gerecht zu werden. Einige Modelle sind teleskopierbar und erm\u00f6glichen so eine gr\u00f6\u00dfere Ausfahrl\u00e4nge ohne Vergr\u00f6\u00dferung der Au\u00dfenabmessungen \u2013 ideal f\u00fcr Anwendungen mit begrenztem Platzangebot.<\/li>\n<li>Perfekter Ersatz: Unsere Produkte k\u00f6nnen diese Hydraulikzylinder perfekt ersetzen.<\/li>\n<\/ul>\n<p><img decoding=\"async\" src=\"https:\/\/www.hydraulic-cylinders.net\/wp-content\/uploads\/2025\/01\/songte-cylinder-head-with-all-kinds-excavator-models.webp\" alt=\"Bild zum Austausch des Schaufelzylinders\"><\/p>\n<h2>Anwendungen von Schaufelzylindern<\/h2>\n<ul>\n<li>Baumaschinen: Sie sind in Baggern zu finden und unverzichtbar f\u00fcr Aushubarbeiten, das Laden und den Transport von Erde oder Bauschutt. Bei Baggerladern unterst\u00fctzen die Schaufelzylinder sowohl das Graben als auch das Heben.<\/li>\n<li>Landwirtschaftliche Maschinen: Wird in Frontladern zum Schaufeln, Heben und Transportieren von Erde, Heu und anderen Materialien verwendet.<\/li>\n<li>Bagger: Der Schaufelzylinder erm\u00f6glicht Grabvorg\u00e4nge, indem er der Schaufel das Eindringen in den Boden erm\u00f6glicht.<\/li>\n<li>Lader: Bei Frontladern helfen sie beim effizienten Anheben und Kippen von G\u00fctern.<\/li>\n<\/ul>\n<h2>Design\u00fcberlegungen und Auswahlkriterien<\/h2>\n<ul>\n<li>Tragf\u00e4higkeit: Erl\u00e4utern Sie die F\u00e4higkeit des Zylinders, Belastungen und Dr\u00fccken standzuhalten.<\/li>\n<li>Abdichtung: Er\u00f6rtern Sie die Verwendung verschiedener Dichtungskomponenten, wie z. B. Kolbendichtungen und Stangendichtungen, die aus verschlei\u00dffesten Materialien wie Polyurethan und Nitrilkautschuk hergestellt sind.<\/li>\n<li>Langlebigkeit: Erw\u00e4hnen Sie die feine Oberfl\u00e4chenbehandlung des Zylinderk\u00f6rpers und der Gewindeenden zur Verbesserung der Verschlei\u00dffestigkeit.<\/li>\n<li>Sicherheit: Erl\u00e4utern Sie die Sicherheitsmerkmale und -\u00fcberlegungen im Design.<\/li>\n<li>Wartungsfreundlichkeit: Sprechen Sie \u00fcber die Wartungsfreundlichkeit und die Verf\u00fcgbarkeit von Ersatzteilen.<\/li>\n<\/ul>\n<p><img decoding=\"async\" src=\"https:\/\/www.hydraulic-cylinders.net\/wp-content\/uploads\/2025\/01\/songte-oil-pipes-and-spare-parts.webp\" alt=\"Konstruktion und Ersatzteile f\u00fcr Schaufelzylinder\"><\/p>\n<h2>Abdichtung und Schmierung<\/h2>\n<p>Der Schaufelzylinder verf\u00fcgt \u00fcber verschiedene Dichtungselemente, wie Kolben- und Stangendichtungen, die aus verschlei\u00dffesten Materialien wie Polyurethan und Nitrilkautschuk gefertigt sind. Zylinderk\u00f6rper und Gewindeenden sind feinbearbeitet, um die Verschlei\u00dffestigkeit zu erh\u00f6hen. Regelm\u00e4\u00dfige Schmierung ist erforderlich; der Zylinder ben\u00f6tigt eine angemessene Menge Hydraulik\u00f6l.<\/p>\n<h2>Regelm\u00e4\u00dfige Inspektion und vorbeugende Wartung<\/h2>\n<ul>\n<li>Regelm\u00e4\u00dfige \u00dcberpr\u00fcfung des Zylinders auf Anzeichen von Verschlei\u00df oder Besch\u00e4digung.<\/li>\n<li>F\u00fcr einen reibungslosen Betrieb ist eine angemessene Schmierung erforderlich.<\/li>\n<li>Dichtung bei Bedarf austauschen.<\/li>\n<li>Kalibrierungspr\u00fcfungen zur Aufrechterhaltung einer pr\u00e4zisen Leistung.<\/li>\n<\/ul>\n<h2>Anleitung zur korrekten Installation<\/h2>\n<p>Eine korrekte Installation ist unerl\u00e4sslich f\u00fcr optimale Leistung und lange Lebensdauer des Schaufelzylinders. Achten Sie bei der Installation unbedingt auf die korrekte Ausrichtung des Zylinders. Wir empfehlen die Verwendung geeigneter Montagehalterungen zur sicheren Befestigung des Zylinders. Geben Sie au\u00dferdem Anleitungen zur Pr\u00fcfung, Reparatur und zum Austausch von Teilen sowie Tipps zur Verl\u00e4ngerung der Zylinderlebensdauer.<\/p>\n<p><img decoding=\"async\" src=\"https:\/\/www.hydraulic-cylinders.net\/wp-content\/uploads\/2025\/01\/songte-chushion-collar.webp\" alt=\"Montageanleitung f\u00fcr den Schaufelzylinder\"><\/p>\n<h2>Sicherheitsaspekte und Umweltfaktoren<\/h2>\n<p>Bei der Verwendung des Hubzylinders ist die Einhaltung von Sicherheitsma\u00dfnahmen von entscheidender Bedeutung. Erl\u00e4utern Sie die Wichtigkeit geeigneter Sicherheitsvorkehrungen und der Befolgung der Sicherheitsrichtlinien, um Unf\u00e4lle zu vermeiden und die Sicherheit der Arbeiter zu gew\u00e4hrleisten. Gehen Sie auf alle Umgebungsfaktoren ein, die die Verwendung des Hubzylinders beeinflussen k\u00f6nnten.<\/p>\n<h2>Fehlerdiagnose und h\u00e4ufige Probleme<\/h2>\n<p>Identifizieren Sie m\u00f6gliche Fehler und h\u00e4ufig auftretende Probleme am Schaufelzylinder. Geben Sie Tipps und L\u00f6sungen zur Fehlerbehebung, damit Leser Probleme effektiv diagnostizieren und beheben k\u00f6nnen. Schlagen Sie vorbeugende Ma\u00dfnahmen zur Minimierung potenzieller Probleme vor.<\/p>\n<p><img decoding=\"async\" src=\"https:\/\/www.hydraulic-cylinders.net\/wp-content\/uploads\/2025\/01\/songte-bushings-with-all-kinds-of-excavator-models.webp\" alt=\"Fehlerdiagnose am Schaufelzylinder\"><\/p>\n<p>Denken Sie daran, den Artikel logisch zu strukturieren, Zwischen\u00fcberschriften zur einfacheren Navigation zu verwenden, relevante Bilder oder Diagramme zur besseren Verst\u00e4ndlichkeit einzuf\u00fcgen und sicherzustellen, dass der Inhalt klar, pr\u00e4gnant und f\u00fcr Leser mit unterschiedlichem technischen Wissen geeignet ist.<\/p>\n<h2>\u00dcber unser Unternehmen<\/h2>\n<p>Wir sind ein f\u00fchrender Hersteller und Gro\u00dfh\u00e4ndler von Ersatz-Hydraulikzylindern f\u00fcr den nationalen und internationalen Markt. Wir streben nach h\u00f6chster Qualit\u00e4t und setzen in unserer Pr\u00e4zisionsfertigung auf branchen\u00fcbliche Produktionsmanagementstrategien. Unser Unternehmen optimiert kontinuierlich seine Fertigungsplattform, perfektioniert die Produktionsprozesse und zeichnet sich durch hohe Innovationskraft aus. Mit hoher Effizienz, Pr\u00e4zision und Qualit\u00e4t erf\u00fcllen wir die vielf\u00e4ltigen Bed\u00fcrfnisse unserer Kunden. <\/p>\n<p><img decoding=\"async\" src=\"https:\/\/www.hydraulic-cylinders.net\/wp-content\/uploads\/2025\/01\/songte-company-3.webp\" alt=\"Unternehmensdetails\"><\/p>\n<p>Wir sind stolz auf unsere Professionalit\u00e4t, internationalen Zertifizierungen, kundenspezifischen L\u00f6sungen, moderne Produktionsanlagen und unseren Kundendienst. Wir bieten ein breites Produktsortiment und haben uns zu einem der f\u00fchrenden Hersteller und Gro\u00dfh\u00e4ndler von Hydraulikzylindern auf dem nationalen und internationalen Markt entwickelt.<\/p>\n<p>Autor: lyl<\/p>\n<p><\/body><br \/>\n<\/html><\/p>","protected":false},"excerpt":{"rendered":"<p>Bucket Cylinder For Kobelco Middle Excavator SK220-3-5 Bucket Cylinder For Kobelco Middle Excavator SK220-3-5 What is a Bucket Cylinder? A bucket cylinder is a specially designed hydraulic cylinder primarily used to control the movement of the bucket in heavy machinery such as excavators, backhoe loaders, and front loaders. Its main function is to allow the [&hellip;]<\/p>","protected":false},"featured_media":14769,"comment_status":"open","ping_status":"closed","template":"","meta":{"_et_pb_use_builder":"","_et_pb_old_content":"","_et_gb_content_width":""},"product_brand":[],"product_cat":[1494],"product_tag":[1495,1496],"class_list":{"0":"post-15353","1":"product","2":"type-product","3":"status-publish","4":"has-post-thumbnail","6":"product_cat-bucket-cylinders","7":"product_tag-bucket-cylinders","8":"product_tag-hydraulic-cylinders","10":"first","11":"instock","12":"shipping-taxable","13":"product-type-simple"},"amp_enabled":true,"_links":{"self":[{"href":"https:\/\/www.hydraulic-cylinders.net\/de\/wp-json\/wp\/v2\/product\/15353","targetHints":{"allow":["GET"]}}],"collection":[{"href":"https:\/\/www.hydraulic-cylinders.net\/de\/wp-json\/wp\/v2\/product"}],"about":[{"href":"https:\/\/www.hydraulic-cylinders.net\/de\/wp-json\/wp\/v2\/types\/product"}],"replies":[{"embeddable":true,"href":"https:\/\/www.hydraulic-cylinders.net\/de\/wp-json\/wp\/v2\/comments?post=15353"}],"wp:featuredmedia":[{"embeddable":true,"href":"https:\/\/www.hydraulic-cylinders.net\/de\/wp-json\/wp\/v2\/media\/14769"}],"wp:attachment":[{"href":"https:\/\/www.hydraulic-cylinders.net\/de\/wp-json\/wp\/v2\/media?parent=15353"}],"wp:term":[{"taxonomy":"product_brand","embeddable":true,"href":"https:\/\/www.hydraulic-cylinders.net\/de\/wp-json\/wp\/v2\/product_brand?post=15353"},{"taxonomy":"product_cat","embeddable":true,"href":"https:\/\/www.hydraulic-cylinders.net\/de\/wp-json\/wp\/v2\/product_cat?post=15353"},{"taxonomy":"product_tag","embeddable":true,"href":"https:\/\/www.hydraulic-cylinders.net\/de\/wp-json\/wp\/v2\/product_tag?post=15353"}],"curies":[{"name":"wp","href":"https:\/\/api.w.org\/{rel}","templated":true}]}}