{"id":15355,"date":"2025-01-19T14:25:34","date_gmt":"2025-01-19T14:25:34","guid":{"rendered":"https:\/\/www.hydraulic-cylinders.net\/product\/bucket-cylinder-for-kobelco-middle-excavator-sk250-8\/"},"modified":"2025-01-19T14:25:36","modified_gmt":"2025-01-19T14:25:36","slug":"bucket-cylinder-for-kobelco-middle-excavator-sk250-8","status":"publish","type":"product","link":"https:\/\/www.hydraulic-cylinders.net\/de\/produkt\/bucket-cylinder-for-kobelco-middle-excavator-sk250-8\/","title":{"rendered":"L\u00f6ffelzylinder f\u00fcr Kobelco Mittelbagger SK250-8"},"content":{"rendered":"<h1>L\u00f6ffelzylinder f\u00fcr Kobelco Mittelbagger SK250-8<\/h1>\n<h2>Einf\u00fchrung<\/h2>\n<h3>Was ist ein Eimerzylinder?<\/h3>\n<p>Ein Schaufelzylinder ist ein spezieller Hydraulikzylinder zur Steuerung der Schaufelbewegung in Baumaschinen wie Baggern, Baggerladern und Radladern. Seine Hauptfunktion besteht darin, das Heben, Senken und Neigen der Schaufel zu erm\u00f6glichen und so verschiedene Materialumschlagsaufgaben zu erleichtern. Im Hydrauliksystem steuert der Schaufelzylinder die Schaufel pr\u00e4zise durch \u00c4nderungen des Hydraulik\u00f6ldrucks. Dadurch k\u00f6nnen Bediener schwere Lasten effizient handhaben und sich an komplexe Arbeitsumgebungen und vielf\u00e4ltige Betriebsanforderungen anpassen.<\/p>\n<p><img decoding=\"async\" src=\"https:\/\/www.hydraulic-cylinders.net\/wp-content\/uploads\/2025\/01\/songte-company-2.webp\" alt=\"Bild des Schaufelzylinders\"><\/p>\n<h3>Merkmale des Schaufelzylinders<\/h3>\n<ul>\n<li><strong>Hohe Festigkeit und Haltbarkeit:<\/strong> Es wird \u00fcblicherweise aus hochfestem Stahl oder Aluminium gefertigt und h\u00e4lt hohem Druck und schweren Belastungen stand, wodurch es sich f\u00fcr raue Arbeitsumgebungen eignet. Die Konstruktion ber\u00fccksichtigt Verschlei\u00df- und Korrosionsbest\u00e4ndigkeit und verl\u00e4ngert so die Lebensdauer.<\/li>\n<li><strong>Effizienter Hydraulikbetrieb:<\/strong> Durch den Einsatz von Hydraulik\u00f6ldruck f\u00fcr ein gleichm\u00e4\u00dfiges Aus- und Einfahren kann es schnell auf Steuerbefehle reagieren, eine starke Schub- und Zugkraft bereitstellen und eignet sich f\u00fcr die Handhabung schwerer Lasten und komplexer Aufgaben.<\/li>\n<li><strong>Verschiedene Typen:<\/strong> Je nach Bedarf k\u00f6nnen einfachwirkende (hydraulisch nur in eine Richtung wirkende) oder doppeltwirkende (hydraulisch in zwei Richtungen wirkende) Zylinder ausgew\u00e4hlt werden, um unterschiedlichen Betriebsanforderungen gerecht zu werden. Einige Modelle sind teleskopierbar und erm\u00f6glichen so eine gr\u00f6\u00dfere Ausladung ohne Vergr\u00f6\u00dferung der Au\u00dfenabmessungen. Sie eignen sich daher besonders f\u00fcr Anwendungen mit begrenztem Platzangebot.<\/li>\n<li><strong>Einfache Installation:<\/strong> Unser Produkt kann diese Hydraulikzylinder perfekt ersetzen.<\/li>\n<li><strong>Anpassbar:<\/strong> Wir k\u00f6nnen kundenspezifische Hydraulikzylinder nach den jeweiligen Anforderungen unserer Kunden herstellen.<\/li>\n<\/ul>\n<p><img decoding=\"async\" src=\"https:\/\/www.hydraulic-cylinders.net\/wp-content\/uploads\/2025\/01\/songte-cylinder-head-with-all-kinds-excavator-models.webp\" alt=\"Eimerzylinder Bild 2\"><\/p>\n<h3>Anwendungen von Schaufelzylindern<\/h3>\n<h4>Baumaschinen<\/h4>\n<p>Bei Baggern sind sie unverzichtbar zum Graben, Laden und Bewegen von Erde oder Schutt. Bei Baggerladern unterst\u00fctzt der Schaufelzylinder sowohl das Graben als auch das Heben. <\/p>\n<h4>Landmaschinen<\/h4>\n<p>Sie werden bei Radladern zum Aufnehmen, Anheben und Transportieren von Erde, Heu und anderen Materialien verwendet. Bei Baggern erm\u00f6glicht der Schaufelzylinder das Eindringen der Schaufel in den Boden zum Ausheben von Gruben. Bei Radladern unterst\u00fctzen sie das effiziente Kippen und Abladen von Ladung.<\/p>\n<h4>Weitere Anwendungen<\/h4>\n<p>Der Schaufelzylinder wird auch in anderen Anwendungsbereichen wie Bergbau, Forstwirtschaft und Materialtransport eingesetzt.<\/p>\n<h3>Design\u00fcberlegungen und Auswahlkriterien<\/h3>\n<h4>Tragf\u00e4higkeit<\/h4>\n<p>Die Tragf\u00e4higkeit eines Schaufelzylinders ist entscheidend und sollte anhand der maximal zu tragenden Last ausgew\u00e4hlt werden. Es ist unerl\u00e4sslich sicherzustellen, dass der Zylinder dem maximalen Druck und der maximalen Last standh\u00e4lt, denen er im Betrieb ausgesetzt sein wird.<\/p>\n<h4>Versiegelung und Haltbarkeit<\/h4>\n<p>Sealing and durability are crucial for the performance and lifespan of the cylinder. The piston seal and rod seal should be made of wear-resistant and corrosion-resistant materials like polyurethane and nitrile rubber. The cylinder body and threaded end surfaces should be finely treated to improve wear resistance. Regular lubrication with the appropriate hydraulic oil is also necessary to maintain the cylinder&#8217;s optimum performance.<\/p>\n<p><img decoding=\"async\" src=\"https:\/\/www.hydraulic-cylinders.net\/wp-content\/uploads\/2025\/01\/songte-oil-pipes-and-spare-parts.webp\" alt=\"Eimerzylinder Bild 3\"><\/p>\n<h3>Wartung und Reparatur<\/h3>\n<h4>Installation<\/h4>\n<p>Proper installation is essential to ensure the bucket cylinder&#8217;s optimal performance and longevity. It is recommended to align the cylinder correctly during installation and use the appropriate installation brackets to secure it.<\/p>\n<h4>Wartung<\/h4>\n<ul>\n<li><strong>Regelm\u00e4\u00dfige Inspektion:<\/strong> Regular inspection of the cylinder&#8217;s condition is necessary to detect any wear or damage and take timely corrective action.<\/li>\n<li><strong>Schmierung:<\/strong> Regular lubrication with the appropriate hydraulic oil is necessary to maintain the cylinder&#8217;s optimum performance.<\/li>\n<li><strong>Dichtungswechsel:<\/strong> Die Dichtungen sollten regelm\u00e4\u00dfig ausgetauscht werden, um eine ordnungsgem\u00e4\u00dfe Abdichtung zu gew\u00e4hrleisten und \u00d6laustritt zu verhindern.<\/li>\n<\/ul>\n<h4>Reparieren<\/h4>\n<p>F\u00fcr alle Reparaturen empfehlen wir Ihnen, unsere erfahrenen Techniker zu konsultieren, um sicherzustellen, dass die Arbeiten nach h\u00f6chsten Standards ausgef\u00fchrt werden.<\/p>\n<h3>Sicherheits- und Umweltaspekte<\/h3>\n<p>Beim Umgang mit dem Hydraulikzylinder m\u00fcssen unbedingt alle erforderlichen Sicherheitsma\u00dfnahmen beachtet werden, um Unf\u00e4lle zu vermeiden. Die ordnungsgem\u00e4\u00dfe Entsorgung von gebrauchtem Hydraulik\u00f6l und anderen gef\u00e4hrlichen Abf\u00e4llen ist ebenfalls unerl\u00e4sslich, um die Umwelt zu sch\u00fctzen.<\/p>\n<p><img decoding=\"async\" src=\"https:\/\/www.hydraulic-cylinders.net\/wp-content\/uploads\/2025\/01\/songte-chushion-collar.webp\" alt=\"Eimerzylinder Bild 4\"><\/p>\n<h3>Fehlerbehebung und h\u00e4ufige Probleme<\/h3>\n<p>H\u00e4ufige Probleme mit Schaufelzylindern sind \u00d6lleckagen, Dichtungssch\u00e4den und Kolbenstangenfehlfunktionen. Sollten Sie Probleme mit Ihrem Schaufelzylinder feststellen, wenden Sie sich bitte an unsere erfahrenen Techniker.<\/p>\n<h3>\u00dcber uns<\/h3>\n<p>We are a manufacturer of replacement hydraulic cylinders, offering a wide range of products and becoming one of the leading manufacturers and wholesale distributors of hydraulic cylinders in the domestic and international markets. We follow the strategy of excellent quality, relying on the industrialization production management of sophisticated manufacturing workshops. Our company continuously improves the manufacturing platform of the workshop, improves the production quality of products, and has strong creation ability. We satisfy customers&#8217; diverse needs by adhering to the principles of high efficiency, high precision, and high quality. <\/p>\n<p><img decoding=\"async\" src=\"https:\/\/hzpt.com\/wp-content\/uploads\/2024\/11\/songte-company-1.webp\" alt=\"Eimerzylinder Bild 5\"><\/p>\n<h4>Professionalit\u00e4t<\/h4>\n<p>Wir verf\u00fcgen \u00fcber ein Team von Fachleuten mit jahrelanger Erfahrung, technischem Fachwissen und modernster Fertigungsausr\u00fcstung.<\/p>\n<h4>Internationale Zertifizierung<\/h4>\n<p>Unsere Produkte sind von internationalen Organisationen zertifiziert und erf\u00fcllen h\u00f6chste Qualit\u00e4ts- und Sicherheitsstandards.<\/p>\n<h4>Anpassungsdienste<\/h4>\n<p>Wir bieten ma\u00dfgeschneiderte L\u00f6sungen an, um die spezifischen Anforderungen unserer Kunden zu erf\u00fcllen.<\/p>\n<h4>Produktionsausr\u00fcstung<\/h4>\n<p>Wir verf\u00fcgen \u00fcber moderne digitale Fertigungsanlagen und professionelle Testsysteme, um die hohe Qualit\u00e4t unserer Produkte zu gew\u00e4hrleisten.<\/p>\n<h4>Kundendienst<\/h4>\n<p>Wir bieten einen umfassenden Kundendienst, einschlie\u00dflich Teileaustausch und \u00dcberholungsarbeiten, um die Langlebigkeit unserer Produkte zu gew\u00e4hrleisten.<\/p>\n<p>Autor: lyl.<\/p>","protected":false},"excerpt":{"rendered":"<p>Bucket Cylinder For Kobelco Middle Excavator SK250-8 Introduction What is a Bucket Cylinder? A bucket cylinder is a specialized hydraulic cylinder designed for controlling the movement of buckets in heavy machinery such as excavators, backhoe loaders, and front-end loaders. Its main function is to enable the bucket to lift, lower, and tilt, making it easier [&hellip;]<\/p>","protected":false},"featured_media":14762,"comment_status":"open","ping_status":"closed","template":"","meta":{"_et_pb_use_builder":"","_et_pb_old_content":"","_et_gb_content_width":""},"product_brand":[],"product_cat":[1494],"product_tag":[1495,1496],"class_list":{"0":"post-15355","1":"product","2":"type-product","3":"status-publish","4":"has-post-thumbnail","6":"product_cat-bucket-cylinders","7":"product_tag-bucket-cylinders","8":"product_tag-hydraulic-cylinders","10":"first","11":"instock","12":"shipping-taxable","13":"product-type-simple"},"amp_enabled":true,"_links":{"self":[{"href":"https:\/\/www.hydraulic-cylinders.net\/de\/wp-json\/wp\/v2\/product\/15355","targetHints":{"allow":["GET"]}}],"collection":[{"href":"https:\/\/www.hydraulic-cylinders.net\/de\/wp-json\/wp\/v2\/product"}],"about":[{"href":"https:\/\/www.hydraulic-cylinders.net\/de\/wp-json\/wp\/v2\/types\/product"}],"replies":[{"embeddable":true,"href":"https:\/\/www.hydraulic-cylinders.net\/de\/wp-json\/wp\/v2\/comments?post=15355"}],"wp:featuredmedia":[{"embeddable":true,"href":"https:\/\/www.hydraulic-cylinders.net\/de\/wp-json\/wp\/v2\/media\/14762"}],"wp:attachment":[{"href":"https:\/\/www.hydraulic-cylinders.net\/de\/wp-json\/wp\/v2\/media?parent=15355"}],"wp:term":[{"taxonomy":"product_brand","embeddable":true,"href":"https:\/\/www.hydraulic-cylinders.net\/de\/wp-json\/wp\/v2\/product_brand?post=15355"},{"taxonomy":"product_cat","embeddable":true,"href":"https:\/\/www.hydraulic-cylinders.net\/de\/wp-json\/wp\/v2\/product_cat?post=15355"},{"taxonomy":"product_tag","embeddable":true,"href":"https:\/\/www.hydraulic-cylinders.net\/de\/wp-json\/wp\/v2\/product_tag?post=15355"}],"curies":[{"name":"wp","href":"https:\/\/api.w.org\/{rel}","templated":true}]}}