{"id":15356,"date":"2025-01-19T14:25:38","date_gmt":"2025-01-19T14:25:38","guid":{"rendered":"https:\/\/www.hydraulic-cylinders.net\/product\/bucket-cylinder-for-kobelco-middle-excavator-sk270d-8\/"},"modified":"2025-01-19T14:25:40","modified_gmt":"2025-01-19T14:25:40","slug":"bucket-cylinder-for-kobelco-middle-excavator-sk270d-8","status":"publish","type":"product","link":"https:\/\/www.hydraulic-cylinders.net\/de\/produkt\/bucket-cylinder-for-kobelco-middle-excavator-sk270d-8\/","title":{"rendered":"L\u00f6ffelzylinder f\u00fcr Kobelco Mittelbagger SK270D-8"},"content":{"rendered":"<h1>L\u00f6ffelzylinder f\u00fcr Kobelco Mittelbagger SK270D-8<\/h1>\n<h2>Einf\u00fchrung<\/h2>\n<p>Der L\u00f6ffelzylinder f\u00fcr den Kobelco-Mittelbagger SK270D-8 ist ein speziell entwickelter Hydraulikzylinder zur Steuerung der L\u00f6ffelbewegung in Baumaschinen wie Baggern, Radladern und Baggerladern. Seine Hauptfunktion besteht darin, das Heben, Senken und Neigen des L\u00f6ffels zu erm\u00f6glichen und so verschiedene Materialumschlagsaufgaben zu erleichtern. Im Hydrauliksystem gew\u00e4hrleistet der L\u00f6ffelzylinder durch die Druckver\u00e4nderung des Hydraulik\u00f6ls eine pr\u00e4zise Steuerung des L\u00f6ffels. Dies erm\u00f6glicht dem Bediener, schwere Lasten effizient zu handhaben und sich an komplexe Arbeitsumgebungen und vielf\u00e4ltige Aufgaben anzupassen.<\/p>\n<p><img decoding=\"async\" src=\"https:\/\/www.hydraulic-cylinders.net\/wp-content\/uploads\/2025\/01\/songte-company-2.webp\" alt=\"Bild des Schaufelzylinders\"><\/p>\n<h2>Merkmale<\/h2>\n<ul>\n<li>Hohe Festigkeit und Langlebigkeit: In der Regel aus hochfestem Stahl oder Aluminium gefertigt, halten sie hohem Druck und hohen Belastungen stand, sind anpassungsf\u00e4hig an raue Arbeitsumgebungen und wurden mit Blick auf Verschlei\u00df- und Korrosionsbest\u00e4ndigkeit entwickelt, um die Lebensdauer zu verl\u00e4ngern.<\/li>\n<li>Effizienter Hydraulikbetrieb: Durch den Druck des Hydraulik\u00f6ls wird eine gleichm\u00e4\u00dfige Aus- und Einfahrbewegung erreicht. Das System reagiert schnell auf Bedienbefehle und liefert eine hohe Schub- und Zugkraft, wodurch es sich ideal f\u00fcr das Handling schwerer Gegenst\u00e4nde und komplexe Aufgaben eignet.<\/li>\n<li>Verschiedene Zylindertypen: Je nach Bedarf und Betriebsanforderungen k\u00f6nnen einfachwirkende (hydraulisch nur in eine Richtung wirkende) oder doppeltwirkende (hydraulisch in beide Richtungen wirkende) Zylinder ausgew\u00e4hlt werden. Einige Modelle sind einziehbar und erm\u00f6glichen so eine gr\u00f6\u00dfere Reichweite ohne Vergr\u00f6\u00dferung der Au\u00dfenabmessungen. Dadurch eignen sie sich besonders f\u00fcr Anwendungen mit begrenztem Platzangebot.<\/li>\n<li>Austauschbar: Unser Produkt ist ein perfekter Ersatz f\u00fcr diese Hydraulikzylinder. <\/li>\n<\/ul>\n<p><img decoding=\"async\" src=\"https:\/\/www.hydraulic-cylinders.net\/wp-content\/uploads\/2025\/01\/songte-cylinder-head-with-all-kinds-excavator-models.webp\" alt=\"Bild des Schaufelzylinders\"><\/p>\n<h2>Anwendungen<\/h2>\n<h3>Baumaschinen<\/h3>\n<p>Bei Baggern sind sie unverzichtbar zum Graben, Laden und Bewegen von Erde oder Bauschutt. Bei Tiefladern unterst\u00fctzt der Schaufelzylinder sowohl das Graben als auch das Heben. Bei Radladern helfen sie beim effizienten Heben und Kippen von G\u00fctern.<\/p>\n<h3>Landmaschinen<\/h3>\n<p>Sie werden bei Radladern zum Schaufeln, Heben und Transportieren von Erde, Heu und anderen Materialien eingesetzt. Bei Baggern erm\u00f6glichen die Schaufelzylinder das Graben, indem sie das Eindringen der Schaufel in den Boden erlauben. <\/p>\n<h2>Design\u00fcberlegungen und Auswahlkriterien<\/h2>\n<h3>Tragf\u00e4higkeit<\/h3>\n<p>Eimerzylinder sind \u00fcblicherweise f\u00fcr hohe Druck- und Lastbelastungen ausgelegt. Die Auswahl der Werkstoffe und der Verarbeitungstechnologie sollte unter Ber\u00fccksichtigung dieser Faktoren erfolgen, um die Langlebigkeit und Zuverl\u00e4ssigkeit des Zylinders zu gew\u00e4hrleisten.<\/p>\n<h3>Versiegelung<\/h3>\n<p>Es sollten verschiedene Dichtungselemente wie Kolben- und Stangendichtungen verwendet werden. Polyurethan, Nitrilkautschuk und andere verschlei\u00dffeste Werkstoffe sind f\u00fcr die Dichtungselemente vorzuziehen. Zylinderk\u00f6rper und Gewindeendfl\u00e4che sollten feinbearbeitet sein, um die Verschlei\u00dffestigkeit zu verbessern. Regelm\u00e4\u00dfiges Nachf\u00fcllen des Hydraulik\u00f6ls ist f\u00fcr die Schmierung unerl\u00e4sslich.<\/p>\n<p><img decoding=\"async\" src=\"https:\/\/www.hydraulic-cylinders.net\/wp-content\/uploads\/2025\/01\/songte-oil-pipes-and-spare-parts.webp\" alt=\"Bild des Schaufelzylinders\"><\/p>\n<h2>Wartung und Fehlerbehebung<\/h2>\n<p>Regelm\u00e4\u00dfige Wartung, einschlie\u00dflich Schmierung, Dichtungsaustausch und Kalibrierungspr\u00fcfung, ist entscheidend f\u00fcr die lange Lebensdauer von Schaufelzylindern. Die korrekten Installations-, Schmier- und Justierungsverfahren m\u00fcssen eingehalten werden, um eine einwandfreie Funktion zu gew\u00e4hrleisten. Es wird empfohlen, den Zylinder korrekt auszurichten, geeignete Montagehalterungen zur Befestigung zu verwenden und die empfohlenen Inspektions-, Reparatur- und Austauschverfahren zu befolgen. <\/p>\n<ul>\n<li>Regelm\u00e4\u00dfige Inspektion<\/li>\n<li>Angemessene Schmierung<\/li>\n<li>Dichtungswechsel und Kalibrierungspr\u00fcfungen<\/li>\n<\/ul>\n<p><img decoding=\"async\" src=\"https:\/\/www.hydraulic-cylinders.net\/wp-content\/uploads\/2025\/01\/songte-chushion-collar.webp\" alt=\"Bild des Schaufelzylinders\"><\/p>\n<h2>Sicherheits- und Umweltaspekte<\/h2>\n<p>Beim Umgang mit Hubzylindern sind die entsprechenden Sicherheitsvorkehrungen zu treffen und die Anweisungen des Herstellers zu befolgen, um Unf\u00e4lle und Verletzungen zu vermeiden. Hydraulik\u00f6l muss zum Schutz der Umwelt ordnungsgem\u00e4\u00df recycelt oder entsorgt werden.<\/p>\n<p><img decoding=\"async\" src=\"https:\/\/www.hydraulic-cylinders.net\/wp-content\/uploads\/2025\/01\/songte-bushings-with-all-kinds-of-excavator-models.webp\" alt=\"Bild des Schaufelzylinders\"><\/p>\n<h2>\u00dcber unser Unternehmen<\/h2>\n<p>Wir sind ein f\u00fchrender Hersteller und Gro\u00dfh\u00e4ndler von Hydraulikzylindern auf dem nationalen und internationalen Markt und bieten ein umfassendes Produktsortiment. Unsere Strategie basiert auf einer industrialisierten Produktion mit h\u00f6chster Qualit\u00e4t. Durch den Einsatz qualifizierter Fachkr\u00e4fte, modernster digitaler Fertigungsanlagen und professioneller Testsysteme optimieren wir kontinuierlich unsere Fertigungsprozesse und die Produktqualit\u00e4t. Dank unserer ausgepr\u00e4gten Innovationskraft und unserem Anspruch an h\u00f6chste Effizienz, Pr\u00e4zision und Qualit\u00e4t erf\u00fcllen wir die vielf\u00e4ltigen Bed\u00fcrfnisse unserer Kunden.<\/p>\n<p><img decoding=\"async\" src=\"https:\/\/hzpt.com\/wp-content\/uploads\/2024\/11\/songte-company-1.webp\" alt=\"Bild des Schaufelzylinders\"><\/p>\n<h3>Professionalit\u00e4t<\/h3>\n<p>Wir verf\u00fcgen \u00fcber ein professionelles Team mit jahrelanger Erfahrung in der Herstellung von Hydraulikzylindern, wodurch die Qualit\u00e4t und Zuverl\u00e4ssigkeit unserer Produkte gew\u00e4hrleistet wird.<\/p>\n<h3>Internationale Zertifizierung<\/h3>\n<p>Unsere Produkte haben verschiedene internationale Zertifizierungsstandards bestanden, wie z. B. ISO9001, CE und andere, wodurch Produktqualit\u00e4t und Zuverl\u00e4ssigkeit gew\u00e4hrleistet werden.<\/p>\n<h3>Anpassung<\/h3>\n<p>Wir bieten individuelle Anpassungsleistungen an, um den vielf\u00e4ltigen Bed\u00fcrfnissen unserer Kunden gerecht zu werden.<\/p>\n<h3>Produktionsausr\u00fcstung<\/h3>\n<p>Wir verf\u00fcgen \u00fcber moderne Produktionsanlagen und -technologien, um die Qualit\u00e4t unserer Produkte zu gew\u00e4hrleisten.<\/p>\n<h3>Kundendienst<\/h3>\n<p>Wir bieten umfassende Kundendienstleistungen an, darunter Teileaustausch und \u00dcberholungsarbeiten, um die Lebensdauer unserer Produkte zu verl\u00e4ngern.<\/p>\n<p>Autor: lyl<\/p>","protected":false},"excerpt":{"rendered":"<p>Bucket Cylinder For Kobelco Middle Excavator SK270D-8 Introduction The bucket cylinder for Kobelco middle excavator SK270D-8 is a specially designed hydraulic cylinder used to control the movement of the bucket in heavy machinery, such as excavators, backhoe excavators, and front-end loaders. Its main function is to enable the bucket to lift, lower, and tilt, making [&hellip;]<\/p>","protected":false},"featured_media":14761,"comment_status":"open","ping_status":"closed","template":"","meta":{"_et_pb_use_builder":"","_et_pb_old_content":"","_et_gb_content_width":""},"product_brand":[],"product_cat":[1494],"product_tag":[1495,1496],"class_list":{"0":"post-15356","1":"product","2":"type-product","3":"status-publish","4":"has-post-thumbnail","6":"product_cat-bucket-cylinders","7":"product_tag-bucket-cylinders","8":"product_tag-hydraulic-cylinders","10":"first","11":"instock","12":"shipping-taxable","13":"product-type-simple"},"amp_enabled":true,"_links":{"self":[{"href":"https:\/\/www.hydraulic-cylinders.net\/de\/wp-json\/wp\/v2\/product\/15356","targetHints":{"allow":["GET"]}}],"collection":[{"href":"https:\/\/www.hydraulic-cylinders.net\/de\/wp-json\/wp\/v2\/product"}],"about":[{"href":"https:\/\/www.hydraulic-cylinders.net\/de\/wp-json\/wp\/v2\/types\/product"}],"replies":[{"embeddable":true,"href":"https:\/\/www.hydraulic-cylinders.net\/de\/wp-json\/wp\/v2\/comments?post=15356"}],"wp:featuredmedia":[{"embeddable":true,"href":"https:\/\/www.hydraulic-cylinders.net\/de\/wp-json\/wp\/v2\/media\/14761"}],"wp:attachment":[{"href":"https:\/\/www.hydraulic-cylinders.net\/de\/wp-json\/wp\/v2\/media?parent=15356"}],"wp:term":[{"taxonomy":"product_brand","embeddable":true,"href":"https:\/\/www.hydraulic-cylinders.net\/de\/wp-json\/wp\/v2\/product_brand?post=15356"},{"taxonomy":"product_cat","embeddable":true,"href":"https:\/\/www.hydraulic-cylinders.net\/de\/wp-json\/wp\/v2\/product_cat?post=15356"},{"taxonomy":"product_tag","embeddable":true,"href":"https:\/\/www.hydraulic-cylinders.net\/de\/wp-json\/wp\/v2\/product_tag?post=15356"}],"curies":[{"name":"wp","href":"https:\/\/api.w.org\/{rel}","templated":true}]}}