{"id":15360,"date":"2025-01-19T14:25:54","date_gmt":"2025-01-19T14:25:54","guid":{"rendered":"https:\/\/www.hydraulic-cylinders.net\/product\/bucket-cylinder-for-kobelco-middle-excavator-sk260lc-8\/"},"modified":"2025-01-19T14:25:56","modified_gmt":"2025-01-19T14:25:56","slug":"bucket-cylinder-for-kobelco-middle-excavator-sk260lc-8","status":"publish","type":"product","link":"https:\/\/www.hydraulic-cylinders.net\/de\/produkt\/bucket-cylinder-for-kobelco-middle-excavator-sk260lc-8\/","title":{"rendered":"L\u00f6ffelzylinder f\u00fcr Kobelco Mittelbagger SK260LC-8"},"content":{"rendered":"<p><!DOCTYPE html><br \/>\n<html><br \/>\n<head><br \/>\n    <title>L\u00f6ffelzylinder f\u00fcr Kobelco Mittelbagger SK260LC-8<\/title><br \/>\n<\/head><br \/>\n<body><\/p>\n<h1>L\u00f6ffelzylinder f\u00fcr Kobelco Mittelbagger SK260LC-8<\/h1>\n<h2>Einf\u00fchrung<\/h2>\n<p>Ein Schaufelzylinder ist ein speziell entwickelter Hydraulikzylinder, der die Bewegung der Schaufel in Baumaschinen wie Baggern, Baggerladern und Radladern steuert. Seine Hauptfunktion besteht darin, das Heben, Senken und Neigen der Schaufel zu erm\u00f6glichen und so verschiedene Materialumschlagsaufgaben zu erleichtern. In einem Hydrauliksystem erzielt der Schaufelzylinder durch die Nutzung von \u00c4nderungen des Hydraulik\u00f6ldrucks eine pr\u00e4zise Steuerung der Schaufel. Dies erlaubt es dem Bediener, schwere Lasten effizient zu handhaben und sich an komplexe Arbeitsumgebungen und vielf\u00e4ltige Aufgaben anzupassen.<\/p>\n<p>    <img decoding=\"async\" src=\"https:\/\/www.hydraulic-cylinders.net\/wp-content\/uploads\/2025\/01\/songte-company-2.webp\" alt=\"Bild des Schaufelzylinders\"><\/p>\n<h2>Merkmale<\/h2>\n<ul>\n<li>Hohe Festigkeit und Langlebigkeit: Typischerweise aus hochfestem Stahl oder Aluminium gefertigt, halten sie hohem Druck und hohen Belastungen stand, eignen sich f\u00fcr raue Arbeitsumgebungen und sind auf Verschlei\u00df- und Korrosionsbest\u00e4ndigkeit ausgelegt, was die Lebensdauer verl\u00e4ngert.<\/li>\n<li>Effizienter Hydraulikbetrieb: Nutzt den Hydraulik\u00f6ldruck f\u00fcr sanfte Aus- und Einfahrbewegungen, reagiert schnell auf Steuerbefehle und bietet eine starke Schub- und Zugkraft, geeignet f\u00fcr die Handhabung schwerer Lasten und komplexer Arbeitsaufgaben.<\/li>\n<li>Verschiedene Ausf\u00fchrungen: Je nach Bedarf k\u00f6nnen die Zylinder als einfachwirkend (Hydraulik nur in eine Richtung) oder doppeltwirkend (Hydraulik in beide Richtungen) ausgew\u00e4hlt werden. Einige Modelle sind teleskopierbar und erm\u00f6glichen so eine gr\u00f6\u00dfere Ausdehnung ohne Vergr\u00f6\u00dferung der Au\u00dfenabmessungen. Sie eignen sich daher f\u00fcr Anwendungen mit begrenztem Platzangebot.<\/li>\n<li>Perfekter Ersatz: Unsere Produkte k\u00f6nnen diese Hydraulikzylinder perfekt ersetzen.<\/li>\n<\/ul>\n<p>    <img decoding=\"async\" src=\"https:\/\/www.hydraulic-cylinders.net\/wp-content\/uploads\/2025\/01\/songte-cylinder-head-with-all-kinds-excavator-models.webp\" alt=\"Bild zum Austausch des Schaufelzylinders\"><\/p>\n<h2>Anwendungen<\/h2>\n<p>Der Schaufelzylinder findet in verschiedenen Anwendungen breite Verwendung, unter anderem:<\/p>\n<ul>\n<li>Baumaschinen: Sie sind in Baggern zu finden und unverzichtbar f\u00fcr das Ausheben, Laden und Bewegen von Erde oder Bauschutt. Bei Baggerladern unterst\u00fctzt der Schaufelzylinder sowohl das Graben als auch das Heben.<\/li>\n<li>Landwirtschaftliche Maschinen: Wird in Frontladern zum Schaufeln, Heben und Transportieren von Erde, Heu und anderen Materialien verwendet.<\/li>\n<li>Bagger: Der Schaufelzylinder erm\u00f6glicht Grabvorg\u00e4nge, indem er der Schaufel das Eindringen in den Boden erm\u00f6glicht.<\/li>\n<li>Lader: Bei Frontladern helfen sie beim effektiven Anheben und Kippen von G\u00fctern.<\/li>\n<\/ul>\n<h2>Design\u00fcberlegungen und Auswahlkriterien<\/h2>\n<p>Bei der Konstruktion von Schaufelzylindern werden mehrere Schl\u00fcsselfaktoren ber\u00fccksichtigt:<\/p>\n<ul>\n<li>Tragf\u00e4higkeit: Der Zylinder muss in der Lage sein, den maximal zu erwartenden Belastungen standzuhalten, ohne zu versagen.<\/li>\n<li>Abdichtung: Verschiedene Dichtungselemente, wie z. B. Kolbendichtungen und Stangendichtungen, werden aus verschlei\u00dffesten Materialien wie Polyurethan und Nitrilkautschuk gefertigt, um eine ordnungsgem\u00e4\u00dfe Abdichtung zu gew\u00e4hrleisten und Leckagen zu verhindern.<\/li>\n<li>Langlebigkeit: Der Zylinder ist so konstruiert, dass er den vorgesehenen Betriebsbedingungen standh\u00e4lt und Verschlei\u00df widersteht, um eine lange Lebensdauer zu gew\u00e4hrleisten.<\/li>\n<li>Sicherheit: Sicherheitsfunktionen sind integriert, um Unf\u00e4lle zu verhindern und einen sicheren Betrieb des Zylinders zu gew\u00e4hrleisten.<\/li>\n<li>Wartungsfreundlichkeit: Der Zylinder ist so konstruiert, dass er eine einfache Wartung und Reparatur erm\u00f6glicht und somit eine effiziente und kosteng\u00fcnstige Instandhaltung gew\u00e4hrleistet.<\/li>\n<\/ul>\n<p>    <img decoding=\"async\" src=\"https:\/\/www.hydraulic-cylinders.net\/wp-content\/uploads\/2025\/01\/songte-oil-pipes-and-spare-parts.webp\" alt=\"Abbildung der Konstruktion eines Eimerzylinders\"><\/p>\n<h2>Abdichtung und Schmierung<\/h2>\n<p>Die Zylinder von Schaufelradbaggern verwenden verschiedene Dichtungselemente, wie Kolben- und Stangendichtungen, die aus verschlei\u00dffesten Materialien wie Polyurethan und Nitrilkautschuk gefertigt sind. Zylinderk\u00f6rper und Gewindeenden sind feinbearbeitet, um die Verschlei\u00dffestigkeit zu verbessern. Regelm\u00e4\u00dfige Schmierung mit der richtigen Menge Hydraulik\u00f6l ist notwendig, um einen reibungslosen Betrieb zu gew\u00e4hrleisten und die Lebensdauer des Zylinders zu verl\u00e4ngern.<\/p>\n<h2>Regelm\u00e4\u00dfige Inspektion und vorbeugende Wartung<\/h2>\n<ul>\n<li>\u00dcberpr\u00fcfen Sie den Zylinder regelm\u00e4\u00dfig auf Anzeichen von Besch\u00e4digungen, Leckagen oder Funktionsst\u00f6rungen.<\/li>\n<li>Sorgen Sie f\u00fcr eine ordnungsgem\u00e4\u00dfe Schmierung aller beweglichen Teile.<\/li>\n<li>Ersetzen Sie Dichtungen und andere verschlissene Bauteile nach Bedarf.<\/li>\n<li>F\u00fchren Sie Kalibrierungspr\u00fcfungen durch, um sicherzustellen, dass der Zylinder innerhalb der vorgegebenen Parameter arbeitet.<\/li>\n<\/ul>\n<p>    <img decoding=\"async\" src=\"https:\/\/www.hydraulic-cylinders.net\/wp-content\/uploads\/2025\/01\/songte-chushion-collar.webp\" alt=\"Inspektionsbild des Schaufelzylinders\"><\/p>\n<h2>Sicherheitsaspekte und Umweltfaktoren<\/h2>\n<p>Bei der Verwendung von Hubzylindern ist es wichtig, Sicherheitsma\u00dfnahmen zu befolgen, um Unf\u00e4lle zu vermeiden und die Sicherheit des Personals zu gew\u00e4hrleisten. Dar\u00fcber hinaus sollten Umweltfaktoren wie die ordnungsgem\u00e4\u00dfe Abfallentsorgung und die Einhaltung von Vorschriften ber\u00fccksichtigt werden, um die Umweltbelastung zu minimieren.<\/p>\n<h2>Fehlerdiagnose und h\u00e4ufige Probleme<\/h2>\n<p>H\u00e4ufige Probleme mit Hubzylindern sind Leckagen, unzureichende Leistung und ungew\u00f6hnliche Bewegungen. Sollten Probleme auftreten, helfen Ihnen die folgenden Tipps und L\u00f6sungen, diese effektiv zu diagnostizieren und zu beheben. Es wird au\u00dferdem empfohlen, vorbeugende Ma\u00dfnahmen zu ergreifen, um potenzielle Probleme zu minimieren.<\/p>\n<p>    <img decoding=\"async\" src=\"https:\/\/www.hydraulic-cylinders.net\/wp-content\/uploads\/2025\/01\/songte-bushings-with-all-kinds-of-excavator-models.webp\" alt=\"Fehlerdiagnosebild f\u00fcr Schaufelzylinder\"><\/p>\n<h2>Wartungsaufgaben<\/h2>\n<p>Zu den g\u00e4ngigen Wartungsarbeiten an Schaufelzylindern geh\u00f6ren regelm\u00e4\u00dfige Inspektionen, ordnungsgem\u00e4\u00dfe Schmierung, Dichtungsaustausch und Kalibrierungspr\u00fcfungen. Besonders wichtig sind die korrekte Montage, Schmierung und Justierung. Bei der Montage empfiehlt es sich, den Zylinder pr\u00e4zise auszurichten und geeignete Montagehalterungen zur Befestigung zu verwenden. Empfohlene Inspektions-, Reparatur- und Austauschverfahren sowie Tipps zur Verl\u00e4ngerung der Zylinderlebensdauer werden ebenfalls bereitgestellt.<\/p>\n<h2>Unser Unternehmen<\/h2>\n<p>Wir sind ein f\u00fchrender Hersteller und Gro\u00dfh\u00e4ndler von Hydraulikzylindern f\u00fcr den nationalen und internationalen Markt. Unser Unternehmen bietet ein breites Produktsortiment und verfolgt eine Strategie des industrialisierten Produktionsmanagements. Dabei st\u00fctzen wir uns auf eine moderne Fertigungswerkstatt, fortschrittliche Produktionsanlagen und professionelle Pr\u00fcfsysteme. Wir verf\u00fcgen \u00fcber ausgepr\u00e4gte Innovationskraft und streben danach, die vielf\u00e4ltigen Kundenbed\u00fcrfnisse mit h\u00f6chster Effizienz, Pr\u00e4zision und Qualit\u00e4t zu erf\u00fcllen.<\/p>\n<p>    <img decoding=\"async\" src=\"https:\/\/www.hydraulic-cylinders.net\/wp-content\/uploads\/2025\/01\/songte-company-3.webp\" alt=\"Firmenimage\"><\/p>\n<p>Unser Unternehmen zeichnet sich durch Professionalit\u00e4t, internationale Zertifizierungen, kundenspezifische Dienstleistungen, Produktionsanlagen und Kundendienstleistungen aus.<\/p>\n<p>Autor: lyl<\/p>\n<p><\/body><br \/>\n<\/html><\/p>","protected":false},"excerpt":{"rendered":"<p>Bucket Cylinder For Kobelco Middle Excavator SK260LC-8 Bucket Cylinder For Kobelco Middle Excavator SK260LC-8 Introduction A bucket cylinder is a specially designed hydraulic cylinder used to control the movement of the bucket in heavy machinery, such as excavators, backhoe loaders, and front-end loaders. Its main function is to enable the lifting, lowering, and tilting of [&hellip;]<\/p>","protected":false},"featured_media":14785,"comment_status":"open","ping_status":"closed","template":"","meta":{"_et_pb_use_builder":"","_et_pb_old_content":"","_et_gb_content_width":""},"product_brand":[],"product_cat":[1494],"product_tag":[1495,1496],"class_list":{"0":"post-15360","1":"product","2":"type-product","3":"status-publish","4":"has-post-thumbnail","6":"product_cat-bucket-cylinders","7":"product_tag-bucket-cylinders","8":"product_tag-hydraulic-cylinders","10":"first","11":"instock","12":"shipping-taxable","13":"product-type-simple"},"amp_enabled":true,"_links":{"self":[{"href":"https:\/\/www.hydraulic-cylinders.net\/de\/wp-json\/wp\/v2\/product\/15360","targetHints":{"allow":["GET"]}}],"collection":[{"href":"https:\/\/www.hydraulic-cylinders.net\/de\/wp-json\/wp\/v2\/product"}],"about":[{"href":"https:\/\/www.hydraulic-cylinders.net\/de\/wp-json\/wp\/v2\/types\/product"}],"replies":[{"embeddable":true,"href":"https:\/\/www.hydraulic-cylinders.net\/de\/wp-json\/wp\/v2\/comments?post=15360"}],"wp:featuredmedia":[{"embeddable":true,"href":"https:\/\/www.hydraulic-cylinders.net\/de\/wp-json\/wp\/v2\/media\/14785"}],"wp:attachment":[{"href":"https:\/\/www.hydraulic-cylinders.net\/de\/wp-json\/wp\/v2\/media?parent=15360"}],"wp:term":[{"taxonomy":"product_brand","embeddable":true,"href":"https:\/\/www.hydraulic-cylinders.net\/de\/wp-json\/wp\/v2\/product_brand?post=15360"},{"taxonomy":"product_cat","embeddable":true,"href":"https:\/\/www.hydraulic-cylinders.net\/de\/wp-json\/wp\/v2\/product_cat?post=15360"},{"taxonomy":"product_tag","embeddable":true,"href":"https:\/\/www.hydraulic-cylinders.net\/de\/wp-json\/wp\/v2\/product_tag?post=15360"}],"curies":[{"name":"wp","href":"https:\/\/api.w.org\/{rel}","templated":true}]}}