{"id":15367,"date":"2025-01-19T14:26:28","date_gmt":"2025-01-19T14:26:28","guid":{"rendered":"https:\/\/www.hydraulic-cylinders.net\/product\/bucket-cylinder-for-kobelco-large-excavator-sk495d\/"},"modified":"2025-01-19T14:26:30","modified_gmt":"2025-01-19T14:26:30","slug":"bucket-cylinder-for-kobelco-large-excavator-sk495d","status":"publish","type":"product","link":"https:\/\/www.hydraulic-cylinders.net\/de\/produkt\/bucket-cylinder-for-kobelco-large-excavator-sk495d\/","title":{"rendered":"L\u00f6ffelzylinder f\u00fcr Kobelco Gro\u00dfbagger SK495D"},"content":{"rendered":"<h1>L\u00f6ffelzylinder f\u00fcr Kobelco Gro\u00dfbagger SK495D<\/h1>\n<h2>Einf\u00fchrung<\/h2>\n<h3>Definition<\/h3>\n<p>Ein Schaufelzylinder ist ein spezieller Hydraulikzylinder, der die Bewegung der Schaufel in Baumaschinen wie Baggern, Baggerladern und Radladern steuert. Seine Hauptfunktion besteht darin, das Heben, Senken und Neigen der Schaufel zu erm\u00f6glichen und so verschiedene Materialumschlagsaufgaben zu erleichtern. Im Hydrauliksystem nutzt der Schaufelzylinder \u00c4nderungen des Hydraulikdrucks, um eine pr\u00e4zise Steuerung der Schaufel zu erreichen. Dies erm\u00f6glicht es dem Bediener, schwere Lasten effizient zu handhaben und sich an komplexe Arbeitsumgebungen und vielf\u00e4ltige Betriebsanforderungen anzupassen.<\/p>\n<p><img decoding=\"async\" src=\"https:\/\/www.hydraulic-cylinders.net\/wp-content\/uploads\/2025\/01\/songte-company-2.webp\"><\/p>\n<h2>Merkmale<\/h2>\n<ul>\n<li><strong>Hohe Festigkeit und Langlebigkeit:<\/strong> \u00dcblicherweise aus hochfestem Stahl oder Aluminium gefertigt, h\u00e4lt es hohem Druck und schweren Belastungen stand, ist f\u00fcr raue Arbeitsumgebungen geeignet und wurde unter Ber\u00fccksichtigung von Verschlei\u00df- und Korrosionsbest\u00e4ndigkeit entwickelt, um die Lebensdauer zu verl\u00e4ngern.<\/li>\n<li><strong>Effizienter Hydraulikbetrieb:<\/strong> Durch die Nutzung von Hydraulik\u00f6ldruck f\u00fcr ein gleichm\u00e4\u00dfiges Aus- und Einfahren kann es schnell auf Bedienbefehle reagieren und bietet kraftvolle Schub- und Zugkr\u00e4fte, die f\u00fcr die Bew\u00e4ltigung schwerer Lasten und komplexer Arbeitsaufgaben geeignet sind.<\/li>\n<li><strong>Verschiedene Typen:<\/strong> Je nach Betriebsanforderungen k\u00f6nnen einfachwirkende (Hydraulik nur in eine Richtung wirkende) oder doppeltwirkende (Hydraulik in beide Richtungen wirkende) Zylinder ausgew\u00e4hlt werden. Einige Modelle sind teleskopierbar und erm\u00f6glichen so eine gr\u00f6\u00dfere Ausladung ohne Vergr\u00f6\u00dferung der Au\u00dfenabmessungen \u2013 ideal f\u00fcr Anwendungen mit begrenztem Platzangebot.<\/li>\n<li><strong>Hochgradig anpassbar:<\/strong> Wir k\u00f6nnen Zylinder herstellen, die diese Hydraulikzylinder perfekt ersetzen.<\/li>\n<\/ul>\n<p><img decoding=\"async\" src=\"https:\/\/www.hydraulic-cylinders.net\/wp-content\/uploads\/2025\/01\/songte-cylinder-head-with-all-kinds-excavator-models.webp\"><\/p>\n<h2>Anwendungen<\/h2>\n<h3>Baumaschinen<\/h3>\n<p>Bei Baggern sind sie unverzichtbar zum Graben, Laden und Bewegen von Erde oder Bauschutt. Bei Tiefladern unterst\u00fctzen die Schaufelzylinder das Graben und Heben. Bei Radladern helfen sie beim effizienten Heben und Abladen von G\u00fctern.<\/p>\n<h3>Landmaschinen<\/h3>\n<p>Sie werden in Radladern zum Schaufeln, Anheben und Transportieren von Erde, Heu und anderen Materialien eingesetzt. In Baggern erm\u00f6glichen Schaufelzylinder das Graben, indem sie das Eindringen der Schaufel in den Boden erlauben.<\/p>\n<h3>Weitere Anwendungen<\/h3>\n<p>Auch in anderen schweren Maschinen, wie Kr\u00e4nen, Gabelstaplern und Hydraulikpressen, werden Eimerzylinder eingesetzt.<\/p>\n<h2>Design\u00fcberlegungen und Auswahlkriterien<\/h2>\n<ul>\n<li><strong>Tragf\u00e4higkeit:<\/strong> Der Zylinder muss in der Lage sein, das Gewicht der Last zu tragen.<\/li>\n<li><strong>Versiegelung:<\/strong> Der Zylinder muss ordnungsgem\u00e4\u00df abgedichtet sein, um Leckagen zu verhindern und einen reibungslosen Betrieb zu gew\u00e4hrleisten.<\/li>\n<li><strong>Haltbarkeit:<\/strong> Der Zylinder muss den Belastungen durch intensive Nutzung und raue Umgebungsbedingungen standhalten k\u00f6nnen.<\/li>\n<li><strong>Sicherheit:<\/strong> Der Zylinder muss so konstruiert und eingebaut sein, dass Unf\u00e4lle und Verletzungen vermieden werden.<\/li>\n<li><strong>Wartbarkeit:<\/strong> Der Zylinder muss so konstruiert sein, dass er leicht zu warten und zu reparieren ist.<\/li>\n<\/ul>\n<p><img decoding=\"async\" src=\"https:\/\/www.hydraulic-cylinders.net\/wp-content\/uploads\/2025\/01\/songte-oil-pipes-and-spare-parts.webp\"><\/p>\n<h2>Abdichtung und Schmierung<\/h2>\n<p>Es kommen verschiedene Dichtungselemente zum Einsatz, beispielsweise Kolben- und Stangendichtungen. Die Dichtungen bestehen aus verschlei\u00dffesten Materialien wie Polyurethan und Nitrilkautschuk. Zylinderk\u00f6rper und Gewindeendfl\u00e4che sind pr\u00e4zise bearbeitet, um die Verschlei\u00dffestigkeit zu optimieren. Regelm\u00e4\u00dfiges Nachf\u00fcllen von Hydraulik\u00f6l ist zur Schmierung erforderlich.<\/p>\n<h2>Wartung und Reparatur<\/h2>\n<p>Im Folgenden sind die \u00fcblichen Wartungsaufgaben f\u00fcr Schaufelzylinder aufgef\u00fchrt:<\/p>\n<ul>\n<li>Regelm\u00e4\u00dfige Inspektion<\/li>\n<li>Richtige Schmierung<\/li>\n<li>Dichtungswechsel<\/li>\n<li>Kalibrierung<\/li>\n<\/ul>\n<p>Korrekte Montage, Schmierung und Justierung sind unerl\u00e4sslich. Bei der Montage ist auf die korrekte Ausrichtung des Zylinders zu achten. Zur Befestigung des Zylinders werden geeignete Montagehalterungen empfohlen. Um die Lebensdauer des Zylinders zu verl\u00e4ngern, sollten die empfohlenen Pr\u00fcf-, Reparatur- und Austauschverfahren beachtet werden.<\/p>\n<p><img decoding=\"async\" src=\"https:\/\/www.hydraulic-cylinders.net\/wp-content\/uploads\/2025\/01\/songte-chushion-collar.webp\"><\/p>\n<h2>Sicherheits- und Umweltaspekte<\/h2>\n<p>Beim Umgang mit Hubzylindern ist es wichtig, die Sicherheitsvorschriften einzuhalten, insbesondere die pers\u00f6nliche Schutzausr\u00fcstung zu tragen und die empfohlenen Betriebsanweisungen zu befolgen. Auch die ordnungsgem\u00e4\u00dfe Entsorgung von Hydraulikfl\u00fcssigkeit und anderen Materialien ist zum Schutz der Umwelt wichtig.<\/p>\n<h2>H\u00e4ufige Probleme und deren Behebung<\/h2>\n<ul>\n<li>Der Zylinder ist undicht.<\/li>\n<li>Der Zylinder f\u00e4hrt nicht richtig aus oder zusammen.<\/li>\n<li>Der Zylinder macht ein seltsames Ger\u00e4usch<\/li>\n<\/ul>\n<p>Zur Fehlerbehebung k\u00f6nnen Sie den Zylinder auf Besch\u00e4digungen oder Verschlei\u00df pr\u00fcfen, den Hydraulikfl\u00fcssigkeitsstand kontrollieren und sicherstellen, dass der Zylinder korrekt eingebaut und ausgerichtet ist. Regelm\u00e4\u00dfige Wartung und Reparatur k\u00f6nnen diese Probleme verhindern.<\/p>\n<p><img decoding=\"async\" src=\"https:\/\/www.hydraulic-cylinders.net\/wp-content\/uploads\/2025\/01\/songte-bushings-with-all-kinds-of-excavator-models.webp\"><\/p>\n<h2>\u00dcber unser Unternehmen<\/h2>\n<p>Wir sind ein Hersteller von Hydraulikzylindern und bieten ein umfassendes Produktsortiment an. Wir z\u00e4hlen zu den f\u00fchrenden Herstellern und Gro\u00dfh\u00e4ndlern von Hydraulikzylindern im In- und Ausland. Unser Qualit\u00e4tsanspruch ist h\u00f6chste Priorit\u00e4t. Wir setzen auf eine industrialisierte Produktionsstrategie in modernsten Fertigungswerkst\u00e4tten. Durch den Einsatz qualifizierter Fachkr\u00e4fte, digitaler High-End-Fertigungstechnik und professioneller Testsysteme optimieren wir kontinuierlich unsere Produktionsprozesse und sichern so die Produktqualit\u00e4t. Dank unserer hohen Innovationskraft k\u00f6nnen wir die vielf\u00e4ltigen Kundenbed\u00fcrfnisse mit h\u00f6chster Effizienz, Pr\u00e4zision und Qualit\u00e4t erf\u00fcllen.<\/p>\n<p>Wir bieten professionelle, international zertifizierte, kundenspezifische Dienstleistungen, Produktionsanlagen und einen Kundendienst an, um die Markteinf\u00fchrung unseres Unternehmens zu erweitern.<\/p>\n<p><img decoding=\"async\" src=\"https:\/\/hzpt.com\/wp-content\/uploads\/2024\/11\/songte-company-1.webp\"><\/p>\n<p>Autor: lyl.<\/p>","protected":false},"excerpt":{"rendered":"<p>Bucket Cylinder For Kobelco Large Excavator SK495D Introduction Definition A bucket cylinder is a specialized hydraulic cylinder used to control the movement of the bucket in heavy-duty machinery such as excavators, backhoes, and front-end loaders. Its main function is to enable the bucket to lift, lower, and tilt, making it easier to handle various material-handling [&hellip;]<\/p>","protected":false},"featured_media":14771,"comment_status":"open","ping_status":"closed","template":"","meta":{"_et_pb_use_builder":"","_et_pb_old_content":"","_et_gb_content_width":""},"product_brand":[],"product_cat":[1494],"product_tag":[1495,1496],"class_list":{"0":"post-15367","1":"product","2":"type-product","3":"status-publish","4":"has-post-thumbnail","6":"product_cat-bucket-cylinders","7":"product_tag-bucket-cylinders","8":"product_tag-hydraulic-cylinders","10":"first","11":"instock","12":"shipping-taxable","13":"product-type-simple"},"amp_enabled":true,"_links":{"self":[{"href":"https:\/\/www.hydraulic-cylinders.net\/de\/wp-json\/wp\/v2\/product\/15367","targetHints":{"allow":["GET"]}}],"collection":[{"href":"https:\/\/www.hydraulic-cylinders.net\/de\/wp-json\/wp\/v2\/product"}],"about":[{"href":"https:\/\/www.hydraulic-cylinders.net\/de\/wp-json\/wp\/v2\/types\/product"}],"replies":[{"embeddable":true,"href":"https:\/\/www.hydraulic-cylinders.net\/de\/wp-json\/wp\/v2\/comments?post=15367"}],"wp:featuredmedia":[{"embeddable":true,"href":"https:\/\/www.hydraulic-cylinders.net\/de\/wp-json\/wp\/v2\/media\/14771"}],"wp:attachment":[{"href":"https:\/\/www.hydraulic-cylinders.net\/de\/wp-json\/wp\/v2\/media?parent=15367"}],"wp:term":[{"taxonomy":"product_brand","embeddable":true,"href":"https:\/\/www.hydraulic-cylinders.net\/de\/wp-json\/wp\/v2\/product_brand?post=15367"},{"taxonomy":"product_cat","embeddable":true,"href":"https:\/\/www.hydraulic-cylinders.net\/de\/wp-json\/wp\/v2\/product_cat?post=15367"},{"taxonomy":"product_tag","embeddable":true,"href":"https:\/\/www.hydraulic-cylinders.net\/de\/wp-json\/wp\/v2\/product_tag?post=15367"}],"curies":[{"name":"wp","href":"https:\/\/api.w.org\/{rel}","templated":true}]}}