{"id":15369,"date":"2025-01-19T14:26:44","date_gmt":"2025-01-19T14:26:44","guid":{"rendered":"https:\/\/www.hydraulic-cylinders.net\/product\/bucket-cylinder-for-kobelco-large-excavator-sk330-8\/"},"modified":"2025-01-19T14:26:46","modified_gmt":"2025-01-19T14:26:46","slug":"bucket-cylinder-for-kobelco-large-excavator-sk330-8","status":"publish","type":"product","link":"https:\/\/www.hydraulic-cylinders.net\/de\/produkt\/bucket-cylinder-for-kobelco-large-excavator-sk330-8\/","title":{"rendered":"L\u00f6ffelzylinder f\u00fcr Kobelco Gro\u00dfbagger SK330-8"},"content":{"rendered":"<h1>L\u00f6ffelzylinder f\u00fcr Kobelco Gro\u00dfbagger SK330-8<\/h1>\n<h2>Einf\u00fchrung<\/h2>\n<p>Der Schaufelzylinder f\u00fcr den Kobelco Gro\u00dfbagger SK330-8 ist ein speziell entwickelter Hydraulikzylinder, der prim\u00e4r zur Steuerung der Schaufelbewegung in Baumaschinen wie Baggern, Baggerladern und Radladern dient. Seine Hauptfunktion besteht darin, das Heben, Senken und Neigen der Schaufel zu erm\u00f6glichen und so verschiedene Materialumschlagsaufgaben zu erleichtern. Im Hydrauliksystem gew\u00e4hrleistet der Schaufelzylinder durch die Anpassung des Hydraulik\u00f6ldrucks eine pr\u00e4zise Steuerung der Schaufel. Dies erm\u00f6glicht dem Bediener, schwere Lasten effizient zu handhaben, sich an komplexe Arbeitsumgebungen anzupassen und vielf\u00e4ltige Betriebsanforderungen zu erf\u00fcllen.<\/p>\n<p><img decoding=\"async\" src=\"https:\/\/www.hydraulic-cylinders.net\/wp-content\/uploads\/2025\/01\/songte-company-2.webp\" alt=\"Schaufelzylinder\" \/><\/p>\n<h2>Merkmale<\/h2>\n<ul>\n<li>\n<h3>Hohe Festigkeit und Haltbarkeit<\/h3>\n<p>Der aus hochfestem Stahl oder Aluminium gefertigte Schaufelzylinder ist f\u00fcr hohen Druck und schwere Lasten ausgelegt und eignet sich daher f\u00fcr raue Arbeitsumgebungen. Die Konstruktion ber\u00fccksichtigt Verschlei\u00df- und Korrosionsbest\u00e4ndigkeit und verl\u00e4ngert so die Lebensdauer.<\/p>\n<\/li>\n<li>\n<h3>Effizienter Hydraulikbetrieb<\/h3>\n<p>Durch die Nutzung des Drucks von Hydraulik\u00f6l f\u00fcr ein gleichm\u00e4\u00dfiges Aus- und Einfahren kann der Zylinder der Schaufel schnell auf Bedienbefehle reagieren und bietet kraftvolle Schub- und Zugkr\u00e4fte, die f\u00fcr die Handhabung schwerer Lasten und komplexer Aufgaben geeignet sind.<\/p>\n<\/li>\n<li>\n<h3>Verschiedene Typen<\/h3>\n<p>Der Schaufelzylinder kann je nach Bedarf als einfachwirkender (hydraulisch nur in eine Richtung bet\u00e4tigbarer) oder doppeltwirkender (hydraulisch in beide Richtungen bet\u00e4tigbarer) Zylinder ausgew\u00e4hlt werden. Einige Modelle sind teleskopierbar und erm\u00f6glichen so eine gr\u00f6\u00dfere Ausladung ohne Vergr\u00f6\u00dferung der Au\u00dfenabmessungen \u2013 ideal f\u00fcr beengte Platzverh\u00e4ltnisse.<\/p>\n<\/li>\n<li>\n<h3>Produktionskapazit\u00e4t<\/h3>\n<p>Wir k\u00f6nnen dieses Produkt herstellen und unser Produkt kann diese Hydraulikzylinder perfekt ersetzen.<\/p>\n<p>    <img decoding=\"async\" src=\"https:\/\/www.hydraulic-cylinders.net\/wp-content\/uploads\/2025\/01\/songte-cylinder-head-with-all-kinds-excavator-models.webp\" alt=\"Baggermodelle\" \/>\n  <\/li>\n<\/ul>\n<h2>Anwendungen<\/h2>\n<p>Der Schaufelzylinder findet breite Anwendung in verschiedenen schweren Maschinen, darunter:<\/p>\n<ul>\n<li>\n<h3>Baumaschinen<\/h3>\n<p>Bei Baggern sind sie unverzichtbar zum Ausheben, Laden und Bewegen von Erde oder Bauschutt. Bei Tiefladern unterst\u00fctzt der Schaufelzylinder sowohl das Ausheben als auch das Heben. Bei Radladern tragen sie zum effizienten Heben und Abladen von Materialien bei.<\/p>\n<\/li>\n<li>\n<h3>Landmaschinen<\/h3>\n<p>Wird in Frontladern zum Schaufeln, Anheben und Transportieren von Erde, Heu und anderen Materialien verwendet.<\/p>\n<\/li>\n<li>\n<h3>Bagger<\/h3>\n<p>Der Zylinder des L\u00f6ffels erm\u00f6glicht es dem L\u00f6ffel, in den Boden einzudringen und Aushubarbeiten durchzuf\u00fchren.<\/p>\n<\/li>\n<li>\n<h3>Lader<\/h3>\n<p>Bei Frontladern erleichtern sie das effiziente Anheben und Abladen von G\u00fctern.<\/p>\n<\/li>\n<\/ul>\n<h2>Design\u00fcberlegungen und Auswahlkriterien<\/h2>\n<p>Die Konstruktions\u00fcberlegungen f\u00fcr den Schaufelzylinder sind von entscheidender Bedeutung, insbesondere seine Tragf\u00e4higkeit, Abdichtung, Langlebigkeit, Sicherheit und Wartungsfreundlichkeit. Zu den wichtigsten Diskussionspunkten geh\u00f6ren:<\/p>\n<ul>\n<li>\n<h3>Belastbarkeit<\/h3>\n<p>Der Zylinder des Schaufelrads muss dem Druck und den Belastungen in rauen Arbeitsumgebungen standhalten k\u00f6nnen, daher sind die Materialauswahl und die Konstruktion von entscheidender Bedeutung.<\/p>\n<\/li>\n<li>\n<h3>Versiegelung<\/h3>\n<p>Der Schaufelzylinder verwendet verschiedene Dichtungen, wie Kolben- und Stangendichtungen, die aus verschlei\u00dffesten Materialien wie Polyurethan und Nitrilkautschuk gefertigt sein sollten. Zylinderk\u00f6rper und Gewindeendfl\u00e4che sind feinbearbeitet, um die Verschlei\u00dffestigkeit zu verbessern. Regelm\u00e4\u00dfige Schmierung mit Hydraulik\u00f6l ist erforderlich.<\/p>\n<p>    <img decoding=\"async\" src=\"https:\/\/www.hydraulic-cylinders.net\/wp-content\/uploads\/2025\/01\/songte-oil-pipes-and-spare-parts.webp\" alt=\"\u00d6lleitungen und Ersatzteile\" \/>\n  <\/li>\n<li>\n<h3>Haltbarkeit<\/h3>\n<p>Der Schaufelzylinder sollte so konstruiert sein, dass er Verschlei\u00df und Korrosion widersteht, um die Lebensdauer zu verl\u00e4ngern und die Wartungsh\u00e4ufigkeit zu minimieren.<\/p>\n<\/li>\n<li>\n<h3>Sicherheit<\/h3>\n<p>Der Schaufelzylinder muss den Sicherheitsvorschriften, wie beispielsweise den ISO-Sicherheitsnormen, entsprechen, um einen sicheren Betrieb zu gew\u00e4hrleisten.<\/p>\n<\/li>\n<li>\n<h3>Wartbarkeit<\/h3>\n<p>Der Schaufelzylinder sollte wartungsfreundlich und reparaturfreundlich sein, Ersatzteile sollten leicht erh\u00e4ltlich sein.<\/p>\n<\/li>\n<\/ul>\n<h2>Wartung und Reparatur<\/h2>\n<p>Regelm\u00e4\u00dfige Wartung und Reparatur sind entscheidend f\u00fcr die Verl\u00e4ngerung der Lebensdauer des Schaufelzylinders. Im Folgenden sind einige der g\u00e4ngigen Wartungsarbeiten aufgef\u00fchrt:<\/p>\n<ul>\n<li>\n<h3>Regelm\u00e4\u00dfige Inspektion<\/h3>\n<p>Eine regelm\u00e4\u00dfige Inspektion des Schaufelzylinders kann helfen, potenzielle Probleme zu erkennen, bevor sie auftreten.<\/p>\n<\/li>\n<li>\n<h3>Schmierung<\/h3>\n<p>Der Zylinder des L\u00f6ffels muss regelm\u00e4\u00dfig mit Hydraulik\u00f6l geschmiert werden, um einen reibungslosen Betrieb zu gew\u00e4hrleisten.<\/p>\n<\/li>\n<li>\n<h3>Dichtungsaustausch und Kalibrierungspr\u00fcfung<\/h3>\n<p>Durch regelm\u00e4\u00dfigen Dichtungswechsel und Kalibrierungspr\u00fcfungen lassen sich Leckagen verhindern und der ordnungsgem\u00e4\u00dfe Betrieb des Schaufelzylinders sicherstellen.<\/p>\n<\/li>\n<\/ul>\n<p>Die korrekte Montage, Schmierung und Justierung sind entscheidend f\u00fcr die Leistung des Schaufelzylinders. Eine pr\u00e4zise Ausrichtung beim Einbau ist unerl\u00e4sslich. Zur sicheren Befestigung des Zylinders werden geeignete Montagehalterungen empfohlen. Die empfohlenen Inspektions-, Reparatur- und Austauschverfahren k\u00f6nnen die Lebensdauer des Schaufelzylinders verl\u00e4ngern.<\/p>\n<p><img decoding=\"async\" src=\"https:\/\/www.hydraulic-cylinders.net\/wp-content\/uploads\/2025\/01\/songte-chushion-collar.webp\" alt=\"Chushion-Halsband\" \/><\/p>\n<h2>Sicherheits- und Umweltaspekte<\/h2>\n<p>Beim Einsatz des Hubzylinders sind geeignete Sicherheitsvorkehrungen zu treffen, wie z. B. die Einhaltung der Sicherheitsvorschriften und das Tragen von Schutzausr\u00fcstung. Der Hubzylinder sollte zudem umweltgerecht eingesetzt werden, wobei sicherzustellen ist, dass alle Abf\u00e4lle ordnungsgem\u00e4\u00df entsorgt werden.<\/p>\n<h2>Fehlerbehebung und h\u00e4ufige Probleme<\/h2>\n<p>Der Schaufelzylinder kann einige h\u00e4ufige Probleme aufweisen, darunter Leckagen, unzureichende Kraft und langsame Bewegung. Durch eine sorgf\u00e4ltige Fehlersuche und schnelle Probleml\u00f6sung lassen sich Ausfallzeiten minimieren und Wartungskosten senken. Zu den vorbeugenden Ma\u00dfnahmen geh\u00f6ren die Verwendung von hochwertigem Hydraulik\u00f6l, regelm\u00e4\u00dfige Inspektion, Reparatur und Austausch von Dichtungen sowie die korrekte Installation und Justierung.<\/p>\n<p><img decoding=\"async\" src=\"https:\/\/www.hydraulic-cylinders.net\/wp-content\/uploads\/2025\/01\/songte-bushings-with-all-kinds-of-excavator-models.webp\" alt=\"Buchsen bei Baggermodellen\" \/><\/p>\n<h2>\u00dcber unser Unternehmen<\/h2>\n<p>Wir sind ein Hersteller von Hydraulikzylindern mit einem umfassenden Produktsortiment und z\u00e4hlen zu den f\u00fchrenden Herstellern und Gro\u00dfh\u00e4ndlern von Hydraulikzylindern auf dem nationalen und internationalen Markt. Wir setzen auf h\u00f6chste Qualit\u00e4t und nutzen daf\u00fcr unsere moderne Fertigungsstrategie mit fortschrittlichen Produktionsanlagen. Kontinuierlich optimieren wir unsere Fertigungsprozesse und unsere Innovationskraft. So erf\u00fcllen wir die vielf\u00e4ltigen Kundenbed\u00fcrfnisse mit hocheffizienten, pr\u00e4zisen und qualitativ hochwertigen Produkten.<\/p>\n<p><img decoding=\"async\" src=\"https:\/\/hzpt.com\/wp-content\/uploads\/2024\/11\/songte-company-1.webp\" alt=\"Unternehmens\u00fcbersicht\" \/><\/p>\n<h3>Zu den St\u00e4rken unseres Unternehmens geh\u00f6ren:<\/h3>\n<ul>\n<li>\n<p>Professionalit\u00e4t<\/p>\n<\/li>\n<li>\n<p>Internationale Zertifizierung<\/p>\n<\/li>\n<li>\n<p>Kundenspezifischer Service<\/p>\n<\/li>\n<li>\n<p>Moderne Produktionsausr\u00fcstung<\/p>\n<\/li>\n<li>\n<p>Kundendienst<\/p>\n<\/li>\n<\/ul>\n<p>Autor: lyl<\/p>","protected":false},"excerpt":{"rendered":"<p>Bucket Cylinder For Kobelco Large Excavator SK330-8 Introduction The Bucket Cylinder for Kobelco Large Excavator SK330-8 is a specially designed hydraulic cylinder primarily used to control the movement of the bucket in heavy machinery such as excavators, backhoe excavators, and front-end loaders. Its main function is to enable the bucket to lift, lower, and tilt, [&hellip;]<\/p>","protected":false},"featured_media":14765,"comment_status":"open","ping_status":"closed","template":"","meta":{"_et_pb_use_builder":"","_et_pb_old_content":"","_et_gb_content_width":""},"product_brand":[],"product_cat":[1494],"product_tag":[1495,1496],"class_list":{"0":"post-15369","1":"product","2":"type-product","3":"status-publish","4":"has-post-thumbnail","6":"product_cat-bucket-cylinders","7":"product_tag-bucket-cylinders","8":"product_tag-hydraulic-cylinders","10":"first","11":"instock","12":"shipping-taxable","13":"product-type-simple"},"amp_enabled":true,"_links":{"self":[{"href":"https:\/\/www.hydraulic-cylinders.net\/de\/wp-json\/wp\/v2\/product\/15369","targetHints":{"allow":["GET"]}}],"collection":[{"href":"https:\/\/www.hydraulic-cylinders.net\/de\/wp-json\/wp\/v2\/product"}],"about":[{"href":"https:\/\/www.hydraulic-cylinders.net\/de\/wp-json\/wp\/v2\/types\/product"}],"replies":[{"embeddable":true,"href":"https:\/\/www.hydraulic-cylinders.net\/de\/wp-json\/wp\/v2\/comments?post=15369"}],"wp:featuredmedia":[{"embeddable":true,"href":"https:\/\/www.hydraulic-cylinders.net\/de\/wp-json\/wp\/v2\/media\/14765"}],"wp:attachment":[{"href":"https:\/\/www.hydraulic-cylinders.net\/de\/wp-json\/wp\/v2\/media?parent=15369"}],"wp:term":[{"taxonomy":"product_brand","embeddable":true,"href":"https:\/\/www.hydraulic-cylinders.net\/de\/wp-json\/wp\/v2\/product_brand?post=15369"},{"taxonomy":"product_cat","embeddable":true,"href":"https:\/\/www.hydraulic-cylinders.net\/de\/wp-json\/wp\/v2\/product_cat?post=15369"},{"taxonomy":"product_tag","embeddable":true,"href":"https:\/\/www.hydraulic-cylinders.net\/de\/wp-json\/wp\/v2\/product_tag?post=15369"}],"curies":[{"name":"wp","href":"https:\/\/api.w.org\/{rel}","templated":true}]}}