{"id":15374,"date":"2025-01-19T14:27:03","date_gmt":"2025-01-19T14:27:03","guid":{"rendered":"https:\/\/www.hydraulic-cylinders.net\/product\/bucket-cylinder-for-kobelco-large-excavator-sk950dlc\/"},"modified":"2025-01-19T14:27:05","modified_gmt":"2025-01-19T14:27:05","slug":"bucket-cylinder-for-kobelco-large-excavator-sk950dlc","status":"publish","type":"product","link":"https:\/\/www.hydraulic-cylinders.net\/de\/produkt\/bucket-cylinder-for-kobelco-large-excavator-sk950dlc\/","title":{"rendered":"L\u00f6ffelzylinder f\u00fcr Kobelco Gro\u00dfbagger SK950DLC"},"content":{"rendered":"<h1>L\u00f6ffelzylinder f\u00fcr Kobelco Gro\u00dfbagger SK950DLC<\/h1>\n<h2>Einf\u00fchrung<\/h2>\n<p>Der L\u00f6ffelzylinder f\u00fcr den Kobelco-Gro\u00dfbagger SK950DLC ist ein Spezialhydraulikzylinder, der prim\u00e4r zur Steuerung der L\u00f6ffelbewegung in Baumaschinen wie Baggern, Baggerladern und Radladern entwickelt wurde. Er erm\u00f6glicht das Heben, Senken und Neigen des L\u00f6ffels und erleichtert so diverse Materialumschlagsaufgaben. Im Hydrauliksystem steuert der L\u00f6ffelzylinder die L\u00f6ffelbewegung pr\u00e4zise durch die Ver\u00e4nderung des Hydraulik\u00f6ldrucks. Dadurch k\u00f6nnen Bediener schwere Lasten effizient handhaben und sich an komplexe Arbeitsumgebungen und vielf\u00e4ltige Aufgaben anpassen.<\/p>\n<p><img decoding=\"async\" src=\"https:\/\/www.hydraulic-cylinders.net\/wp-content\/uploads\/2025\/01\/songte-company-2.webp\" alt=\"Bild des Schaufelzylinders\"><\/p>\n<h2>Merkmale<\/h2>\n<ul>\n<li>\n<h3>Hohe Festigkeit und Haltbarkeit<\/h3>\n<p>Der Zylinder besteht \u00fcblicherweise aus hochfestem Stahl oder Aluminium, das hohem Druck und hohen Belastungen standh\u00e4lt und sich somit f\u00fcr raue Arbeitsumgebungen eignet. Die Konstruktion ber\u00fccksichtigt Verschlei\u00df- und Korrosionsbest\u00e4ndigkeit und verl\u00e4ngert dadurch die Lebensdauer.<\/p>\n<\/li>\n<li>\n<h3>Effizienter Hydraulikbetrieb<\/h3>\n<p>Der Zylinder nutzt den Druck von Hydraulik\u00f6l, um eine gleichm\u00e4\u00dfige Teleskopbewegung zu erzielen, schnell auf Bedienbefehle zu reagieren und eine starke Schub- und Zugkraft bereitzustellen, die f\u00fcr das Handling schwerer Gegenst\u00e4nde und komplexer Arbeitsaufgaben geeignet ist.<\/p>\n<\/li>\n<li>\n<h3>Verschiedene Typen<\/h3>\n<p>Der Zylinder kann je nach Bedarf als einfachwirkend (Hydraulik wirkt nur in eine Richtung) oder doppeltwirkend (Hydraulik wirkt in beide Richtungen) gew\u00e4hlt werden, um unterschiedlichen Betriebsanforderungen gerecht zu werden. Einige Modelle sind teleskopierbar und erm\u00f6glichen so eine gr\u00f6\u00dfere Ausdehnung ohne Vergr\u00f6\u00dferung der Au\u00dfenabmessungen \u2013 ideal f\u00fcr Anwendungen mit begrenztem Platzangebot.<\/p>\n<\/li>\n<li>\n<h3>Perfekter Ersatz<\/h3>\n<p>Wir k\u00f6nnen dieses Produkt herstellen, und unser Produkt kann diese Hydraulikzylinder perfekt ersetzen.<\/p>\n<\/li>\n<\/ul>\n<p><img decoding=\"async\" src=\"https:\/\/www.hydraulic-cylinders.net\/wp-content\/uploads\/2025\/01\/songte-cylinder-head-with-all-kinds-excavator-models.webp\" alt=\"Produktersatzbild\"><\/p>\n<h2>Anwendungen<\/h2>\n<p>Der Schaufelzylinder findet breite Anwendung in verschiedenen schweren Maschinen, darunter:<\/p>\n<ul>\n<li>\n<h3>Baumaschinen<\/h3>\n<p>Bei Baggern sind sie unverzichtbar f\u00fcr das Ausheben, Laden und Bewegen von Erde oder Bauschutt. Bei Tiefladern unterst\u00fctzen die Schaufelzylinder sowohl das Ausheben als auch das Heben. <\/p>\n<\/li>\n<li>\n<h3>Landmaschinen<\/h3>\n<p>Sie werden in Radladern zum Schaufeln, Anheben und Transportieren von Erde, Heu und anderen Materialien eingesetzt. In Baggern erm\u00f6glichen Schaufelzylinder das Graben, indem sie das Eindringen der Schaufel in den Boden erlauben. <\/p>\n<\/li>\n<li>\n<h3>Lader<\/h3>\n<p>Bei Frontladern helfen sie beim effizienten Heben und Kippen von Lasten.<\/p>\n<\/li>\n<\/ul>\n<h2>Design\u00fcberlegungen und Auswahlkriterien<\/h2>\n<p>Bei der Konstruktion und Auswahl von Hydraulikzylindern m\u00fcssen verschiedene Faktoren ber\u00fccksichtigt werden:<\/p>\n<ul>\n<li>\n<h3>Tragf\u00e4higkeit<\/h3>\n<p>Der Zylinder muss in der Lage sein, die w\u00e4hrend des Betriebs auftretende maximale Last zu bew\u00e4ltigen.<\/p>\n<\/li>\n<li>\n<h3>Versiegelung<\/h3>\n<p>Der Zylinder muss \u00fcber eine wirksame Abdichtung verf\u00fcgen, um zu verhindern, dass \u00d6l, Staub und andere Verunreinigungen in den Zylinder gelangen.<\/p>\n<\/li>\n<li>\n<h3>Haltbarkeit<\/h3>\n<p>Der Zylinder muss aus hochwertigen Materialien gefertigt und so konstruiert sein, dass er rauen Arbeitsbedingungen standh\u00e4lt und somit eine lange Lebensdauer gew\u00e4hrleistet.<\/p>\n<\/li>\n<li>\n<h3>Sicherheit<\/h3>\n<p>Der Zylinder muss mit Sicherheitsmerkmalen wie Druckbegrenzungsventilen ausgestattet sein, um Unf\u00e4lle durch \u00dcberlastung oder Ausfall des Hydrauliksystems zu verhindern.<\/p>\n<\/li>\n<li>\n<h3>Wartbarkeit<\/h3>\n<p>Der Zylinder muss so konstruiert sein, dass Wartung und Reparatur einfach und kosteng\u00fcnstig sind.<\/p>\n<\/li>\n<\/ul>\n<p><img decoding=\"async\" src=\"https:\/\/www.hydraulic-cylinders.net\/wp-content\/uploads\/2025\/01\/songte-oil-pipes-and-spare-parts.webp\" alt=\"Ersatzteilbild\"><\/p>\n<h2>Abdichtung und Schmierung<\/h2>\n<p>Der Hydraulikzylinder verwendet verschiedene Dichtungselemente wie Kolben-, Stangen- und Abstreifdichtungen, um \u00d6laustritt zu verhindern. Diese Dichtungen bestehen aus verschlei\u00dffesten Materialien wie Polyurethan und Nitrilkautschuk. Zylinderk\u00f6rper und Gewindeendfl\u00e4che sind pr\u00e4zise bearbeitet, um die Verschlei\u00dffestigkeit zu verbessern. F\u00fcr die Schmierung ist regelm\u00e4\u00dfiges Nachf\u00fcllen der richtigen Menge Hydraulik\u00f6l erforderlich.<\/p>\n<h2>Wartung und Reparatur<\/h2>\n<p>Regelm\u00e4\u00dfige Inspektion und vorbeugende Wartung sind unerl\u00e4sslich, um die einwandfreie Funktion des Hydraulikzylinders zu gew\u00e4hrleisten. Zu den h\u00e4ufigsten Wartungsarbeiten geh\u00f6ren die \u00dcberpr\u00fcfung, Schmierung und der Austausch von Dichtungen. Korrekte Montage, Schmierung und Justierung sind entscheidend f\u00fcr die Verl\u00e4ngerung der Lebensdauer des Zylinders. Die Verwendung geeigneter Montagehalterungen zur sicheren Befestigung des Zylinders wird empfohlen. Die empfohlenen Inspektions-, Reparatur- und Austauschverfahren sollten befolgt werden, um den ordnungsgem\u00e4\u00dfen Betrieb des Zylinders sicherzustellen.<\/p>\n<p><img decoding=\"async\" src=\"https:\/\/www.hydraulic-cylinders.net\/wp-content\/uploads\/2025\/01\/songte-chushion-collar.webp\" alt=\"Kissenkragenbild\"><\/p>\n<h2>Sicherheitsaspekte und Umweltfaktoren<\/h2>\n<p>W\u00e4hrend des Betriebs sind Sicherheitsma\u00dfnahmen zur Unfallverh\u00fctung zu treffen, wie z. B. das Anbringen von Warnschildern und die Vermeidung von \u00dcberlastung. Bei der Auswahl und Konstruktion von Hydraulikzylindern sind au\u00dferdem Umweltfaktoren wie Temperatur, Luftfeuchtigkeit und korrosive Substanzen zu ber\u00fccksichtigen.<\/p>\n<h2>Fehlerbehebung und h\u00e4ufige Probleme<\/h2>\n<p>Die h\u00e4ufigsten Probleme bei Hydraulikzylindern sind \u00d6llecks, Kolbenstangensch\u00e4den und unzureichender Druck. Die Fehlersuche umfasst die \u00dcberpr\u00fcfung der besch\u00e4digten Bauteile und deren Reparatur oder Austausch nach Bedarf. Vorbeugende Ma\u00dfnahmen wie regelm\u00e4\u00dfige Inspektion und Wartung k\u00f6nnen das Auftreten dieser Probleme verringern.<\/p>\n<p><img decoding=\"async\" src=\"https:\/\/www.hydraulic-cylinders.net\/wp-content\/uploads\/2025\/01\/songte-bushings-with-all-kinds-of-excavator-models.webp\" alt=\"Buchsen Bild\"><\/p>\n<h2>\u00dcber unser Unternehmen<\/h2>\n<p>Wir sind Hersteller von Hydraulikzylindern und bieten ein umfassendes Produktsortiment. Wir z\u00e4hlen zu den f\u00fchrenden Herstellern und Gro\u00dfh\u00e4ndlern von Hydraulikzylindern auf nationalen und internationalen M\u00e4rkten. Unser Prinzip ist h\u00f6chste Qualit\u00e4t, und wir setzen auf eine moderne Fertigungsstrategie mit fortschrittlichen Produktionsanlagen. Durch den Einsatz qualifizierter Fachkr\u00e4fte, den Einsatz modernster digitaler Fertigungstechnik und professioneller Testsysteme optimieren wir kontinuierlich unsere Fertigungsprozesse und zeichnen uns durch hohe Innovationskraft aus. Mit h\u00f6chster Effizienz, Pr\u00e4zision und Qualit\u00e4t erf\u00fcllen wir die vielf\u00e4ltigen Bed\u00fcrfnisse unserer Kunden.<\/p>\n<p><img decoding=\"async\" src=\"https:\/\/hzpt.com\/wp-content\/uploads\/2024\/11\/songte-company-1.webp\" alt=\"Firmenimage\"><\/p>\n<h3>Professionalit\u00e4t<\/h3>\n<p>Wir verf\u00fcgen \u00fcber ein Team von Fachleuten, die sich bem\u00fchen, unseren Kunden Produkte und Dienstleistungen von h\u00f6chster Qualit\u00e4t zu bieten.<\/p>\n<h3>Internationale Zertifizierung<\/h3>\n<p>Unsere Produkte verf\u00fcgen \u00fcber internationale Zertifizierungen wie ISO9001, CE und ROHS, wodurch Produktqualit\u00e4t und -sicherheit gew\u00e4hrleistet werden.<\/p>\n<h3>Anpassungsdienste<\/h3>\n<p>Wir bieten ma\u00dfgeschneiderte L\u00f6sungen, die den spezifischen Bed\u00fcrfnissen und Anforderungen unserer Kunden gerecht werden.<\/p>\n<h3>Produktionsausr\u00fcstung<\/h3>\n<p>Wir verf\u00fcgen \u00fcber moderne Produktionsanlagen, wie CNC-Maschinen, automatische Schwei\u00dfmaschinen und hydraulische Pr\u00fcfmaschinen, die eine hohe Pr\u00e4zision und Qualit\u00e4t der Produktion gew\u00e4hrleisten.<\/p>\n<h3>Kundendienst<\/h3>\n<p>Wir bieten umfassende Kundendienstleistungen wie technischen Support, Wartung und Reparatur, damit unsere Kunden unsere Produkte v\u00f6llig unbesorgt nutzen k\u00f6nnen.<\/p>\n<h4>Autor: lyl<\/h4>","protected":false},"excerpt":{"rendered":"<p>Bucket Cylinder For Kobelco Large Excavator SK950DLC Introduction The bucket cylinder for Kobelco large excavator SK950DLC is a specialized hydraulic cylinder designed primarily to control the movement of the bucket in heavy machinery such as excavators, backhoe excavators, and front-end loaders. Its main purpose is to enable the bucket to lift, lower, and tilt, making [&hellip;]<\/p>","protected":false},"featured_media":14787,"comment_status":"open","ping_status":"closed","template":"","meta":{"_et_pb_use_builder":"","_et_pb_old_content":"","_et_gb_content_width":""},"product_brand":[],"product_cat":[1494],"product_tag":[1495,1496],"class_list":{"0":"post-15374","1":"product","2":"type-product","3":"status-publish","4":"has-post-thumbnail","6":"product_cat-bucket-cylinders","7":"product_tag-bucket-cylinders","8":"product_tag-hydraulic-cylinders","10":"first","11":"instock","12":"shipping-taxable","13":"product-type-simple"},"amp_enabled":true,"_links":{"self":[{"href":"https:\/\/www.hydraulic-cylinders.net\/de\/wp-json\/wp\/v2\/product\/15374","targetHints":{"allow":["GET"]}}],"collection":[{"href":"https:\/\/www.hydraulic-cylinders.net\/de\/wp-json\/wp\/v2\/product"}],"about":[{"href":"https:\/\/www.hydraulic-cylinders.net\/de\/wp-json\/wp\/v2\/types\/product"}],"replies":[{"embeddable":true,"href":"https:\/\/www.hydraulic-cylinders.net\/de\/wp-json\/wp\/v2\/comments?post=15374"}],"wp:featuredmedia":[{"embeddable":true,"href":"https:\/\/www.hydraulic-cylinders.net\/de\/wp-json\/wp\/v2\/media\/14787"}],"wp:attachment":[{"href":"https:\/\/www.hydraulic-cylinders.net\/de\/wp-json\/wp\/v2\/media?parent=15374"}],"wp:term":[{"taxonomy":"product_brand","embeddable":true,"href":"https:\/\/www.hydraulic-cylinders.net\/de\/wp-json\/wp\/v2\/product_brand?post=15374"},{"taxonomy":"product_cat","embeddable":true,"href":"https:\/\/www.hydraulic-cylinders.net\/de\/wp-json\/wp\/v2\/product_cat?post=15374"},{"taxonomy":"product_tag","embeddable":true,"href":"https:\/\/www.hydraulic-cylinders.net\/de\/wp-json\/wp\/v2\/product_tag?post=15374"}],"curies":[{"name":"wp","href":"https:\/\/api.w.org\/{rel}","templated":true}]}}