{"id":15378,"date":"2025-01-19T14:27:25","date_gmt":"2025-01-19T14:27:25","guid":{"rendered":"https:\/\/www.hydraulic-cylinders.net\/product\/bucket-cylinder-for-yugong-wy150-8\/"},"modified":"2025-01-19T14:27:27","modified_gmt":"2025-01-19T14:27:27","slug":"bucket-cylinder-for-yugong-wy150-8","status":"publish","type":"product","link":"https:\/\/www.hydraulic-cylinders.net\/de\/produkt\/bucket-cylinder-for-yugong-wy150-8\/","title":{"rendered":"Schaufelzylinder f\u00fcr Yugong WY150-8"},"content":{"rendered":"<p><!DOCTYPE html><br \/>\n<html><br \/>\n<head><br \/>\n<\/head><br \/>\n<body><\/p>\n<h1>Schaufelzylinder f\u00fcr Yugong WY150-8<\/h1>\n<h2>Einf\u00fchrung<\/h2>\n<p>Der Schaufelzylinder ist ein speziell entwickelter Hydraulikzylinder, der prim\u00e4r zur Steuerung der Schaufelbewegung in Baumaschinen wie Baggern, Radladern und Muldenkippern eingesetzt wird. Seine Hauptfunktion besteht darin, das Heben, Senken und Neigen der Schaufel zu erm\u00f6glichen und so verschiedene Materialumschlagsaufgaben zu erleichtern. Im Hydrauliksystem gew\u00e4hrleistet der Schaufelzylinder eine pr\u00e4zise Steuerung der Schaufel durch die Nutzung von Druck\u00e4nderungen im Hydraulik\u00f6l. Dies erlaubt es dem Bediener, schwere Lasten effizient zu handhaben und sich an komplexe Arbeitsumgebungen und vielf\u00e4ltige Betriebsanforderungen anzupassen.<\/p>\n<p><img decoding=\"async\" src=\"https:\/\/www.hydraulic-cylinders.net\/wp-content\/uploads\/2025\/01\/songte-company-2.webp\" alt=\"Bild des Schaufelzylinders\"><\/p>\n<h2>Merkmale<\/h2>\n<ul>\n<li>Hohe Festigkeit und Langlebigkeit: Der aus hochfestem Stahl oder Aluminium gefertigte Schaufelzylinder h\u00e4lt hohem Druck und schweren Lasten stand und ist f\u00fcr raue Arbeitsbedingungen geeignet. Die Konstruktion ber\u00fccksichtigt Verschlei\u00df- und Korrosionsbest\u00e4ndigkeit, um seine Lebensdauer zu verl\u00e4ngern.<\/li>\n<li>Effizienter Hydraulikbetrieb: Durch die Nutzung des Hydraulik\u00f6ldrucks erreicht der Zylinder der Schaufel gleichm\u00e4\u00dfige Aus- und Einfahrbewegungen und bietet so kraftvolle Schub- und Zugkr\u00e4fte, die f\u00fcr den Umgang mit schweren Lasten und komplexen Arbeitsaufgaben geeignet sind.<\/li>\n<li>Verschiedene Typen: Je nach Bedarf k\u00f6nnen einfachwirkende (Hydraulikdruck wirkt nur in eine Richtung) oder doppeltwirkende (Hydraulikdruck wirkt in beide Richtungen) Zylinder gew\u00e4hlt werden. Einige Modelle sind teleskopierbar und erm\u00f6glichen so eine gr\u00f6\u00dfere Ausladung ohne Vergr\u00f6\u00dferung der Au\u00dfenabmessungen. Dadurch eignen sie sich besonders f\u00fcr Anwendungen mit begrenztem Platzangebot.<\/li>\n<li>Perfekter Ersatz: Unser Produkt kann diese Hydraulikzylinder perfekt ersetzen.<\/li>\n<\/ul>\n<p><img decoding=\"async\" src=\"https:\/\/www.hydraulic-cylinders.net\/wp-content\/uploads\/2025\/01\/songte-cylinder-head-with-all-kinds-excavator-models.webp\" alt=\"Bild zum Austausch des Schaufelzylinders\"><\/p>\n<h2>Anwendungen<\/h2>\n<p>Schaufelzylinder finden in verschiedenen Branchen und Ger\u00e4ten Anwendung:<\/p>\n<ul>\n<li>Baumaschinen: Unverzichtbar bei Baggern zum Graben, Laden und Bewegen von Erde oder Bauschutt. Bei Tiefladern unterst\u00fctzen die Schaufelzylinder sowohl das Graben als auch das Heben.<\/li>\n<li>Landwirtschaftliche Maschinen: Wird in Frontladern zum Schaufeln, Heben und Transportieren von Erde, Heu und anderen Materialien verwendet.<\/li>\n<li>Bagger: Die Schaufelzylinder erm\u00f6glichen das Graben, indem sie es der Schaufel erlauben, in den Boden einzudringen.<\/li>\n<li>Radlader: Bei Radladern helfen sie effektiv beim Anheben und Kippen von Ladung.<\/li>\n<\/ul>\n<h2>Design\u00fcberlegungen und Auswahlkriterien<\/h2>\n<p>Bei den Konstruktions\u00fcberlegungen und Auswahlkriterien f\u00fcr Schaufelzylinder sind mehrere Faktoren von entscheidender Bedeutung:<\/p>\n<ul>\n<li>Tragf\u00e4higkeit: Er\u00f6rtern Sie die F\u00e4higkeit, hohen Belastungen und starkem Druck standzuhalten.<\/li>\n<li>Abdichtung: Erl\u00e4utern Sie die Bedeutung der Verwendung verschiedener Dichtungskomponenten, wie z. B. Kolbendichtungen und Stangendichtungen aus verschlei\u00dffesten Materialien wie Polyurethan und Nitrilkautschuk.<\/li>\n<li>Langlebigkeit: Hervorzuheben ist die feine Oberfl\u00e4chenbehandlung der Zylinderk\u00f6rper und Gewindeenden, die die Verschlei\u00dffestigkeit erh\u00f6ht.<\/li>\n<li>Sicherheit: Besprechen Sie Sicherheitsmerkmale und -\u00fcberlegungen bei der Konstruktion, um einen sicheren Betrieb zu gew\u00e4hrleisten.<\/li>\n<li>Wartungsfreundlichkeit: Erl\u00e4utern Sie die Wartungs- und Reparaturfreundlichkeit, einschlie\u00dflich empfohlener regelm\u00e4\u00dfiger Kontrollen und vorbeugender Ma\u00dfnahmen.<\/li>\n<\/ul>\n<p><img decoding=\"async\" src=\"https:\/\/www.hydraulic-cylinders.net\/wp-content\/uploads\/2025\/01\/songte-oil-pipes-and-spare-parts.webp\" alt=\"Abbildung der Konstruktion eines Eimerzylinders\"><\/p>\n<h2>Abdichtung und Schmierung<\/h2>\n<p>Die Schaufelzylinder nutzen verschiedene Dichtungskomponenten, um eine optimale Leistung zu erzielen:<\/p>\n<ul>\n<li>Kolben- und Stangendichtungen aus verschlei\u00dffesten Materialien wie Polyurethan und Nitrilkautschuk.<\/li>\n<li>Zylinderk\u00f6rper und Gewindeenden werden einer Feinbehandlung unterzogen, um die Verschlei\u00dffestigkeit zu verbessern.<\/li>\n<li>Regelm\u00e4\u00dfige Schmierung mit geeignetem Hydraulik\u00f6l f\u00f6rdert einen reibungslosen Betrieb und eine lange Lebensdauer.<\/li>\n<\/ul>\n<h2>Regelm\u00e4\u00dfige Inspektion und vorbeugende Wartung<\/h2>\n<p>Regelm\u00e4\u00dfige Inspektionen und vorbeugende Wartungsarbeiten sind entscheidend f\u00fcr die Leistungsf\u00e4higkeit und Lebensdauer des Schaufelzylinders. Zu den empfohlenen Ma\u00dfnahmen geh\u00f6ren:<\/p>\n<ul>\n<li>Regelm\u00e4\u00dfige Kontrollen auf Undichtigkeiten, Besch\u00e4digungen und Verschlei\u00df.<\/li>\n<li>Ordnungsgem\u00e4\u00dfe Schmierung und Fettung der beweglichen Teile.<\/li>\n<li>Regelm\u00e4\u00dfiger Austausch der Dichtungen f\u00fcr optimale Leistung.<\/li>\n<li>Kalibrierungspr\u00fcfungen zur Gew\u00e4hrleistung eines genauen Betriebs.<\/li>\n<\/ul>\n<p><img decoding=\"async\" src=\"https:\/\/www.hydraulic-cylinders.net\/wp-content\/uploads\/2025\/01\/songte-chushion-collar.webp\" alt=\"Bild zur Wartung des Schaufelzylinders\"><\/p>\n<h2>Sicherheitsaspekte und Umweltfaktoren<\/h2>\n<p>Der Einsatz von Hubzylindern erfordert wichtige Sicherheitsma\u00dfnahmen, um einen sicheren Betrieb zu gew\u00e4hrleisten. Zu diesen Ma\u00dfnahmen geh\u00f6ren:<\/p>\n<ul>\n<li>Angemessene Schulung und Kenntnisse der Betriebsabl\u00e4ufe.<\/li>\n<li>Einhaltung der Sicherheitsrichtlinien und -vorschriften.<\/li>\n<li>Verwendung geeigneter pers\u00f6nlicher Schutzausr\u00fcstung.<\/li>\n<\/ul>\n<h2>Fehlerdiagnose und h\u00e4ufige Probleme<\/h2>\n<p>Wenn Fehler oder Probleme mit den Zylindern der Schaufel auftreten, k\u00f6nnen die folgenden Punkte bei der Diagnose und Behebung der Probleme helfen:<\/p>\n<ul>\n<li>Bereitstellung von Tipps und L\u00f6sungen zur Fehlerbehebung.<\/li>\n<li>Angebot von Pr\u00e4ventivma\u00dfnahmen zur Minimierung potenzieller Probleme.<\/li>\n<\/ul>\n<p><img decoding=\"async\" src=\"https:\/\/www.hydraulic-cylinders.net\/wp-content\/uploads\/2025\/01\/songte-bushings-with-all-kinds-of-excavator-models.webp\" alt=\"Fehlerdiagnosebild f\u00fcr Schaufelzylinder\"><\/p>\n<h2>Unternehmens\u00fcbersicht<\/h2>\n<p>Wir sind ein f\u00fchrender Hersteller und Gro\u00dfh\u00e4ndler von Hydraulikzylindern auf nationalen und internationalen M\u00e4rkten. Unser umfangreiches Produktsortiment zeichnet sich durch h\u00f6chste Qualit\u00e4t aus. Dank modernster Fertigungsanlagen, fortschrittlicher Ausr\u00fcstung und professioneller Pr\u00fcfsysteme optimieren wir kontinuierlich unsere Fertigungsprozesse und die Produktqualit\u00e4t. Unsere ausgepr\u00e4gte Innovationskraft erm\u00f6glicht es uns, die vielf\u00e4ltigen Kundenbed\u00fcrfnisse effizient, pr\u00e4zise und in h\u00f6chster Qualit\u00e4t zu erf\u00fcllen.<\/p>\n<p><img decoding=\"async\" src=\"https:\/\/hzpt.com\/wp-content\/uploads\/2024\/11\/songte-company-1.webp\" alt=\"Firmenimage\"><\/p>\n<h3>Professionalit\u00e4t<\/h3>\n<p>Wir legen Wert auf Professionalit\u00e4t in unseren Arbeitsabl\u00e4ufen und gew\u00e4hrleisten so die Lieferung von Produkten h\u00f6chster Qualit\u00e4t.<\/p>\n<h3>Internationale Zertifizierungen<\/h3>\n<p>Wir besitzen internationale Zertifizierungen, die die Qualit\u00e4t und Zuverl\u00e4ssigkeit unserer Hydraulikzylinder best\u00e4tigen.<\/p>\n<h3>Anpassungsdienste<\/h3>\n<p>Wir bieten Anpassungsdienstleistungen an, um die spezifischen Anforderungen unserer Kunden an Hydraulikzylinder zu erf\u00fcllen.<\/p>\n<h3>Produktionsausr\u00fcstung<\/h3>\n<p>Wir setzen moderne Produktionsanlagen ein, um effiziente und pr\u00e4zise Fertigungsprozesse zu gew\u00e4hrleisten.<\/p>\n<h3>Kundendienst<\/h3>\n<p>Wir bieten umfassende Kundendienstleistungen an, einschlie\u00dflich Komponentenaustausch und \u00dcberholungsarbeiten, um die Lebensdauer unserer Hydraulikzylinder zu verl\u00e4ngern.<\/p>\n<p><img decoding=\"async\" src=\"https:\/\/www.hydraulic-cylinders.net\/wp-content\/uploads\/2025\/01\/songte-company-3.webp\" alt=\"Bild zur Unternehmens\u00fcbersicht\"><\/p>\n<p>Autor: lyl<\/p>\n<p><\/body><br \/>\n<\/html><\/p>","protected":false},"excerpt":{"rendered":"<p>Bucket Cylinder For Yugong WY150-8 Introduction The bucket cylinder is a specially designed hydraulic cylinder primarily used to control the movement of the bucket in heavy machinery such as excavators, backhoe excavators, and wheel loaders. Its main function is to enable the lifting, lowering, and tilting of the bucket, facilitating various material handling tasks. In [&hellip;]<\/p>","protected":false},"featured_media":14780,"comment_status":"open","ping_status":"closed","template":"","meta":{"_et_pb_use_builder":"","_et_pb_old_content":"","_et_gb_content_width":""},"product_brand":[],"product_cat":[1494],"product_tag":[1495,1496],"class_list":{"0":"post-15378","1":"product","2":"type-product","3":"status-publish","4":"has-post-thumbnail","6":"product_cat-bucket-cylinders","7":"product_tag-bucket-cylinders","8":"product_tag-hydraulic-cylinders","10":"first","11":"instock","12":"shipping-taxable","13":"product-type-simple"},"amp_enabled":true,"_links":{"self":[{"href":"https:\/\/www.hydraulic-cylinders.net\/de\/wp-json\/wp\/v2\/product\/15378","targetHints":{"allow":["GET"]}}],"collection":[{"href":"https:\/\/www.hydraulic-cylinders.net\/de\/wp-json\/wp\/v2\/product"}],"about":[{"href":"https:\/\/www.hydraulic-cylinders.net\/de\/wp-json\/wp\/v2\/types\/product"}],"replies":[{"embeddable":true,"href":"https:\/\/www.hydraulic-cylinders.net\/de\/wp-json\/wp\/v2\/comments?post=15378"}],"wp:featuredmedia":[{"embeddable":true,"href":"https:\/\/www.hydraulic-cylinders.net\/de\/wp-json\/wp\/v2\/media\/14780"}],"wp:attachment":[{"href":"https:\/\/www.hydraulic-cylinders.net\/de\/wp-json\/wp\/v2\/media?parent=15378"}],"wp:term":[{"taxonomy":"product_brand","embeddable":true,"href":"https:\/\/www.hydraulic-cylinders.net\/de\/wp-json\/wp\/v2\/product_brand?post=15378"},{"taxonomy":"product_cat","embeddable":true,"href":"https:\/\/www.hydraulic-cylinders.net\/de\/wp-json\/wp\/v2\/product_cat?post=15378"},{"taxonomy":"product_tag","embeddable":true,"href":"https:\/\/www.hydraulic-cylinders.net\/de\/wp-json\/wp\/v2\/product_tag?post=15378"}],"curies":[{"name":"wp","href":"https:\/\/api.w.org\/{rel}","templated":true}]}}