{"id":15383,"date":"2025-01-19T14:27:45","date_gmt":"2025-01-19T14:27:45","guid":{"rendered":"https:\/\/www.hydraulic-cylinders.net\/product\/bucket-cylinder-for-volvo-small-excavator-bl-60b\/"},"modified":"2025-01-19T14:27:47","modified_gmt":"2025-01-19T14:27:47","slug":"bucket-cylinder-for-volvo-small-excavator-bl-60b","status":"publish","type":"product","link":"https:\/\/www.hydraulic-cylinders.net\/de\/produkt\/bucket-cylinder-for-volvo-small-excavator-bl-60b\/","title":{"rendered":"L\u00f6ffelzylinder f\u00fcr Volvo Kleinbagger BL\/60B"},"content":{"rendered":"<p><!DOCTYPE html><br \/>\n<html><br \/>\n<head><br \/>\n<title>L\u00f6ffelzylinder f\u00fcr Volvo Kleinbagger BL\/60B<\/title><br \/>\n<\/head><br \/>\n<body><\/p>\n<h1>L\u00f6ffelzylinder f\u00fcr Volvo Kleinbagger BL\/60B<\/h1>\n<h2>Einf\u00fchrung<\/h2>\n<p>Der L\u00f6ffelzylinder f\u00fcr den Volvo-Kleinbagger BL\/60B ist ein speziell entwickelter Hydraulikzylinder zur Steuerung der L\u00f6ffelbewegung in Baumaschinen wie Baggern, Baggerladern und Radladern. Seine Hauptfunktion besteht darin, das Heben, Senken und Neigen des L\u00f6ffels zu erm\u00f6glichen und so verschiedene Materialumschlagsaufgaben zu erleichtern. Im Hydrauliksystem erzielt der L\u00f6ffelzylinder durch die Nutzung von Druck\u00e4nderungen im Hydraulik\u00f6l eine pr\u00e4zise Steuerung des L\u00f6ffels. Dies erlaubt dem Bediener, schwere Lasten effizient zu handhaben und sich an komplexe Arbeitsumgebungen und vielf\u00e4ltige Aufgaben anzupassen.<\/p>\n<p><img decoding=\"async\" src=\"https:\/\/www.hydraulic-cylinders.net\/wp-content\/uploads\/2025\/01\/songte-company-2.webp\" alt=\"Bild des Schaufelzylinders\"><\/p>\n<h2>Merkmale<\/h2>\n<ul>\n<li>Hohe Festigkeit und Langlebigkeit: Der aus hochfestem Stahl oder Aluminium gefertigte Schaufelzylinder h\u00e4lt hohem Druck und schweren Lasten stand und ist somit f\u00fcr anspruchsvolle Arbeitsumgebungen geeignet. Seine Konstruktion ber\u00fccksichtigt Verschlei\u00df- und Korrosionsbest\u00e4ndigkeit, um seine Lebensdauer zu verl\u00e4ngern.<\/li>\n<li>Effizienter Hydraulikbetrieb: Durch die Nutzung des Hydraulik\u00f6ldrucks erm\u00f6glicht der Zylinder des L\u00f6ffels sanfte Aus- und Einfahrbewegungen und erzeugt dabei kraftvolle Schub- und Zugkr\u00e4fte. Er eignet sich f\u00fcr schwere Lasten und komplexe Arbeitsaufgaben.<\/li>\n<li>Verschiedene Ausf\u00fchrungen: Der Schaufelzylinder ist als einfachwirkender (Hydraulik wirkt nur in eine Richtung) oder doppeltwirkender (Hydraulik wirkt in beide Richtungen) Zylinder erh\u00e4ltlich, um unterschiedlichen Einsatzanforderungen gerecht zu werden. Einige Modelle sind teleskopierbar und erm\u00f6glichen so eine gr\u00f6\u00dfere Ausladung ohne Vergr\u00f6\u00dferung der Au\u00dfenabmessungen. Dadurch eignen sie sich besonders f\u00fcr Anwendungen mit beengten Platzverh\u00e4ltnissen.<\/li>\n<li>Perfekter Ersatz: Unser Produkt kann die vorhandenen Hydraulikzylinder perfekt ersetzen. <\/li>\n<\/ul>\n<p><img decoding=\"async\" src=\"https:\/\/www.hydraulic-cylinders.net\/wp-content\/uploads\/2025\/01\/songte-cylinder-head-with-all-kinds-excavator-models.webp\" alt=\"Abbildung des Ersatzzylinders\"><\/p>\n<h2>Anwendungen<\/h2>\n<ul>\n<li>Baumaschinen: Sie sind in Baggern zu finden und unverzichtbar f\u00fcr Aushubarbeiten, das Laden und den Transport von Erde oder Bauschutt. Bei Baggerladern unterst\u00fctzt der Schaufelzylinder sowohl das Graben als auch das Heben.<\/li>\n<li>Landwirtschaftliche Maschinen: Werden in Frontladern zum Schaufeln, Anheben und Transportieren von Erde, Heu und anderen Materialien eingesetzt.<\/li>\n<li>Bagger: Der Schaufelzylinder erm\u00f6glicht Grabvorg\u00e4nge, indem er der Schaufel das Eindringen in den Boden erm\u00f6glicht.<\/li>\n<li>Lader: In Frontladern helfen sie beim effektiven Anheben und Abladen von G\u00fctern.<\/li>\n<\/ul>\n<h2>Design\u00fcberlegungen und Auswahlkriterien<\/h2>\n<ul>\n<li>Belastbarkeit<\/li>\n<li>Dichtungseigenschaften<\/li>\n<li>Haltbarkeit<\/li>\n<li>Sicherheit<\/li>\n<li>Wartbarkeit<\/li>\n<\/ul>\n<p><img decoding=\"async\" src=\"https:\/\/www.hydraulic-cylinders.net\/wp-content\/uploads\/2025\/01\/songte-oil-pipes-and-spare-parts.webp\" alt=\"Design\u00fcberlegungen Bild\"><\/p>\n<h2>Abdichtung und Schmierung<\/h2>\n<p>Der Schaufelzylinder verwendet verschiedene Dichtungselemente wie Kolben- und Stangendichtungen aus verschlei\u00dffesten Materialien wie Polyurethan und Nitrilkautschuk. Zylinderk\u00f6rper und Gewindeenden werden pr\u00e4zise behandelt, um die Verschlei\u00dffestigkeit zu erh\u00f6hen. Regelm\u00e4\u00dfige Schmierung mit geeignetem Hydraulik\u00f6l ist f\u00fcr einen reibungslosen Betrieb erforderlich.<\/p>\n<h2>Regelm\u00e4\u00dfige Inspektion und vorbeugende Wartung<\/h2>\n<ul>\n<li>\u00dcberpr\u00fcfung auf Lecks und Sch\u00e4den<\/li>\n<li>\u00dcberpr\u00fcfung und Aufrechterhaltung der angemessenen Schmierung<\/li>\n<li>Austausch verschlissener oder besch\u00e4digter Dichtungen<\/li>\n<li>Kalibrierungspr\u00fcfungen<\/li>\n<\/ul>\n<p><img decoding=\"async\" src=\"https:\/\/www.hydraulic-cylinders.net\/wp-content\/uploads\/2025\/01\/songte-chushion-collar.webp\" alt=\"Wartungsbild\"><\/p>\n<h2>Sicherheitsaspekte und Umweltfaktoren<\/h2>\n<p>Bei der Verwendung des Hubzylinders ist es wichtig, Sicherheitsma\u00dfnahmen zu beachten, um Unf\u00e4lle zu vermeiden. Auch Umweltfaktoren sollten ber\u00fccksichtigt werden, um potenzielle Risiken zu minimieren.<\/p>\n<h2>Fehlerbehebung und h\u00e4ufige Probleme<\/h2>\n<p>H\u00e4ufige Probleme mit dem Baggerzylinder sind Leckagen, unregelm\u00e4\u00dfige Bewegungen und unzureichende Leistung. Um diese Probleme zu beheben, befolgen Sie die bereitgestellten Tipps und L\u00f6sungen zur Fehlerbehebung. Zus\u00e4tzlich werden vorbeugende Ma\u00dfnahmen empfohlen, um potenzielle Probleme zu minimieren.<\/p>\n<p><img decoding=\"async\" src=\"https:\/\/www.hydraulic-cylinders.net\/wp-content\/uploads\/2025\/01\/songte-bushings-with-all-kinds-of-excavator-models.webp\" alt=\"Fehlerbehebung beim Bild\"><\/p>\n<h2>Unternehmens\u00fcbersicht<\/h2>\n<p>Wir sind ein f\u00fchrender Hersteller und Gro\u00dfh\u00e4ndler von Hydraulikzylindern und spezialisiert auf die Produktion von Ersatzzylindern. Unser umfangreiches Produktsortiment macht uns zu einem Marktf\u00fchrer im In- und Ausland. Mit Fokus auf h\u00f6chste Qualit\u00e4t setzen wir auf eine industrialisierte Produktionsstrategie und nutzen qualifizierte Techniker, moderne Fertigungsanlagen und professionelle Pr\u00fcfsysteme. Wir optimieren kontinuierlich unsere Fertigungsplattform und verbessern die Qualit\u00e4t unserer Produkte, wodurch wir unsere Innovationskraft unter Beweis stellen. Unsere Prinzipien \u2013 hohe Effizienz, Pr\u00e4zision und Qualit\u00e4t \u2013 erm\u00f6glichen es uns, die vielf\u00e4ltigen Bed\u00fcrfnisse unserer Kunden zu erf\u00fcllen.<\/p>\n<p><img decoding=\"async\" src=\"https:\/\/hzpt.com\/wp-content\/uploads\/2024\/11\/songte-company-1.webp\" alt=\"Firmenimage\"><\/p>\n<h3>Professionalit\u00e4t<\/h3>\n<p>Wir sind bestrebt, in allen Bereichen unserer Gesch\u00e4ftst\u00e4tigkeit ein hohes Ma\u00df an Professionalit\u00e4t zu wahren.<\/p>\n<h3>Internationale Zertifizierungen<\/h3>\n<p>Unsere Produkte sind durch internationale Zertifizierungen abgesichert, was ihre Qualit\u00e4t und Zuverl\u00e4ssigkeit gew\u00e4hrleistet.<\/p>\n<h3>Anpassungsdienste<\/h3>\n<p>Wir bieten Anpassungsleistungen an, um spezifischen Anforderungen gerecht zu werden und ma\u00dfgeschneiderte L\u00f6sungen bereitzustellen.<\/p>\n<h3>Produktionsausr\u00fcstung<\/h3>\n<p>Ausgestattet mit modernsten Produktionsanlagen gew\u00e4hrleisten wir eine effiziente und pr\u00e4zise Fertigung.<\/p>\n<h3>Kundendienst<\/h3>\n<p>Unser Kundendienst gew\u00e4hrleistet Kundenzufriedenheit und Unterst\u00fctzung w\u00e4hrend des gesamten Produktlebenszyklus.<\/p>\n<p><img decoding=\"async\" src=\"https:\/\/www.hydraulic-cylinders.net\/wp-content\/uploads\/2025\/01\/songte-company-3.webp\" alt=\"Firmenimage\"><\/p>\n<p>Autor: lyl<\/p>\n<p><\/body><br \/>\n<\/html><\/p>","protected":false},"excerpt":{"rendered":"<p>Bucket Cylinder For Volvo Small Excavator BL\/60B Bucket Cylinder For Volvo Small Excavator BL\/60B Introduction The bucket cylinder for Volvo small excavator BL\/60B is a specially designed hydraulic cylinder used to control the movement of the bucket in heavy machinery such as excavators, backhoe loaders, and front-end loaders. Its main function is to enable the [&hellip;]<\/p>","protected":false},"featured_media":14769,"comment_status":"open","ping_status":"closed","template":"","meta":{"_et_pb_use_builder":"","_et_pb_old_content":"","_et_gb_content_width":""},"product_brand":[],"product_cat":[1494],"product_tag":[1495,1496],"class_list":{"0":"post-15383","1":"product","2":"type-product","3":"status-publish","4":"has-post-thumbnail","6":"product_cat-bucket-cylinders","7":"product_tag-bucket-cylinders","8":"product_tag-hydraulic-cylinders","10":"first","11":"instock","12":"shipping-taxable","13":"product-type-simple"},"amp_enabled":true,"_links":{"self":[{"href":"https:\/\/www.hydraulic-cylinders.net\/de\/wp-json\/wp\/v2\/product\/15383","targetHints":{"allow":["GET"]}}],"collection":[{"href":"https:\/\/www.hydraulic-cylinders.net\/de\/wp-json\/wp\/v2\/product"}],"about":[{"href":"https:\/\/www.hydraulic-cylinders.net\/de\/wp-json\/wp\/v2\/types\/product"}],"replies":[{"embeddable":true,"href":"https:\/\/www.hydraulic-cylinders.net\/de\/wp-json\/wp\/v2\/comments?post=15383"}],"wp:featuredmedia":[{"embeddable":true,"href":"https:\/\/www.hydraulic-cylinders.net\/de\/wp-json\/wp\/v2\/media\/14769"}],"wp:attachment":[{"href":"https:\/\/www.hydraulic-cylinders.net\/de\/wp-json\/wp\/v2\/media?parent=15383"}],"wp:term":[{"taxonomy":"product_brand","embeddable":true,"href":"https:\/\/www.hydraulic-cylinders.net\/de\/wp-json\/wp\/v2\/product_brand?post=15383"},{"taxonomy":"product_cat","embeddable":true,"href":"https:\/\/www.hydraulic-cylinders.net\/de\/wp-json\/wp\/v2\/product_cat?post=15383"},{"taxonomy":"product_tag","embeddable":true,"href":"https:\/\/www.hydraulic-cylinders.net\/de\/wp-json\/wp\/v2\/product_tag?post=15383"}],"curies":[{"name":"wp","href":"https:\/\/api.w.org\/{rel}","templated":true}]}}