{"id":15384,"date":"2025-01-19T14:27:49","date_gmt":"2025-01-19T14:27:49","guid":{"rendered":"https:\/\/www.hydraulic-cylinders.net\/product\/bucket-cylinder-for-volvo-small-excavator-ec-88d\/"},"modified":"2025-01-19T14:27:51","modified_gmt":"2025-01-19T14:27:51","slug":"bucket-cylinder-for-volvo-small-excavator-ec-88d","status":"publish","type":"product","link":"https:\/\/www.hydraulic-cylinders.net\/de\/produkt\/bucket-cylinder-for-volvo-small-excavator-ec-88d\/","title":{"rendered":"L\u00f6ffelzylinder f\u00fcr Volvo Kleinbagger EC 88D"},"content":{"rendered":"<h1>L\u00f6ffelzylinder f\u00fcr Volvo Kleinbagger EC 88D<\/h1>\n<h2>Einf\u00fchrung<\/h2>\n<p>Der L\u00f6ffelzylinder f\u00fcr den Volvo-Kleinbagger EC 88D ist ein spezieller Hydraulikzylinder zur Steuerung der L\u00f6ffelbewegung in Baumaschinen wie Baggern, Baggerladern und Radladern. Seine Hauptfunktion besteht darin, den L\u00f6ffel zu heben, zu senken und zu neigen, um verschiedene Materialumschlagsaufgaben zu erleichtern. Im Hydrauliksystem erm\u00f6glicht der L\u00f6ffelzylinder durch die Anpassung des Hydraulik\u00f6ldrucks eine pr\u00e4zise Steuerung des L\u00f6ffels. Dies erlaubt dem Bediener, schwere Lasten effizient zu handhaben, sich an komplexe Arbeitsumgebungen anzupassen und vielf\u00e4ltige Betriebsanforderungen zu erf\u00fcllen.<\/p>\n<p><img decoding=\"async\" src=\"https:\/\/www.hydraulic-cylinders.net\/wp-content\/uploads\/2025\/01\/songte-company-2.webp\" alt=\"L\u00f6ffelzylinder f\u00fcr Volvo Kleinbagger EC 88D\"><\/p>\n<h2>Merkmale<\/h2>\n<ul>\n<li>Hohe Festigkeit und Langlebigkeit: Typischerweise aus hochfestem Stahl oder Aluminium gefertigt, halten sie hohem Druck und hohen Belastungen stand, sind anpassungsf\u00e4hig an raue Arbeitsumgebungen und wurden mit Blick auf Verschlei\u00df- und Korrosionsbest\u00e4ndigkeit entwickelt, was die Lebensdauer verl\u00e4ngert.<\/li>\n<li>Effizienter Hydraulikbetrieb: Durch die Nutzung des Hydraulik\u00f6ldrucks wird eine reibungslose Teleskopbewegung erreicht, die schnell auf Steuerbefehle reagiert und eine starke Schub-Zug-Kraft bietet. Dadurch eignet sie sich f\u00fcr die Handhabung schwerer Lasten und komplexer Arbeitsaufgaben.<\/li>\n<li>Verschiedene Typen: Je nach Bedarf k\u00f6nnen einfachwirkende (hydraulisch nur in eine Richtung) oder doppeltwirkende (hydraulisch in beide Richtungen) Zylinder ausgew\u00e4hlt werden. Einige Modelle sind teleskopierbar und erm\u00f6glichen so eine gr\u00f6\u00dfere Auszugsl\u00e4nge ohne Vergr\u00f6\u00dferung der Au\u00dfenabmessungen \u2013 ideal f\u00fcr Anwendungen mit begrenztem Platzangebot.<\/li>\n<li>Austauschbar mit anderen Hydraulikzylindern: Unser Produkt kann diese Hydraulikzylinder perfekt ersetzen.<\/li>\n<li>Anpassbar an die Kundenw\u00fcnsche: Wir bieten ma\u00dfgeschneiderte Dienstleistungen gem\u00e4\u00df den Kundenw\u00fcnschen an.<\/li>\n<\/ul>\n<p><img decoding=\"async\" src=\"https:\/\/www.hydraulic-cylinders.net\/wp-content\/uploads\/2025\/01\/songte-cylinder-head-with-all-kinds-excavator-models.webp\" alt=\"L\u00f6ffelzylinder f\u00fcr Volvo Kleinbagger EC 88D\"><\/p>\n<h2>Anwendungen<\/h2>\n<p>Schaufelzylinder werden in verschiedenen schweren Maschinen eingesetzt, unter anderem, aber nicht ausschlie\u00dflich:<\/p>\n<ul>\n<li>Baumaschinen: Bei Baggern sind sie unverzichtbar zum Ausheben, Laden und Bewegen von Erde oder Bauschutt. Bei Baggerladern unterst\u00fctzen die Schaufelzylinder sowohl das Ausheben als auch das Heben. <\/li>\n<li>Landwirtschaftliche Maschinen: Werden in Frontladern zum Schaufeln, Anheben und Transportieren von Erde, Heu und anderen Materialien eingesetzt. <\/li>\n<li>Bagger: Die Schaufelzylinder erm\u00f6glichen das Graben, indem sie das Eindringen der Schaufeln in den Boden erlauben.<\/li>\n<li>Frontlader: Bei Frontladern helfen sie beim effizienten Anheben und Abladen von G\u00fctern.<\/li>\n<\/ul>\n<p>Diese Anwendungen sind nur einige Beispiele f\u00fcr die breite Palette an schweren Maschinen, die von der Verwendung von Schaufelzylindern profitieren k\u00f6nnen.<\/p>\n<h2>Design\u00fcberlegungen und Auswahlkriterien<\/h2>\n<p>Bei der Konstruktion von Schaufelzylindern m\u00fcssen mehrere Faktoren ber\u00fccksichtigt werden:<\/p>\n<ul>\n<li>Tragf\u00e4higkeit: Der Zylinder muss den zu erwartenden Belastungen und Kr\u00e4ften in der Anwendung standhalten k\u00f6nnen.<\/li>\n<li>Abdichtung: Der Einsatz verschiedener Dichtungen, wie z. B. Kolben- und Stangendichtungen, ist notwendig, um Leckagen zu verhindern und einen einwandfreien Betrieb zu gew\u00e4hrleisten. Die Dichtungen bestehen typischerweise aus verschlei\u00dffesten Materialien wie Polyurethan und Nitrilkautschuk.<\/li>\n<li>Langlebigkeit: Der Zylinder muss den rauen Arbeitsbedingungen standhalten und seine strukturelle Integrit\u00e4t \u00fcber einen l\u00e4ngeren Zeitraum bewahren k\u00f6nnen.<\/li>\n<li>Sicherheit: Der Zylinder muss unter Ber\u00fccksichtigung von Sicherheitsaspekten konstruiert sein, um Unf\u00e4lle w\u00e4hrend des Betriebs zu vermeiden.<\/li>\n<li>Wartung: Wartungsaspekte m\u00fcssen bereits in der Konstruktionsphase ber\u00fccksichtigt werden, um sicherzustellen, dass der Zylinder leicht zu warten und zu reparieren ist.<\/li>\n<\/ul>\n<p><img decoding=\"async\" src=\"https:\/\/www.hydraulic-cylinders.net\/wp-content\/uploads\/2025\/01\/songte-oil-pipes-and-spare-parts.webp\" alt=\"L\u00f6ffelzylinder f\u00fcr Volvo Kleinbagger EC 88D\"><\/p>\n<h2>Abdichtung und Schmierung<\/h2>\n<p>Der Schaufelzylinder verwendet verschiedene Dichtungselemente, darunter Kolben- und Stangendichtungen, um Leckagen zu verhindern und einen einwandfreien Betrieb zu gew\u00e4hrleisten. Die Dichtungen bestehen \u00fcblicherweise aus verschlei\u00dffesten Materialien wie Polyurethan und Nitrilkautschuk. F\u00fcr eine optimale Schmierung muss dem Zylinder regelm\u00e4\u00dfig ausreichend Hydraulik\u00f6l nachgef\u00fcllt werden.<\/p>\n<h2>Wartung und Reparatur<\/h2>\n<p>Regelm\u00e4\u00dfige Wartung ist unerl\u00e4sslich f\u00fcr die Langlebigkeit und einwandfreie Funktion des Schaufelzylinders. Zu den g\u00e4ngigen Wartungsarbeiten geh\u00f6ren regelm\u00e4\u00dfige Inspektionen, ordnungsgem\u00e4\u00dfe Schmierung, Dichtungswechsel und Kalibrierungspr\u00fcfungen. Die korrekte Montage und Ausrichtung sind entscheidend f\u00fcr den einwandfreien Betrieb des Zylinders. Wir empfehlen die Verwendung geeigneter Montagehalterungen zur sicheren Befestigung des Zylinders. Dar\u00fcber hinaus bieten wir Pr\u00fcf-, Reparatur- und Austauschverfahren, Ersatzteile und \u00dcberholungsdienstleistungen an, um die Lebensdauer des Schaufelzylinders zu verl\u00e4ngern.<\/p>\n<p><img decoding=\"async\" src=\"https:\/\/www.hydraulic-cylinders.net\/wp-content\/uploads\/2025\/01\/songte-chushion-collar.webp\" alt=\"L\u00f6ffelzylinder f\u00fcr Volvo Kleinbagger EC 88D\"><\/p>\n<h2>Sicherheitsaspekte und Umweltfaktoren<\/h2>\n<p>Sicherheit hat beim Einsatz von Hubzylindern oberste Priorit\u00e4t. Anwender m\u00fcssen stets die geltenden Sicherheitsvorschriften und -richtlinien befolgen, um einen sicheren Betrieb zu gew\u00e4hrleisten. Auch Umgebungsfaktoren wie Temperatur und Luftfeuchtigkeit sind w\u00e4hrend des Betriebs zu ber\u00fccksichtigen, um optimale Leistung und Langlebigkeit sicherzustellen.<\/p>\n<h2>Fehlerdiagnose und Fehlerbehebung<\/h2>\n<p>Zu den h\u00e4ufigsten Fehlern bei der Verwendung von Hubzylindern z\u00e4hlen \u00d6lleckagen, unzureichende Leistung und langsame Arbeitsgeschwindigkeit. Diese Probleme lassen sich durch regelm\u00e4\u00dfige Inspektion, ordnungsgem\u00e4\u00dfe Schmierung und den Austausch der Dichtungen diagnostizieren und beheben. Auch die korrekte Installation, Ausrichtung und Kalibrierung sind entscheidend, um potenzielle Probleme zu vermeiden.<\/p>\n<p><img decoding=\"async\" src=\"https:\/\/www.hydraulic-cylinders.net\/wp-content\/uploads\/2025\/01\/songte-bushings-with-all-kinds-of-excavator-models.webp\" alt=\"L\u00f6ffelzylinder f\u00fcr Volvo Kleinbagger EC 88D\"><\/p>\n<h2>\u00dcber unser Unternehmen<\/h2>\n<p>Wir sind ein Hersteller von Hydraulikzylindern mit einem umfassenden Produktsortiment und z\u00e4hlen zu den f\u00fchrenden Herstellern und Gro\u00dfh\u00e4ndlern von Hydraulikzylindern im In- und Ausland. Wir setzen auf h\u00f6chste Qualit\u00e4t, industrialisierte Produktionsmanagementstrategien in modernsten Fertigungswerkst\u00e4tten und optimieren kontinuierlich unsere Fertigungsplattform und Produktionslinie. Dabei zeichnen wir uns durch hohe Innovationskraft aus. Wir bieten hocheffiziente, pr\u00e4zise und qualitativ hochwertige Produkte, die den vielf\u00e4ltigen Bed\u00fcrfnissen unserer Kunden gerecht werden.<\/p>\n<h3>Professionalit\u00e4t<\/h3>\n<p>Wir verf\u00fcgen \u00fcber ein Team von professionellen Ingenieuren und Technikern, die unseren Kunden zuverl\u00e4ssige und effiziente Dienstleistungen bieten k\u00f6nnen.<\/p>\n<h3>Internationale Zertifizierung<\/h3>\n<p>Unsere Produkte sind nach ISO9001, CE und anderen internationalen Normen zertifiziert.<\/p>\n<h3>Anpassungsdienste<\/h3>\n<p>Wir bieten unseren Kunden ma\u00dfgeschneiderte Dienstleistungen an, die ihren spezifischen Anforderungen entsprechen und ihren vielf\u00e4ltigen Bed\u00fcrfnissen gerecht werden.<\/p>\n<h3>Produktionsausr\u00fcstung<\/h3>\n<p>Wir verwenden fortschrittliche Ger\u00e4te und Testsysteme, um Produktqualit\u00e4t und Zuverl\u00e4ssigkeit zu gew\u00e4hrleisten.<\/p>\n<h3>Kundendienst<\/h3>\n<p>Wir bieten unseren Kunden einen umfassenden Kundendienst, der Pr\u00fcf-, Reparatur- und Austauschverfahren, Ersatzteile und \u00dcberholungsdienstleistungen umfasst.<\/p>\n<p><img decoding=\"async\" src=\"https:\/\/hzpt.com\/wp-content\/uploads\/2024\/11\/songte-company-1.webp\" alt=\"L\u00f6ffelzylinder f\u00fcr Volvo Kleinbagger EC 88D\"><\/p>\n<p><em>Autor: lyl<\/em><\/p>","protected":false},"excerpt":{"rendered":"<p>Bucket Cylinder For Volvo Small Excavator EC 88D Introduction A bucket cylinder for Volvo small excavator EC 88D is a specialized hydraulic cylinder designed for controlling the movement of the bucket in heavy machinery such as excavators, backhoe loaders, and front loaders. Its main function is to lift, lower, and tilt the bucket to facilitate [&hellip;]<\/p>","protected":false},"featured_media":14765,"comment_status":"open","ping_status":"closed","template":"","meta":{"_et_pb_use_builder":"","_et_pb_old_content":"","_et_gb_content_width":""},"product_brand":[],"product_cat":[1494],"product_tag":[1495,1496],"class_list":{"0":"post-15384","1":"product","2":"type-product","3":"status-publish","4":"has-post-thumbnail","6":"product_cat-bucket-cylinders","7":"product_tag-bucket-cylinders","8":"product_tag-hydraulic-cylinders","10":"first","11":"instock","12":"shipping-taxable","13":"product-type-simple"},"amp_enabled":true,"_links":{"self":[{"href":"https:\/\/www.hydraulic-cylinders.net\/de\/wp-json\/wp\/v2\/product\/15384","targetHints":{"allow":["GET"]}}],"collection":[{"href":"https:\/\/www.hydraulic-cylinders.net\/de\/wp-json\/wp\/v2\/product"}],"about":[{"href":"https:\/\/www.hydraulic-cylinders.net\/de\/wp-json\/wp\/v2\/types\/product"}],"replies":[{"embeddable":true,"href":"https:\/\/www.hydraulic-cylinders.net\/de\/wp-json\/wp\/v2\/comments?post=15384"}],"wp:featuredmedia":[{"embeddable":true,"href":"https:\/\/www.hydraulic-cylinders.net\/de\/wp-json\/wp\/v2\/media\/14765"}],"wp:attachment":[{"href":"https:\/\/www.hydraulic-cylinders.net\/de\/wp-json\/wp\/v2\/media?parent=15384"}],"wp:term":[{"taxonomy":"product_brand","embeddable":true,"href":"https:\/\/www.hydraulic-cylinders.net\/de\/wp-json\/wp\/v2\/product_brand?post=15384"},{"taxonomy":"product_cat","embeddable":true,"href":"https:\/\/www.hydraulic-cylinders.net\/de\/wp-json\/wp\/v2\/product_cat?post=15384"},{"taxonomy":"product_tag","embeddable":true,"href":"https:\/\/www.hydraulic-cylinders.net\/de\/wp-json\/wp\/v2\/product_tag?post=15384"}],"curies":[{"name":"wp","href":"https:\/\/api.w.org\/{rel}","templated":true}]}}