{"id":15386,"date":"2025-01-19T14:27:57","date_gmt":"2025-01-19T14:27:57","guid":{"rendered":"https:\/\/www.hydraulic-cylinders.net\/product\/bucket-cylinder-for-volvo-small-excavator-ec55b\/"},"modified":"2025-01-19T14:27:59","modified_gmt":"2025-01-19T14:27:59","slug":"bucket-cylinder-for-volvo-small-excavator-ec55b","status":"publish","type":"product","link":"https:\/\/www.hydraulic-cylinders.net\/de\/produkt\/bucket-cylinder-for-volvo-small-excavator-ec55b\/","title":{"rendered":"Schaufelzylinder f\u00fcr Volvo-Kleinbagger EC55B"},"content":{"rendered":"<h1>Schaufelzylinder f\u00fcr Volvo-Kleinbagger EC55B<\/h1>\n<h2>Einf\u00fchrung<\/h2>\n<p>Der Schaufelzylinder f\u00fcr den Volvo-Kleinbagger EC55B ist ein speziell entwickelter Hydraulikzylinder zur Steuerung der Schaufelbewegung in schweren Maschinen wie Baggern, Baggerladern und Frontladern. Seine Hauptfunktion besteht darin, das Heben, Senken und Kippen der Schaufel zu erm\u00f6glichen und so verschiedene Materialtransportaufgaben zu erleichtern. Im Hydrauliksystem erm\u00f6glicht der Schaufelzylinder durch \u00c4nderungen des Hydraulik\u00f6ldrucks eine pr\u00e4zise Steuerung der Schaufel. So k\u00f6nnen Bediener schwere Lasten effizient handhaben und sich an komplexe Arbeitsumgebungen und unterschiedliche Arbeitsanforderungen anpassen.<\/p>\n<p><img decoding=\"async\" src=\"https:\/\/www.hydraulic-cylinders.net\/wp-content\/uploads\/2025\/01\/songte-company-2.webp\"><\/p>\n<h2>Merkmale<\/h2>\n<ul>\n<li>Hohe Festigkeit und Langlebigkeit: Der Schaufelzylinder besteht typischerweise aus hochfestem Stahl oder Aluminium und h\u00e4lt hohem Druck und schweren Lasten stand. Er eignet sich f\u00fcr raue Arbeitsumgebungen. Die Konstruktion ber\u00fccksichtigt Verschlei\u00dffestigkeit und Korrosionsbest\u00e4ndigkeit, um die Lebensdauer zu verl\u00e4ngern.<\/li>\n<li>Effizienter Hydraulikbetrieb: Durch die Nutzung des Hydraulik\u00f6ldrucks erreicht der Schaufelzylinder ein sanftes Ausfahren und Einfahren, was eine schnelle Reaktion auf Steuerbefehle erm\u00f6glicht und starke Schub- und Zugkr\u00e4fte liefert, die f\u00fcr die Handhabung schwerer Lasten und komplexe Arbeitsaufgaben geeignet sind.<\/li>\n<li>Verschiedene Ausf\u00fchrungen: Der Schaufelzylinder kann je nach Einsatzanforderungen als einfachwirkender (Hydraulik nur in eine Richtung) oder doppeltwirkender (Hydraulik in beide Richtungen) Zylinder gew\u00e4hlt werden. Einige Modelle sind teleskopierbar und erm\u00f6glichen so eine gr\u00f6\u00dfere Ausdehnung ohne Vergr\u00f6\u00dferung der Au\u00dfenma\u00dfe. Sie eignen sich f\u00fcr Anwendungen mit begrenztem Platzangebot.<\/li>\n<li>Perfekter Ersatz: Unsere Produkte k\u00f6nnen diese Hydraulikzylinder perfekt ersetzen und bieten hervorragende Leistung und Kompatibilit\u00e4t.<\/li>\n<\/ul>\n<p><img decoding=\"async\" src=\"https:\/\/www.hydraulic-cylinders.net\/wp-content\/uploads\/2025\/01\/songte-cylinder-head-with-all-kinds-excavator-models.webp\"><\/p>\n<h2>Anwendungen<\/h2>\n<ul>\n<li>Baumaschinen: Sie sind in Baggern zu finden und spielen eine wichtige Rolle beim Graben, Laden und Bewegen von Erde oder Schutt. Bei Baggerladern unterst\u00fctzt der Schaufelzylinder sowohl das Graben als auch das Heben.<\/li>\n<li>Landwirtschaftliche Maschinen: Wird in Frontladern zum Schaufeln, Heben und Transportieren von Erde, Heu und anderen Materialien verwendet.<\/li>\n<li>Bagger: Der Schaufelzylinder erm\u00f6glicht Grabvorg\u00e4nge, indem er der Schaufel das Eindringen in den Boden erm\u00f6glicht.<\/li>\n<li>Lader: In Frontladern helfen sie beim effizienten Anheben und Abladen von Fracht.<\/li>\n<\/ul>\n<h2>Design\u00fcberlegungen und Auswahlkriterien<\/h2>\n<ul>\n<li>Tragf\u00e4higkeit: Besprechen Sie die F\u00e4higkeit des Schaufelzylinders, schweren Lasten standzuhalten und eine zuverl\u00e4ssige Leistung zu erbringen.<\/li>\n<li>Dichtung: Erl\u00e4utern Sie die Bedeutung verschiedener Dichtungskomponenten, wie Kolben- und Stangendichtungen, aus verschlei\u00dffesten Materialien wie Polyurethan und Nitrilkautschuk. Erw\u00e4hnen Sie auch die sorgf\u00e4ltige Oberfl\u00e4chenbehandlung von Zylinderk\u00f6rpern und Gewindeenden zur Verbesserung der Verschlei\u00dffestigkeit.<\/li>\n<li>Haltbarkeit: Heben Sie die Haltbarkeit des L\u00f6ffelzylinders hervor, wobei seine Widerstandsf\u00e4higkeit gegen\u00fcber harten Arbeitsbedingungen und seine F\u00e4higkeit, die Leistung \u00fcber einen l\u00e4ngeren Zeitraum aufrechtzuerhalten, zu ber\u00fccksichtigen sind.<\/li>\n<li>Sicherheit: Besprechen Sie die Sicherheitsaspekte bei der Konstruktion des Schaufelzylinders, um einen sicheren Betrieb zu gew\u00e4hrleisten und Unf\u00e4lle zu vermeiden.<\/li>\n<li>Wartungsfreundlichkeit: Sprechen Sie \u00fcber die Wartungsfreundlichkeit und die Verf\u00fcgbarkeit von Ersatzteilen f\u00fcr den Schaufelzylinder, um rechtzeitige Reparaturen und Ersatzteile zu gew\u00e4hrleisten.<\/li>\n<\/ul>\n<p><img decoding=\"async\" src=\"https:\/\/www.hydraulic-cylinders.net\/wp-content\/uploads\/2025\/01\/songte-oil-pipes-and-spare-parts.webp\"><\/p>\n<h2>Abdichtung und Schmierung<\/h2>\n<p>Der Schaufelzylinder verf\u00fcgt \u00fcber verschiedene Dichtungskomponenten wie Kolben- und Stangendichtungen aus verschlei\u00dffesten Materialien wie Polyurethan und Nitrilkautschuk. Zylinderk\u00f6rper und Gewindeenden werden einer feinen Oberfl\u00e4chenbehandlung unterzogen, um die Verschlei\u00dffestigkeit zu verbessern. Regelm\u00e4\u00dfige Schmierung mit der entsprechenden Menge Hydraulik\u00f6l ist notwendig, um einen reibungslosen Betrieb zu gew\u00e4hrleisten und die Lebensdauer des Schaufelzylinders zu verl\u00e4ngern.<\/p>\n<h2>Regelm\u00e4\u00dfige Inspektion und vorbeugende Wartung<\/h2>\n<ul>\n<li>\u00dcberpr\u00fcfen Sie regelm\u00e4\u00dfig den Zustand des Schaufelzylinders und achten Sie auf Anzeichen von Verschlei\u00df, Lecks oder Besch\u00e4digungen.<\/li>\n<li>Schmieren Sie den Zylinder ordnungsgem\u00e4\u00df, um einen reibungslosen Betrieb zu gew\u00e4hrleisten und \u00fcberm\u00e4\u00dfigen Verschlei\u00df zu vermeiden.<\/li>\n<li>Ersetzen Sie Dichtungen und Dichtungsringe regelm\u00e4\u00dfig, um die Integrit\u00e4t des Hydrauliksystems zu erhalten.<\/li>\n<li>F\u00fchren Sie Kalibrierungspr\u00fcfungen durch, um eine genaue Leistung des Schaufelzylinders sicherzustellen.<\/li>\n<\/ul>\n<h2>Produktinstallationshandbuch<\/h2>\n<p>Die ordnungsgem\u00e4\u00dfe Installation des L\u00f6ffelzylinders ist entscheidend f\u00fcr seine optimale Leistung. Befolgen Sie diese Schritte f\u00fcr eine korrekte Installation:<\/p>\n<ol>\n<li>Richten Sie den Zylinder gem\u00e4\u00df den Anweisungen des Herstellers richtig aus.<\/li>\n<li>Verwenden Sie geeignete Montagehalterungen, um den Zylinder an seinem Platz zu befestigen.<\/li>\n<li>Befolgen Sie die empfohlenen Verfahren zur Inspektion, Reparatur und zum Austausch.<\/li>\n<li>Geben Sie Tipps zur Verl\u00e4ngerung der Lebensdauer des L\u00f6ffelzylinders, beispielsweise zur richtigen Wartung und Handhabung.<\/li>\n<\/ol>\n<p><img decoding=\"async\" src=\"https:\/\/www.hydraulic-cylinders.net\/wp-content\/uploads\/2025\/01\/songte-chushion-collar.webp\"><\/p>\n<h2>Sicherheitsaspekte und Umweltfaktoren<\/h2>\n<p>Beim Einsatz des Schaufelzylinders ist die Einhaltung von Sicherheitsma\u00dfnahmen unerl\u00e4sslich, um Unf\u00e4lle zu vermeiden und die Gesundheit des Bedieners zu gew\u00e4hrleisten. Dar\u00fcber hinaus sollten Umweltfaktoren ber\u00fccksichtigt werden, um negative Auswirkungen auf die Umgebung zu minimieren.<\/p>\n<h2>Fehlerbehebung und h\u00e4ufige Probleme<\/h2>\n<p>Besprechen Sie m\u00f6gliche Fehler und h\u00e4ufige Probleme, die bei der Verwendung des Schaufelzylinders auftreten k\u00f6nnen. Geben Sie Tipps und L\u00f6sungen zur Fehlerbehebung, um den Lesern die effektive Diagnose und Behebung von Problemen zu erleichtern. Schlagen Sie au\u00dferdem vorbeugende Ma\u00dfnahmen zur Minimierung potenzieller Probleme vor.<\/p>\n<p><img decoding=\"async\" src=\"https:\/\/www.hydraulic-cylinders.net\/wp-content\/uploads\/2025\/01\/songte-bushings-with-all-kinds-of-excavator-models.webp\"><\/p>\n<p>Denken Sie daran, den Artikel logisch zu strukturieren, verwenden Sie Unter\u00fcberschriften zur einfachen Navigation, f\u00fcgen Sie relevante Bilder oder Diagramme zum besseren Verst\u00e4ndnis ein und stellen Sie sicher, dass der Inhalt klar, pr\u00e4gnant und f\u00fcr Leser mit unterschiedlichem technischen Kenntnisstand geeignet ist.<\/p>\n<h2>Unser Unternehmen<\/h2>\n<p>Wir sind Hersteller von Ersatz-Hydraulikzylindern und einer der f\u00fchrenden Hersteller und Gro\u00dfh\u00e4ndler auf dem nationalen und internationalen Markt. Wir legen Wert auf h\u00f6chste Qualit\u00e4t und setzen in unseren hochentwickelten Fertigungswerkst\u00e4tten auf industrialisierte Produktionsmanagementstrategien. Durch den Einsatz technologischer Talente, modernster Fertigungsanlagen und professioneller Testsysteme verbessern wir kontinuierlich unsere Fertigungsplattformen und verfeinern die Produktionsabl\u00e4ufe f\u00fcr eine optimale Produktqualit\u00e4t. Wir verf\u00fcgen \u00fcber ausgepr\u00e4gte Kreativit\u00e4t und sind bestrebt, die vielf\u00e4ltigen Kundenbed\u00fcrfnisse mit hoher Effizienz, Pr\u00e4zision und Qualit\u00e4t zu erf\u00fcllen.<\/p>\n<p><img decoding=\"async\" src=\"https:\/\/hzpt.com\/wp-content\/uploads\/2024\/11\/songte-company-1.webp\"><\/p>\n<p>Dar\u00fcber hinaus erweitern wir unsere Einf\u00fchrung, indem wir unsere Professionalit\u00e4t, internationalen Zertifizierungen, ma\u00dfgeschneiderten Dienstleistungen, Produktionsanlagen und Kundendienstleistungen hervorheben.<\/p>\n<p><img decoding=\"async\" src=\"https:\/\/www.hydraulic-cylinders.net\/wp-content\/uploads\/2025\/01\/songte-company-3.webp\"><\/p>\n<p>Autor: lyl<\/p>","protected":false},"excerpt":{"rendered":"<p>Bucket Cylinder For Volvo Small Excavator EC55B Introduction The bucket cylinder for Volvo small excavator EC55B is a specially designed hydraulic cylinder used to control the movement of the bucket in heavy machinery, such as excavators, backhoe loaders, and front-end loaders. Its main function is to enable the lifting, lowering, and tilting of the bucket, [&hellip;]<\/p>","protected":false},"featured_media":14761,"comment_status":"open","ping_status":"closed","template":"","meta":{"_et_pb_use_builder":"","_et_pb_old_content":"","_et_gb_content_width":""},"product_brand":[],"product_cat":[1494],"product_tag":[1495,1496],"class_list":{"0":"post-15386","1":"product","2":"type-product","3":"status-publish","4":"has-post-thumbnail","6":"product_cat-bucket-cylinders","7":"product_tag-bucket-cylinders","8":"product_tag-hydraulic-cylinders","10":"first","11":"instock","12":"shipping-taxable","13":"product-type-simple"},"amp_enabled":true,"_links":{"self":[{"href":"https:\/\/www.hydraulic-cylinders.net\/de\/wp-json\/wp\/v2\/product\/15386","targetHints":{"allow":["GET"]}}],"collection":[{"href":"https:\/\/www.hydraulic-cylinders.net\/de\/wp-json\/wp\/v2\/product"}],"about":[{"href":"https:\/\/www.hydraulic-cylinders.net\/de\/wp-json\/wp\/v2\/types\/product"}],"replies":[{"embeddable":true,"href":"https:\/\/www.hydraulic-cylinders.net\/de\/wp-json\/wp\/v2\/comments?post=15386"}],"wp:featuredmedia":[{"embeddable":true,"href":"https:\/\/www.hydraulic-cylinders.net\/de\/wp-json\/wp\/v2\/media\/14761"}],"wp:attachment":[{"href":"https:\/\/www.hydraulic-cylinders.net\/de\/wp-json\/wp\/v2\/media?parent=15386"}],"wp:term":[{"taxonomy":"product_brand","embeddable":true,"href":"https:\/\/www.hydraulic-cylinders.net\/de\/wp-json\/wp\/v2\/product_brand?post=15386"},{"taxonomy":"product_cat","embeddable":true,"href":"https:\/\/www.hydraulic-cylinders.net\/de\/wp-json\/wp\/v2\/product_cat?post=15386"},{"taxonomy":"product_tag","embeddable":true,"href":"https:\/\/www.hydraulic-cylinders.net\/de\/wp-json\/wp\/v2\/product_tag?post=15386"}],"curies":[{"name":"wp","href":"https:\/\/api.w.org\/{rel}","templated":true}]}}