{"id":15397,"date":"2025-01-19T14:28:48","date_gmt":"2025-01-19T14:28:48","guid":{"rendered":"https:\/\/www.hydraulic-cylinders.net\/product\/bucket-cylinder-for-volvo-middle-excavator-ecr235e\/"},"modified":"2025-01-19T14:28:50","modified_gmt":"2025-01-19T14:28:50","slug":"bucket-cylinder-for-volvo-middle-excavator-ecr235e","status":"publish","type":"product","link":"https:\/\/www.hydraulic-cylinders.net\/de\/produkt\/bucket-cylinder-for-volvo-middle-excavator-ecr235e\/","title":{"rendered":"L\u00f6ffelzylinder f\u00fcr Volvo Mittelbagger ECR235E"},"content":{"rendered":"<h1>L\u00f6ffelzylinder f\u00fcr Volvo Mittelbagger ECR235E<\/h1>\n<h2>Einf\u00fchrung<\/h2>\n<p>Ein Schaufelzylinder ist ein speziell entwickelter Hydraulikzylinder, der prim\u00e4r zur Steuerung der Schaufelbewegung in Baumaschinen wie Baggern, Baggerladern und Radladern eingesetzt wird. Seine Hauptfunktion besteht darin, das Heben, Senken und Neigen der Schaufel zu erm\u00f6glichen und so verschiedene Materialumschlagsaufgaben zu erleichtern. Im Hydrauliksystem gew\u00e4hrleistet der Schaufelzylinder durch die Druck\u00e4nderung des Hydraulik\u00f6ls eine pr\u00e4zise Steuerung der Schaufel. Dies erm\u00f6glicht es dem Bediener, schwere Lasten effizient zu handhaben und sich an komplexe Arbeitsumgebungen und vielf\u00e4ltige Aufgaben anzupassen.<\/p>\n<p><img decoding=\"async\" src=\"https:\/\/www.hydraulic-cylinders.net\/wp-content\/uploads\/2025\/01\/songte-company-2.webp\" alt=\"L\u00f6ffelzylinder f\u00fcr Volvo Mittelbagger ECR235E\"><\/p>\n<h2>Merkmale<\/h2>\n<ul>\n<li>Hohe Festigkeit und Langlebigkeit: Hergestellt aus hochfestem Stahl oder Aluminium, h\u00e4lt es hohem Druck und schweren Lasten stand, ist f\u00fcr raue Arbeitsumgebungen geeignet und ist verschlei\u00df- und korrosionsbest\u00e4ndig, um seine Lebensdauer zu verl\u00e4ngern.<\/li>\n<li>Effizienter Hydraulikbetrieb: Durch die Nutzung des Hydraulik\u00f6ldrucks wird eine gleichm\u00e4\u00dfige Ausdehnung und Zusammenziehung erreicht. Dadurch kann das System schnell auf Steuerbefehle reagieren, eine starke Schub- und Zugkraft bereitstellen und eignet sich f\u00fcr die Handhabung schwerer Lasten und komplexer Arbeitsaufgaben.<\/li>\n<li>Verschiedene Zylindertypen stehen zur Auswahl: Einfachwirkende (hydraulisch nur in eine Richtung wirkende) oder doppeltwirkende (hydraulisch in beide Richtungen wirkende) Zylinder k\u00f6nnen je nach Bedarf und Betriebsanforderungen ausgew\u00e4hlt werden. Einige Modelle sind teleskopierbar und erm\u00f6glichen so eine gr\u00f6\u00dfere Auszugsl\u00e4nge ohne Vergr\u00f6\u00dferung der Au\u00dfenabmessungen \u2013 ideal f\u00fcr beengte Platzverh\u00e4ltnisse.<\/li>\n<li>Perfekter Ersatz: Unsere Produkte k\u00f6nnen diese Hydraulikzylinder perfekt ersetzen.<\/li>\n<\/ul>\n<p><img decoding=\"async\" src=\"https:\/\/www.hydraulic-cylinders.net\/wp-content\/uploads\/2025\/01\/songte-cylinder-head-with-all-kinds-excavator-models.webp\" alt=\"Perfekter Ersatz f\u00fcr Volvo Mittelbagger ECR235E\"><\/p>\n<h2>Anwendungen<\/h2>\n<h3>Baumaschinen:<\/h3>\n<p>Bei Baggern sind sie unverzichtbar zum Graben, Laden und Bewegen von Erde oder Bauschutt. Bei Tiefladern unterst\u00fctzen die Schaufelzylinder das Graben und Heben. Bei Radladern helfen sie beim effizienten Heben und Abladen von Ladung.<\/p>\n<h3>Landmaschinen:<\/h3>\n<p>Sie werden in Radladern eingesetzt, um Erde, Heu und andere Materialien aufzunehmen, anzuheben und zu transportieren. In Baggern erm\u00f6glichen die Zylinder der Schaufel das Ausheben von Erdreich, indem sie die Schaufel in den Boden eindringen lassen.<\/p>\n<h2>Design\u00fcberlegungen und Auswahlkriterien<\/h2>\n<h3>Belastbarkeit:<\/h3>\n<p>Der gew\u00e4hlte Hydraulikzylinder muss die maximale Last der Maschine und der Schaufel tragen k\u00f6nnen. Es ist wichtig sicherzustellen, dass die Tragf\u00e4higkeit des Zylinders mindestens der maximalen Tragf\u00e4higkeit der Maschine entspricht. <\/p>\n<h3>Abdichtung und Schmierung:<\/h3>\n<p>Die Abdichtung und Schmierung des Hydraulikzylinders sind entscheidend f\u00fcr seine Leistungsf\u00e4higkeit und Lebensdauer. Der Zylinder verwendet verschiedene Dichtungen, wie z. B. Kolben- und Stangendichtungen. Diese Dichtungen bestehen aus verschlei\u00dffesten Materialien wie Polyurethan und Nitrilkautschuk und sch\u00fctzen den Zylinder vor Verschlei\u00df. Regelm\u00e4\u00dfige Schmierung mit Hydraulik\u00f6l ist unerl\u00e4sslich, um Verschlei\u00df zu reduzieren und einen reibungslosen Betrieb zu gew\u00e4hrleisten. <\/p>\n<p><img decoding=\"async\" src=\"https:\/\/www.hydraulic-cylinders.net\/wp-content\/uploads\/2025\/01\/songte-oil-pipes-and-spare-parts.webp\" alt=\"Hydraulik\u00f6lleitungen und Ersatzteile\"><\/p>\n<h2>Wartung und Reparatur<\/h2>\n<h3>Produktinstallation:<\/h3>\n<p>Bei der Installation ist es unerl\u00e4sslich, den Zylinder korrekt auszurichten und mit geeigneten Montagehalterungen zu befestigen, um Fehlausrichtungen oder Besch\u00e4digungen zu vermeiden. Die empfohlenen Pr\u00fcf-, Reparatur- und Austauschverfahren sollten befolgt werden, um die Langlebigkeit des Zylinders zu gew\u00e4hrleisten.<\/p>\n<h3>Wartungsaufgaben:<\/h3>\n<ul>\n<li>Regelm\u00e4\u00dfige Inspektion: Der Zylinder sollte regelm\u00e4\u00dfig auf Undichtigkeiten, Besch\u00e4digungen oder Verschlei\u00df \u00fcberpr\u00fcft werden.<\/li>\n<li>Schmierung: Der Zylinder sollte gem\u00e4\u00df den Empfehlungen des Herstellers mit Hydraulik\u00f6l geschmiert werden.<\/li>\n<li>Dichtungswechsel: Die Dichtungen des Zylinders sollten regelm\u00e4\u00dfig ausgetauscht werden, um die einwandfreie Funktion des Zylinders zu gew\u00e4hrleisten.<\/li>\n<li>Kalibrierungspr\u00fcfung: Die Kalibrierung des Zylinders sollte regelm\u00e4\u00dfig \u00fcberpr\u00fcft werden, um sicherzustellen, dass er optimal funktioniert.<\/li>\n<\/ul>\n<p><img decoding=\"async\" src=\"https:\/\/www.hydraulic-cylinders.net\/wp-content\/uploads\/2025\/01\/songte-chushion-collar.webp\" alt=\"Eimerzylinder-D\u00e4mpfungskragen\"><\/p>\n<h2>Sicherheitsaspekte und Umweltfaktoren<\/h2>\n<p>Beim Umgang mit Hydraulikzylindern sind Sicherheitsvorkehrungen zu treffen, um Unf\u00e4lle zu vermeiden. Die Anweisungen und Richtlinien des Herstellers m\u00fcssen unbedingt befolgt werden. Der Zylinder ist gem\u00e4\u00df den geltenden Umweltvorschriften und -richtlinien zu entsorgen.<\/p>\n<h2>Fehlerdiagnose und Fehlerbehebung<\/h2>\n<p>H\u00e4ufige Probleme bei Hydraulikzylindern sind Leckagen, unzureichende Kraft und falsche Ausrichtung. Eine sorgf\u00e4ltige Diagnose und Fehlersuche sind notwendig, um das Problem zu identifizieren und zu beheben. Regelm\u00e4\u00dfige Inspektionen und vorbeugende Wartung helfen, potenzielle Probleme zu vermeiden.<\/p>\n<p><img decoding=\"async\" src=\"https:\/\/www.hydraulic-cylinders.net\/wp-content\/uploads\/2025\/01\/songte-bushings-with-all-kinds-of-excavator-models.webp\" alt=\"Buchsen f\u00fcr Schaufelzylinder\"><\/p>\n<h2>\u00dcber unser Unternehmen<\/h2>\n<p>Wir sind ein Hersteller von Hydraulikzylindern mit einem breiten Produktsortiment. Als einer der f\u00fchrenden Hersteller und Gro\u00dfh\u00e4ndler von Hydraulikzylindern auf dem nationalen und internationalen Markt setzen wir auf h\u00f6chste Qualit\u00e4t. Unsere moderne Fertigungsanlage basiert auf einem fortschrittlichen industriellen Produktionsmanagement und optimiert kontinuierlich unsere Fertigungsprozesse durch den Einsatz qualifizierter Fachkr\u00e4fte, modernster digitaler Fertigungstechnik und professioneller Pr\u00fcfsysteme. So gew\u00e4hrleisten wir eine perfekte Produktqualit\u00e4t. Mit unserer ausgepr\u00e4gten Innovationskraft und unserem Anspruch, die vielf\u00e4ltigen Bed\u00fcrfnisse unserer Kunden mit h\u00f6chster Effizienz, Pr\u00e4zision und Qualit\u00e4t zu erf\u00fcllen, arbeiten wir stets daran, diese Anforderungen zu erf\u00fcllen.<\/p>\n<ul>\n<li>Professionalit\u00e4t: Unser Team besteht aus erfahrenen Fachleuten, die sich der Bereitstellung hochwertiger Hydraulikzylinder verschrieben haben.<\/li>\n<li>Internationale Zertifizierung: Unsere Produkte sind nach internationalen Standards zertifiziert, um h\u00f6chste Qualit\u00e4tsstandards zu gew\u00e4hrleisten.<\/li>\n<li>Anpassungsservice: Wir bieten kundenspezifische Hydraulikzylinder gem\u00e4\u00df den Anforderungen des Kunden an.<\/li>\n<li>Produktionsanlagen: Unsere Produktionsanlagen sind mit modernster Technik ausgestattet, um Effizienz und Qualit\u00e4t zu gew\u00e4hrleisten.<\/li>\n<li>Kundendienst: Wir bieten einen Kundendienst an, der unter anderem den Austausch von Teilen und die \u00dcberholung von Hydraulikzylindern umfasst, um deren Lebensdauer zu verl\u00e4ngern.<\/li>\n<\/ul>\n<p><img decoding=\"async\" src=\"https:\/\/hzpt.com\/wp-content\/uploads\/2024\/11\/songte-company-1.webp\" alt=\"\u00dcber unser Unternehmen\"><\/p>\n<h4>Autor: lyl<\/h4>","protected":false},"excerpt":{"rendered":"<p>Bucket Cylinder For Volvo Middle Excavator ECR235E Introduction A bucket cylinder is a specially designed hydraulic cylinder primarily used to control the movement of the bucket in heavy machinery such as excavators, backhoe excavators, and front-end loaders. Its main function is to enable the bucket to lift, lower, and tilt, making it easier to handle [&hellip;]<\/p>","protected":false},"featured_media":14771,"comment_status":"open","ping_status":"closed","template":"","meta":{"_et_pb_use_builder":"","_et_pb_old_content":"","_et_gb_content_width":""},"product_brand":[],"product_cat":[1494],"product_tag":[1495,1496],"class_list":{"0":"post-15397","1":"product","2":"type-product","3":"status-publish","4":"has-post-thumbnail","6":"product_cat-bucket-cylinders","7":"product_tag-bucket-cylinders","8":"product_tag-hydraulic-cylinders","10":"first","11":"instock","12":"shipping-taxable","13":"product-type-simple"},"amp_enabled":true,"_links":{"self":[{"href":"https:\/\/www.hydraulic-cylinders.net\/de\/wp-json\/wp\/v2\/product\/15397","targetHints":{"allow":["GET"]}}],"collection":[{"href":"https:\/\/www.hydraulic-cylinders.net\/de\/wp-json\/wp\/v2\/product"}],"about":[{"href":"https:\/\/www.hydraulic-cylinders.net\/de\/wp-json\/wp\/v2\/types\/product"}],"replies":[{"embeddable":true,"href":"https:\/\/www.hydraulic-cylinders.net\/de\/wp-json\/wp\/v2\/comments?post=15397"}],"wp:featuredmedia":[{"embeddable":true,"href":"https:\/\/www.hydraulic-cylinders.net\/de\/wp-json\/wp\/v2\/media\/14771"}],"wp:attachment":[{"href":"https:\/\/www.hydraulic-cylinders.net\/de\/wp-json\/wp\/v2\/media?parent=15397"}],"wp:term":[{"taxonomy":"product_brand","embeddable":true,"href":"https:\/\/www.hydraulic-cylinders.net\/de\/wp-json\/wp\/v2\/product_brand?post=15397"},{"taxonomy":"product_cat","embeddable":true,"href":"https:\/\/www.hydraulic-cylinders.net\/de\/wp-json\/wp\/v2\/product_cat?post=15397"},{"taxonomy":"product_tag","embeddable":true,"href":"https:\/\/www.hydraulic-cylinders.net\/de\/wp-json\/wp\/v2\/product_tag?post=15397"}],"curies":[{"name":"wp","href":"https:\/\/api.w.org\/{rel}","templated":true}]}}