{"id":15401,"date":"2025-01-19T14:29:05","date_gmt":"2025-01-19T14:29:05","guid":{"rendered":"https:\/\/www.hydraulic-cylinders.net\/product\/bucket-cylinder-for-volvo-large-excavator-ec360b\/"},"modified":"2025-01-19T14:29:07","modified_gmt":"2025-01-19T14:29:07","slug":"bucket-cylinder-for-volvo-large-excavator-ec360b","status":"publish","type":"product","link":"https:\/\/www.hydraulic-cylinders.net\/de\/produkt\/bucket-cylinder-for-volvo-large-excavator-ec360b\/","title":{"rendered":"L\u00f6ffelzylinder f\u00fcr Volvo Gro\u00dfbagger EC360B"},"content":{"rendered":"<p><!DOCTYPE html><br \/>\n<html><br \/>\n<head><br \/>\n<title>L\u00f6ffelzylinder f\u00fcr Volvo Gro\u00dfbagger EC360B<\/title><br \/>\n<\/head><br \/>\n<body><\/p>\n<h1>L\u00f6ffelzylinder f\u00fcr Volvo Gro\u00dfbagger EC360B<\/h1>\n<h2>Einf\u00fchrung<\/h2>\n<p>Der L\u00f6ffelzylinder f\u00fcr den Volvo-Gro\u00dfbagger EC360B ist ein speziell entwickelter Hydraulikzylinder zur Steuerung der L\u00f6ffelbewegung in Baumaschinen wie Baggern, Baggerladern und Radladern. Seine Hauptfunktion besteht darin, das Heben, Senken und Neigen des L\u00f6ffels zu erm\u00f6glichen und so verschiedene Materialumschlagsaufgaben zu erleichtern. Im Hydrauliksystem gew\u00e4hrleistet der L\u00f6ffelzylinder eine pr\u00e4zise Steuerung des L\u00f6ffels durch die Variation des Hydraulik\u00f6ldrucks. Dadurch kann der Bediener schwere Lasten effizient handhaben und sich an komplexe Arbeitsumgebungen und vielf\u00e4ltige Aufgaben anpassen.<\/p>\n<p><img decoding=\"async\" src=\"https:\/\/www.hydraulic-cylinders.net\/wp-content\/uploads\/2025\/01\/songte-company-2.webp\" alt=\"Bild des Schaufelzylinders\"><\/p>\n<h2>Merkmale<\/h2>\n<ul>\n<li>Hohe Festigkeit und Langlebigkeit: Typischerweise aus hochfestem Stahl oder Aluminium gefertigt, halten sie hohem Druck und hohen Belastungen stand, sind f\u00fcr raue Arbeitsumgebungen geeignet und wurden unter Ber\u00fccksichtigung von Verschlei\u00df- und Korrosionsbest\u00e4ndigkeit entwickelt, um ihre Lebensdauer zu verl\u00e4ngern.<\/li>\n<li>Effizienter Hydraulikbetrieb: Nutzt den Druck des Hydraulik\u00f6ls, um ein sanftes Aus- und Einfahren zu erm\u00f6glichen, was eine schnelle Reaktion auf Steuerbefehle erlaubt und eine starke Schub- und Zugkraft bietet, die sich f\u00fcr die Handhabung schwerer Lasten und komplexer Arbeitsaufgaben eignet.<\/li>\n<li>Verschiedene Typen: Je nach Bedarf kann zwischen einfachwirkenden (hydraulisch nur in eine Richtung wirkenden) und doppeltwirkenden (hydraulisch in beide Richtungen wirkenden) Zylindern gew\u00e4hlt werden. Einige Modelle sind teleskopierbar und erm\u00f6glichen so eine gr\u00f6\u00dfere Ausdehnung ohne Vergr\u00f6\u00dferung der Au\u00dfenabmessungen. Sie eignen sich daher f\u00fcr Anwendungen mit begrenztem Platzangebot.<\/li>\n<li>Perfekter Ersatz: Unser Produkt kann diese Hydraulikzylinder perfekt ersetzen.<\/li>\n<\/ul>\n<p><img decoding=\"async\" src=\"https:\/\/www.hydraulic-cylinders.net\/wp-content\/uploads\/2025\/01\/songte-cylinder-head-with-all-kinds-excavator-models.webp\" alt=\"Abbildung des Ersatzzylinders\"><\/p>\n<h2>Anwendungen<\/h2>\n<p>Der Schaufelzylinder findet in verschiedenen Ger\u00e4tetypen Anwendung:<\/p>\n<ul>\n<li>Baumaschinen: Sie sind in Baggern zu finden und unerl\u00e4sslich f\u00fcr Aushubarbeiten, das Laden und den Transport von Erde oder Bauschutt. Bei Baggerladern unterst\u00fctzt der Schaufelzylinder sowohl das Graben als auch das Heben.<\/li>\n<li>Landwirtschaftliche Maschinen: Wird in Frontladern zum Schaufeln, Heben und Transportieren von Erde, Heu und anderen Materialien verwendet.<\/li>\n<li>Bagger: Der Schaufelzylinder erm\u00f6glicht Grabvorg\u00e4nge, indem er der Schaufel das Eindringen in den Boden erm\u00f6glicht.<\/li>\n<li>Frontlader: Bei Frontladern helfen sie beim effizienten Anheben und Abladen von G\u00fctern.<\/li>\n<\/ul>\n<h2>Design\u00fcberlegungen und Auswahlkriterien<\/h2>\n<p>Bei der Konstruktion des Schaufelzylinders werden mehrere Faktoren ber\u00fccksichtigt:<\/p>\n<ul>\n<li>Belastbarkeit<\/li>\n<li>Versiegelung<\/li>\n<li>Haltbarkeit<\/li>\n<li>Sicherheit<\/li>\n<li>Wartbarkeit<\/li>\n<\/ul>\n<p><img decoding=\"async\" src=\"https:\/\/www.hydraulic-cylinders.net\/wp-content\/uploads\/2025\/01\/songte-oil-pipes-and-spare-parts.webp\" alt=\"Design\u00fcberlegungen Bild\"><\/p>\n<h2>Abdichtung und Schmierung<\/h2>\n<p>Der Schaufelzylinder verwendet verschiedene Dichtungselemente wie Kolben- und Stangendichtungen aus verschlei\u00dffesten Materialien wie Polyurethan und Nitrilkautschuk. Zylinderk\u00f6rper und Gewindeendfl\u00e4chen sind feinbearbeitet, um die Verschlei\u00dffestigkeit zu erh\u00f6hen. F\u00fcr einen reibungslosen Betrieb ist regelm\u00e4\u00dfige Schmierung mit der richtigen Menge Hydraulik\u00f6l erforderlich.<\/p>\n<h2>Regelm\u00e4\u00dfige Inspektion und vorbeugende Wartungsma\u00dfnahmen<\/h2>\n<p>Um optimale Leistung und Langlebigkeit zu gew\u00e4hrleisten, sollten regelm\u00e4\u00dfige Inspektionen und vorbeugende Wartungsma\u00dfnahmen durchgef\u00fchrt werden:<\/p>\n<ul>\n<li>Den Zylinder auf Anzeichen von Besch\u00e4digung oder Verschlei\u00df pr\u00fcfen.<\/li>\n<li>Angemessene Schmierung anwenden<\/li>\n<li>Austausch verschlissener Dichtungen<\/li>\n<li>Den Zylinder gegebenenfalls kalibrieren.<\/li>\n<\/ul>\n<p><img decoding=\"async\" src=\"https:\/\/www.hydraulic-cylinders.net\/wp-content\/uploads\/2025\/01\/songte-chushion-collar.webp\" alt=\"Wartungstipps Bild\"><\/p>\n<h2>Sicherheitsaspekte und Umweltfaktoren<\/h2>\n<p>Bei der Verwendung des Schaufelzylinders ist es wichtig, Sicherheitsvorkehrungen zu treffen, um Unf\u00e4lle zu vermeiden, Umweltfaktoren zu ber\u00fccksichtigen und die ordnungsgem\u00e4\u00dfe Entsorgung des Hydraulik\u00f6ls sowie die Einhaltung der Umweltvorschriften sicherzustellen.<\/p>\n<h2>Fehlerbehebung und h\u00e4ufige Probleme<\/h2>\n<p>H\u00e4ufige Probleme und deren L\u00f6sungsans\u00e4tze sind unter anderem:<\/p>\n<ul>\n<li>Undichtigkeit: Dichtungen pr\u00fcfen und gegebenenfalls ersetzen, Verbindungen festziehen.<\/li>\n<li>Mangelhafte Leistung: Pr\u00fcfen Sie auf verschlissene Komponenten und kalibrieren Sie das Ger\u00e4t gegebenenfalls.<\/li>\n<li>Ger\u00e4usche: Auf lose Teile pr\u00fcfen, gegebenenfalls schmieren.<\/li>\n<\/ul>\n<p><img decoding=\"async\" src=\"https:\/\/www.hydraulic-cylinders.net\/wp-content\/uploads\/2025\/01\/songte-bushings-with-all-kinds-of-excavator-models.webp\" alt=\"Bild mit Tipps zur Fehlerbehebung\"><\/p>\n<h2>Abschluss<\/h2>\n<p>Zusammenfassend l\u00e4sst sich sagen, dass unser Unternehmen ein f\u00fchrender Hersteller und Gro\u00dfh\u00e4ndler von Hydraulikzylindern auf nationalen und internationalen M\u00e4rkten ist. Mit Fokus auf h\u00f6chste Qualit\u00e4t und modernsten Fertigungsanlagen streben wir danach, die vielf\u00e4ltigen Bed\u00fcrfnisse unserer Kunden durch effiziente, pr\u00e4zise und qualitativ hochwertige Produkte zu erf\u00fcllen. Wir bieten professionelle Expertise, internationale Zertifizierungen, kundenspezifische L\u00f6sungen, modernste Produktionsanlagen und einen umfassenden Kundendienst.<\/p>\n<p><img decoding=\"async\" src=\"https:\/\/www.hydraulic-cylinders.net\/wp-content\/uploads\/2025\/01\/songte-company-3.webp\" alt=\"Firmenimage\"><\/p>\n<p>Autor: lyl<\/p>\n<p><\/body><br \/>\n<\/html><\/p>","protected":false},"excerpt":{"rendered":"<p>Bucket Cylinder For Volvo Large Excavator EC360B Bucket Cylinder For Volvo Large Excavator EC360B Introduction The bucket cylinder for Volvo large excavator EC360B is a specially designed hydraulic cylinder used to control the movement of the bucket in heavy machinery such as excavators, backhoe loaders, and front loaders. Its main function is to enable the [&hellip;]<\/p>","protected":false},"featured_media":14761,"comment_status":"open","ping_status":"closed","template":"","meta":{"_et_pb_use_builder":"","_et_pb_old_content":"","_et_gb_content_width":""},"product_brand":[],"product_cat":[1494],"product_tag":[1495,1496],"class_list":{"0":"post-15401","1":"product","2":"type-product","3":"status-publish","4":"has-post-thumbnail","6":"product_cat-bucket-cylinders","7":"product_tag-bucket-cylinders","8":"product_tag-hydraulic-cylinders","10":"first","11":"instock","12":"shipping-taxable","13":"product-type-simple"},"amp_enabled":true,"_links":{"self":[{"href":"https:\/\/www.hydraulic-cylinders.net\/de\/wp-json\/wp\/v2\/product\/15401","targetHints":{"allow":["GET"]}}],"collection":[{"href":"https:\/\/www.hydraulic-cylinders.net\/de\/wp-json\/wp\/v2\/product"}],"about":[{"href":"https:\/\/www.hydraulic-cylinders.net\/de\/wp-json\/wp\/v2\/types\/product"}],"replies":[{"embeddable":true,"href":"https:\/\/www.hydraulic-cylinders.net\/de\/wp-json\/wp\/v2\/comments?post=15401"}],"wp:featuredmedia":[{"embeddable":true,"href":"https:\/\/www.hydraulic-cylinders.net\/de\/wp-json\/wp\/v2\/media\/14761"}],"wp:attachment":[{"href":"https:\/\/www.hydraulic-cylinders.net\/de\/wp-json\/wp\/v2\/media?parent=15401"}],"wp:term":[{"taxonomy":"product_brand","embeddable":true,"href":"https:\/\/www.hydraulic-cylinders.net\/de\/wp-json\/wp\/v2\/product_brand?post=15401"},{"taxonomy":"product_cat","embeddable":true,"href":"https:\/\/www.hydraulic-cylinders.net\/de\/wp-json\/wp\/v2\/product_cat?post=15401"},{"taxonomy":"product_tag","embeddable":true,"href":"https:\/\/www.hydraulic-cylinders.net\/de\/wp-json\/wp\/v2\/product_tag?post=15401"}],"curies":[{"name":"wp","href":"https:\/\/api.w.org\/{rel}","templated":true}]}}