{"id":15404,"date":"2025-01-19T14:29:16","date_gmt":"2025-01-19T14:29:16","guid":{"rendered":"https:\/\/www.hydraulic-cylinders.net\/product\/bucket-cylinder-for-volvo-large-excavator-ec480d\/"},"modified":"2025-01-19T14:29:18","modified_gmt":"2025-01-19T14:29:18","slug":"bucket-cylinder-for-volvo-large-excavator-ec480d","status":"publish","type":"product","link":"https:\/\/www.hydraulic-cylinders.net\/de\/produkt\/bucket-cylinder-for-volvo-large-excavator-ec480d\/","title":{"rendered":"L\u00f6ffelzylinder f\u00fcr Volvo Gro\u00dfbagger EC480D"},"content":{"rendered":"<p><!DOCTYPE html><br \/>\n<html><br \/>\n<head><br \/>\n    <title>L\u00f6ffelzylinder f\u00fcr Volvo Gro\u00dfbagger EC480D<\/title><br \/>\n<\/head><br \/>\n<body><\/p>\n<h2>Einf\u00fchrung<\/h2>\n<p>\n        <b>L\u00f6ffelzylinder f\u00fcr Volvo Gro\u00dfbagger EC480D<\/b> Der Schaufelzylinder ist ein speziell entwickelter Hydraulikzylinder, der die Bewegung der Schaufel in Baumaschinen wie Baggern, Baggerladern und Radladern steuert. Seine Hauptfunktion besteht darin, das Heben, Senken und Neigen der Schaufel zu erm\u00f6glichen und so verschiedene Materialumschlagsaufgaben zu erleichtern. Im Hydrauliksystem gew\u00e4hrleistet der Schaufelzylinder durch die Anpassung des Hydraulik\u00f6ldrucks eine pr\u00e4zise Steuerung der Schaufel. Dies erlaubt dem Bediener, schwere Lasten effizient zu handhaben und sich an komplexe Arbeitsumgebungen und vielf\u00e4ltige Betriebsanforderungen anzupassen.\n    <\/p>\n<p>    <img decoding=\"async\" src=\"https:\/\/www.hydraulic-cylinders.net\/wp-content\/uploads\/2025\/01\/songte-company-2.webp\" alt=\"Schaufelzylinder\" \/><\/p>\n<h2>Merkmale<\/h2>\n<ul>\n<li>\n            <b>Hohe Festigkeit und Haltbarkeit:<\/b> Der aus hochfestem Stahl oder Aluminium gefertigte Schaufelzylinder h\u00e4lt hohem Druck und schweren Lasten stand und ist f\u00fcr raue Arbeitsbedingungen geeignet. Seine Konstruktion gew\u00e4hrleistet Verschlei\u00df- und Korrosionsbest\u00e4ndigkeit und verl\u00e4ngert so seine Lebensdauer.\n        <\/li>\n<li>\n            <b>Effizienter Hydraulikbetrieb:<\/b> Durch die Nutzung des Hydraulik\u00f6ldrucks erreicht der Zylinder der Schaufel ein gleichm\u00e4\u00dfiges Aus- und Einfahren, reagiert schnell auf Steuerbefehle und liefert kraftvolle Schub- und Zugkr\u00e4fte, die f\u00fcr den Umgang mit schweren Lasten und komplexen Arbeitsaufgaben geeignet sind.\n        <\/li>\n<li>\n            <b>Verschiedene Typen:<\/b> Der Schaufelzylinder kann je nach Einsatzbedarf einfachwirkend (Hydraulik wirkt nur in eine Richtung) oder doppeltwirkend (Hydraulik wirkt in beide Richtungen) ausgef\u00fchrt sein. Einige Modelle sind teleskopierbar und erm\u00f6glichen so eine gr\u00f6\u00dfere Ausladung ohne Vergr\u00f6\u00dferung der Au\u00dfenabmessungen \u2013 ideal f\u00fcr Anwendungen mit begrenztem Platzangebot.\n        <\/li>\n<li>\n            <b>Perfekter Ersatz:<\/b> Unsere Produkte k\u00f6nnen diese Hydraulikzylinder perfekt ersetzen.\n        <\/li>\n<\/ul>\n<p>    <img decoding=\"async\" src=\"https:\/\/www.hydraulic-cylinders.net\/wp-content\/uploads\/2025\/01\/songte-cylinder-head-with-all-kinds-excavator-models.webp\" alt=\"Abbildung des Produkts\" \/><\/p>\n<h2>Anwendungen<\/h2>\n<ul>\n<li>\n<h3>Baumaschinen:<\/h3>\n<p>Bei Baggern sind sie unverzichtbar zum Ausheben, Laden und Bewegen von Erde oder Schutt. Bei Baggerladern unterst\u00fctzt der Schaufelzylinder sowohl das Graben als auch das Heben.<\/p>\n<\/li>\n<li>\n<h3>Landmaschinen:<\/h3>\n<p>Wird in Frontladern zum Schaufeln, Anheben und Transportieren von Erde, Heu und anderen Materialien verwendet.<\/p>\n<\/li>\n<li>\n<h3>Bagger:<\/h3>\n<p>Der Zylinder des L\u00f6ffels erm\u00f6glicht Grabvorg\u00e4nge, indem er das Eindringen des L\u00f6ffels in den Boden erlaubt.<\/p>\n<\/li>\n<li>\n<h3>Lader:<\/h3>\n<p>Bei Frontladern helfen sie beim effizienten Anheben und Abladen von Ladung.<\/p>\n<\/li>\n<\/ul>\n<h2>Design\u00fcberlegungen und Auswahlkriterien<\/h2>\n<ul>\n<li>\n<h3>Tragf\u00e4higkeit:<\/h3>\n<p>Die Zylinder der Schaufel sind so konstruiert, dass sie der vorgesehenen Belastung und den jeweiligen Arbeitsbedingungen standhalten und so einen sicheren und zuverl\u00e4ssigen Betrieb gew\u00e4hrleisten.<\/p>\n<\/li>\n<li>\n<h3>Versiegelung:<\/h3>\n<p>Zur Aufrechterhaltung der hydraulischen Integrit\u00e4t und zur Verhinderung von Leckagen werden verschiedene Dichtungskomponenten, wie z. B. Kolbendichtungen und Stangendichtungen, verwendet.<\/p>\n<\/li>\n<li>\n<h3>Haltbarkeit:<\/h3>\n<p>Die Komponenten bestehen aus langlebigen Materialien und werden pr\u00e4zisen Oberfl\u00e4chenbehandlungen unterzogen, um die Verschlei\u00dffestigkeit zu erh\u00f6hen und die Lebensdauer des Produkts zu verl\u00e4ngern.<\/p>\n<\/li>\n<li>\n<h3>Sicherheit:<\/h3>\n<p>Es werden Vorkehrungen getroffen, um einen sicheren Betrieb zu gew\u00e4hrleisten, unter anderem durch den Einbau von Sicherheitsmerkmalen wie Druckbegrenzungsventilen.<\/p>\n<\/li>\n<li>\n<h3>Wartung:<\/h3>\n<p>Die Konstruktion umfasst Merkmale, die Wartung und Reparatur erleichtern, einen einfachen Zugang zu den Komponenten erm\u00f6glichen und klare Anweisungen f\u00fcr regelm\u00e4\u00dfige Inspektionen und Wartungsarbeiten bereitstellen.<\/p>\n<\/li>\n<\/ul>\n<p>    <img decoding=\"async\" src=\"https:\/\/www.hydraulic-cylinders.net\/wp-content\/uploads\/2025\/01\/songte-oil-pipes-and-spare-parts.webp\" alt=\"Abdichtung und Wartung\" \/><\/p>\n<h2>Abdichtung und Schmierung<\/h2>\n<p>Die Zylinder der Schaufeln verwenden verschiedene Dichtungen, beispielsweise aus Polyurethan und Nitrilkautschuk, die f\u00fcr ihre Verschlei\u00dffestigkeit bekannt sind. Zylinderk\u00f6rper und Gewindeenden werden pr\u00e4zise bearbeitet, um die Verschlei\u00dffestigkeit weiter zu verbessern. Regelm\u00e4\u00dfige Schmierung mit Hydraulik\u00f6l ist f\u00fcr einen reibungslosen Betrieb unerl\u00e4sslich.<\/p>\n<h2>Inspektion und vorbeugende Wartung<\/h2>\n<ul>\n<li>\u00dcberpr\u00fcfen Sie den Zylinder des Schaufelrads regelm\u00e4\u00dfig auf Anzeichen von Verschlei\u00df, Leckagen oder Besch\u00e4digungen.<\/li>\n<li>Sorgen Sie f\u00fcr eine ordnungsgem\u00e4\u00dfe Schmierung aller beweglichen Teile.<\/li>\n<li>Die Dichtungen m\u00fcssen regelm\u00e4\u00dfig ausgetauscht werden, um die hydraulische Integrit\u00e4t zu gew\u00e4hrleisten.<\/li>\n<li>F\u00fchren Sie Kalibrierungspr\u00fcfungen durch, um eine optimale Leistung zu gew\u00e4hrleisten.<\/li>\n<\/ul>\n<p>    <img decoding=\"async\" src=\"https:\/\/www.hydraulic-cylinders.net\/wp-content\/uploads\/2025\/01\/songte-chushion-collar.webp\" alt=\"Wartung und Inspektion\" \/><\/p>\n<h2>Sicherheitsaspekte und Umweltfaktoren<\/h2>\n<p>Bei der Verwendung von Eimerzylindern ist es wichtig, Sicherheitsma\u00dfnahmen zu befolgen, um Unf\u00e4lle zu vermeiden und die Sicherheit der Bediener und des umliegenden Personals zu gew\u00e4hrleisten. Umwelteinfl\u00fcsse wie Temperatur und die Einwirkung rauer Bedingungen m\u00fcssen ebenfalls ber\u00fccksichtigt werden, um die einwandfreie Funktion und Langlebigkeit des Produkts sicherzustellen.<\/p>\n<h2>Fehlerbehebung und h\u00e4ufige Probleme<\/h2>\n<ul>\n<li>\n<h3>Problem: Leckage<\/h3>\n<p>M\u00f6gliche Ursachen:<\/p>\n<ul>\n<li>Abgenutzte Dichtungen<\/li>\n<li>Besch\u00e4digter Zylinderk\u00f6rper<\/li>\n<li>Unsachgem\u00e4\u00dfe Installation<\/li>\n<\/ul>\n<p>L\u00f6sung: Verschlei\u00dfte Dichtungen austauschen, Zylinderk\u00f6rper gegebenenfalls reparieren oder ersetzen und sicherstellen, dass die korrekten Installationsverfahren eingehalten werden.<\/p>\n<\/li>\n<li>\n<h3>Problem: Langsame oder unvollst\u00e4ndige Bewegung<\/h3>\n<p>M\u00f6gliche Ursachen:<\/p>\n<ul>\n<li>Mangelnde Schmierung<\/li>\n<li>Innere Besch\u00e4digung oder Verstopfung<\/li>\n<li>Fehlfunktionierende Regelventile<\/li>\n<\/ul>\n<p>L\u00f6sung: Schmieren Sie alle beweglichen Teile, pr\u00fcfen Sie auf innere Sch\u00e4den oder Verstopfungen und kontrollieren Sie die Steuerventile auf ordnungsgem\u00e4\u00dfe Funktion.<\/p>\n<\/li>\n<\/ul>\n<p>    <img decoding=\"async\" src=\"https:\/\/www.hydraulic-cylinders.net\/wp-content\/uploads\/2025\/01\/songte-bushings-with-all-kinds-of-excavator-models.webp\" alt=\"Fehlersuche und Buchsen\" \/><\/p>\n<h2>Wartungsaufgaben<\/h2>\n<ul>\n<li>Regelm\u00e4\u00dfige Inspektion<\/li>\n<li>Richtige Schmierung<\/li>\n<li>Dichtungswechsel<\/li>\n<li>Kalibrierungspr\u00fcfungen<\/li>\n<\/ul>\n<p>F\u00fcr einen sicheren und effizienten Betrieb sind die korrekte Installation, Schmierung und Justierung unerl\u00e4sslich. W\u00e4hrend der Installation sollten Hinweise zur korrekten Ausrichtung gegeben werden. Die Verwendung geeigneter Montagehalterungen zur Befestigung des Zylinders wird empfohlen. Empfohlene Inspektions-, Reparatur- und Austauschverfahren tragen zur Verl\u00e4ngerung der Produktlebensdauer bei.<\/p>\n<h2>Abbildung des Produkts<\/h2>\n<p>    <img decoding=\"async\" src=\"https:\/\/hzpt.com\/wp-content\/uploads\/2024\/11\/songte-company-1.webp\" alt=\"Abbildung des Produkts\" \/><\/p>\n<h2>Unternehmens\u00fcbersicht<\/h2>\n<p>\n        Wir sind ein Hersteller von Hydraulikzylindern als Ersatzteil und bieten eine breite Produktpalette an. Als einer der f\u00fchrenden Hersteller und Gro\u00dfh\u00e4ndler von Hydraulikzylindern in der Region\u2026<\/p>","protected":false},"excerpt":{"rendered":"<p>Bucket Cylinder For Volvo Large Excavator EC480D Introduction Bucket Cylinder For Volvo Large Excavator EC480D is a specially designed hydraulic cylinder used to control the movement of the bucket in heavy machinery such as excavators, backhoe loaders, and front-end loaders. Its main function is to enable the bucket to lift, lower, and tilt, facilitating various [&hellip;]<\/p>","protected":false},"featured_media":14787,"comment_status":"open","ping_status":"closed","template":"","meta":{"_et_pb_use_builder":"","_et_pb_old_content":"","_et_gb_content_width":""},"product_brand":[],"product_cat":[1494],"product_tag":[1495,1496],"class_list":{"0":"post-15404","1":"product","2":"type-product","3":"status-publish","4":"has-post-thumbnail","6":"product_cat-bucket-cylinders","7":"product_tag-bucket-cylinders","8":"product_tag-hydraulic-cylinders","10":"first","11":"instock","12":"shipping-taxable","13":"product-type-simple"},"amp_enabled":true,"_links":{"self":[{"href":"https:\/\/www.hydraulic-cylinders.net\/de\/wp-json\/wp\/v2\/product\/15404","targetHints":{"allow":["GET"]}}],"collection":[{"href":"https:\/\/www.hydraulic-cylinders.net\/de\/wp-json\/wp\/v2\/product"}],"about":[{"href":"https:\/\/www.hydraulic-cylinders.net\/de\/wp-json\/wp\/v2\/types\/product"}],"replies":[{"embeddable":true,"href":"https:\/\/www.hydraulic-cylinders.net\/de\/wp-json\/wp\/v2\/comments?post=15404"}],"wp:featuredmedia":[{"embeddable":true,"href":"https:\/\/www.hydraulic-cylinders.net\/de\/wp-json\/wp\/v2\/media\/14787"}],"wp:attachment":[{"href":"https:\/\/www.hydraulic-cylinders.net\/de\/wp-json\/wp\/v2\/media?parent=15404"}],"wp:term":[{"taxonomy":"product_brand","embeddable":true,"href":"https:\/\/www.hydraulic-cylinders.net\/de\/wp-json\/wp\/v2\/product_brand?post=15404"},{"taxonomy":"product_cat","embeddable":true,"href":"https:\/\/www.hydraulic-cylinders.net\/de\/wp-json\/wp\/v2\/product_cat?post=15404"},{"taxonomy":"product_tag","embeddable":true,"href":"https:\/\/www.hydraulic-cylinders.net\/de\/wp-json\/wp\/v2\/product_tag?post=15404"}],"curies":[{"name":"wp","href":"https:\/\/api.w.org\/{rel}","templated":true}]}}