{"id":15415,"date":"2025-01-19T14:30:08","date_gmt":"2025-01-19T14:30:08","guid":{"rendered":"https:\/\/www.hydraulic-cylinders.net\/product\/bucket-cylinder-for-volvo-wheel-excavator-ew145bp\/"},"modified":"2025-01-19T14:30:11","modified_gmt":"2025-01-19T14:30:11","slug":"bucket-cylinder-for-volvo-wheel-excavator-ew145bp","status":"publish","type":"product","link":"https:\/\/www.hydraulic-cylinders.net\/de\/produkt\/bucket-cylinder-for-volvo-wheel-excavator-ew145bp\/","title":{"rendered":"L\u00f6ffelzylinder f\u00fcr Volvo Radbagger EW145BP"},"content":{"rendered":"<h1>L\u00f6ffelzylinder f\u00fcr Volvo Radbagger EW145BP<\/h1>\n<h2>Einf\u00fchrung<\/h2>\n<p>Der Schaufelzylinder ist ein speziell entwickelter Hydraulikzylinder, der die Bewegung der Schaufel in Baumaschinen wie Baggern, Baggerladern und Radladern steuert. Seine Hauptfunktion besteht darin, das Heben, Senken und Neigen der Schaufel zu erm\u00f6glichen und so verschiedene Materialumschlagsaufgaben zu erleichtern. Im Hydrauliksystem gew\u00e4hrleistet der Schaufelzylinder durch die Druckver\u00e4nderungen des Hydraulik\u00f6ls eine pr\u00e4zise Steuerung der Schaufel. Dadurch k\u00f6nnen Bediener schwere Lasten effizient handhaben und sich an komplexe Arbeitsumgebungen und vielf\u00e4ltige Aufgaben anpassen.<\/p>\n<p><img decoding=\"async\" src=\"https:\/\/www.hydraulic-cylinders.net\/wp-content\/uploads\/2025\/01\/songte-company-2.webp\" alt=\"Bild des Schaufelzylinders\"><\/p>\n<h2>Merkmale<\/h2>\n<ul>\n<li>Hohe Festigkeit und Langlebigkeit: Gefertigt aus hochfestem Stahl oder Aluminium, h\u00e4lt es hohem Druck und schweren Belastungen stand und eignet sich f\u00fcr anspruchsvolle Arbeitsumgebungen. Die Konstruktion ber\u00fccksichtigt Verschlei\u00df- und Korrosionsbest\u00e4ndigkeit und verl\u00e4ngert so die Lebensdauer.<\/li>\n<li>Effizienter Hydraulikbetrieb: Durch die Nutzung des Hydraulik\u00f6ldrucks f\u00fcr ein sanftes Aus- und Einfahren reagiert das System schnell auf Steuerbefehle und bietet kraftvolle Schub- und Zugkr\u00e4fte, die f\u00fcr die Bew\u00e4ltigung schwerer Lasten und komplexer Aufgaben geeignet sind.<\/li>\n<li>Verschiedene Typen: W\u00e4hlen Sie je nach Bedarf zwischen einfachwirkenden (hydraulisch in eine Richtung wirkenden) und doppeltwirkenden (hydraulisch in beide Richtungen wirkenden) Zylindern. Einige Modelle sind teleskopierbar und erm\u00f6glichen so eine gr\u00f6\u00dfere Auszugsl\u00e4nge ohne Vergr\u00f6\u00dferung der Au\u00dfenabmessungen. Dadurch eignen sie sich besonders f\u00fcr Anwendungen mit beengten Platzverh\u00e4ltnissen.<\/li>\n<li>Perfekter Ersatz: Unsere Produkte k\u00f6nnen diese Hydraulikzylinder perfekt ersetzen.<\/li>\n<\/ul>\n<p><img decoding=\"async\" src=\"https:\/\/www.hydraulic-cylinders.net\/wp-content\/uploads\/2025\/01\/songte-cylinder-head-with-all-kinds-excavator-models.webp\" alt=\"Abbildung des Produkts\"><\/p>\n<h2>Anwendungen<\/h2>\n<p>Dieser Schaufelzylinder findet Anwendung in verschiedenen Ger\u00e4ten:<\/p>\n<ul>\n<li>Baumaschinen: Sie sind in Baggern zu finden und unerl\u00e4sslich f\u00fcr Aushubarbeiten, das Laden und den Transport von Erde oder Bauschutt. Bei Baggerladern unterst\u00fctzt der Schaufelzylinder sowohl das Graben als auch das Heben.<\/li>\n<li>Landwirtschaftliche Maschinen: Sie werden in Frontladern eingesetzt und erleichtern das Aufnehmen, Anheben und Transportieren von Erde, Heu und anderen Materialien.<\/li>\n<li>Bagger: Der Schaufelzylinder erm\u00f6glicht Grabvorg\u00e4nge, indem er der Schaufel das Eindringen in den Boden erm\u00f6glicht.<\/li>\n<li>Radlader: In Radladern helfen sie beim effizienten Anheben und Abladen von G\u00fctern.<\/li>\n<\/ul>\n<h2>Design\u00fcberlegungen und Auswahlkriterien<\/h2>\n<p>Bei gestalterischen \u00dcberlegungen sind folgende Faktoren von entscheidender Bedeutung:<\/p>\n<ul>\n<li>Tragf\u00e4higkeit: Der Zylinder sollte so konstruiert sein, dass er der zu erwartenden Last ohne Versagen standh\u00e4lt.<\/li>\n<li>Dichtungsf\u00e4higkeit: Geeignete Dichtungen, wie z. B. Kolben- und Stangendichtungen, werden eingesetzt, um Leckagen zu verhindern und einen effizienten Betrieb zu gew\u00e4hrleisten.<\/li>\n<li>Langlebigkeit: Der Zylinder sollte verschlei\u00df- und korrosionsbest\u00e4ndig sein, um eine lange Lebensdauer zu gew\u00e4hrleisten.<\/li>\n<li>Sicherheit: Um Unf\u00e4lle zu vermeiden, sollten Sicherheitsmerkmale wie Druckbegrenzungsventile eingebaut werden.<\/li>\n<li>Wartungsfreundlichkeit: Ein einfacher Zugang f\u00fcr Wartungs- und Reparaturarbeiten ist unerl\u00e4sslich, um Ausfallzeiten zu minimieren.<\/li>\n<\/ul>\n<p><img decoding=\"async\" src=\"https:\/\/www.hydraulic-cylinders.net\/wp-content\/uploads\/2025\/01\/songte-oil-pipes-and-spare-parts.webp\" alt=\"Abbildung des Produkts\"><\/p>\n<h2>Abdichtung und Schmierung<\/h2>\n<p>Der Schaufelzylinder verwendet verschiedene Dichtungen, wie Kolben- und Stangendichtungen, die aus verschlei\u00dffesten Materialien wie Polyurethan und Nitrilkautschuk gefertigt sind. Zylinderk\u00f6rper und Gewindeenden werden sorgf\u00e4ltig oberfl\u00e4chenbehandelt, um die Verschlei\u00dffestigkeit zu erh\u00f6hen. Regelm\u00e4\u00dfige Schmierung mit der richtigen Menge Hydraulik\u00f6l ist f\u00fcr einen reibungslosen Betrieb unerl\u00e4sslich.<\/p>\n<h2>Inspektion und vorbeugende Wartung<\/h2>\n<p>Um optimale Leistung und Langlebigkeit zu gew\u00e4hrleisten, sollten folgende Ma\u00dfnahmen umgesetzt werden:<\/p>\n<ul>\n<li>Regelm\u00e4\u00dfige Inspektionen<\/li>\n<li>Richtige Schmierung<\/li>\n<li>Dichtungsersatz<\/li>\n<li>Kalibrierungspr\u00fcfungen<\/li>\n<\/ul>\n<p><img decoding=\"async\" src=\"https:\/\/www.hydraulic-cylinders.net\/wp-content\/uploads\/2025\/01\/songte-chushion-collar.webp\" alt=\"Abbildung des Produkts\"><\/p>\n<h2>Sicherheitsaspekte und Umweltfaktoren<\/h2>\n<p>Bei der Verwendung des Hubzylinders ist es wichtig, die Sicherheitsma\u00dfnahmen einzuhalten, um Unf\u00e4lle zu vermeiden und ein sicheres Arbeitsumfeld zu gew\u00e4hrleisten. Dazu geh\u00f6ren eine angemessene Schulung, die Einhaltung der Sicherheitsrichtlinien und die Verwendung pers\u00f6nlicher Schutzausr\u00fcstung.<\/p>\n<h2>Fehlerdiagnose und h\u00e4ufige Probleme<\/h2>\n<p>Im Falle von Fehlern oder Problemen k\u00f6nnen die folgenden Tipps und Methoden zur Fehlerbehebung bei der Diagnose und Behebung der Probleme helfen:<\/p>\n<ul>\n<li>Regelm\u00e4\u00dfige Wartung und Inspektion<\/li>\n<li>Richtige Schmierung<\/li>\n<li>Dichtungsersatz<\/li>\n<li>Pr\u00e4ventive Ma\u00dfnahmen<\/li>\n<\/ul>\n<p><img decoding=\"async\" src=\"https:\/\/www.hydraulic-cylinders.net\/wp-content\/uploads\/2025\/01\/songte-bushings-with-all-kinds-of-excavator-models.webp\" alt=\"Abbildung des Produkts\"><\/p>\n<p>Denken Sie daran, den Artikel logisch zu strukturieren, Zwischen\u00fcberschriften zur einfacheren Navigation zu verwenden, relevante Bilder oder Diagramme zum besseren Verst\u00e4ndnis einzuf\u00fcgen und sicherzustellen, dass der Inhalt klar, pr\u00e4gnant und f\u00fcr Leser mit unterschiedlichem technischen Wissen geeignet ist.<\/p>\n<h2>Unternehmensvorstellung<\/h2>\n<p>Wir sind Hersteller von Hydraulikzylindern und bieten ein breites Produktsortiment an. Wir z\u00e4hlen zu den f\u00fchrenden Herstellern und Gro\u00dfh\u00e4ndlern von Hydraulikzylindern auf dem nationalen und internationalen Markt. In unseren modernen Fertigungsst\u00e4tten setzen wir auf h\u00f6chste Qualit\u00e4t und industrialisierte Produktionsmanagementstrategien. Dank unserer qualifizierten Fachkr\u00e4fte, fortschrittlicher digitaler Fertigungsanlagen und professioneller Testsysteme optimieren wir kontinuierlich unsere Fertigungsprozesse und steigern die Qualit\u00e4t unserer Produkte. Unsere ausgepr\u00e4gte Innovationskraft erm\u00f6glicht es uns, vielf\u00e4ltige Kundenanforderungen effizient, pr\u00e4zise und in h\u00f6chster Qualit\u00e4t zu erf\u00fcllen.<\/p>\n<p><img decoding=\"async\" src=\"https:\/\/www.hydraulic-cylinders.net\/wp-content\/uploads\/2025\/01\/songte-company-3.webp\" alt=\"Firmenimage\"><\/p>\n<h3>Unsere Unternehmenshighlights:<\/h3>\n<ul>\n<li>Professionalit\u00e4t<\/li>\n<li>Internationale Zertifizierungen<\/li>\n<li>Anpassungsdienste<\/li>\n<li>Modernste Produktionsanlagen<\/li>\n<li>Kundendienst<\/li>\n<\/ul>\n<p>Autor: lyl<\/p>\n<p><img decoding=\"async\" src=\"https:\/\/hzpt.com\/wp-content\/uploads\/2024\/11\/songte-company-1.webp\" alt=\"Firmenimage\"><\/p>","protected":false},"excerpt":{"rendered":"<p>Bucket Cylinder For Volvo Wheel Excavator EW145BP Introduction The bucket cylinder is a specially designed hydraulic cylinder used to control the movement of the bucket in heavy machinery such as excavators, backhoe loaders, and wheel loaders. Its main function is to enable the bucket to lift, lower, and tilt, making it easier for various material [&hellip;]<\/p>","protected":false},"featured_media":14762,"comment_status":"open","ping_status":"closed","template":"","meta":{"_et_pb_use_builder":"","_et_pb_old_content":"","_et_gb_content_width":""},"product_brand":[],"product_cat":[1494],"product_tag":[1495,1496],"class_list":{"0":"post-15415","1":"product","2":"type-product","3":"status-publish","4":"has-post-thumbnail","6":"product_cat-bucket-cylinders","7":"product_tag-bucket-cylinders","8":"product_tag-hydraulic-cylinders","10":"first","11":"instock","12":"shipping-taxable","13":"product-type-simple"},"amp_enabled":true,"_links":{"self":[{"href":"https:\/\/www.hydraulic-cylinders.net\/de\/wp-json\/wp\/v2\/product\/15415","targetHints":{"allow":["GET"]}}],"collection":[{"href":"https:\/\/www.hydraulic-cylinders.net\/de\/wp-json\/wp\/v2\/product"}],"about":[{"href":"https:\/\/www.hydraulic-cylinders.net\/de\/wp-json\/wp\/v2\/types\/product"}],"replies":[{"embeddable":true,"href":"https:\/\/www.hydraulic-cylinders.net\/de\/wp-json\/wp\/v2\/comments?post=15415"}],"wp:featuredmedia":[{"embeddable":true,"href":"https:\/\/www.hydraulic-cylinders.net\/de\/wp-json\/wp\/v2\/media\/14762"}],"wp:attachment":[{"href":"https:\/\/www.hydraulic-cylinders.net\/de\/wp-json\/wp\/v2\/media?parent=15415"}],"wp:term":[{"taxonomy":"product_brand","embeddable":true,"href":"https:\/\/www.hydraulic-cylinders.net\/de\/wp-json\/wp\/v2\/product_brand?post=15415"},{"taxonomy":"product_cat","embeddable":true,"href":"https:\/\/www.hydraulic-cylinders.net\/de\/wp-json\/wp\/v2\/product_cat?post=15415"},{"taxonomy":"product_tag","embeddable":true,"href":"https:\/\/www.hydraulic-cylinders.net\/de\/wp-json\/wp\/v2\/product_tag?post=15415"}],"curies":[{"name":"wp","href":"https:\/\/api.w.org\/{rel}","templated":true}]}}