{"id":15430,"date":"2025-01-19T14:31:15","date_gmt":"2025-01-19T14:31:15","guid":{"rendered":"https:\/\/www.hydraulic-cylinders.net\/product\/bucket-cylinder-for-sany-middle-excavator-sy195c-9\/"},"modified":"2025-01-19T14:31:17","modified_gmt":"2025-01-19T14:31:17","slug":"bucket-cylinder-for-sany-middle-excavator-sy195c-9","status":"publish","type":"product","link":"https:\/\/www.hydraulic-cylinders.net\/de\/produkt\/bucket-cylinder-for-sany-middle-excavator-sy195c-9\/","title":{"rendered":"L\u00f6ffelzylinder f\u00fcr Sany Mittelbagger SY195C-9"},"content":{"rendered":"<h1>L\u00f6ffelzylinder f\u00fcr Sany Mittelbagger SY195C-9<\/h1>\n<h2>Einf\u00fchrung<\/h2>\n<p>Der L\u00f6ffelzylinder f\u00fcr den Sany-Mittelbagger SY195C-9 ist ein speziell entwickelter Hydraulikzylinder zur Steuerung der L\u00f6ffelbewegung in Baumaschinen wie Baggern, Baggerladern und Radladern. Seine Hauptfunktion besteht darin, das Heben, Senken und Neigen des L\u00f6ffels f\u00fcr die einfache Handhabung verschiedenster Materialumschlagsaufgaben zu erm\u00f6glichen. Im Hydrauliksystem steuert der L\u00f6ffelzylinder die pr\u00e4zise Bewegung des L\u00f6ffels durch \u00c4nderungen des Hydraulik\u00f6ldrucks. Dadurch k\u00f6nnen Bediener schwere Lasten effizient handhaben und sich an komplexe Arbeitsumgebungen und vielf\u00e4ltige Aufgaben anpassen.<\/p>\n<p><img decoding=\"async\" src=\"https:\/\/www.hydraulic-cylinders.net\/wp-content\/uploads\/2025\/01\/songte-company-2.webp\"\/><\/p>\n<h2>Merkmale<\/h2>\n<ul>\n<li>Hohe Festigkeit und Langlebigkeit: Typischerweise aus hochfestem Stahl oder Aluminium gefertigt, h\u00e4lt es hohem Druck und schweren Belastungen stand und eignet sich f\u00fcr raue Arbeitsbedingungen. Die Konstruktion ber\u00fccksichtigt Verschlei\u00df- und Korrosionsbest\u00e4ndigkeit, um die Lebensdauer zu verl\u00e4ngern.<\/li>\n<li>Effizienter Hydraulikbetrieb: Durch den Einsatz von Hydraulik\u00f6ldruck werden reibungslose Aus- und Einfahrvorg\u00e4nge erreicht, was eine schnelle Reaktion auf Steuerbefehle erm\u00f6glicht und starke Schub- und Zugkr\u00e4fte bereitstellt, die f\u00fcr die Bew\u00e4ltigung schwerer Lasten und komplexer Aufgaben geeignet sind.<\/li>\n<li>Verschiedene Typen: Je nach Bedarf k\u00f6nnen einfachwirkende (Hydraulik nur in eine Richtung wirkende) oder doppeltwirkende (Hydraulik in zwei Richtungen wirkende) Zylinder ausgew\u00e4hlt werden. Einige Modelle sind teleskopierbar und erm\u00f6glichen so eine gr\u00f6\u00dfere Ausladung ohne Vergr\u00f6\u00dferung der Au\u00dfenabmessungen. Dadurch eignen sie sich besonders f\u00fcr beengte Platzverh\u00e4ltnisse.<\/li>\n<li>Perfekter Ersatz: Unsere Produkte sind der perfekte Ersatz f\u00fcr diese Hydraulikzylinder. <\/li>\n<\/ul>\n<p><img decoding=\"async\" src=\"https:\/\/www.hydraulic-cylinders.net\/wp-content\/uploads\/2025\/01\/songte-cylinder-head-with-all-kinds-excavator-models.webp\"\/><\/p>\n<h2>Anwendungen<\/h2>\n<p>Der Schaufelzylinder findet in verschiedenen Bau- und Landmaschinen breite Anwendung, zum Beispiel:<\/p>\n<ul>\n<li>Baumaschinen: Bei Baggern sind sie unverzichtbar zum Graben, Laden und Bewegen von Erde oder Bauschutt. Bei Baggerladern unterst\u00fctzt der Schaufelzylinder sowohl das Graben als auch das Heben.<\/li>\n<li>Landwirtschaftliche Maschinen: Wird in Frontladern zum Schaufeln, Heben und Transportieren von Erde, Heu und anderen Materialien verwendet. <\/li>\n<li>Bagger: Der Schaufelzylinder bewirkt die Grabbewegung, indem er es der Schaufel erm\u00f6glicht, in den Boden einzudringen.<\/li>\n<li>Lader: Bei Frontladern helfen sie beim effizienten Anheben und Kippen von G\u00fctern.<\/li>\n<\/ul>\n<h2>Design\u00fcberlegungen und Auswahlkriterien<\/h2>\n<p>Der Schaufelzylinder wurde unter Ber\u00fccksichtigung folgender Aspekte konstruiert:<\/p>\n<ul>\n<li>Tragf\u00e4higkeit: Auslegung f\u00fcr hohe Lasten und raue Umgebungen<\/li>\n<li>Abdichtung: Durch den Einsatz verschiedener Dichtungen, wie z. B. Kolben- und Stangendichtungen aus verschlei\u00dffesten Materialien wie Polyurethan und Nitrilkautschuk, sowie durch die sorgf\u00e4ltige Bearbeitung des Zylinderk\u00f6rpers und der Gewindeenden wird die Verschlei\u00dffestigkeit verbessert.<\/li>\n<li>Langlebigkeit: Verwendung hochfester Materialien und Ber\u00fccksichtigung der Korrosionsbest\u00e4ndigkeit zur Verl\u00e4ngerung der Lebensdauer<\/li>\n<li>Sicherheit: Konstruktion mit Sicherheitsmerkmalen wie gepolsterten Kragen und Einhaltung internationaler Sicherheitsstandards.<\/li>\n<li>Wartungsfreundlichkeit: Konstruktion f\u00fcr einfache Wartung und Reparatur.<\/li>\n<\/ul>\n<p><img decoding=\"async\" src=\"https:\/\/www.hydraulic-cylinders.net\/wp-content\/uploads\/2025\/01\/songte-oil-pipes-and-spare-parts.webp\"\/><\/p>\n<h2>Abdichtung und Schmierung<\/h2>\n<p>Der Schaufelzylinder verwendet verschiedene Dichtungen, wie Kolben- und Stangendichtungen, aus verschlei\u00dffesten Materialien wie Polyurethan und Nitrilkautschuk. Zylinderk\u00f6rper und Gewindeenden sind feinbearbeitet, um die Verschlei\u00dffestigkeit zu verbessern. Regelm\u00e4\u00dfiges Nachf\u00fcllen von geeignetem Hydraulik\u00f6l zur Schmierung ist erforderlich.<\/p>\n<h2>Inspektions- und vorbeugende Wartungsma\u00dfnahmen<\/h2>\n<p>Regelm\u00e4\u00dfige Inspektionen und vorbeugende Wartungsma\u00dfnahmen sind unerl\u00e4sslich, um die Lebensdauer des Schaufelzylinders zu verl\u00e4ngern. Zu diesen Ma\u00dfnahmen geh\u00f6ren:<\/p>\n<ul>\n<li>Regelm\u00e4\u00dfige \u00dcberpr\u00fcfung des Dichtungszustands und des festen Sitzes von Schrauben und Befestigungselementen.<\/li>\n<li>Regelm\u00e4\u00dfiges Nachf\u00fcllen von geeignetem Hydraulik\u00f6l zur Schmierung<\/li>\n<li>Dichtungen und andere verschlissene Bauteile umgehend austauschen<\/li>\n<\/ul>\n<h2>Installationsanleitung<\/h2>\n<p>Um eine ordnungsgem\u00e4\u00dfe Installation des Schaufelzylinders zu gew\u00e4hrleisten:<\/p>\n<ul>\n<li>Richten Sie den Zylinder korrekt aus.<\/li>\n<li>Verwenden Sie geeignete Montagehalterungen, um den Zylinder zu befestigen.<\/li>\n<li>Den Zylinder regelm\u00e4\u00dfig pr\u00fcfen und kalibrieren, um einen reibungslosen Betrieb zu gew\u00e4hrleisten.<\/li>\n<\/ul>\n<h2>Allgemeine Wartungsaufgaben<\/h2>\n<p>Zu den \u00fcblichen Wartungsarbeiten am Schaufelzylinder geh\u00f6ren:<\/p>\n<ul>\n<li>Regelm\u00e4\u00dfige Inspektion<\/li>\n<li>Richtige Schmierung<\/li>\n<li>Dichtungswechsel<\/li>\n<li>Kalibrierungspr\u00fcfung<\/li>\n<li>Teileaustausch- und \u00dcberholungsdienste<\/li>\n<\/ul>\n<p><img decoding=\"async\" src=\"https:\/\/www.hydraulic-cylinders.net\/wp-content\/uploads\/2025\/01\/songte-chushion-collar.webp\"\/><\/p>\n<h2>Sicherheitsaspekte und Umweltfaktoren<\/h2>\n<p>Sicherheit hat beim Einsatz des Hubzylinders oberste Priorit\u00e4t. Es m\u00fcssen geeignete Sicherheitsvorkehrungen getroffen werden, um Unf\u00e4lle zu vermeiden. Umwelteinfl\u00fcsse wie Temperatur und Luftfeuchtigkeit k\u00f6nnen die Leistung des Zylinders beeintr\u00e4chtigen und m\u00fcssen daher ber\u00fccksichtigt werden.<\/p>\n<h2>Fehlerbehebung und h\u00e4ufige Probleme<\/h2>\n<p>H\u00e4ufige Probleme mit dem Schaufelzylinder sind:<\/p>\n<ul>\n<li>Leckage<\/li>\n<li>Unzureichender Druck oder unzureichende Kraft<\/li>\n<li>\u00fcberm\u00e4\u00dfiger L\u00e4rm oder Vibrationen<\/li>\n<\/ul>\n<p>Durch geeignete Fehlersuchtechniken und vorbeugende Ma\u00dfnahmen l\u00e4sst sich das Auftreten dieser Probleme minimieren und die ordnungsgem\u00e4\u00dfe Funktion des Schaufelzylinders sicherstellen.<\/p>\n<p><img decoding=\"async\" src=\"https:\/\/www.hydraulic-cylinders.net\/wp-content\/uploads\/2025\/01\/songte-bushings-with-all-kinds-of-excavator-models.webp\"\/><\/p>\n<h2>\u00dcber uns<\/h2>\n<p>Wir sind Hersteller von Hydraulikzylindern als Ersatz f\u00fcr OEM-Zylinder. Mit unserem breiten Produktsortiment z\u00e4hlen wir zu den f\u00fchrenden Herstellern und Gro\u00dfh\u00e4ndlern von Hydraulikzylindern auf dem nationalen und internationalen Markt. Wir setzen auf h\u00f6chste Qualit\u00e4t und eine industrialisierte Produktionsstrategie in unseren Pr\u00e4zisionsfertigungswerkst\u00e4tten. Durch den Einsatz von hochqualifizierten Fachkr\u00e4ften, modernster digitaler Fertigungstechnik und professionellen Testsystemen optimieren wir kontinuierlich unsere Fertigungsplattform. Mit Innovationsgeist und dem Anspruch, die vielf\u00e4ltigen Kundenbed\u00fcrfnisse mit h\u00f6chster Effizienz, Pr\u00e4zision und Qualit\u00e4t zu erf\u00fcllen, arbeiten wir stets nach h\u00f6chsten Standards.<\/p>\n<p>Wir sind stolz auf unsere Professionalit\u00e4t, internationale Zertifizierung, ma\u00dfgeschneiderte Dienstleistungen, Produktionsanlagen und unseren Kundendienst.<\/p>\n<p><img decoding=\"async\" src=\"https:\/\/hzpt.com\/wp-content\/uploads\/2024\/11\/songte-company-1.webp\"\/><\/p>\n<p>Autor: lyl.<\/p>","protected":false},"excerpt":{"rendered":"<p>Bucket Cylinder For Sany Middle Excavator SY195C-9 Introduction The bucket cylinder for Sany middle excavator SY195C-9 is a specially designed hydraulic cylinder used to control the movement of the bucket in heavy machinery such as excavators, backhoe loaders, and front-end loaders. Its main function is to enable the bucket to lift, lower, and tilt for [&hellip;]<\/p>","protected":false},"featured_media":14762,"comment_status":"open","ping_status":"closed","template":"","meta":{"_et_pb_use_builder":"","_et_pb_old_content":"","_et_gb_content_width":""},"product_brand":[],"product_cat":[1494],"product_tag":[1495,1496],"class_list":{"0":"post-15430","1":"product","2":"type-product","3":"status-publish","4":"has-post-thumbnail","6":"product_cat-bucket-cylinders","7":"product_tag-bucket-cylinders","8":"product_tag-hydraulic-cylinders","10":"first","11":"instock","12":"shipping-taxable","13":"product-type-simple"},"amp_enabled":true,"_links":{"self":[{"href":"https:\/\/www.hydraulic-cylinders.net\/de\/wp-json\/wp\/v2\/product\/15430","targetHints":{"allow":["GET"]}}],"collection":[{"href":"https:\/\/www.hydraulic-cylinders.net\/de\/wp-json\/wp\/v2\/product"}],"about":[{"href":"https:\/\/www.hydraulic-cylinders.net\/de\/wp-json\/wp\/v2\/types\/product"}],"replies":[{"embeddable":true,"href":"https:\/\/www.hydraulic-cylinders.net\/de\/wp-json\/wp\/v2\/comments?post=15430"}],"wp:featuredmedia":[{"embeddable":true,"href":"https:\/\/www.hydraulic-cylinders.net\/de\/wp-json\/wp\/v2\/media\/14762"}],"wp:attachment":[{"href":"https:\/\/www.hydraulic-cylinders.net\/de\/wp-json\/wp\/v2\/media?parent=15430"}],"wp:term":[{"taxonomy":"product_brand","embeddable":true,"href":"https:\/\/www.hydraulic-cylinders.net\/de\/wp-json\/wp\/v2\/product_brand?post=15430"},{"taxonomy":"product_cat","embeddable":true,"href":"https:\/\/www.hydraulic-cylinders.net\/de\/wp-json\/wp\/v2\/product_cat?post=15430"},{"taxonomy":"product_tag","embeddable":true,"href":"https:\/\/www.hydraulic-cylinders.net\/de\/wp-json\/wp\/v2\/product_tag?post=15430"}],"curies":[{"name":"wp","href":"https:\/\/api.w.org\/{rel}","templated":true}]}}