{"id":15431,"date":"2025-01-19T14:31:19","date_gmt":"2025-01-19T14:31:19","guid":{"rendered":"https:\/\/www.hydraulic-cylinders.net\/product\/bucket-cylinder-for-sany-middle-excavator-sy210c\/"},"modified":"2025-01-19T14:31:21","modified_gmt":"2025-01-19T14:31:21","slug":"bucket-cylinder-for-sany-middle-excavator-sy210c","status":"publish","type":"product","link":"https:\/\/www.hydraulic-cylinders.net\/de\/produkt\/bucket-cylinder-for-sany-middle-excavator-sy210c\/","title":{"rendered":"L\u00f6ffelzylinder f\u00fcr Sany Mittelbagger SY210C"},"content":{"rendered":"<p><!DOCTYPE html><br \/>\n<html><br \/>\n<head><br \/>\n<title>L\u00f6ffelzylinder f\u00fcr Sany Mittelbagger SY210C<\/title><br \/>\n<\/head><br \/>\n<body><\/p>\n<h1>L\u00f6ffelzylinder f\u00fcr Sany Mittelbagger SY210C<\/h1>\n<h2>Einf\u00fchrung<\/h2>\n<p>Der L\u00f6ffelzylinder f\u00fcr den Sany-Mittelbagger SY210C ist ein speziell entwickelter Hydraulikzylinder zur Steuerung der L\u00f6ffelbewegung in Baumaschinen wie Baggern, Radladern und Baggerladern. Seine Hauptfunktion besteht im Heben, Senken und Neigen des L\u00f6ffels, wodurch er vielf\u00e4ltige Materialumschlagaufgaben erleichtert. Im Hydrauliksystem erm\u00f6glicht der L\u00f6ffelzylinder durch Druck\u00e4nderungen im Hydraulik\u00f6l eine pr\u00e4zise Steuerung des L\u00f6ffels. Dies erlaubt dem Bediener, schwere Lasten effizient zu handhaben und sich an komplexe Arbeitsumgebungen und unterschiedliche Betriebsanforderungen anzupassen.<\/p>\n<p><img decoding=\"async\" src=\"https:\/\/www.hydraulic-cylinders.net\/wp-content\/uploads\/2025\/01\/songte-company-2.webp\"><\/p>\n<h2>Merkmale<\/h2>\n<ul>\n<li>Hohe Festigkeit und Langlebigkeit: Typischerweise aus hochfestem Stahl oder Aluminium gefertigt, h\u00e4lt es hohem Druck und schweren Belastungen stand und eignet sich f\u00fcr raue Arbeitsumgebungen. Die Konstruktion ber\u00fccksichtigt Verschlei\u00df- und Korrosionsbest\u00e4ndigkeit, um die Lebensdauer zu verl\u00e4ngern.<\/li>\n<li>Effizienter Hydraulikbetrieb: Durch die Nutzung des Hydraulik\u00f6ldrucks f\u00fcr sanfte Aus- und Einfahrvorg\u00e4nge reagiert das System schnell auf Steuerbefehle und bietet kraftvolle Schub- und Zugkr\u00e4fte, die f\u00fcr die Bew\u00e4ltigung schwerer Lasten und komplexer Aufgaben geeignet sind.<\/li>\n<li>Verschiedene Ausf\u00fchrungen: W\u00e4hlen Sie je nach Bedarf zwischen einfachwirkenden (hydraulisch nur in eine Richtung wirkenden) und doppeltwirkenden (hydraulisch in beide Richtungen wirkenden) Zylindern. Einige Modelle sind teleskopierbar und erm\u00f6glichen so eine gr\u00f6\u00dfere Auszugsl\u00e4nge ohne Vergr\u00f6\u00dferung der Au\u00dfenabmessungen. Dadurch eignen sie sich besonders f\u00fcr Anwendungen mit beengten Platzverh\u00e4ltnissen.<\/li>\n<li>Perfekter Ersatz: Unser Produkt kann diese Hydraulikzylinder perfekt ersetzen.<\/li>\n<\/ul>\n<p><img decoding=\"async\" src=\"https:\/\/www.hydraulic-cylinders.net\/wp-content\/uploads\/2025\/01\/songte-cylinder-head-with-all-kinds-excavator-models.webp\"><\/p>\n<h2>Anwendungen<\/h2>\n<p>Der Schaufelzylinder findet in verschiedenen Ger\u00e4ten breite Anwendung:<\/p>\n<ul>\n<li>Baumaschinen: Sie sind in Baggern unverzichtbar zum Ausheben, Laden und Bewegen von Erde oder Bauschutt. Bei Baggerladern unterst\u00fctzt der Schaufelzylinder sowohl das Ausheben als auch das Heben.<\/li>\n<li>Landwirtschaftliche Maschinen: Sie werden in Frontladern eingesetzt und helfen beim Schaufeln, Anheben und Transportieren von Erde, Heu und anderen Materialien.<\/li>\n<li>Bagger: Der Schaufelzylinder erm\u00f6glicht Grabvorg\u00e4nge, indem er der Schaufel das Eindringen in den Boden erm\u00f6glicht.<\/li>\n<li>Lader: Bei Frontladern erm\u00f6glichen sie das effiziente Anheben und Abladen von G\u00fctern.<\/li>\n<\/ul>\n<h2>Design\u00fcberlegungen und Auswahlkriterien<\/h2>\n<ul>\n<li>Tragf\u00e4higkeit: Die Zylinderkonstruktion gew\u00e4hrleistet, dass er die angegebene Tragf\u00e4higkeit aufnehmen kann.<\/li>\n<li>Abdichtung: Verschiedene Dichtungskomponenten wie Kolben- und Stangendichtungen kommen zum Einsatz. Diese Dichtungen bestehen aus verschlei\u00dffesten Materialien wie Polyurethan und Nitrilkautschuk. Zylinderk\u00f6rper und Gewindeenden sind pr\u00e4zise bearbeitet, um die Verschlei\u00dffestigkeit zu erh\u00f6hen.<\/li>\n<\/ul>\n<p><img decoding=\"async\" src=\"https:\/\/www.hydraulic-cylinders.net\/wp-content\/uploads\/2025\/01\/songte-oil-pipes-and-spare-parts.webp\"><\/p>\n<h2>Abdichtung und Schmierung<\/h2>\n<p>Der Schaufelzylinder verwendet verschiedene Dichtungselemente, wie Kolben- und Stangendichtungen aus verschlei\u00dffesten Materialien. Zylinderk\u00f6rper und Gewindeendfl\u00e4chen werden feinbearbeitet, um die Verschlei\u00dffestigkeit zu verbessern. Regelm\u00e4\u00dfige Schmierung mit Hydraulik\u00f6l ist f\u00fcr einen reibungslosen Betrieb unerl\u00e4sslich.<\/p>\n<h2>Regelm\u00e4\u00dfige Inspektion und vorbeugende Wartung<\/h2>\n<p>Regelm\u00e4\u00dfige Inspektion und vorbeugende Wartung sind entscheidend f\u00fcr die Verl\u00e4ngerung der Lebensdauer des Schaufelzylinders. Folgende Ma\u00dfnahmen sollten getroffen werden:<\/p>\n<ul>\n<li>\u00dcberpr\u00fcfen Sie alle Bauteile regelm\u00e4\u00dfig.<\/li>\n<li>F\u00fcr ausreichende Schmierung sorgen<\/li>\n<li>Ersetzen Sie verschlissene Dichtungen<\/li>\n<li>Kalibrierungspr\u00fcfungen<\/li>\n<\/ul>\n<h2>Anleitung zur korrekten Installation<\/h2>\n<p>Eine fachgerechte Installation ist f\u00fcr die Funktion des Schaufelzylinders unerl\u00e4sslich. Beachten Sie folgende Richtlinien:<\/p>\n<ul>\n<li>Richten Sie den Zylinder korrekt aus.<\/li>\n<li>Verwenden Sie geeignete Montagehalterungen, um den Zylinder zu befestigen.<\/li>\n<li>Empfohlene Inspektions-, Reparatur- und Austauschverfahren<\/li>\n<li>Bereitstellung von Ersatzteilen und \u00dcberholungsdienstleistungen<\/li>\n<li>Tipps zur Verl\u00e4ngerung der Lebensdauer des Schaufelzylinders<\/li>\n<\/ul>\n<p><img decoding=\"async\" src=\"https:\/\/www.hydraulic-cylinders.net\/wp-content\/uploads\/2025\/01\/songte-chushion-collar.webp\"><\/p>\n<h2>Sicherheitsaspekte und Umweltfaktoren<\/h2>\n<p>Die Einhaltung von Sicherheitsma\u00dfnahmen beim Einsatz des Eimerzylinders ist von gr\u00f6\u00dfter Wichtigkeit. Es sollten Sicherheitsvorkehrungen getroffen werden, um Unf\u00e4lle zu vermeiden und die Umwelt zu sch\u00fctzen.<\/p>\n<h2>Fehlerbehebung und h\u00e4ufige Probleme<\/h2>\n<p>Bei der Fehlersuche sollten Sie Folgendes beachten:<\/p>\n<ul>\n<li>Tipps und L\u00f6sungen zur Fehlerbehebung bereitstellen<\/li>\n<li>Pr\u00e4ventive Ma\u00dfnahmen zur Minimierung potenzieller Probleme<\/li>\n<\/ul>\n<p><img decoding=\"async\" src=\"https:\/\/www.hydraulic-cylinders.net\/wp-content\/uploads\/2025\/01\/songte-bushings-with-all-kinds-of-excavator-models.webp\"><\/p>\n<h2>\u00dcber unser Unternehmen<\/h2>\n<p>Wir sind Hersteller von Hydraulikzylindern und bieten ein breites Produktsortiment. Als einer der f\u00fchrenden Hersteller und Gro\u00dfh\u00e4ndler von Hydraulikzylindern auf dem nationalen und internationalen Markt setzen wir auf h\u00f6chste Qualit\u00e4t und industrialisierte Produktionsmanagementstrategien in unserer modernen Fertigungsst\u00e4tte. Unser Unternehmen optimiert kontinuierlich seine Fertigungsplattform, verbessert die Produktionsprozesse und zeichnet sich durch hohe Innovationskraft aus. Unser Ziel ist es, die vielf\u00e4ltigen Kundenbed\u00fcrfnisse mit h\u00f6chster Effizienz, Pr\u00e4zision und Qualit\u00e4t zu erf\u00fcllen.<\/p>\n<p><img decoding=\"async\" src=\"https:\/\/www.hydraulic-cylinders.net\/wp-content\/uploads\/2025\/01\/songte-company-3.webp\"><\/p>\n<p>Wir sind spezialisiert auf:<\/p>\n<ul>\n<li>Internationale Zertifizierungen<\/li>\n<li>Anpassungsdienste<\/li>\n<li>Produktionsausr\u00fcstung<\/li>\n<li>Kundendienst<\/li>\n<\/ul>\n<p>Autor: lyl<\/p>\n<p><\/body><br \/>\n<\/html><\/p>","protected":false},"excerpt":{"rendered":"<p>Bucket Cylinder For Sany Middle Excavator SY210C Bucket Cylinder For Sany Middle Excavator SY210C Introduction The bucket cylinder for Sany middle excavator SY210C is a specially designed hydraulic cylinder used to control the movement of the bucket in heavy machinery such as excavators, backhoe loaders, and front-end loaders. Its main function is to enable the [&hellip;]<\/p>","protected":false},"featured_media":14761,"comment_status":"open","ping_status":"closed","template":"","meta":{"_et_pb_use_builder":"","_et_pb_old_content":"","_et_gb_content_width":""},"product_brand":[],"product_cat":[1494],"product_tag":[1495,1496],"class_list":{"0":"post-15431","1":"product","2":"type-product","3":"status-publish","4":"has-post-thumbnail","6":"product_cat-bucket-cylinders","7":"product_tag-bucket-cylinders","8":"product_tag-hydraulic-cylinders","10":"first","11":"instock","12":"shipping-taxable","13":"product-type-simple"},"amp_enabled":true,"_links":{"self":[{"href":"https:\/\/www.hydraulic-cylinders.net\/de\/wp-json\/wp\/v2\/product\/15431","targetHints":{"allow":["GET"]}}],"collection":[{"href":"https:\/\/www.hydraulic-cylinders.net\/de\/wp-json\/wp\/v2\/product"}],"about":[{"href":"https:\/\/www.hydraulic-cylinders.net\/de\/wp-json\/wp\/v2\/types\/product"}],"replies":[{"embeddable":true,"href":"https:\/\/www.hydraulic-cylinders.net\/de\/wp-json\/wp\/v2\/comments?post=15431"}],"wp:featuredmedia":[{"embeddable":true,"href":"https:\/\/www.hydraulic-cylinders.net\/de\/wp-json\/wp\/v2\/media\/14761"}],"wp:attachment":[{"href":"https:\/\/www.hydraulic-cylinders.net\/de\/wp-json\/wp\/v2\/media?parent=15431"}],"wp:term":[{"taxonomy":"product_brand","embeddable":true,"href":"https:\/\/www.hydraulic-cylinders.net\/de\/wp-json\/wp\/v2\/product_brand?post=15431"},{"taxonomy":"product_cat","embeddable":true,"href":"https:\/\/www.hydraulic-cylinders.net\/de\/wp-json\/wp\/v2\/product_cat?post=15431"},{"taxonomy":"product_tag","embeddable":true,"href":"https:\/\/www.hydraulic-cylinders.net\/de\/wp-json\/wp\/v2\/product_tag?post=15431"}],"curies":[{"name":"wp","href":"https:\/\/api.w.org\/{rel}","templated":true}]}}