{"id":15463,"date":"2025-01-19T14:33:45","date_gmt":"2025-01-19T14:33:45","guid":{"rendered":"https:\/\/www.hydraulic-cylinders.net\/product\/bucket-cylinder-for-xcmg-small-excavator-xe150d\/"},"modified":"2025-01-19T14:33:47","modified_gmt":"2025-01-19T14:33:47","slug":"bucket-cylinder-for-xcmg-small-excavator-xe150d","status":"publish","type":"product","link":"https:\/\/www.hydraulic-cylinders.net\/de\/produkt\/bucket-cylinder-for-xcmg-small-excavator-xe150d\/","title":{"rendered":"L\u00f6ffelzylinder f\u00fcr XCMG Kleinbagger XE150D"},"content":{"rendered":"<p><!DOCTYPE html><br \/>\n<html><br \/>\n<head><br \/>\n<meta charset=\"UTF-8\"><br \/>\n<title>L\u00f6ffelzylinder f\u00fcr XCMG Kleinbagger XE150D<\/title><br \/>\n<\/head><br \/>\n<body><\/p>\n<h1>L\u00f6ffelzylinder f\u00fcr XCMG Kleinbagger XE150D<\/h1>\n<h2>Einf\u00fchrung<\/h2>\n<p>Der Schaufelzylinder ist ein speziell entwickelter Hydraulikzylinder, der die Bewegung der Schaufel in Baumaschinen wie Baggern, Baggerladern und Radladern steuert. Seine Hauptfunktion besteht darin, das Heben, Senken und Neigen der Schaufel zu erm\u00f6glichen und so verschiedene Materialumschlagsaufgaben zu erleichtern. Im Hydrauliksystem gew\u00e4hrleistet der Schaufelzylinder durch die Druckver\u00e4nderungen des Hydraulik\u00f6ls eine pr\u00e4zise Steuerung der Schaufel. Dadurch kann der Bediener schwere Lasten effizient handhaben und sich an komplexe Arbeitsumgebungen und vielf\u00e4ltige Aufgaben anpassen.<\/p>\n<p><img decoding=\"async\" src=\"https:\/\/www.hydraulic-cylinders.net\/wp-content\/uploads\/2025\/01\/songte-company-2.webp\"><\/p>\n<h2>Merkmale<\/h2>\n<ul>\n<li>Hohe Festigkeit und Langlebigkeit: Typischerweise aus hochfestem Stahl oder Aluminium gefertigt, h\u00e4lt es hohem Druck und schweren Belastungen stand und eignet sich f\u00fcr raue Arbeitsumgebungen. Die Konstruktion ber\u00fccksichtigt Verschlei\u00df- und Korrosionsbest\u00e4ndigkeit, um die Lebensdauer zu verl\u00e4ngern.<\/li>\n<li>Effizienter Hydraulikbetrieb: Nutzt den Hydraulik\u00f6ldruck f\u00fcr ein gleichm\u00e4\u00dfiges Aus- und Einfahren, reagiert schnell auf Steuerbefehle und bietet kraftvolle Schub- und Zugkr\u00e4fte, die f\u00fcr die Handhabung schwerer Lasten und komplexer Arbeitsaufgaben geeignet sind.<\/li>\n<li>Verschiedene Typen: W\u00e4hlen Sie je nach Bedarf zwischen einfachwirkenden (Hydraulik nur in eine Richtung) und doppeltwirkenden (Hydraulik in beide Richtungen) Zylindern. Einige Modelle sind teleskopierbar und erm\u00f6glichen so eine gr\u00f6\u00dfere Ausladung ohne Vergr\u00f6\u00dferung der Au\u00dfenabmessungen \u2013 ideal f\u00fcr Anwendungen mit begrenztem Platzangebot.<\/li>\n<li>Ersatz f\u00fcr diverse Hydraulikzylinder: Unser Produkt kann diese Hydraulikzylinder perfekt ersetzen.<\/li>\n<\/ul>\n<p><img decoding=\"async\" src=\"https:\/\/www.hydraulic-cylinders.net\/wp-content\/uploads\/2025\/01\/songte-cylinder-head-with-all-kinds-excavator-models.webp\"><\/p>\n<h2>Anwendungen<\/h2>\n<p>Schaufelzylinder werden h\u00e4ufig in verschiedenen Bau- und Landmaschinen eingesetzt:<\/p>\n<ul>\n<li>Baumaschinen: Sie sind in Baggern zu finden und spielen eine wichtige Rolle beim Graben, Laden und Bewegen von Erde oder Schutt. Bei Baggerladern unterst\u00fctzt der Schaufelzylinder sowohl das Graben als auch das Heben.<\/li>\n<li>Landwirtschaftliche Maschinen: Wird in Frontladern zum Schaufeln, Heben und Transportieren von Erde, Heu und anderen Materialien verwendet.<\/li>\n<li>Bagger: Der Schaufelzylinder erm\u00f6glicht Grabvorg\u00e4nge, indem er der Schaufel das Eindringen in den Boden erm\u00f6glicht.<\/li>\n<li>Lader: Bei Frontladern helfen sie beim effizienten Anheben und Abladen von G\u00fctern.<\/li>\n<\/ul>\n<h2>Design\u00fcberlegungen und Auswahlkriterien<\/h2>\n<ul>\n<li>Tragf\u00e4higkeit: Bei der Zylinderkonstruktion wird die maximale Belastung ber\u00fccksichtigt, der er standhalten kann.<\/li>\n<li>Abdichtung: Es werden verschiedene Dichtungen verwendet, beispielsweise Kolbendichtungen und Pleueldichtungen, die aus verschlei\u00dffesten Materialien wie Polyurethan und Nitrilkautschuk hergestellt sind.<\/li>\n<li>Langlebigkeit: Der Zylinderk\u00f6rper und die Gewindeendfl\u00e4che werden einer Feinbearbeitung unterzogen, um die Verschlei\u00dffestigkeit zu verbessern.<\/li>\n<li>Sicherheit: Sicherheitsma\u00dfnahmen werden w\u00e4hrend des Konstruktions- und Fertigungsprozesses ber\u00fccksichtigt.<\/li>\n<li>Wartungsfreundlichkeit: Der Zylinder ist auf einfache Wartung und Reparatur ausgelegt.<\/li>\n<\/ul>\n<p><img decoding=\"async\" src=\"https:\/\/www.hydraulic-cylinders.net\/wp-content\/uploads\/2025\/01\/songte-oil-pipes-and-spare-parts.webp\"><\/p>\n<h2>Abdichtung und Schmierung<\/h2>\n<p>Der Schaufelzylinder verwendet verschiedene Dichtungen, darunter Kolben- und Stangendichtungen. Diese Dichtungen bestehen aus verschlei\u00dffesten Materialien wie Polyurethan und Nitrilkautschuk. Zylinderk\u00f6rper und Gewindeendfl\u00e4che sind feinbearbeitet, um die Verschlei\u00dffestigkeit zu verbessern. Regelm\u00e4\u00dfige Schmierung mit der richtigen Menge Hydraulik\u00f6l ist erforderlich, um einen reibungslosen Betrieb zu gew\u00e4hrleisten.<\/p>\n<h2>Regelm\u00e4\u00dfige Inspektion und vorbeugende Wartungsma\u00dfnahmen<\/h2>\n<ul>\n<li>\u00dcberpr\u00fcfen Sie den Zylinder regelm\u00e4\u00dfig auf Anzeichen von Verschlei\u00df oder Besch\u00e4digung.<\/li>\n<li>Eine ordnungsgem\u00e4\u00dfe Schmierung ist f\u00fcr die Aufrechterhaltung einer optimalen Leistung unerl\u00e4sslich.<\/li>\n<li>Dichtungen sollten bei Bedarf ausgetauscht werden, um Leckagen zu vermeiden.<\/li>\n<li>F\u00fchren Sie Kalibrierungspr\u00fcfungen durch, um einen genauen Betrieb zu gew\u00e4hrleisten.<\/li>\n<\/ul>\n<p><img decoding=\"async\" src=\"https:\/\/www.hydraulic-cylinders.net\/wp-content\/uploads\/2025\/01\/songte-chushion-collar.webp\"><\/p>\n<h2>Sicherheitsaspekte und Umweltfaktoren<\/h2>\n<p>Bei der Verwendung des Eimerzylinders ist es wichtig, Sicherheitsma\u00dfnahmen zu befolgen, um Unf\u00e4lle zu vermeiden und eine sichere Arbeitsumgebung zu gew\u00e4hrleisten.<\/p>\n<h2>Fehlerdiagnose und h\u00e4ufige Probleme<\/h2>\n<p>H\u00e4ufige Probleme mit dem Hubzylinder sind Leckagen, unzureichende Leistung und ungew\u00f6hnliche Bewegungen. Hier finden Sie einige Tipps und L\u00f6sungen zur Fehlerbehebung, die Ihnen bei der Diagnose und Behebung der Probleme helfen:<\/p>\n<h2>Wartungsaufgaben<\/h2>\n<p>Zu den drei h\u00e4ufigsten Wartungsarbeiten am Schaufelzylinder geh\u00f6ren regelm\u00e4\u00dfige Inspektionen, die richtige Schmierung und der Austausch der Dichtungen. Besonders wichtig sind die korrekte Montage, Schmierung und Justierung. W\u00e4hrend der Montage sollten Hinweise zur korrekten Ausrichtung gegeben und geeignete Montagehalterungen zur Befestigung des Zylinders verwendet werden. Es sollten au\u00dferdem empfohlene Inspektions-, Reparatur- und Austauschverfahren sowie Tipps zur Verl\u00e4ngerung der Lebensdauer des Schaufelzylinders bereitgestellt werden.<\/p>\n<p><img decoding=\"async\" src=\"https:\/\/www.hydraulic-cylinders.net\/wp-content\/uploads\/2025\/01\/songte-bushings-with-all-kinds-of-excavator-models.webp\"><\/p>\n<h2>\u00dcber unser Unternehmen<\/h2>\n<p>Wir sind Hersteller von Hydraulikzylindern als Ersatzteil. Unser Unternehmen bietet eine breite Produktpalette und z\u00e4hlt zu den f\u00fchrenden Herstellern und Gro\u00dfh\u00e4ndlern von Hydraulikzylindern auf nationalen und internationalen M\u00e4rkten. Wir legen Wert auf h\u00f6chste Qualit\u00e4t und setzen in unserer modernen Fertigungsanlage auf bew\u00e4hrte Produktionsmanagementstrategien. Dank qualifizierter Fachkr\u00e4fte, fortschrittlicher Fertigungsanlagen und professioneller Pr\u00fcfsysteme optimieren wir kontinuierlich unsere Fertigungsprozesse, um h\u00f6chste Produktqualit\u00e4t zu gew\u00e4hrleisten, und verf\u00fcgen \u00fcber ausgepr\u00e4gte Innovationskraft. Unser Ziel ist es, die vielf\u00e4ltigen Bed\u00fcrfnisse unserer Kunden mit hocheffizienten, pr\u00e4zisen und qualitativ hochwertigen Produkten zu erf\u00fcllen.<\/p>\n<p><img decoding=\"async\" src=\"https:\/\/www.hydraulic-cylinders.net\/wp-content\/uploads\/2025\/01\/songte-company-3.webp\"><\/p>\n<p>Unser Unternehmen zeichnet sich durch Professionalit\u00e4t, internationale Zertifizierungen, kundenspezifische Dienstleistungen, Produktionsanlagen und Kundendienstleistungen aus.<\/p>\n<p><\/body><br \/>\n<\/html><br \/>\n<!-- Author: lyl --><\/p>","protected":false},"excerpt":{"rendered":"<p>Bucket Cylinder For XCMG Small Excavator XE150D Bucket Cylinder For XCMG Small Excavator XE150D Introduction The bucket cylinder is a specially designed hydraulic cylinder used to control the movement of the bucket in heavy machinery such as excavators, backhoe loaders, and front loaders. Its main function is to enable the bucket to lift, lower, and [&hellip;]<\/p>","protected":false},"featured_media":14788,"comment_status":"open","ping_status":"closed","template":"","meta":{"_et_pb_use_builder":"","_et_pb_old_content":"","_et_gb_content_width":""},"product_brand":[],"product_cat":[1494],"product_tag":[1495,1496],"class_list":{"0":"post-15463","1":"product","2":"type-product","3":"status-publish","4":"has-post-thumbnail","6":"product_cat-bucket-cylinders","7":"product_tag-bucket-cylinders","8":"product_tag-hydraulic-cylinders","10":"first","11":"instock","12":"shipping-taxable","13":"product-type-simple"},"amp_enabled":true,"_links":{"self":[{"href":"https:\/\/www.hydraulic-cylinders.net\/de\/wp-json\/wp\/v2\/product\/15463","targetHints":{"allow":["GET"]}}],"collection":[{"href":"https:\/\/www.hydraulic-cylinders.net\/de\/wp-json\/wp\/v2\/product"}],"about":[{"href":"https:\/\/www.hydraulic-cylinders.net\/de\/wp-json\/wp\/v2\/types\/product"}],"replies":[{"embeddable":true,"href":"https:\/\/www.hydraulic-cylinders.net\/de\/wp-json\/wp\/v2\/comments?post=15463"}],"wp:featuredmedia":[{"embeddable":true,"href":"https:\/\/www.hydraulic-cylinders.net\/de\/wp-json\/wp\/v2\/media\/14788"}],"wp:attachment":[{"href":"https:\/\/www.hydraulic-cylinders.net\/de\/wp-json\/wp\/v2\/media?parent=15463"}],"wp:term":[{"taxonomy":"product_brand","embeddable":true,"href":"https:\/\/www.hydraulic-cylinders.net\/de\/wp-json\/wp\/v2\/product_brand?post=15463"},{"taxonomy":"product_cat","embeddable":true,"href":"https:\/\/www.hydraulic-cylinders.net\/de\/wp-json\/wp\/v2\/product_cat?post=15463"},{"taxonomy":"product_tag","embeddable":true,"href":"https:\/\/www.hydraulic-cylinders.net\/de\/wp-json\/wp\/v2\/product_tag?post=15463"}],"curies":[{"name":"wp","href":"https:\/\/api.w.org\/{rel}","templated":true}]}}