{"id":15466,"date":"2025-01-19T14:33:57","date_gmt":"2025-01-19T14:33:57","guid":{"rendered":"https:\/\/www.hydraulic-cylinders.net\/product\/bucket-cylinder-for-xcmg-small-excavator-xe80c\/"},"modified":"2025-01-19T14:33:59","modified_gmt":"2025-01-19T14:33:59","slug":"bucket-cylinder-for-xcmg-small-excavator-xe80c","status":"publish","type":"product","link":"https:\/\/www.hydraulic-cylinders.net\/de\/produkt\/bucket-cylinder-for-xcmg-small-excavator-xe80c\/","title":{"rendered":"L\u00f6ffelzylinder f\u00fcr XCMG Kleinbagger XE80C"},"content":{"rendered":"<h1>L\u00f6ffelzylinder f\u00fcr XCMG Kleinbagger XE80C<\/h1>\n<h2>Einf\u00fchrung<\/h2>\n<p>Der Schaufelzylinder ist ein speziell entwickelter Hydraulikzylinder, der die Bewegung der Schaufel in Baumaschinen wie Baggern, Baggerladern und Radladern steuert. Seine Hauptfunktion besteht darin, das Heben, Senken und Neigen der Schaufel zu erm\u00f6glichen und so verschiedene Materialumschlagsaufgaben zu erleichtern. Im Hydrauliksystem gew\u00e4hrleistet der Schaufelzylinder durch die Anpassung des Hydraulik\u00f6ldrucks eine pr\u00e4zise Steuerung der Schaufel. Dadurch k\u00f6nnen Bediener schwere Lasten effizient handhaben und sich an komplexe Arbeitsumgebungen und vielf\u00e4ltige Betriebsanforderungen anpassen.<\/p>\n<p><img decoding=\"async\" src=\"https:\/\/www.hydraulic-cylinders.net\/wp-content\/uploads\/2025\/01\/songte-company-2.webp\"><\/p>\n<h2>Merkmale<\/h2>\n<ul>\n<li>Hohe Festigkeit und Langlebigkeit: Der aus hochfestem Stahl oder Aluminium gefertigte Schaufelzylinder h\u00e4lt hohem Druck und schweren Lasten stand und eignet sich f\u00fcr anspruchsvolle Arbeitsumgebungen. Seine Konstruktion ber\u00fccksichtigt Verschlei\u00df- und Korrosionsbest\u00e4ndigkeit und verl\u00e4ngert so seine Lebensdauer.<\/li>\n<li>Effizienter Hydraulikbetrieb: Durch die Nutzung des Hydraulik\u00f6ldrucks erreicht der Zylinder der Schaufel gleichm\u00e4\u00dfige Aus- und Einfahrbewegungen, was eine schnelle Reaktion auf Steuerbefehle erm\u00f6glicht und kraftvolle Schub- und Zugkr\u00e4fte f\u00fcr die Handhabung schwerer Lasten und komplexer Aufgaben bereitstellt.<\/li>\n<li>Verschiedene Ausf\u00fchrungen: Der Schaufelzylinder ist je nach Einsatzanforderungen als einfachwirkender (hydraulisch nur in eine Richtung wirkender) oder doppeltwirkender (hydraulisch in beide Richtungen wirkender) Zylinder erh\u00e4ltlich. Einige Modelle sind teleskopierbar und erm\u00f6glichen so eine gr\u00f6\u00dfere Ausladung ohne Vergr\u00f6\u00dferung der Au\u00dfenabmessungen. Dadurch eignen sie sich besonders f\u00fcr Anwendungen mit beengten Platzverh\u00e4ltnissen.<\/li>\n<li>Perfekter Ersatz: Unser Produkt kann vorhandene Hydraulikzylinder perfekt ersetzen und gew\u00e4hrleistet so Kompatibilit\u00e4t und optimale Leistung.<\/li>\n<\/ul>\n<p><img decoding=\"async\" src=\"https:\/\/www.hydraulic-cylinders.net\/wp-content\/uploads\/2025\/01\/songte-cylinder-head-with-all-kinds-excavator-models.webp\"><\/p>\n<h2>Anwendungen<\/h2>\n<p>Der Schaufelzylinder findet in verschiedenen Ger\u00e4ten Anwendung:<\/p>\n<h3>Baumaschinen<\/h3>\n<p>Bei Baggern sind sie unverzichtbar zum Ausheben, Laden und Bewegen von Erde oder Bauschutt. Bei Baggerladern unterst\u00fctzt der Schaufelzylinder sowohl das Ausheben als auch das Heben.<\/p>\n<h3>Landmaschinen<\/h3>\n<p>Wird in Frontladern zum Schaufeln, Anheben und Transportieren von Erde, Heu und anderen Materialien verwendet.<\/p>\n<h3>Bagger<\/h3>\n<p>Der Zylinder des L\u00f6ffels erm\u00f6glicht Grabvorg\u00e4nge, indem er das Eindringen des L\u00f6ffels in den Boden erlaubt.<\/p>\n<h3>Lader<\/h3>\n<p>Bei Frontladern erleichtern sie das effektive Anheben und Abladen von G\u00fctern.<\/p>\n<p><img decoding=\"async\" src=\"https:\/\/www.hydraulic-cylinders.net\/wp-content\/uploads\/2025\/01\/songte-oil-pipes-and-spare-parts.webp\"><\/p>\n<h2>Design\u00fcberlegungen und Auswahlkriterien<\/h2>\n<p>Bei der Konstruktion des Schaufelzylinders werden mehrere Schl\u00fcsselfaktoren ber\u00fccksichtigt:<\/p>\n<ul>\n<li>Belastbarkeit<\/li>\n<li>Dichtungsqualit\u00e4t<\/li>\n<li>Haltbarkeit<\/li>\n<li>Sicherheit<\/li>\n<li>Wartbarkeit<\/li>\n<\/ul>\n<p><img decoding=\"async\" src=\"https:\/\/www.hydraulic-cylinders.net\/wp-content\/uploads\/2025\/01\/songte-bushings-with-all-kinds-of-excavator-models.webp\"><\/p>\n<h2>Abdichtung und Schmierung<\/h2>\n<p>Der Schaufelzylinder enth\u00e4lt verschiedene Dichtungselemente, wie Kolben- und Stangendichtungen, die aus verschlei\u00dffesten Materialien wie Polyurethan und Nitrilkautschuk gefertigt sind. Zylinderk\u00f6rper und Gewindeenden werden sorgf\u00e4ltig behandelt, um die Verschlei\u00dffestigkeit zu erh\u00f6hen. Regelm\u00e4\u00dfige Schmierung mit geeignetem Hydraulik\u00f6l ist f\u00fcr einen reibungslosen Betrieb und eine lange Lebensdauer unerl\u00e4sslich.<\/p>\n<h2>Regelm\u00e4\u00dfige Inspektion und vorbeugende Wartung<\/h2>\n<p>Um optimale Leistung und Langlebigkeit zu gew\u00e4hrleisten, sollten folgende Ma\u00dfnahmen ergriffen werden:<\/p>\n<ul>\n<li>Regelm\u00e4\u00dfige Inspektionen<\/li>\n<li>Richtige Schmierung<\/li>\n<li>Dichtungsersatz<\/li>\n<li>Kalibrierungspr\u00fcfungen<\/li>\n<\/ul>\n<p><img decoding=\"async\" src=\"https:\/\/hzpt.com\/wp-content\/uploads\/2024\/11\/songte-company-1.webp\"><\/p>\n<h2>Produktsicherheitsaspekte und Umweltfaktoren<\/h2>\n<p>Bei der Verwendung des Eimerzylinders ist es unerl\u00e4sslich, Sicherheitsma\u00dfnahmen zu befolgen, um Unf\u00e4lle zu vermeiden und die Umweltbelastung zu minimieren.<\/p>\n<h2>Fehlerbehebung und h\u00e4ufige Probleme<\/h2>\n<p>H\u00e4ufige Probleme mit dem Baggerzylinder sind Leckagen, verminderte Leistung und ungew\u00f6hnliche Ger\u00e4usche. Die folgenden Tipps und L\u00f6sungen helfen Ihnen, Probleme effektiv zu diagnostizieren und zu beheben:<\/p>\n<ul>\n<li>Regelm\u00e4\u00dfige \u00dcberpr\u00fcfung und Wartung des Zylinders<\/li>\n<li>Sorgen Sie f\u00fcr ordnungsgem\u00e4\u00dfe Installation, Schmierung und Justierung.<\/li>\n<li>Anleitung zur korrekten Ausrichtung des Zylinders geben<\/li>\n<li>Empfehlen Sie geeignete Montagehalterungen zur Befestigung des Zylinders.<\/li>\n<li>Vorschl\u00e4ge f\u00fcr Inspektions-, Reparatur- und Austauschverfahren<\/li>\n<li>Wir bieten Teileaustausch und \u00dcberholungsdienste an.<\/li>\n<li>Geben Sie Tipps zur Verl\u00e4ngerung der Lebensdauer des Schaufelzylinders.<\/li>\n<\/ul>\n<h2>\u00dcber unser Unternehmen<\/h2>\n<p>Wir sind ein f\u00fchrender Hersteller und Gro\u00dfh\u00e4ndler von Hydraulikzylindern auf dem nationalen und internationalen Markt. Wir bieten eine breite Produktpalette und sind bekannt f\u00fcr unser Engagement f\u00fcr h\u00f6chste Qualit\u00e4t. Unsere Produktionsmanagementstrategien basieren auf industrieller Fertigung mit qualifizierten Technikern, modernster Ausr\u00fcstung und professionellen Pr\u00fcfsystemen. Wir streben nach h\u00f6chster Effizienz, Pr\u00e4zision und Qualit\u00e4t, um die vielf\u00e4ltigen Bed\u00fcrfnisse unserer Kunden zu erf\u00fcllen.<\/p>\n<p><img decoding=\"async\" src=\"https:\/\/www.hydraulic-cylinders.net\/wp-content\/uploads\/2025\/01\/songte-company-3.webp\"><\/p>\n<p>Unser Unternehmen zeichnet sich durch Folgendes aus:<\/p>\n<ul>\n<li>Sachverstand<\/li>\n<li>Internationale Zertifizierungen<\/li>\n<li>Anpassungsdienste<\/li>\n<li>Produktionsausr\u00fcstung<\/li>\n<li>Kundendienst<\/li>\n<\/ul>\n<p>Autor: lyl<\/p>","protected":false},"excerpt":{"rendered":"<p>Bucket Cylinder For XCMG Small Excavator XE80C Introduction The bucket cylinder is a specially designed hydraulic cylinder used to control the movement of the bucket in heavy machinery such as excavators, backhoe loaders, and front loaders. Its main function is to enable the lifting, lowering, and tilting of the bucket, making it easier to handle [&hellip;]<\/p>","protected":false},"featured_media":14784,"comment_status":"open","ping_status":"closed","template":"","meta":{"_et_pb_use_builder":"","_et_pb_old_content":"","_et_gb_content_width":""},"product_brand":[],"product_cat":[1494],"product_tag":[1495,1496],"class_list":{"0":"post-15466","1":"product","2":"type-product","3":"status-publish","4":"has-post-thumbnail","6":"product_cat-bucket-cylinders","7":"product_tag-bucket-cylinders","8":"product_tag-hydraulic-cylinders","10":"first","11":"instock","12":"shipping-taxable","13":"product-type-simple"},"amp_enabled":true,"_links":{"self":[{"href":"https:\/\/www.hydraulic-cylinders.net\/de\/wp-json\/wp\/v2\/product\/15466","targetHints":{"allow":["GET"]}}],"collection":[{"href":"https:\/\/www.hydraulic-cylinders.net\/de\/wp-json\/wp\/v2\/product"}],"about":[{"href":"https:\/\/www.hydraulic-cylinders.net\/de\/wp-json\/wp\/v2\/types\/product"}],"replies":[{"embeddable":true,"href":"https:\/\/www.hydraulic-cylinders.net\/de\/wp-json\/wp\/v2\/comments?post=15466"}],"wp:featuredmedia":[{"embeddable":true,"href":"https:\/\/www.hydraulic-cylinders.net\/de\/wp-json\/wp\/v2\/media\/14784"}],"wp:attachment":[{"href":"https:\/\/www.hydraulic-cylinders.net\/de\/wp-json\/wp\/v2\/media?parent=15466"}],"wp:term":[{"taxonomy":"product_brand","embeddable":true,"href":"https:\/\/www.hydraulic-cylinders.net\/de\/wp-json\/wp\/v2\/product_brand?post=15466"},{"taxonomy":"product_cat","embeddable":true,"href":"https:\/\/www.hydraulic-cylinders.net\/de\/wp-json\/wp\/v2\/product_cat?post=15466"},{"taxonomy":"product_tag","embeddable":true,"href":"https:\/\/www.hydraulic-cylinders.net\/de\/wp-json\/wp\/v2\/product_tag?post=15466"}],"curies":[{"name":"wp","href":"https:\/\/api.w.org\/{rel}","templated":true}]}}